{"id":7595,"date":"2026-01-03T14:55:37","date_gmt":"2026-01-03T13:55:37","guid":{"rendered":"https:\/\/www.tabanispartacus.hu\/tajfuto\/wordpress\/?page_id=7595"},"modified":"2026-03-15T18:42:55","modified_gmt":"2026-03-15T17:42:55","slug":"competitions-2026","status":"publish","type":"page","link":"https:\/\/www.tabanispartacus.hu\/tajfuto\/wordpress\/?page_id=7595","title":{"rendered":"Competitions 2026"},"content":{"rendered":"<p><a href=\"http:\/\/www.tabanispartacus.hu\/tajfuto\/wordpress\/?page_id=7594\"><img loading=\"lazy\" src=\"http:\/\/www.tabanispartacus.hu\/tajfuto\/2016\/tavaszi\/elem\/z_hun.gif\" alt=\"\" width=\"80\" height=\"50\" align=\"right\"><\/a><\/p>\r\n\r\n\r\n<figure class=\"wp-block-table\"><table><tbody>\r\n<tr><td><strong><a href=\"#prolog\">63th Spring Spartacus Cup Prolog<\/a><\/strong><\/td><td>13. March 2026. Budapest, Budai V\u00e1r <\/td><\/tr>\r\n<tr><td><strong><a href=\"#tavaszi\">63th Spring Spartacus Cup<\/a><\/strong><\/td><td>14-15. March 2026. V\u00e9rteskozma <\/td><\/tr>\r\n<tr><td><strong><a href=\"#oszi\">74th Autumn Spartacus Cup <br>Sarolta Monspart Memorial<\/a><\/strong><\/td><td> 07-08. November 2026. V\u00e9rtes, <\/td><\/tr><\/tbody><\/table><\/figure>\r\n\r\n\r\n\r\n<p><strong id=\"prolog\"> 63th Spring Spartacus Cup Prolog <\/strong><br> 13. March 2026. Budapest, Budai V\u00e1r <br><\/p>\r\n\r\n\r\n\r\n<ul><li><strong><a rel=\"noreferrer noopener\" aria-label=\" (\u00faj f\u00fcl\u00f6n nyitja meg)\" href=\"https:\/\/admin.mtfsz.hu\/fajl\/get\/fajl_id\/36182\/tipus\/render\" target=\"_blank\">Invitation<\/a><\/strong><\/li>\r\n<li><strong><a rel=\"noreferrer noopener\" aria-label=\" (\u00faj f\u00fcl\u00f6n nyitja meg)\" href=\"https:\/\/admin.mtfsz.hu\/fajl\/get\/fajl_id\/36358\/tipus\/render\" target=\"_blank\">Bulletin<\/a><\/strong><\/li>\r\n<li><strong><a rel=\"noreferrer noopener\" aria-label=\" (\u00faj f\u00fcl\u00f6n nyitja meg)\" href=\"https:\/\/admin.mtfsz.hu\/fajl\/get\/fajl_id\/36373\/tipus\/render\" target=\"_blank\">Results<\/a> (\r\n<a rel=\"noreferrer noopener\" aria-label=\" (\u00faj f\u00fcl\u00f6n nyitja meg)\" href=\"https:\/\/admin.mtfsz.hu\/fajl\/get\/fajl_id\/36374\/tipus\/render\" target=\"_blank\">Split times<\/a>)<\/strong><\/li>\r\n<\/ul>\r\n\r\n\r\n\r\n<p><strong id=\"tavaszi\"> 63th Spring Spartacus Cup <\/strong><br> 14-15. March 2026. V\u00e9rteskozma <br><\/p>\r\n\r\n\r\n\r\n<ul><li><strong><a rel=\"noreferrer noopener\" aria-label=\" (\u00faj f\u00fcl\u00f6n nyitja meg)\" href=\"https:\/\/admin.mtfsz.hu\/fajl\/get\/fajl_id\/36122\/tipus\/render\" target=\"_blank\">Invitation<\/a><\/strong><\/li>\r\n<li><strong><a rel=\"noreferrer noopener\" aria-label=\" (\u00faj f\u00fcl\u00f6n nyitja meg)\" href=\"https:\/\/admin.mtfsz.hu\/fajl\/get\/fajl_id\/36330\/tipus\/render\" target=\"_blank\">Bulletin<\/a><\/strong><\/li>\r\n<li><strong>Startlists (<a rel=\"noreferrer noopener\" aria-label=\" (\u00faj f\u00fcl\u00f6n nyitja meg)\" href=\"https:\/\/admin.mtfsz.hu\/fajl\/get\/fajl_id\/36352\/tipus\/render\" target=\"_blank\">Category<\/a> , \r\n<a rel=\"noreferrer noopener\" aria-label=\" (\u00faj f\u00fcl\u00f6n nyitja meg)\" href=\"https:\/\/admin.mtfsz.hu\/fajl\/get\/fajl_id\/36353\/tipus\/render\" target=\"_blank\">Clubs<\/a>)<\/strong><\/li>\r\n<li><strong>Results<\/strong>\r\n<ul>\r\n\t<li><strong><a href=\"https:\/\/admin.mtfsz.hu\/fajl\/get\/fajl_id\/36381\/tipus\/render\" target=\"_blank\" rel=\"noopener\">Shorted normal distance<\/a> (<a href=\"https:\/\/admin.mtfsz.hu\/fajl\/get\/fajl_id\/36382\/tipus\/render\" target=\"_blank\" rel=\"noopener\">Split times<\/a>)<\/strong><\/li>\r\n<li><strong><a href=\"https:\/\/admin.mtfsz.hu\/fajl\/get\/fajl_id\/36388\/tipus\/render\" target=\"_blank\" rel=\"noopener\">Middle distance<\/a> (<a href=\"https:\/\/admin.mtfsz.hu\/fajl\/get\/fajl_id\/36389\/tipus\/render\" target=\"_blank\" rel=\"noopener\">Split times<\/a>)<\/strong><\/li>\r\n<li><strong><a href=\"https:\/\/admin.mtfsz.hu\/fajl\/get\/fajl_id\/36390\/tipus\/render\" target=\"_blank\" rel=\"noopener\">Total<\/a><\/strong><\/li>\r\n<\/ul>\r\n<\/li>\r\n<\/ul>\r\n\r\n\r\n\r\n<p><strong id=\"oszi\"> 74th Autumn Spartacus Cup Sarolta Monspart Memorial<\/strong><br> 07-08. November 2026., V\u00e9rtes, <br><\/p>\r\n\r\n","protected":false},"excerpt":{"rendered":"<p>63th Spring Spartacus Cup Prolog 13. March 2026. Budapest, Budai V\u00e1r 63th Spring Spartacus Cup 14-15. March 2026. V\u00e9rteskozma 74th Autumn Spartacus Cup Sarolta Monspart Memorial 07-08. November 2026. V\u00e9rtes, 63th Spring Spartacus Cup Prolog 13. March 2026. Budapest, Budai V\u00e1r Invitation Bulletin Results ( Split times) 63th Spring Spartacus Cup 14-15. March 2026. V\u00e9rteskozma &hellip; <a href=\"https:\/\/www.tabanispartacus.hu\/tajfuto\/wordpress\/?page_id=7595\" class=\"more-link\"><span class=\"screen-reader-text\">Competitions 2026<\/span> olvas\u00e1s\u00e1nak folytat\u00e1sa <span class=\"meta-nav\">&rarr;<\/span><\/a><\/p>\n","protected":false},"author":1,"featured_media":0,"parent":0,"menu_order":0,"comment_status":"closed","ping_status":"closed","template":"","meta":{"ngg_post_thumbnail":0},"_links":{"self":[{"href":"https:\/\/www.tabanispartacus.hu\/tajfuto\/wordpress\/index.php?rest_route=\/wp\/v2\/pages\/7595"}],"collection":[{"href":"https:\/\/www.tabanispartacus.hu\/tajfuto\/wordpress\/index.php?rest_route=\/wp\/v2\/pages"}],"about":[{"href":"https:\/\/www.tabanispartacus.hu\/tajfuto\/wordpress\/index.php?rest_route=\/wp\/v2\/types\/page"}],"author":[{"embeddable":true,"href":"https:\/\/www.tabanispartacus.hu\/tajfuto\/wordpress\/index.php?rest_route=\/wp\/v2\/users\/1"}],"replies":[{"embeddable":true,"href":"https:\/\/www.tabanispartacus.hu\/tajfuto\/wordpress\/index.php?rest_route=%2Fwp%2Fv2%2Fcomments&post=7595"}],"version-history":[{"count":12,"href":"https:\/\/www.tabanispartacus.hu\/tajfuto\/wordpress\/index.php?rest_route=\/wp\/v2\/pages\/7595\/revisions"}],"predecessor-version":[{"id":7709,"href":"https:\/\/www.tabanispartacus.hu\/tajfuto\/wordpress\/index.php?rest_route=\/wp\/v2\/pages\/7595\/revisions\/7709"}],"wp:attachment":[{"href":"https:\/\/www.tabanispartacus.hu\/tajfuto\/wordpress\/index.php?rest_route=%2Fwp%2Fv2%2Fmedia&parent=7595"}],"curies":[{"name":"wp","href":"https:\/\/api.w.org\/{rel}","templated":true}]}}