{"id":7579,"date":"2026-01-03T14:10:49","date_gmt":"2026-01-03T13:10:49","guid":{"rendered":"https:\/\/www.tabanispartacus.hu\/tajfuto\/wordpress\/?page_id=7579"},"modified":"2026-04-15T20:19:52","modified_gmt":"2026-04-15T18:19:52","slug":"velunk-tortent-2026-ban","status":"publish","type":"page","link":"https:\/\/www.tabanispartacus.hu\/tajfuto\/wordpress\/?page_id=7579","title":{"rendered":"Vel\u00fcnk t\u00f6rt\u00e9nt 2026-ban"},"content":{"rendered":"\n<table class=\"wp-block-table\"><tbody>\n<tr><td>\u00c9vz\u00e1r\u00f3 \u00e9s szakoszt\u00e1lygy\u0171l\u00e9s<br>2026.01.10-11.<br>G\u00e1nt<\/td>\n<td>Klement Kel\u00e9n<br><br>Gyalog T\u00f3dor<br><br><br><\/td>\n<td><strong><a href=\"https:\/\/www.youtube.com\/watch?v=Hqr03z9QwCI\" target=\"_blank\" rel=\"noreferrer noopener\">video<br><\/a><a href=\"\/tajfuto\/wordpress\/wp-content\/uploads\/2026\/01\/0-2025_SPA_OB-vilagvers_eredmenyek_251216-1.docx\" target=\"_blank\" rel=\"noreferrer noopener\"><font size=\"2\">Eredm\u00e9nyeink<br><\/font><\/a><font size=\"2\">\n<a href=\"\/tajfuto\/wordpress\/?page_id=7564\" target=\"_blank\" rel=\"noreferrer noopener\">Bajnoki pontok, \u00e9rmek<br><\/a>\n<a href=\"\/tajfuto\/wordpress\/wp-content\/uploads\/2026\/01\/10-Osszesites-2004-25_251218j260110.xls\" target=\"_blank\" rel=\"noreferrer noopener\">Tab\u00e1ni Spartacus SKE \u00f6sszes\u00edt\u00e9s 2004-t\u0151l<\/a><\/font><\/strong><\/td>\n<\/tr>\n<tr><td>CEYOC<br>2026.03.27-29.<br>Krom\u011b\u0159\u00ed\u017e<\/td>\n<td>Klement Kel\u00e9n (Facebook)<\/td>\n<td><strong><a href=\"http:\/\/www.tabanispartacus.hu\/tajfuto\/wordpress\/wp-content\/uploads\/2026\/04\/2026-CEYOC.doc\" target=\"_blank\" rel=\"noreferrer noopener\">besz\u00e1mol\u00f3<\/a><font size=\"2\"><\/strong><\/td>\n<\/tr>\n<tr><td>ASOM<br>2026.04.11-12.<br>Antwerpen<\/td>\n<td>MTFSZ (Facebook)<\/td>\n<td><strong><a href=\"http:\/\/www.tabanispartacus.hu\/tajfuto\/wordpress\/wp-content\/uploads\/2026\/04\/ASOM-Antwerpen.doc\" target=\"_blank\" rel=\"noreferrer noopener\">besz\u00e1mol\u00f3<\/a><font size=\"2\"><\/strong><\/td>\n<\/tr>\n<\/tbody><\/table>\n\n\n\n<p><\/p>\n","protected":false},"excerpt":{"rendered":"<p>\u00c9vz\u00e1r\u00f3 \u00e9s szakoszt\u00e1lygy\u0171l\u00e9s2026.01.10-11.G\u00e1nt Klement Kel\u00e9n Gyalog T\u00f3dor videoEredm\u00e9nyeink Bajnoki pontok, \u00e9rmek Tab\u00e1ni Spartacus SKE \u00f6sszes\u00edt\u00e9s 2004-t\u0151l CEYOC2026.03.27-29.Krom\u011b\u0159\u00ed\u017e Klement Kel\u00e9n (Facebook) besz\u00e1mol\u00f3 ASOM2026.04.11-12.Antwerpen MTFSZ (Facebook) besz\u00e1mol\u00f3<\/p>\n","protected":false},"author":1,"featured_media":0,"parent":0,"menu_order":0,"comment_status":"closed","ping_status":"closed","template":"","meta":{"ngg_post_thumbnail":0},"_links":{"self":[{"href":"https:\/\/www.tabanispartacus.hu\/tajfuto\/wordpress\/index.php?rest_route=\/wp\/v2\/pages\/7579"}],"collection":[{"href":"https:\/\/www.tabanispartacus.hu\/tajfuto\/wordpress\/index.php?rest_route=\/wp\/v2\/pages"}],"about":[{"href":"https:\/\/www.tabanispartacus.hu\/tajfuto\/wordpress\/index.php?rest_route=\/wp\/v2\/types\/page"}],"author":[{"embeddable":true,"href":"https:\/\/www.tabanispartacus.hu\/tajfuto\/wordpress\/index.php?rest_route=\/wp\/v2\/users\/1"}],"replies":[{"embeddable":true,"href":"https:\/\/www.tabanispartacus.hu\/tajfuto\/wordpress\/index.php?rest_route=%2Fwp%2Fv2%2Fcomments&post=7579"}],"version-history":[{"count":19,"href":"https:\/\/www.tabanispartacus.hu\/tajfuto\/wordpress\/index.php?rest_route=\/wp\/v2\/pages\/7579\/revisions"}],"predecessor-version":[{"id":7720,"href":"https:\/\/www.tabanispartacus.hu\/tajfuto\/wordpress\/index.php?rest_route=\/wp\/v2\/pages\/7579\/revisions\/7720"}],"wp:attachment":[{"href":"https:\/\/www.tabanispartacus.hu\/tajfuto\/wordpress\/index.php?rest_route=%2Fwp%2Fv2%2Fmedia&parent=7579"}],"curies":[{"name":"wp","href":"https:\/\/api.w.org\/{rel}","templated":true}]}}