{"id":7564,"date":"2026-01-03T16:09:32","date_gmt":"2026-01-03T15:09:32","guid":{"rendered":"https:\/\/www.tabanispartacus.hu\/tajfuto\/wordpress\/?page_id=7564"},"modified":"2026-01-11T17:54:09","modified_gmt":"2026-01-11T16:54:09","slug":"2025-bajnoki-pontok-ermek","status":"publish","type":"page","link":"https:\/\/www.tabanispartacus.hu\/tajfuto\/wordpress\/?page_id=7564","title":{"rendered":"2025 Bajnoki pontok, \u00e9rmek"},"content":{"rendered":"<h3><u>Feln\u0151tt \u00e9s ut\u00e1np\u00f3tl\u00e1s<\/u><\/h3>\n<p><a href=\"\/tajfuto\/wordpress\/wp-content\/uploads\/2026\/01\/3-2025_bajnoki-pontszerzoink_251218_j260110.xlsx\" target=\"_blank\" rel=\"noreferrer noopener\">Bajnoki pontszerz\u0151k<\/a><br \/>\n<a href=\"\/tajfuto\/wordpress\/wp-content\/uploads\/2026\/01\/5-2025_ermesek_251218_j260110_v5.xls\" target=\"_blank\" rel=\"noreferrer noopener\">\u00c9rmesek<\/a><br \/>\n<a href=\"\/tajfuto\/wordpress\/wp-content\/uploads\/2026\/01\/4-2025_ermesek-tablazata_251211-1.xls\" target=\"_blank\" rel=\"noreferrer noopener\">\u00c9rmesek t\u00e1bl\u00e1zata<\/a><br \/>\n<a href=\"\/tajfuto\/wordpress\/wp-content\/uploads\/2026\/01\/1-2025_szakmai-osszesitokrol_251218_j060103-10.doc\" target=\"_blank\" rel=\"noreferrer noopener\">Bajnoki \u00e9rmeseinkr\u0151l, pontszerz\u0151inkr\u0151l<\/a><br \/>\n<a href=\"\/tajfuto\/wordpress\/wp-content\/uploads\/2026\/01\/2-2025Bajnoki_pontverseny_251218.xls\" target=\"_blank\" rel=\"noreferrer noopener\">Bajnoki pontverseny<\/a><\/p>\n<h3><u>Szenior<\/u><\/h3>\n<p><a href=\"\/tajfuto\/wordpress\/wp-content\/uploads\/2026\/01\/8-2025_Szenior-pontszerzok_251218_j260110.xls\" target=\"_blank\" rel=\"noreferrer noopener\">Pontszerz\u0151k<\/a><br \/>\n<a href=\"\/tajfuto\/wordpress\/wp-content\/uploads\/2026\/01\/9-2025_Szenior-ermesek_251218_260110.xls\" target=\"_blank\" rel=\"noreferrer noopener\">\u00c9rmesek<\/a><br \/>\n<a href=\"\/tajfuto\/wordpress\/wp-content\/uploads\/2026\/01\/6-2025_Szen-bajn-ermesekrol-pontszerzokrol_251218_260110.doc\" target=\"_blank\" rel=\"noreferrer noopener\">Bajnoki \u00e9rmeseinkr\u0151l, pontszerz\u0151inkr\u0151l<\/a><br \/>\n<a href=\"\/tajfuto\/wordpress\/wp-content\/uploads\/2026\/01\/7-2025_szenior-bajnoki-pontverseny_251023-1.pdf\" target=\"_blank\" rel=\"noreferrer noopener\">Szenior pontverseny<\/a><\/p>\n","protected":false},"excerpt":{"rendered":"<p>Feln\u0151tt \u00e9s ut\u00e1np\u00f3tl\u00e1s Bajnoki pontszerz\u0151k \u00c9rmesek \u00c9rmesek t\u00e1bl\u00e1zata Bajnoki \u00e9rmeseinkr\u0151l, pontszerz\u0151inkr\u0151l Bajnoki pontverseny Szenior Pontszerz\u0151k \u00c9rmesek Bajnoki \u00e9rmeseinkr\u0151l, pontszerz\u0151inkr\u0151l Szenior pontverseny<\/p>\n","protected":false},"author":1,"featured_media":0,"parent":0,"menu_order":0,"comment_status":"closed","ping_status":"closed","template":"","meta":{"ngg_post_thumbnail":0},"_links":{"self":[{"href":"https:\/\/www.tabanispartacus.hu\/tajfuto\/wordpress\/index.php?rest_route=\/wp\/v2\/pages\/7564"}],"collection":[{"href":"https:\/\/www.tabanispartacus.hu\/tajfuto\/wordpress\/index.php?rest_route=\/wp\/v2\/pages"}],"about":[{"href":"https:\/\/www.tabanispartacus.hu\/tajfuto\/wordpress\/index.php?rest_route=\/wp\/v2\/types\/page"}],"author":[{"embeddable":true,"href":"https:\/\/www.tabanispartacus.hu\/tajfuto\/wordpress\/index.php?rest_route=\/wp\/v2\/users\/1"}],"replies":[{"embeddable":true,"href":"https:\/\/www.tabanispartacus.hu\/tajfuto\/wordpress\/index.php?rest_route=%2Fwp%2Fv2%2Fcomments&post=7564"}],"version-history":[{"count":6,"href":"https:\/\/www.tabanispartacus.hu\/tajfuto\/wordpress\/index.php?rest_route=\/wp\/v2\/pages\/7564\/revisions"}],"predecessor-version":[{"id":7651,"href":"https:\/\/www.tabanispartacus.hu\/tajfuto\/wordpress\/index.php?rest_route=\/wp\/v2\/pages\/7564\/revisions\/7651"}],"wp:attachment":[{"href":"https:\/\/www.tabanispartacus.hu\/tajfuto\/wordpress\/index.php?rest_route=%2Fwp%2Fv2%2Fmedia&parent=7564"}],"curies":[{"name":"wp","href":"https:\/\/api.w.org\/{rel}","templated":true}]}}