{"id":7442,"date":"2025-05-05T10:12:19","date_gmt":"2025-05-05T08:12:19","guid":{"rendered":"https:\/\/www.tabanispartacus.hu\/tajfuto\/wordpress\/?page_id=7442"},"modified":"2025-05-05T10:17:17","modified_gmt":"2025-05-05T08:17:17","slug":"2024-2","status":"publish","type":"page","link":"https:\/\/www.tabanispartacus.hu\/tajfuto\/wordpress\/?page_id=7442","title":{"rendered":"2024"},"content":{"rendered":"\r\n<p><strong><a href=\"http:\/\/www.tabanispartacus.hu\/tajfuto\/wordpress\/wp-content\/uploads\/2025\/05\/1_Elnoki_Beszamolo_2025.pdf\">2024. \u00e9vi Eln\u00f6ki besz\u00e1mol\u00f3<\/a><\/strong><\/p>\r\n\r\n\r\n\r\n<p><strong><a href=\"http:\/\/www.tabanispartacus.hu\/tajfuto\/wordpress\/wp-content\/uploads\/2025\/05\/2_Beszamolo_es_kozhasznusagi_2024.pdf\">2024. \u00e9vi K\u00f6zhaszn\u00fas\u00e1gi jelent\u00e9s<\/a><\/strong><\/p>\r\n\r\n\r\n\r\n<p><strong><a href=\"http:\/\/www.tabanispartacus.hu\/tajfuto\/wordpress\/wp-content\/uploads\/2025\/05\/3_SPA_FB-jelentes_2024.pdf\">2024. \u00e9vi Fel\u00fcgyel\u0151 Bizotts\u00e1g jelent\u00e9se<\/a><\/strong><\/p>\r\n\r\n\r\n\r\n<p><strong><a href=\"http:\/\/www.tabanispartacus.hu\/tajfuto\/wordpress\/wp-content\/uploads\/2025\/05\/4_Koltsegvetes_2025.pdf\">2025. \u00e9vi K\u00f6lts\u00e9gvet\u00e9s<\/a><\/strong><\/p>\r\n\r\n\r\n\r\n<p><strong><a href=\"http:\/\/www.tabanispartacus.hu\/tajfuto\/wordpress\/wp-content\/uploads\/2025\/05\/5_Munkaviszony_valtozasok_2025.pdf\">2025. \u00e9vi Munkaviszony v\u00e1ltoz\u00e1sok<\/a><\/strong><\/p>\r\n\r\n","protected":false},"excerpt":{"rendered":"<p>2024. \u00e9vi Eln\u00f6ki besz\u00e1mol\u00f3 2024. \u00e9vi K\u00f6zhaszn\u00fas\u00e1gi jelent\u00e9s 2024. \u00e9vi Fel\u00fcgyel\u0151 Bizotts\u00e1g jelent\u00e9se 2025. \u00e9vi K\u00f6lts\u00e9gvet\u00e9s 2025. \u00e9vi Munkaviszony v\u00e1ltoz\u00e1sok<\/p>\n","protected":false},"author":1,"featured_media":0,"parent":0,"menu_order":0,"comment_status":"closed","ping_status":"closed","template":"","meta":{"ngg_post_thumbnail":0},"_links":{"self":[{"href":"https:\/\/www.tabanispartacus.hu\/tajfuto\/wordpress\/index.php?rest_route=\/wp\/v2\/pages\/7442"}],"collection":[{"href":"https:\/\/www.tabanispartacus.hu\/tajfuto\/wordpress\/index.php?rest_route=\/wp\/v2\/pages"}],"about":[{"href":"https:\/\/www.tabanispartacus.hu\/tajfuto\/wordpress\/index.php?rest_route=\/wp\/v2\/types\/page"}],"author":[{"embeddable":true,"href":"https:\/\/www.tabanispartacus.hu\/tajfuto\/wordpress\/index.php?rest_route=\/wp\/v2\/users\/1"}],"replies":[{"embeddable":true,"href":"https:\/\/www.tabanispartacus.hu\/tajfuto\/wordpress\/index.php?rest_route=%2Fwp%2Fv2%2Fcomments&post=7442"}],"version-history":[{"count":4,"href":"https:\/\/www.tabanispartacus.hu\/tajfuto\/wordpress\/index.php?rest_route=\/wp\/v2\/pages\/7442\/revisions"}],"predecessor-version":[{"id":7453,"href":"https:\/\/www.tabanispartacus.hu\/tajfuto\/wordpress\/index.php?rest_route=\/wp\/v2\/pages\/7442\/revisions\/7453"}],"wp:attachment":[{"href":"https:\/\/www.tabanispartacus.hu\/tajfuto\/wordpress\/index.php?rest_route=%2Fwp%2Fv2%2Fmedia&parent=7442"}],"curies":[{"name":"wp","href":"https:\/\/api.w.org\/{rel}","templated":true}]}}