{"id":7362,"date":"2025-01-01T17:33:48","date_gmt":"2025-01-01T16:33:48","guid":{"rendered":"https:\/\/www.tabanispartacus.hu\/tajfuto\/wordpress\/?page_id=7362"},"modified":"2025-11-09T18:03:09","modified_gmt":"2025-11-09T17:03:09","slug":"competitions-2025","status":"publish","type":"page","link":"https:\/\/www.tabanispartacus.hu\/tajfuto\/wordpress\/?page_id=7362","title":{"rendered":"Competitions 2025"},"content":{"rendered":"<p><a href=\"http:\/\/www.tabanispartacus.hu\/tajfuto\/wordpress\/?page_id=7361\"><img loading=\"lazy\" src=\"http:\/\/www.tabanispartacus.hu\/tajfuto\/2016\/tavaszi\/elem\/z_hun.gif\" alt=\"\" width=\"80\" height=\"50\" align=\"right\"><\/a><\/p>\r\n\r\n\r\n<figure class=\"wp-block-table\"><table><tbody><tr><td><strong><a href=\"#tavaszi\">62th Spring Spartacus Cup<\/a><\/strong><\/td><td>15-16. March 2025., K\u0151h\u00e1ny\u00e1spuszta, Bika-r\u00e9t <\/td><\/tr><tr><td><strong><a href=\"#oszi\">73th Autumn Spartacus Cup <br>Sarolta Monspart Memorial<\/a><\/strong><\/td><td> 08-09. November 2025., V\u00e9rtes, Mindszentpuszta <\/td><\/tr><\/tbody><\/table><\/figure>\r\n\r\n\r\n\r\n<p><strong id=\"tavaszi\"> 62th Spring Spartacus Cup <\/strong><br> 15-16. March 2025., K\u0151h\u00e1ny\u00e1spuszta, Bika-r\u00e9t<br><\/p>\r\n\r\n\r\n\r\n<ul><li><strong><a rel=\"noreferrer noopener\" aria-label=\" (\u00faj f\u00fcl\u00f6n nyitja meg)\" href=\"https:\/\/admin.mtfsz.hu\/fajl\/get\/fajl_id\/33761\/tipus\/render\" target=\"_blank\">Invitation<\/a><\/strong><\/li>\r\n<li><strong>Startlists (<a rel=\"noreferrer noopener\" aria-label=\" (\u00faj f\u00fcl\u00f6n nyitja meg)\" href=\"https:\/\/admin.mtfsz.hu\/fajl\/get\/fajl_id\/34012\/tipus\/render\" target=\"_blank\">Category<\/a> , \r\n<a rel=\"noreferrer noopener\" aria-label=\" (\u00faj f\u00fcl\u00f6n nyitja meg)\" href=\"https:\/\/admin.mtfsz.hu\/fajl\/get\/fajl_id\/34013\/tipus\/render\" target=\"_blank\">Clubs<\/a>)<\/strong><\/li>\r\n<li><strong>Results<\/strong>\r\n<ul>\r\n\t<li><strong><a href=\"https:\/\/admin.mtfsz.hu\/fajl\/get\/fajl_id\/34064\/tipus\/render\" target=\"_blank\" rel=\"noopener\">Middle distance<\/a> (<a href=\"https:\/\/admin.mtfsz.hu\/fajl\/get\/fajl_id\/34065\/tipus\/render\" target=\"_blank\" rel=\"noopener\">Split times<\/a>)<\/strong><\/li>\r\n\t<li><strong><a href=\"https:\/\/admin.mtfsz.hu\/fajl\/get\/fajl_id\/34072\/tipus\/render\" target=\"_blank\" rel=\"noopener\">Long distance<\/a> (<a href=\"https:\/\/admin.mtfsz.hu\/fajl\/get\/fajl_id\/34073\/tipus\/render\" target=\"_blank\" rel=\"noopener\">Split times<\/a>)<\/strong><\/li>\r\n<li><strong><a href=\"https:\/\/admin.mtfsz.hu\/fajl\/get\/fajl_id\/34074\/tipus\/render\" target=\"_blank\" rel=\"noopener\">Total<\/a><\/strong><\/li>\r\n<\/ul>\r\n<\/li>\r\n<\/ul>\r\n\r\n\r\n\r\n\r\n<p><strong id=\"oszi\"> 73th Autumn Spartacus Cup Sarolta Monspart Memorial<\/strong><br> 08-09. November 2025., V\u00e9rtes, Mindszentpuszta <br><\/p>\r\n\r\n\r\n\r\n<ul><li><strong><a rel=\"noreferrer noopener\" aria-label=\" (\u00faj f\u00fcl\u00f6n nyitja meg)\" href=\"https:\/\/admin.mtfsz.hu\/fajl\/get\/fajl_id\/35349\/tipus\/render\" target=\"_blank\">Invitation<\/a><\/strong><\/li>\r\n<li><strong><a rel=\"noreferrer noopener\" aria-label=\" (\u00faj f\u00fcl\u00f6n nyitja meg)\" href=\"https:\/\/admin.mtfsz.hu\/fajl\/get\/fajl_id\/35878\/tipus\/render\" target=\"_blank\">Bulletin<\/a><\/strong><\/li>\r\n<li><strong>Startlists (<a rel=\"noreferrer noopener\" aria-label=\" (\u00faj f\u00fcl\u00f6n nyitja meg)\" href=\"https:\/\/admin.mtfsz.hu\/fajl\/get\/fajl_id\/35892\/tipus\/render\" target=\"_blank\">Category<\/a> , \r\n<a rel=\"noreferrer noopener\" aria-label=\" (\u00faj f\u00fcl\u00f6n nyitja meg)\" href=\"https:\/\/admin.mtfsz.hu\/fajl\/get\/fajl_id\/35893\/tipus\/render\" target=\"_blank\">Clubs<\/a>)<\/strong><\/li>\r\n<li><strong>Results<\/strong>\r\n<ul>\r\n\t<li><strong><a href=\"https:\/\/admin.mtfsz.hu\/fajl\/get\/fajl_id\/35900\/tipus\/render\" target=\"_blank\" rel=\"noopener\">Long distance<\/a> (<a href=\"https:\/\/admin.mtfsz.hu\/fajl\/get\/fajl_id\/35901\/tipus\/render\" target=\"_blank\" rel=\"noopener\">Split times<\/a>)<\/strong><\/li>\r\n<li><strong><a href=\"https:\/\/admin.mtfsz.hu\/fajl\/get\/fajl_id\/35906\/tipus\/render\" target=\"_blank\" rel=\"noopener\">Middle distance<\/a> (<a href=\"https:\/\/admin.mtfsz.hu\/fajl\/get\/fajl_id\/35908\/tipus\/render\" target=\"_blank\" rel=\"noopener\">Split times<\/a>)<\/strong><\/li>\r\n<li><strong><a href=\"https:\/\/admin.mtfsz.hu\/fajl\/get\/fajl_id\/35907\/tipus\/render\" target=\"_blank\" rel=\"noopener\">Total<\/a><\/strong><\/li>\r\n<\/ul>\r\n<\/li>\r\n<\/ul>\r\n","protected":false},"excerpt":{"rendered":"<p>62th Spring Spartacus Cup 15-16. March 2025., K\u0151h\u00e1ny\u00e1spuszta, Bika-r\u00e9t 73th Autumn Spartacus Cup Sarolta Monspart Memorial 08-09. November 2025., V\u00e9rtes, Mindszentpuszta 62th Spring Spartacus Cup 15-16. March 2025., K\u0151h\u00e1ny\u00e1spuszta, Bika-r\u00e9t Invitation Startlists (Category , Clubs) Results Middle distance (Split times) Long distance (Split times) Total 73th Autumn Spartacus Cup Sarolta Monspart Memorial 08-09. November 2025., &hellip; <a href=\"https:\/\/www.tabanispartacus.hu\/tajfuto\/wordpress\/?page_id=7362\" class=\"more-link\"><span class=\"screen-reader-text\">Competitions 2025<\/span> olvas\u00e1s\u00e1nak folytat\u00e1sa <span class=\"meta-nav\">&rarr;<\/span><\/a><\/p>\n","protected":false},"author":1,"featured_media":0,"parent":0,"menu_order":0,"comment_status":"closed","ping_status":"closed","template":"","meta":{"ngg_post_thumbnail":0},"_links":{"self":[{"href":"https:\/\/www.tabanispartacus.hu\/tajfuto\/wordpress\/index.php?rest_route=\/wp\/v2\/pages\/7362"}],"collection":[{"href":"https:\/\/www.tabanispartacus.hu\/tajfuto\/wordpress\/index.php?rest_route=\/wp\/v2\/pages"}],"about":[{"href":"https:\/\/www.tabanispartacus.hu\/tajfuto\/wordpress\/index.php?rest_route=\/wp\/v2\/types\/page"}],"author":[{"embeddable":true,"href":"https:\/\/www.tabanispartacus.hu\/tajfuto\/wordpress\/index.php?rest_route=\/wp\/v2\/users\/1"}],"replies":[{"embeddable":true,"href":"https:\/\/www.tabanispartacus.hu\/tajfuto\/wordpress\/index.php?rest_route=%2Fwp%2Fv2%2Fcomments&post=7362"}],"version-history":[{"count":10,"href":"https:\/\/www.tabanispartacus.hu\/tajfuto\/wordpress\/index.php?rest_route=\/wp\/v2\/pages\/7362\/revisions"}],"predecessor-version":[{"id":7542,"href":"https:\/\/www.tabanispartacus.hu\/tajfuto\/wordpress\/index.php?rest_route=\/wp\/v2\/pages\/7362\/revisions\/7542"}],"wp:attachment":[{"href":"https:\/\/www.tabanispartacus.hu\/tajfuto\/wordpress\/index.php?rest_route=%2Fwp%2Fv2%2Fmedia&parent=7362"}],"curies":[{"name":"wp","href":"https:\/\/api.w.org\/{rel}","templated":true}]}}