{"id":7300,"date":"2024-11-10T14:23:10","date_gmt":"2024-11-10T13:23:10","guid":{"rendered":"https:\/\/www.tabanispartacus.hu\/tajfuto\/wordpress\/?page_id=7300"},"modified":"2025-01-12T17:49:45","modified_gmt":"2025-01-12T16:49:45","slug":"2024-bajnoki-pontok-ermek","status":"publish","type":"page","link":"https:\/\/www.tabanispartacus.hu\/tajfuto\/wordpress\/?page_id=7300","title":{"rendered":"2024 Bajnoki pontok, \u00e9rmek"},"content":{"rendered":"<h3><u>Feln\u0151tt \u00e9s ut\u00e1np\u00f3tl\u00e1s<\/u><\/h3>\n<p><a href=\"\/tajfuto\/wordpress\/wp-content\/uploads\/2025\/01\/3-2024_bajnoki-pontszerzoink_250109.xlsx\" target=\"_blank\" rel=\"noreferrer noopener\">Bajnoki pontszerz\u0151k<\/a><br \/>\n<a href=\"\/tajfuto\/wordpress\/wp-content\/uploads\/2025\/01\/5-2024_ermesek_250108.xls\" target=\"_blank\" rel=\"noreferrer noopener\">\u00c9rmesek<\/a><br \/>\n<a href=\"\/tajfuto\/wordpress\/wp-content\/uploads\/2025\/01\/4-2024_ermesek-tablazata_241106.xls\" target=\"_blank\" rel=\"noreferrer noopener\">\u00c9rmesek t\u00e1bl\u00e1zata<\/a><br \/>\n<a href=\"\/tajfuto\/wordpress\/wp-content\/uploads\/2025\/01\/1-2024_szakmai-osszesitokrol_250109.doc\" target=\"_blank\" rel=\"noreferrer noopener\">Bajnoki \u00e9rmeseinkr\u0151l, pontszerz\u0151inkr\u0151l<\/a><br \/>\n<a href=\"\/tajfuto\/wordpress\/wp-content\/uploads\/2025\/01\/2-2024Bajnoki_pontverseny_250108_MTFSZ-is.xls\" target=\"_blank\" rel=\"noreferrer noopener\">Bajnoki pontverseny<\/a><\/p>\n<h3><u>Szenior<\/u><\/h3>\n<p><a href=\"\/tajfuto\/wordpress\/wp-content\/uploads\/2025\/01\/8-2024_Szenior-pontszerzok_241117.xls\" target=\"_blank\" rel=\"noreferrer noopener\">Pontszerz\u0151k<\/a><br \/>\n<a href=\"\/tajfuto\/wordpress\/wp-content\/uploads\/2025\/01\/9-2024_Szenior-ermesek_250109.xls\" target=\"_blank\" rel=\"noreferrer noopener\">\u00c9rmesek<\/a><br \/>\n<a href=\"\/tajfuto\/wordpress\/wp-content\/uploads\/2025\/01\/6-2024_Szen-bajn-ermesekrol-pontszerzokrol_250109.docx\" target=\"_blank\" rel=\"noreferrer noopener\">Bajnoki \u00e9rmeseinkr\u0151l, pontszerz\u0151inkr\u0151l<\/a><br \/>\n<a href=\"\/tajfuto\/wordpress\/wp-content\/uploads\/2025\/01\/7-2024_szenior-bajnoki-pontverseny_241117.pdf\" target=\"_blank\" rel=\"noreferrer noopener\">Szenior pontverseny<\/a><\/p>\n","protected":false},"excerpt":{"rendered":"<p>Feln\u0151tt \u00e9s ut\u00e1np\u00f3tl\u00e1s Bajnoki pontszerz\u0151k \u00c9rmesek \u00c9rmesek t\u00e1bl\u00e1zata Bajnoki \u00e9rmeseinkr\u0151l, pontszerz\u0151inkr\u0151l Bajnoki pontverseny Szenior Pontszerz\u0151k \u00c9rmesek Bajnoki \u00e9rmeseinkr\u0151l, pontszerz\u0151inkr\u0151l Szenior pontverseny<\/p>\n","protected":false},"author":1,"featured_media":0,"parent":0,"menu_order":0,"comment_status":"closed","ping_status":"closed","template":"","meta":{"ngg_post_thumbnail":0},"_links":{"self":[{"href":"https:\/\/www.tabanispartacus.hu\/tajfuto\/wordpress\/index.php?rest_route=\/wp\/v2\/pages\/7300"}],"collection":[{"href":"https:\/\/www.tabanispartacus.hu\/tajfuto\/wordpress\/index.php?rest_route=\/wp\/v2\/pages"}],"about":[{"href":"https:\/\/www.tabanispartacus.hu\/tajfuto\/wordpress\/index.php?rest_route=\/wp\/v2\/types\/page"}],"author":[{"embeddable":true,"href":"https:\/\/www.tabanispartacus.hu\/tajfuto\/wordpress\/index.php?rest_route=\/wp\/v2\/users\/1"}],"replies":[{"embeddable":true,"href":"https:\/\/www.tabanispartacus.hu\/tajfuto\/wordpress\/index.php?rest_route=%2Fwp%2Fv2%2Fcomments&post=7300"}],"version-history":[{"count":4,"href":"https:\/\/www.tabanispartacus.hu\/tajfuto\/wordpress\/index.php?rest_route=\/wp\/v2\/pages\/7300\/revisions"}],"predecessor-version":[{"id":7394,"href":"https:\/\/www.tabanispartacus.hu\/tajfuto\/wordpress\/index.php?rest_route=\/wp\/v2\/pages\/7300\/revisions\/7394"}],"wp:attachment":[{"href":"https:\/\/www.tabanispartacus.hu\/tajfuto\/wordpress\/index.php?rest_route=%2Fwp%2Fv2%2Fmedia&parent=7300"}],"curies":[{"name":"wp","href":"https:\/\/api.w.org\/{rel}","templated":true}]}}