{"id":7153,"date":"2024-01-14T17:36:38","date_gmt":"2024-01-14T16:36:38","guid":{"rendered":"https:\/\/www.tabanispartacus.hu\/tajfuto\/wordpress\/?page_id=7153"},"modified":"2024-01-14T17:36:38","modified_gmt":"2024-01-14T16:36:38","slug":"competitions-2023-2","status":"publish","type":"page","link":"https:\/\/www.tabanispartacus.hu\/tajfuto\/wordpress\/?page_id=7153","title":{"rendered":"Competitions 2023"},"content":{"rendered":"\r\n<p><a href=\"http:\/\/www.tabanispartacus.hu\/tajfuto\/wordpress\/?page_id=6902\"><img loading=\"lazy\" src=\"http:\/\/www.tabanispartacus.hu\/tajfuto\/2016\/tavaszi\/Union-jack.jpg\" alt=\"\" width=\"80\" height=\"50\" align=\"right\"><\/a><\/p>\r\n\r\n\r\n\r\n<figure class=\"wp-block-table\"><table><tbody><tr><td><strong><a href=\"https:\/\/adatbank.mtfsz.hu\/esemeny\/show\/esemeny_id\/7914\">71. \u0150szi Spartacus Kupa <br> Monspart Sarolta eml\u00e9k\u00e9re<\/a><\/strong><\/td><td>2023. 11. 04-05., V\u00e9rtes-hegys\u00e9g <\/td><\/tr><tr><td><strong><a href=\"https:\/\/adatbank.mtfsz.hu\/esemeny\/show\/esemeny_id\/7913\">60. Tavasz Spartacus Kupa<\/a><\/strong><\/td><td>2023. 03. 18-19., G\u00e1nt B\u00e1nyatelep&nbsp;<\/td><\/tr><\/tbody><\/table><\/figure>\r\n\r\n\r\n<!-- wp:paragraph \r\n<p><strong id=\"oszi\"><a rel=\"noreferrer noopener\" aria-label=\" (\u00faj f\u00fcl\u00f6n nyitja meg)\" href=\"https:\/\/adatbank.mtfsz.hu\/esemeny\/show\/esemeny_id\/7914\" target=\"_blank\">71. \u0150szi Spartacus Kupa <br>Monspart Sarolta eml\u00e9k\u00e9re<\/a><\/strong><br> 2023. 11. 04-05., V\u00e9rtes-hegys\u00e9g <br><\/p>\r\n \/wp:paragraph -->\r\n\r\n<!-- wp:paragraph \r\n<p><strong id=\"tavaszi\"><a rel=\"noreferrer noopener\" aria-label=\" (\u00faj f\u00fcl\u00f6n nyitja meg)\" href=\"https:\/\/adatbank.mtfsz.hu\/esemeny\/show\/esemeny_id\/7913\" target=\"_blank\">60. Tavaszi Spartacus Kupa <\/a><\/strong><br> 2023. 03. 18-19., G\u00e1nt B\u00e1nyatelep&nbsp; <br><\/p>\r\n \/wp:paragraph -->","protected":false},"excerpt":{"rendered":"<p>71. \u0150szi Spartacus Kupa Monspart Sarolta eml\u00e9k\u00e9re2023. 11. 04-05., V\u00e9rtes-hegys\u00e9g 60. Tavasz Spartacus Kupa2023. 03. 18-19., G\u00e1nt B\u00e1nyatelep&nbsp;<\/p>\n","protected":false},"author":1,"featured_media":0,"parent":0,"menu_order":0,"comment_status":"closed","ping_status":"closed","template":"","meta":{"ngg_post_thumbnail":0},"_links":{"self":[{"href":"https:\/\/www.tabanispartacus.hu\/tajfuto\/wordpress\/index.php?rest_route=\/wp\/v2\/pages\/7153"}],"collection":[{"href":"https:\/\/www.tabanispartacus.hu\/tajfuto\/wordpress\/index.php?rest_route=\/wp\/v2\/pages"}],"about":[{"href":"https:\/\/www.tabanispartacus.hu\/tajfuto\/wordpress\/index.php?rest_route=\/wp\/v2\/types\/page"}],"author":[{"embeddable":true,"href":"https:\/\/www.tabanispartacus.hu\/tajfuto\/wordpress\/index.php?rest_route=\/wp\/v2\/users\/1"}],"replies":[{"embeddable":true,"href":"https:\/\/www.tabanispartacus.hu\/tajfuto\/wordpress\/index.php?rest_route=%2Fwp%2Fv2%2Fcomments&post=7153"}],"version-history":[{"count":1,"href":"https:\/\/www.tabanispartacus.hu\/tajfuto\/wordpress\/index.php?rest_route=\/wp\/v2\/pages\/7153\/revisions"}],"predecessor-version":[{"id":7154,"href":"https:\/\/www.tabanispartacus.hu\/tajfuto\/wordpress\/index.php?rest_route=\/wp\/v2\/pages\/7153\/revisions\/7154"}],"wp:attachment":[{"href":"https:\/\/www.tabanispartacus.hu\/tajfuto\/wordpress\/index.php?rest_route=%2Fwp%2Fv2%2Fmedia&parent=7153"}],"curies":[{"name":"wp","href":"https:\/\/api.w.org\/{rel}","templated":true}]}}