{"id":7109,"date":"2024-01-02T15:04:16","date_gmt":"2024-01-02T14:04:16","guid":{"rendered":"https:\/\/www.tabanispartacus.hu\/tajfuto\/wordpress\/?page_id=7109"},"modified":"2026-01-11T19:47:48","modified_gmt":"2026-01-11T18:47:48","slug":"velunk-tortent-2024-ben","status":"publish","type":"page","link":"https:\/\/www.tabanispartacus.hu\/tajfuto\/wordpress\/?page_id=7109","title":{"rendered":"Vel\u00fcnk t\u00f6rt\u00e9nt 2024-ben"},"content":{"rendered":"\r\n<table class=\"wp-block-table\"><tbody>\r\n<tr><td>Egyes\u00fcleti \u00e9v\u00f6sszegz\u00e9s 2024.<\/td>\r\n<td>Gyalog T\u00f3dor<\/td>\r\n<td><strong><a href=\"\/tajfuto\/wordpress\/wp-content\/uploads\/2025\/01\/00-2024_SPA_OB-vilagvers_eredmenyek_250109.docx\" target=\"_blank\" rel=\"noreferrer noopener\"><FONT SIZE=2>Eredm\u00e9nyeink<br><\/a>\r\n<a href=\"\/tajfuto\/wordpress\/?page_id=6412\" target=\"_blank\" rel=\"noreferrer noopener\">Bajnoki pontok, \u00e9rmek<br><\/a>\r\n<a href=\"\/tajfuto\/wordpress\/wp-content\/uploads\/2026\/01\/Osszesites-2004-24_241110.xls\" target=\"_blank\" rel=\"noreferrer noopener\">Tab\u00e1ni Spartacus SKE \u00f6sszes\u00edt\u00e9s 2004-t\u0151l<\/a>\r\n<\/td><\/tr>\r\n<tr><td>EOC<br>2024.08.15-20.<br>Cs\u00f3kak\u0151, V\u00e1rgesztes<br><\/td>\r\n<td>T\u00e1jfut\u00f3 Magazin<\/td>\r\n<td><strong><a href=\"https:\/\/www.youtube.com\/watch?v=HUQMvLWlT9Q\" target=\"_blank\" rel=\"noreferrer noopener\">\u00f6sszefoglal\u00f3<br><\/a><\/td>\r\n<\/tr>\r\n<tr><td>WOC<br>2024.07.12-07.16.<br>Edinburgh<br><\/td>\r\n<td>Moln\u00e1r P\u00e9ter<\/td>\r\n<td><strong><a href=\"https:\/\/www.tajfutas.hu\/hirek\/hirkereso\/23-tajfutas\/2551-mag-viktoria-vilagbajnoki-tizenkettedik-helyezett\" target=\"_blank\" rel=\"noreferrer noopener\">sprint egy\u00e9ni<br><\/a><a href=\"https:\/\/www.tajfutas.hu\/hirek\/hirkereso\/23-tajfutas\/2553-hatodik-helyezett-a-magyar-sprint-valto-a-felnott-vilagbajnoksagon\" target=\"_blank\" rel=\"noreferrer noopener\">sprint v\u00e1lt\u00f3<br><\/a><\/td>\r\n<\/tr>\r\n<tr><td>JWOC<br>2024.07.01-07.06.<br>Plzen, St\u0159\u00edbro, Hurky, Dobri\u0107<br><\/td>\r\n<td>Moln\u00e1r P\u00e9ter<\/td>\r\n<td><strong><a href=\"https:\/\/www.tajfutas.hu\/hirek\/hirkereso\/23-tajfutas\/2545-negyedik-a-magyar-sprint-valto-a-junior-vilagbajnoksagon\" target=\"_blank\" rel=\"noreferrer noopener\">sprint v\u00e1lt\u00f3<br><\/a><a href=\"https:\/\/www.tajfutas.hu\/hirek\/hirkereso\/23-tajfutas\/2546-csoboth-marton-otodik-maramarosi-rita-hatodik-helyezett-a-sprinten\" target=\"_blank\" rel=\"noreferrer noopener\">sprint egy\u00e9ni<br><\/a><a href=\"https:\/\/www.tajfutas.hu\/hirek\/hirkereso\/23-tajfutas\/2547-csoboth-marton-hatodik-helyezett-a-hosszutavu-dontoben\" target=\"_blank\" rel=\"noreferrer noopener\">hossz\u00fat\u00e1v<br><\/a><a href=\"https:\/\/www.tajfutas.hu\/hirek\/hirkereso\/23-tajfutas\/2548-mikes-janka-negyedik-maramarosi-rita-hatodik-a-junior-vb-kozeptavu-versenyen\" target=\"_blank\" rel=\"noreferrer noopener\"> k\u00f6z\u00e9pt\u00e1v<\/a><\/td>\r\n<\/tr>\r\n<tr><td>EYOC<br>2024.06.22-06.24.<br>Szczecin<br><\/td>\r\n<td>Moln\u00e1r P\u00e9ter<\/td>\r\n<td><strong><a href=\"https:\/\/www.tajfutas.hu\/hirek\/hirkereso\/23-tajfutas\/2540-mikes-janka-es-csoboth-mihaly-ifjusagi-europa-bajnoki-ezustermes\" target=\"_blank\" rel=\"noreferrer noopener\">hossz\u00fat\u00e1v<br><\/a><a href=\"\/\/www.tajfutas.hu\/hirek\/hirkereso\/23-tajfutas\/2541-mikes-janka-ifjusagi-europa-bajnok\" target=\"_blank\" rel=\"noreferrer noopener\">sprint<br><\/a><a href=\"https:\/\/www.tajfutas.hu\/hirek\/hirkereso\/23-tajfutas\/2542-europa-bajnok-a-magyar-serdulo-fiu-valto\" target=\"_blank\" rel=\"noreferrer noopener\">v\u00e1lt\u00f3<br><\/a><\/td>\r\n<\/tr>\r\n<tr><td>Spanyol edz\u0151t\u00e1borban j\u00e1rtunk<br>2024.01.27-02.04.<br>Alicante<br><\/td>\r\n<td>Koren Anik\u00f3<\/td>\r\n<td><strong><a href=\"\/tajfuto\/wordpress\/wp-content\/uploads\/2024\/02\/Alicante-beszamolo.docx\" target=\"_blank\" rel=\"noreferrer noopener\">besz\u00e1mol\u00f3<br><\/a><a href=\"https:\/\/drive.google.com\/drive\/folders\/1s7tErhzfXUqf-u_8lwbp1UXYnBqDK5tr\" target=\"_blank\" rel=\"noreferrer noopener\">fot\u00f3k<br><\/a><\/td>\r\n<\/tr>\r\n<tr><td>D\u00edj\u00e1tad\u00e1s a T\u00e1jfut\u00f3 G\u00e1l\u00e1n<br>2024.01.27.<br>Budapest, Rubin <br>Wellness &#038; Conference Hotel<br><\/td>\r\n<td>BTFSZ-Moln\u00e1r P\u00e9ter<\/td>\r\n<td><strong><a href=\"https:\/\/www.tajfutas.hu\/hirek\/hirkereso\/12-altalanos\/2471-tajfuto-gala-2025\">besz\u00e1mol\u00f3<br><\/strong><\/a>\r\n<\/td>\r\n<\/tr>\r\n<tr><td>\u00c9vz\u00e1r\u00f3 \u00e9s szakoszt\u00e1lygy\u0171l\u00e9s<br>2024.01.13-14.<br>G\u00e1nt<br><\/td>\r\n<td>M\u00e1th\u00e9 Pista<br>Klement Kel\u00e9n<br><br>Gyalog T\u00f3dor<br><br><\/td>\r\n<td><strong><a href=\"https:\/\/www.flickr.com\/photos\/101487580@N03\/albums\/72177720314241442\" target=\"_blank\" rel=\"noreferrer noopener\">fot\u00f3k<br><\/a><a href=\"https:\/\/www.youtube.com\/watch?v=mVAjLtGqpAE\" target=\"_blank\" rel=\"noreferrer noopener\">video<br><\/a><a href=\"\/tajfuto\/wordpress\/wp-content\/uploads\/2024\/01\/2023_SPA_OB-vilagvers_eredmenyek_231105j2.docx\" target=\"_blank\" rel=\"noreferrer noopener\"><FONT SIZE=2>OB \u00e9s vil\u00e1gversenyek eredm\u00e9nyei 2023-ban<br><\/a>\r\n<a href=\"\/tajfuto\/wordpress\/?page_id=7049\" target=\"_blank\" rel=\"noreferrer noopener\">Bajnoki pontok, \u00e9rmek 2023-ban<\/a><\/td>\r\n<\/tr>\r\n<\/tbody><\/table>\r\n","protected":false},"excerpt":{"rendered":"<p>Egyes\u00fcleti \u00e9v\u00f6sszegz\u00e9s 2024. Gyalog T\u00f3dor Eredm\u00e9nyeink Bajnoki pontok, \u00e9rmek Tab\u00e1ni Spartacus SKE \u00f6sszes\u00edt\u00e9s 2004-t\u0151l EOC2024.08.15-20.Cs\u00f3kak\u0151, V\u00e1rgesztes T\u00e1jfut\u00f3 Magazin \u00f6sszefoglal\u00f3 WOC2024.07.12-07.16.Edinburgh Moln\u00e1r P\u00e9ter sprint egy\u00e9nisprint v\u00e1lt\u00f3 JWOC2024.07.01-07.06.Plzen, St\u0159\u00edbro, Hurky, Dobri\u0107 Moln\u00e1r P\u00e9ter sprint v\u00e1lt\u00f3sprint egy\u00e9nihossz\u00fat\u00e1v k\u00f6z\u00e9pt\u00e1v EYOC2024.06.22-06.24.Szczecin Moln\u00e1r P\u00e9ter hossz\u00fat\u00e1vsprintv\u00e1lt\u00f3 Spanyol edz\u0151t\u00e1borban j\u00e1rtunk2024.01.27-02.04.Alicante Koren Anik\u00f3 besz\u00e1mol\u00f3fot\u00f3k D\u00edj\u00e1tad\u00e1s a T\u00e1jfut\u00f3 G\u00e1l\u00e1n2024.01.27.Budapest, Rubin Wellness &#038; Conference Hotel BTFSZ-Moln\u00e1r &hellip; <a href=\"https:\/\/www.tabanispartacus.hu\/tajfuto\/wordpress\/?page_id=7109\" class=\"more-link\"><span class=\"screen-reader-text\">Vel\u00fcnk t\u00f6rt\u00e9nt 2024-ben<\/span> olvas\u00e1s\u00e1nak folytat\u00e1sa <span class=\"meta-nav\">&rarr;<\/span><\/a><\/p>\n","protected":false},"author":1,"featured_media":0,"parent":0,"menu_order":0,"comment_status":"closed","ping_status":"closed","template":"","meta":{"ngg_post_thumbnail":0},"_links":{"self":[{"href":"https:\/\/www.tabanispartacus.hu\/tajfuto\/wordpress\/index.php?rest_route=\/wp\/v2\/pages\/7109"}],"collection":[{"href":"https:\/\/www.tabanispartacus.hu\/tajfuto\/wordpress\/index.php?rest_route=\/wp\/v2\/pages"}],"about":[{"href":"https:\/\/www.tabanispartacus.hu\/tajfuto\/wordpress\/index.php?rest_route=\/wp\/v2\/types\/page"}],"author":[{"embeddable":true,"href":"https:\/\/www.tabanispartacus.hu\/tajfuto\/wordpress\/index.php?rest_route=\/wp\/v2\/users\/1"}],"replies":[{"embeddable":true,"href":"https:\/\/www.tabanispartacus.hu\/tajfuto\/wordpress\/index.php?rest_route=%2Fwp%2Fv2%2Fcomments&post=7109"}],"version-history":[{"count":21,"href":"https:\/\/www.tabanispartacus.hu\/tajfuto\/wordpress\/index.php?rest_route=\/wp\/v2\/pages\/7109\/revisions"}],"predecessor-version":[{"id":7662,"href":"https:\/\/www.tabanispartacus.hu\/tajfuto\/wordpress\/index.php?rest_route=\/wp\/v2\/pages\/7109\/revisions\/7662"}],"wp:attachment":[{"href":"https:\/\/www.tabanispartacus.hu\/tajfuto\/wordpress\/index.php?rest_route=%2Fwp%2Fv2%2Fmedia&parent=7109"}],"curies":[{"name":"wp","href":"https:\/\/api.w.org\/{rel}","templated":true}]}}