{"id":7049,"date":"2023-11-17T10:48:10","date_gmt":"2023-11-17T09:48:10","guid":{"rendered":"https:\/\/www.tabanispartacus.hu\/tajfuto\/wordpress\/?page_id=7049"},"modified":"2024-01-17T11:26:40","modified_gmt":"2024-01-17T10:26:40","slug":"2023-bajnoki-pontok-ermek","status":"publish","type":"page","link":"https:\/\/www.tabanispartacus.hu\/tajfuto\/wordpress\/?page_id=7049","title":{"rendered":"2023 Bajnoki pontok, \u00e9rmek"},"content":{"rendered":"<h3><u>Feln\u0151tt \u00e9s ut\u00e1np\u00f3tl\u00e1s<\/u><\/h3>\n<p><a href=\"\/tajfuto\/wordpress\/wp-content\/uploads\/2024\/01\/1-2023_bajnoki-pontszerzoink_231027_j.xlsx\" target=\"_blank\" rel=\"noreferrer noopener\">Bajnoki pontszerz\u0151k<\/a><br \/>\n<a href=\"\/tajfuto\/wordpress\/wp-content\/uploads\/2024\/01\/3-2023_ermesek_231029_j.xls\" target=\"_blank\" rel=\"noreferrer noopener\">\u00c9rmesek<\/a><br \/>\n<a href=\"\/tajfuto\/wordpress\/wp-content\/uploads\/2024\/01\/2-2023_ermesek-tablazata_231029.xls\" target=\"_blank\" rel=\"noreferrer noopener\">\u00c9rmesek t\u00e1bl\u00e1zata<\/a><br \/>\n<a href=\"\/tajfuto\/wordpress\/wp-content\/uploads\/2024\/01\/4-2023_szakmai-osszesitokrol_240107.docx\" target=\"_blank\" rel=\"noreferrer noopener\">Bajnoki \u00e9rmeseinkr\u0151l, pontszerz\u0151inkr\u0151l<\/a><br \/>\n<a href=\"\/tajfuto\/wordpress\/wp-content\/uploads\/2024\/01\/0-2023Bajnoki_pontverseny_231106_elozetes_j.xls\" target=\"_blank\" rel=\"noreferrer noopener\">Bajnoki pontverseny<\/a><\/p>\n<h3><u>Szenior<\/u><\/h3>\n<p><a href=\"\/tajfuto\/wordpress\/wp-content\/uploads\/2024\/01\/8-2023_Szenior-pontszerzok_231106_j.xls\" target=\"_blank\" rel=\"noreferrer noopener\">Pontszerz\u0151k<\/a><br \/>\n<a href=\"\/tajfuto\/wordpress\/wp-content\/uploads\/2024\/01\/9-2023_Szenior-ermesek_231105_j2.xls\" target=\"_blank\" rel=\"noreferrer noopener\">\u00c9rmesek<\/a><br \/>\n<a href=\"\/tajfuto\/wordpress\/wp-content\/uploads\/2024\/01\/10-2023_Szen-bajn-ermesekrol-pontszerzokrol_231105_j.docx\" target=\"_blank\" rel=\"noreferrer noopener\">Bajnoki \u00e9rmeseinkr\u0151l, pontszerz\u0151inkr\u0151l<\/a><br \/>\n<a href=\"\/tajfuto\/wordpress\/wp-content\/uploads\/2023\/11\/11-2023_szenior-bajnoki-pontverseny.pdf\" target=\"_blank\" rel=\"noreferrer noopener\">Szenior pontverseny<\/a><\/p>\n","protected":false},"excerpt":{"rendered":"<p>Feln\u0151tt \u00e9s ut\u00e1np\u00f3tl\u00e1s Bajnoki pontszerz\u0151k \u00c9rmesek \u00c9rmesek t\u00e1bl\u00e1zata Bajnoki \u00e9rmeseinkr\u0151l, pontszerz\u0151inkr\u0151l Bajnoki pontverseny Szenior Pontszerz\u0151k \u00c9rmesek Bajnoki \u00e9rmeseinkr\u0151l, pontszerz\u0151inkr\u0151l Szenior pontverseny<\/p>\n","protected":false},"author":1,"featured_media":0,"parent":0,"menu_order":0,"comment_status":"closed","ping_status":"closed","template":"","meta":{"ngg_post_thumbnail":0},"_links":{"self":[{"href":"https:\/\/www.tabanispartacus.hu\/tajfuto\/wordpress\/index.php?rest_route=\/wp\/v2\/pages\/7049"}],"collection":[{"href":"https:\/\/www.tabanispartacus.hu\/tajfuto\/wordpress\/index.php?rest_route=\/wp\/v2\/pages"}],"about":[{"href":"https:\/\/www.tabanispartacus.hu\/tajfuto\/wordpress\/index.php?rest_route=\/wp\/v2\/types\/page"}],"author":[{"embeddable":true,"href":"https:\/\/www.tabanispartacus.hu\/tajfuto\/wordpress\/index.php?rest_route=\/wp\/v2\/users\/1"}],"replies":[{"embeddable":true,"href":"https:\/\/www.tabanispartacus.hu\/tajfuto\/wordpress\/index.php?rest_route=%2Fwp%2Fv2%2Fcomments&post=7049"}],"version-history":[{"count":8,"href":"https:\/\/www.tabanispartacus.hu\/tajfuto\/wordpress\/index.php?rest_route=\/wp\/v2\/pages\/7049\/revisions"}],"predecessor-version":[{"id":7174,"href":"https:\/\/www.tabanispartacus.hu\/tajfuto\/wordpress\/index.php?rest_route=\/wp\/v2\/pages\/7049\/revisions\/7174"}],"wp:attachment":[{"href":"https:\/\/www.tabanispartacus.hu\/tajfuto\/wordpress\/index.php?rest_route=%2Fwp%2Fv2%2Fmedia&parent=7049"}],"curies":[{"name":"wp","href":"https:\/\/api.w.org\/{rel}","templated":true}]}}