{"id":6933,"date":"2023-02-23T11:51:27","date_gmt":"2023-02-23T10:51:27","guid":{"rendered":"https:\/\/www.tabanispartacus.hu\/tajfuto\/wordpress\/?page_id=6933"},"modified":"2023-02-23T11:59:59","modified_gmt":"2023-02-23T10:59:59","slug":"maximus-winter-o-camp","status":"publish","type":"page","link":"https:\/\/www.tabanispartacus.hu\/tajfuto\/wordpress\/?page_id=6933","title":{"rendered":"M\u00e1ximus Winter O-Camp"},"content":{"rendered":"<p>(Professional orienteering training camp in Spain)<br \/>\n2023.02.09-12.<br \/>\nA spanyol edz\u0151t\u00e1bor elemz\u00e9sei.<br \/>\nAki nem volt ott az is tud bel\u0151l\u00fck tanulni!<\/p>\n<p><a href=\"http:\/\/3drerun.worldofo.com\/2d\/index.php?idmult%5B%5D=-16957151&#038;idmult%5B%5D=-16957144&#038;idmult%5B%5D=-16957146&#038;idmult%5B%5D=-16957152&#038;idmult%5B%5D=-16957162&#038;idmult%5B%5D=-16957165&#038;idmult%5B%5D=-16957168&#038;idmult%5B%5D=-16957172&#038;idmult%5B%5D=-16957174&#038;idmult%5B%5D=-16957452&#038;idmult%5B%5D=-16957716&#038;idmult%5B%5D=-16958534\">prol\u00f3g<\/a>,<br \/>\n<a href=\"http:\/\/3drerun.worldofo.com\/2d\/index.php?idmult%5B%5D=-16957150&#038;idmult%5B%5D=-16957145&#038;idmult%5B%5D=-16957147&#038;idmult%5B%5D=-16957148&#038;idmult%5B%5D=-16957161&#038;idmult%5B%5D=-16957164&#038;idmult%5B%5D=-16957169&#038;idmult%5B%5D=-16957171&#038;idmult%5B%5D=-16957173&#038;idmult%5B%5D=-16957454&#038;idmult%5B%5D=-16957489\">p\u00e9ntek de.<\/a>,<br \/>\n<a href=\"http:\/\/3drerun.worldofo.com\/index.php?id=-16957435&#038;type=info\">long<\/a>,<br \/>\n<a href=\"http:\/\/3drerun.worldofo.com\/index.php?id=-16957650&#038;type=info\">middle<\/a>,<br \/>\n<a href=\"http:\/\/3drerun.worldofo.com\/2d\/index.php?idmult%5B%5D=-16957880&#038;idmult%5B%5D=-16957874&#038;idmult%5B%5D=-16957875&#038;idmult%5B%5D=-16957878&#038;idmult%5B%5D=-16957881&#038;idmult%5B%5D=-16957883&#038;idmult%5B%5D=-16957885&#038;idmult%5B%5D=-16957887&#038;idmult%5B%5D=-16957889&#038;idmult%5B%5D=-16957891&#038;idmult%5B%5D=-16957893&#038;idmult%5B%5D=-16957896&#038;idmult%5B%5D=-16957897&#038;idmult%5B%5D=-16957902&#038;idmult%5B%5D=-16957908&#038;idmult%5B%5D=-16957910&#038;idmult%5B%5D=316395\">infierno pillang\u00f3<\/a>,<br \/>\n<a href=\"http:\/\/3drerun.worldofo.com\/2d\/index.php?idmult%5B%5D=-16957879&#038;idmult%5B%5D=-16957873&#038;idmult%5B%5D=-16957876&#038;idmult%5B%5D=-16957877&#038;idmult%5B%5D=-16957882&#038;idmult%5B%5D=-16957884&#038;idmult%5B%5D=-16957886&#038;idmult%5B%5D=-16957890&#038;idmult%5B%5D=-16957892&#038;idmult%5B%5D=-16957899&#038;idmult%5B%5D=-16957903&#038;idmult%5B%5D=-16957904&#038;idmult%5B%5D=-16957905&#038;idmult%5B%5D=-16957906&#038;idmult%5B%5D=-16957907&#038;idmult%5B%5D=-16957915&#038;idmult%5B%5D=313523\">infierno long<\/a>,<br \/>\n<a href=\"http:\/\/3drerun.worldofo.com\/2d\/index.php?idmult%5B%5D=-16958079&#038;idmult%5B%5D=-16957950&#038;idmult%5B%5D=-16958016&#038;idmult%5B%5D=-16958540&#038;idmult%5B%5D=-16956898\">sprint<\/a>,<br \/>\n<a href=\"http:\/\/3drerun.worldofo.com\/2d\/index.php?idmult%5B%5D=-16958078&#038;idmult%5B%5D=332650&#038;idmult%5B%5D=-16958017&#038;idmult%5B%5D=-16958032&#038;idmult%5B%5D=-16958082&#038;idmult%5B%5D=-16958086&#038;idmult%5B%5D=-16958092&#038;idmult%5B%5D=-16958095&#038;idmult%5B%5D=-16958108&#038;idmult%5B%5D=-16958111&#038;idmult%5B%5D=-16958112&#038;idmult%5B%5D=-16958118&#038;idmult%5B%5D=-16958122&#038;idmult%5B%5D=-16958123&#038;idmult%5B%5D=-16958316\">\u00e9jszakai<\/a>,<br \/>\n<a href=\"http:\/\/3drerun.worldofo.com\/2d\/index.php?idmult%5B%5D=-16958077&#038;idmult%5B%5D=-16958033&#038;idmult%5B%5D=-16958071&#038;idmult%5B%5D=-16958085&#038;idmult%5B%5D=-16958087&#038;idmult%5B%5D=-16958091&#038;idmult%5B%5D=-16958094&#038;idmult%5B%5D=-16958099&#038;idmult%5B%5D=-16958100&#038;idmult%5B%5D=-16958107&#038;idmult%5B%5D=-16958109&#038;idmult%5B%5D=-16958113&#038;idmult%5B%5D=-16958115&#038;idmult%5B%5D=-16958117&#038;idmult%5B%5D=-16958120&#038;idmult%5B%5D=-16957799\">p\u00e9ntek pillang\u00f3<\/a>,<br \/>\np\u00e9ntek <a href=\"http:\/\/3drerun.worldofo.com\/2d\/index.php?idmult%5B%5D=-16958076&#038;idmult%5B%5D=-16958070&#038;idmult%5B%5D=-16958081&#038;idmult%5B%5D=-16958084&#038;idmult%5B%5D=-16958088&#038;idmult%5B%5D=-16958089&#038;idmult%5B%5D=-16958090&#038;idmult%5B%5D=-16958093&#038;idmult%5B%5D=-16958101&#038;idmult%5B%5D=-16958102&#038;idmult%5B%5D=-16958106&#038;idmult%5B%5D=-16958110&#038;idmult%5B%5D=-16958114&#038;idmult%5B%5D=-16958116&#038;idmult%5B%5D=-16958119&#038;idmult%5B%5D=-16958121&#038;idmult%5B%5D=-16958128&#038;idmult%5B%5D=-16958132&#038;idmult%5B%5D=-16956931\">k\u00f6z\u00e9pt\u00e1v els\u0151 fele<\/a>,<br \/>\np\u00e9ntek <a href=\"http:\/\/3drerun.worldofo.com\/2d\/index.php?idmult%5B%5D=-16958076&#038;idmult%5B%5D=-16958070&#038;idmult%5B%5D=-16958081&#038;idmult%5B%5D=-16958084&#038;idmult%5B%5D=-16958088&#038;idmult%5B%5D=-16958089&#038;idmult%5B%5D=-16958090&#038;idmult%5B%5D=-16958093&#038;idmult%5B%5D=-16958101&#038;idmult%5B%5D=-16958102&#038;idmult%5B%5D=-16958106&#038;idmult%5B%5D=-16958110&#038;idmult%5B%5D=-16958114&#038;idmult%5B%5D=-16958116&#038;idmult%5B%5D=-16958119&#038;idmult%5B%5D=-16958121&#038;idmult%5B%5D=-16958128&#038;idmult%5B%5D=-16958132&#038;idmult%5B%5D=-16956932\">k\u00f6z\u00e9pt\u00e1v m\u00e1sodik fele<\/a>,<br \/>\n<a href=\"http:\/\/3drerun.worldofo.com\/2d\/index.php?idmult%5B%5D=-16958535&#038;idmult%5B%5D=-16958154&#038;idmult%5B%5D=-16958549&#038;idmult%5B%5D=-16958810\">szombat long<\/a><\/p>\n","protected":false},"excerpt":{"rendered":"<p>(Professional orienteering training camp in Spain) 2023.02.09-12. A spanyol edz\u0151t\u00e1bor elemz\u00e9sei. Aki nem volt ott az is tud bel\u0151l\u00fck tanulni! prol\u00f3g, p\u00e9ntek de., long, middle, infierno pillang\u00f3, infierno long, sprint, \u00e9jszakai, p\u00e9ntek pillang\u00f3, p\u00e9ntek k\u00f6z\u00e9pt\u00e1v els\u0151 fele, p\u00e9ntek k\u00f6z\u00e9pt\u00e1v m\u00e1sodik fele, szombat long<\/p>\n","protected":false},"author":1,"featured_media":0,"parent":0,"menu_order":0,"comment_status":"closed","ping_status":"closed","template":"","meta":{"ngg_post_thumbnail":0},"_links":{"self":[{"href":"https:\/\/www.tabanispartacus.hu\/tajfuto\/wordpress\/index.php?rest_route=\/wp\/v2\/pages\/6933"}],"collection":[{"href":"https:\/\/www.tabanispartacus.hu\/tajfuto\/wordpress\/index.php?rest_route=\/wp\/v2\/pages"}],"about":[{"href":"https:\/\/www.tabanispartacus.hu\/tajfuto\/wordpress\/index.php?rest_route=\/wp\/v2\/types\/page"}],"author":[{"embeddable":true,"href":"https:\/\/www.tabanispartacus.hu\/tajfuto\/wordpress\/index.php?rest_route=\/wp\/v2\/users\/1"}],"replies":[{"embeddable":true,"href":"https:\/\/www.tabanispartacus.hu\/tajfuto\/wordpress\/index.php?rest_route=%2Fwp%2Fv2%2Fcomments&post=6933"}],"version-history":[{"count":8,"href":"https:\/\/www.tabanispartacus.hu\/tajfuto\/wordpress\/index.php?rest_route=\/wp\/v2\/pages\/6933\/revisions"}],"predecessor-version":[{"id":6942,"href":"https:\/\/www.tabanispartacus.hu\/tajfuto\/wordpress\/index.php?rest_route=\/wp\/v2\/pages\/6933\/revisions\/6942"}],"wp:attachment":[{"href":"https:\/\/www.tabanispartacus.hu\/tajfuto\/wordpress\/index.php?rest_route=%2Fwp%2Fv2%2Fmedia&parent=6933"}],"curies":[{"name":"wp","href":"https:\/\/api.w.org\/{rel}","templated":true}]}}