{"id":6903,"date":"2023-01-18T19:04:14","date_gmt":"2023-01-18T18:04:14","guid":{"rendered":"https:\/\/www.tabanispartacus.hu\/tajfuto\/wordpress\/?page_id=6903"},"modified":"2024-11-04T11:12:05","modified_gmt":"2024-11-04T10:12:05","slug":"competitions-2023","status":"publish","type":"page","link":"https:\/\/www.tabanispartacus.hu\/tajfuto\/wordpress\/?page_id=6903","title":{"rendered":"Competitions 2024"},"content":{"rendered":"<p><a href=\"http:\/\/www.tabanispartacus.hu\/tajfuto\/wordpress\/?page_id=7115\"><img loading=\"lazy\" src=\"http:\/\/www.tabanispartacus.hu\/tajfuto\/2016\/tavaszi\/elem\/z_hun.gif\" alt=\"\" width=\"80\" height=\"50\" align=\"right\"><\/a><\/p>\r\n\r\n\r\n<p><\/p>\r\n\r\n\r\n\r\n<figure class=\"wp-block-table\"><table><tbody><tr><td><strong><a href=\"#tavaszi\">CEYOC 2024<\/a><\/strong><\/td><td>05-07. April 2024., V\u00e9rteskozma-Cs\u00e1kv\u00e1r <\/td><\/tr><tr><td><strong><a href=\"#Hungaria\">EOC 2024<\/a><\/strong><\/td><td>15-20. August 2024., Cs\u00e1kber\u00e9ny-V\u00e1rgesztes <\/td><\/tr><tr><td><strong><a href=\"#oszi\">72th Autumn Spartacus Cup <br>Sarolta Monspart Memorial<\/a><\/strong><\/td><td> 02-03. November 2024., V\u00e1rgesztes <\/td><\/tr><\/tbody><\/table><\/figure>\r\n\r\n\r\n\r\n<p><strong id=\"tavaszi\"> CEYOC 2024 <\/strong><br> 05-07. April 2024., V\u00e9rteskozma-Cs\u00e1kv\u00e1r <br><\/p>\r\n\r\n\r\n\r\n<ul>\r\n<li><strong>Old map (<a rel=\"noreferrer noopener\" aria-label=\" (\u00faj f\u00fcl\u00f6n nyitja meg)\" href=\"https:\/\/admin.mtfsz.hu\/fajl\/get\/fajl_id\/31230\/tipus\/render\" target=\"_blank\">Relay<\/a> , <a rel=\"noreferrer noopener\" aria-label=\" (\u00faj f\u00fcl\u00f6n nyitja meg)\" href=\"https:\/\/admin.mtfsz.hu\/fajl\/get\/fajl_id\/31231\/tipus\/render\" target=\"_blank\">Long &#038; Middle<\/a>)<\/strong><\/li>\r\n<li><strong><a rel=\"noreferrer noopener\" aria-label=\" (\u00faj f\u00fcl\u00f6n nyitja meg)\" href=\"https:\/\/admin.mtfsz.hu\/fajl\/get\/fajl_id\/31248\/tipus\/render\" target=\"_blank\">Bulletin1<\/a> , \r\n<a rel=\"noreferrer noopener\" aria-label=\" (\u00faj f\u00fcl\u00f6n nyitja meg)\" href=\"https:\/\/admin.mtfsz.hu\/fajl\/get\/fajl_id\/31559\/tipus\/render\" target=\"_blank\">Bulletin2<\/a> , \r\n<a rel=\"noreferrer noopener\" aria-label=\" (\u00faj f\u00fcl\u00f6n nyitja meg)\" href=\"https:\/\/admin.mtfsz.hu\/fajl\/get\/fajl_id\/31715\/tipus\/render\" target=\"_blank\">Bulletin3<\/a><\/strong><\/li>\r\n<li><strong>Startlists (<a rel=\"noreferrer noopener\" aria-label=\" (\u00faj f\u00fcl\u00f6n nyitja meg)\" href=\"https:\/\/admin.mtfsz.hu\/fajl\/get\/fajl_id\/31736\/tipus\/render\" target=\"_blank\">Relay<\/a> , \r\n<a rel=\"noreferrer noopener\" aria-label=\" (\u00faj f\u00fcl\u00f6n nyitja meg)\" href=\"https:\/\/admin.mtfsz.hu\/fajl\/get\/fajl_id\/31735\/tipus\/render\" target=\"_blank\">Long<\/a> , \r\n<a rel=\"noreferrer noopener\" aria-label=\" (\u00faj f\u00fcl\u00f6n nyitja meg)\" href=\"https:\/\/admin.mtfsz.hu\/fajl\/get\/fajl_id\/31734\/tipus\/render\" target=\"_blank\">Middle<\/a>)<\/strong><\/li>\r\n<li><strong>Results<\/strong>\r\n<ul>\r\n\t<li><strong><a href=\"https:\/\/admin.mtfsz.hu\/fajl\/get\/fajl_id\/31767\/tipus\/render\" target=\"_blank\" rel=\"noopener\">Relay<\/a> (<a href=\"https:\/\/admin.mtfsz.hu\/fajl\/get\/fajl_id\/31768\/tipus\/render\" target=\"_blank\" rel=\"noopener\">Split times<\/a>, <a href=\"https:\/\/admin.mtfsz.hu\/fajl\/get\/fajl_id\/31769\/tipus\/render\" target=\"_blank\" rel=\"noopener\">Runners<\/a>)<\/strong><\/li>\r\n\t<li><strong><a href=\"https:\/\/admin.mtfsz.hu\/fajl\/get\/fajl_id\/31772\/tipus\/render\" target=\"_blank\" rel=\"noopener\">Long distance<\/a> (<a href=\"https:\/\/admin.mtfsz.hu\/fajl\/get\/fajl_id\/31775\/tipus\/render\" target=\"_blank\" rel=\"noopener\">Split times<\/a>)<\/strong><\/li>\r\n<li><strong><a href=\"https:\/\/admin.mtfsz.hu\/fajl\/get\/fajl_id\/31786\/tipus\/render\" target=\"_blank\" rel=\"noopener\">Middle distance<\/a> (<a href=\"https:\/\/admin.mtfsz.hu\/fajl\/get\/fajl_id\/31787\/tipus\/render\" target=\"_blank\" rel=\"noopener\">Split times<\/a>)<\/strong><\/li>\r\n<\/ul>\r\n<\/li>\r\n<li><strong>Photos (<a rel=\"noreferrer noopener\" aria-label=\" (\u00faj f\u00fcl\u00f6n nyitja meg)\" href=\"https:\/\/www.flickr.com\/photos\/101487580@N03\/albums\/72177720316145221\/\" target=\"_blank\">Relay<\/a> , <a rel=\"noreferrer noopener\" aria-label=\" (\u00faj f\u00fcl\u00f6n nyitja meg)\" href=\"https:\/\/www.flickr.com\/photos\/101487580@N03\/albums\/72177720316244100\/\" target=\"_blank\">Middle<\/a> , <a rel=\"noreferrer noopener\" aria-label=\" (\u00faj f\u00fcl\u00f6n nyitja meg)\" href=\"https:\/\/www.flickr.com\/photos\/101487580@N03\/albums\/72177720316147626\/\" target=\"_blank\">Long<\/a>)<\/strong><\/li>\r\n<\/ul>\r\n\r\n\r\n\r\n<p><strong id=\"Hungaria\"> EOC 2024 <\/strong><br> 15-20. August 2024., Cs\u00e1kber\u00e9ny-V\u00e1rgesztes <br><\/p>\r\n\r\n\r\n\r\n<ul><li><strong><a rel=\"noreferrer noopener\" aria-label=\" (\u00faj f\u00fcl\u00f6n nyitja meg)\" href=\"https:\/\/eoc2024.hu\/\" target=\"_blank\">Website<\/a><\/strong>\r\n<\/li><\/ul>\r\n\r\n\r\n\r\n\r\n<p><strong id=\"oszi\"> 72th Autumn Spartacus Cup Sarolta Monspart Memorial<\/strong><br> 02-03. November 2024., V\u00e1rgesztes <br><\/p>\r\n\r\n\r\n\r\n<ul><li><strong><a rel=\"noreferrer noopener\" aria-label=\" (\u00faj f\u00fcl\u00f6n nyitja meg)\" href=\"https:\/\/admin.mtfsz.hu\/fajl\/get\/fajl_id\/32957\/tipus\/render\" target=\"_blank\">Invitation<\/a><\/strong><\/li>\r\n<li><strong>Startlists (<a rel=\"noreferrer noopener\" aria-label=\" (\u00faj f\u00fcl\u00f6n nyitja meg)\" href=\"https:\/\/admin.mtfsz.hu\/fajl\/get\/fajl_id\/33394\/tipus\/render\" target=\"_blank\">Middle<\/a> , \r\n<a rel=\"noreferrer noopener\" aria-label=\" (\u00faj f\u00fcl\u00f6n nyitja meg)\" href=\"https:\/\/admin.mtfsz.hu\/fajl\/get\/fajl_id\/33395\/tipus\/render\" target=\"_blank\">Long<\/a>)<\/strong><\/li>\r\n<li><strong>Results<\/strong>\r\n<ul>\r\n     <strong><a href=\"https:\/\/admin.mtfsz.hu\/fajl\/get\/fajl_id\/33438\/tipus\/render\" target=\"_blank\" rel=\"noopener\">Middle<\/a> (<a href=\"https:\/\/admin.mtfsz.hu\/fajl\/get\/fajl_id\/33439\/tipus\/render\" target=\"_blank\" rel=\"noopener\">Split times<\/a>)<\/strong><\/li>\r\n<\/ul>\r\n<ul>\r\n     <strong><a href=\"https:\/\/admin.mtfsz.hu\/fajl\/get\/fajl_id\/33447\/tipus\/render\" target=\"_blank\" rel=\"noopener\">Long<\/a> (<a href=\"https:\/\/admin.mtfsz.hu\/fajl\/get\/fajl_id\/33448\/tipus\/render\" target=\"_blank\" rel=\"noopener\">Split times<\/a>)<\/strong><\/li>\r\n<\/ul>\r\n<ul> <strong><a href=\"https:\/\/admin.mtfsz.hu\/fajl\/get\/fajl_id\/33449\/tipus\/render\" target=\"_blank\" rel=\"noopener\">Total<\/a><\/strong><\/li>\r\n<\/ul>\r\n<li><strong><a rel=\"noreferrer noopener\" aria-label=\" (\u00faj f\u00fcl\u00f6n nyitja meg)\" href=\"https:\/\/www.flickr.com\/photos\/101487580@N03\/albums\/72177720321708178\/\" target=\"_blank\">Photos<\/a><\/strong><\/li>\r\n<\/ul>\r\n\r\n\r\n\r\n<ul>\r\n<\/ul>\r\n","protected":false},"excerpt":{"rendered":"<p>CEYOC 2024 05-07. April 2024., V\u00e9rteskozma-Cs\u00e1kv\u00e1r EOC 2024 15-20. August 2024., Cs\u00e1kber\u00e9ny-V\u00e1rgesztes 72th Autumn Spartacus Cup Sarolta Monspart Memorial 02-03. November 2024., V\u00e1rgesztes CEYOC 2024 05-07. April 2024., V\u00e9rteskozma-Cs\u00e1kv\u00e1r Old map (Relay , Long &#038; Middle) Bulletin1 , Bulletin2 , Bulletin3 Startlists (Relay , Long , Middle) Results Relay (Split times, Runners) Long distance (Split &hellip; <a href=\"https:\/\/www.tabanispartacus.hu\/tajfuto\/wordpress\/?page_id=6903\" class=\"more-link\"><span class=\"screen-reader-text\">Competitions 2024<\/span> olvas\u00e1s\u00e1nak folytat\u00e1sa <span class=\"meta-nav\">&rarr;<\/span><\/a><\/p>\n","protected":false},"author":1,"featured_media":0,"parent":0,"menu_order":0,"comment_status":"closed","ping_status":"closed","template":"","meta":{"ngg_post_thumbnail":0},"_links":{"self":[{"href":"https:\/\/www.tabanispartacus.hu\/tajfuto\/wordpress\/index.php?rest_route=\/wp\/v2\/pages\/6903"}],"collection":[{"href":"https:\/\/www.tabanispartacus.hu\/tajfuto\/wordpress\/index.php?rest_route=\/wp\/v2\/pages"}],"about":[{"href":"https:\/\/www.tabanispartacus.hu\/tajfuto\/wordpress\/index.php?rest_route=\/wp\/v2\/types\/page"}],"author":[{"embeddable":true,"href":"https:\/\/www.tabanispartacus.hu\/tajfuto\/wordpress\/index.php?rest_route=\/wp\/v2\/users\/1"}],"replies":[{"embeddable":true,"href":"https:\/\/www.tabanispartacus.hu\/tajfuto\/wordpress\/index.php?rest_route=%2Fwp%2Fv2%2Fcomments&post=6903"}],"version-history":[{"count":28,"href":"https:\/\/www.tabanispartacus.hu\/tajfuto\/wordpress\/index.php?rest_route=\/wp\/v2\/pages\/6903\/revisions"}],"predecessor-version":[{"id":7298,"href":"https:\/\/www.tabanispartacus.hu\/tajfuto\/wordpress\/index.php?rest_route=\/wp\/v2\/pages\/6903\/revisions\/7298"}],"wp:attachment":[{"href":"https:\/\/www.tabanispartacus.hu\/tajfuto\/wordpress\/index.php?rest_route=%2Fwp%2Fv2%2Fmedia&parent=6903"}],"curies":[{"name":"wp","href":"https:\/\/api.w.org\/{rel}","templated":true}]}}