{"id":6898,"date":"2023-01-18T17:50:08","date_gmt":"2023-01-18T16:50:08","guid":{"rendered":"https:\/\/www.tabanispartacus.hu\/tajfuto\/wordpress\/?page_id=6898"},"modified":"2024-11-10T14:40:30","modified_gmt":"2024-11-10T13:40:30","slug":"velunk-tortent-2023-ban","status":"publish","type":"page","link":"https:\/\/www.tabanispartacus.hu\/tajfuto\/wordpress\/?page_id=6898","title":{"rendered":"Vel\u00fcnk t\u00f6rt\u00e9nt 2023-ban"},"content":{"rendered":"\r\n<table class=\"wp-block-table\"><tbody>\r\n<tr><td>Egyes\u00fcleti \u00e9v\u00f6sszegz\u00e9s 2023.<\/td>\r\n<td>Gyalog T\u00f3dor<\/td>\r\n<td><strong><a href=\"\/tajfuto\/wordpress\/wp-content\/uploads\/2024\/01\/2023_SPA_OB-vilagvers_eredmenyek_231105j2.docx\" target=\"_blank\" rel=\"noreferrer noopener\"><FONT SIZE=2>Eredm\u00e9nyeink<br><\/a>\r\n<a href=\"\/tajfuto\/wordpress\/?page_id=7049\" target=\"_blank\" rel=\"noreferrer noopener\">Bajnoki pontok, \u00e9rmek<br><\/a>\r\n<a href=\"\/tajfuto\/wordpress\/wp-content\/uploads\/2024\/01\/Osszesites-2004-23_231027-1031j.xls\" target=\"_blank\" rel=\"noreferrer noopener\">Tab\u00e1ni Spartacus SKE \u00f6sszes\u00edt\u00e9s 2004-t\u0151l<\/a>\r\n<\/td><\/tr>\r\n<tr><td>EOC<br>2023.10.02-08.<br>Verona (Italy)<br><\/td>\r\n<td>Ormay Misi \u00e9s Bujdos\u00f3 Zolti<\/td>\r\n<td><strong><a href=\"https:\/\/docs.google.com\/presentation\/d\/1uWpIfOQxVjKhMB0G9aEFMr2OgDmxFjscWSCPxC69WF8\/edit#slide=id.p\">\u00e9lm\u00e9nybesz\u00e1mol\u00f3<br><\/strong><\/a>\r\n<\/td>\r\n<\/tr>\r\n<tr><td>Spanyol edz\u0151t\u00e1bor<br>2023.02.09-12.<br>Burgohondo-Madrid (Spain)<br><\/td>\r\n<td>Bak\u00f3 \u00c1ron<\/td>\r\n<td><strong><a href=\"https:\/\/www.tabanispartacus.hu\/tajfuto\/wordpress\/?page_id=6933\">elemz\u00e9sek<br><\/strong><\/a>\r\n<\/td>\r\n<\/tr>\r\n<tr><td>D\u00edj\u00e1tad\u00e1s a T\u00e1jfut\u00f3 G\u00e1l\u00e1n<br>2023.01.28.<br>Budapest, Angyalf\u00f6ldi<br>J\u00f3zsef Attila M\u0171v. K\u00f6zp.<br><\/td>\r\n<td>BTFSZ-Moln\u00e1r P\u00e9ter<\/td>\r\n<td><strong><a href=\"https:\/\/www.tajfutas.hu\/hirek\/hirkereso\/12-altalanos\/2303-tajfuto-gala-6\">besz\u00e1mol\u00f3<br><\/strong><\/a>\r\n<\/td>\r\n<\/tr>\r\n<tr><td>\u00c9vz\u00e1r\u00f3 \u00e9s szakoszt\u00e1lygy\u0171l\u00e9s<br>2023.01.14-15.<br>G\u00e1nt<br><\/td>\r\n<td>M\u00e1th\u00e9 Pista<br><br>Gyalog T\u00f3dor<\/td>\r\n<td><strong><a href=\"https:\/\/www.flickr.com\/photos\/101487580@N03\/albums\/72177720305275388\">fot\u00f3k<br><a href=\"\/tajfuto\/wordpress\/wp-content\/uploads\/2023\/01\/1-2022_SPA_OB-vilagvers_eredmenyek_221229_j8.docx\" target=\"_blank\" rel=\"noreferrer noopener\"><FONT SIZE=2>OB \u00e9s vil\u00e1gversenyek eredm\u00e9nyei 2022-ben<br><\/a>\r\n<a href=\"\/tajfuto\/wordpress\/?page_id=6843\" target=\"_blank\" rel=\"noreferrer noopener\">Bajnoki pontok, \u00e9rmek 2022-ben<br><\/a>\r\n<\/td><\/tr>\r\n<\/tbody><\/table>\r\n","protected":false},"excerpt":{"rendered":"<p>Egyes\u00fcleti \u00e9v\u00f6sszegz\u00e9s 2023. Gyalog T\u00f3dor Eredm\u00e9nyeink Bajnoki pontok, \u00e9rmek Tab\u00e1ni Spartacus SKE \u00f6sszes\u00edt\u00e9s 2004-t\u0151l EOC2023.10.02-08.Verona (Italy) Ormay Misi \u00e9s Bujdos\u00f3 Zolti \u00e9lm\u00e9nybesz\u00e1mol\u00f3 Spanyol edz\u0151t\u00e1bor2023.02.09-12.Burgohondo-Madrid (Spain) Bak\u00f3 \u00c1ron elemz\u00e9sek D\u00edj\u00e1tad\u00e1s a T\u00e1jfut\u00f3 G\u00e1l\u00e1n2023.01.28.Budapest, Angyalf\u00f6ldiJ\u00f3zsef Attila M\u0171v. K\u00f6zp. BTFSZ-Moln\u00e1r P\u00e9ter besz\u00e1mol\u00f3 \u00c9vz\u00e1r\u00f3 \u00e9s szakoszt\u00e1lygy\u0171l\u00e9s2023.01.14-15.G\u00e1nt M\u00e1th\u00e9 Pista Gyalog T\u00f3dor fot\u00f3kOB \u00e9s vil\u00e1gversenyek eredm\u00e9nyei 2022-ben Bajnoki pontok, \u00e9rmek 2022-ben<\/p>\n","protected":false},"author":1,"featured_media":0,"parent":0,"menu_order":0,"comment_status":"closed","ping_status":"closed","template":"","meta":{"ngg_post_thumbnail":0},"_links":{"self":[{"href":"https:\/\/www.tabanispartacus.hu\/tajfuto\/wordpress\/index.php?rest_route=\/wp\/v2\/pages\/6898"}],"collection":[{"href":"https:\/\/www.tabanispartacus.hu\/tajfuto\/wordpress\/index.php?rest_route=\/wp\/v2\/pages"}],"about":[{"href":"https:\/\/www.tabanispartacus.hu\/tajfuto\/wordpress\/index.php?rest_route=\/wp\/v2\/types\/page"}],"author":[{"embeddable":true,"href":"https:\/\/www.tabanispartacus.hu\/tajfuto\/wordpress\/index.php?rest_route=\/wp\/v2\/users\/1"}],"replies":[{"embeddable":true,"href":"https:\/\/www.tabanispartacus.hu\/tajfuto\/wordpress\/index.php?rest_route=%2Fwp%2Fv2%2Fcomments&post=6898"}],"version-history":[{"count":14,"href":"https:\/\/www.tabanispartacus.hu\/tajfuto\/wordpress\/index.php?rest_route=\/wp\/v2\/pages\/6898\/revisions"}],"predecessor-version":[{"id":7315,"href":"https:\/\/www.tabanispartacus.hu\/tajfuto\/wordpress\/index.php?rest_route=\/wp\/v2\/pages\/6898\/revisions\/7315"}],"wp:attachment":[{"href":"https:\/\/www.tabanispartacus.hu\/tajfuto\/wordpress\/index.php?rest_route=%2Fwp%2Fv2%2Fmedia&parent=6898"}],"curies":[{"name":"wp","href":"https:\/\/api.w.org\/{rel}","templated":true}]}}