{"id":6843,"date":"2022-12-13T14:58:25","date_gmt":"2022-12-13T13:58:25","guid":{"rendered":"https:\/\/www.tabanispartacus.hu\/tajfuto\/wordpress\/?page_id=6843"},"modified":"2023-01-18T15:31:51","modified_gmt":"2023-01-18T14:31:51","slug":"2022-bajnoki-pontok-ermek","status":"publish","type":"page","link":"https:\/\/www.tabanispartacus.hu\/tajfuto\/wordpress\/?page_id=6843","title":{"rendered":"2022 Bajnoki pontok, \u00e9rmek"},"content":{"rendered":"<h3><u>Feln\u0151tt \u00e9s ut\u00e1np\u00f3tl\u00e1s<\/u><\/h3>\n<p><a href=\"\/tajfuto\/wordpress\/wp-content\/uploads\/2023\/01\/2-2022_Bajnoki-pontszerzoink_221207.xlsx\" target=\"_blank\" rel=\"noreferrer noopener\">Bajnoki pontszerz\u0151k<\/a><br \/>\n<a href=\"\/tajfuto\/wordpress\/wp-content\/uploads\/2023\/01\/3-2022_Ermesek_j.xls\" target=\"_blank\" rel=\"noreferrer noopener\">\u00c9rmesek<\/a><br \/>\n<a href=\"\/tajfuto\/wordpress\/wp-content\/uploads\/2023\/01\/4-2022_Ermesek-tablazata_j2.xls\" target=\"_blank\" rel=\"noreferrer noopener\">\u00c9rmesek t\u00e1bl\u00e1zata<\/a><br \/>\n<a href=\"\/tajfuto\/wordpress\/wp-content\/uploads\/2023\/01\/5-2022_Bajnoki_ermeseinkrol-pontszerzoinkrol_j2.docx\" target=\"_blank\" rel=\"noreferrer noopener\">Bajnoki \u00e9rmeseinkr\u0151l, pontszerz\u0151inkr\u0151l<\/a><br \/>\n<a href=\"\/tajfuto\/wordpress\/wp-content\/uploads\/2023\/01\/6-2022_Bajnoki_pontverseny_221203_j.xls\" target=\"_blank\" rel=\"noreferrer noopener\">Bajnoki pontverseny<\/a><br \/>\n<a href=\"\/tajfuto\/wordpress\/wp-content\/uploads\/2023\/01\/7-2022_Bajnoki-pontok-valtozasai_j.docx\" target=\"_blank\" rel=\"noreferrer noopener\">Bajnoki pontok v\u00e1ltoz\u00e1sai<\/a><\/p>\n<h3><u>Szenior<\/u><\/h3>\n<p><a href=\"\/tajfuto\/wordpress\/wp-content\/uploads\/2023\/01\/8-2022_Szenior-pontszerzok_j2.xls\" target=\"_blank\" rel=\"noreferrer noopener\">Pontszerz\u0151k<\/a><br \/>\n<a href=\"\/tajfuto\/wordpress\/wp-content\/uploads\/2023\/01\/9-2022_Szenior-ermesek_j3.xls\" target=\"_blank\" rel=\"noreferrer noopener\">\u00c9rmesek<\/a><br \/>\n<a href=\"\/tajfuto\/wordpress\/wp-content\/uploads\/2023\/01\/10-2022_Szen-bajn-ermesekrol-pontszerzokrol_j2.docx\" target=\"_blank\" rel=\"noreferrer noopener\">Bajnoki \u00e9rmeseinkr\u0151l, pontszerz\u0151inkr\u0151l<\/a><br \/>\n<a href=\"\/tajfuto\/wordpress\/wp-content\/uploads\/2023\/01\/11-2022_szenior-pontverseny.pdf\" target=\"_blank\" rel=\"noreferrer noopener\">Szenior pontverseny<\/a><\/p>\n","protected":false},"excerpt":{"rendered":"<p>Feln\u0151tt \u00e9s ut\u00e1np\u00f3tl\u00e1s Bajnoki pontszerz\u0151k \u00c9rmesek \u00c9rmesek t\u00e1bl\u00e1zata Bajnoki \u00e9rmeseinkr\u0151l, pontszerz\u0151inkr\u0151l Bajnoki pontverseny Bajnoki pontok v\u00e1ltoz\u00e1sai Szenior Pontszerz\u0151k \u00c9rmesek Bajnoki \u00e9rmeseinkr\u0151l, pontszerz\u0151inkr\u0151l Szenior pontverseny<\/p>\n","protected":false},"author":1,"featured_media":0,"parent":0,"menu_order":0,"comment_status":"closed","ping_status":"closed","template":"","meta":{"ngg_post_thumbnail":0},"_links":{"self":[{"href":"https:\/\/www.tabanispartacus.hu\/tajfuto\/wordpress\/index.php?rest_route=\/wp\/v2\/pages\/6843"}],"collection":[{"href":"https:\/\/www.tabanispartacus.hu\/tajfuto\/wordpress\/index.php?rest_route=\/wp\/v2\/pages"}],"about":[{"href":"https:\/\/www.tabanispartacus.hu\/tajfuto\/wordpress\/index.php?rest_route=\/wp\/v2\/types\/page"}],"author":[{"embeddable":true,"href":"https:\/\/www.tabanispartacus.hu\/tajfuto\/wordpress\/index.php?rest_route=\/wp\/v2\/users\/1"}],"replies":[{"embeddable":true,"href":"https:\/\/www.tabanispartacus.hu\/tajfuto\/wordpress\/index.php?rest_route=%2Fwp%2Fv2%2Fcomments&post=6843"}],"version-history":[{"count":4,"href":"https:\/\/www.tabanispartacus.hu\/tajfuto\/wordpress\/index.php?rest_route=\/wp\/v2\/pages\/6843\/revisions"}],"predecessor-version":[{"id":6893,"href":"https:\/\/www.tabanispartacus.hu\/tajfuto\/wordpress\/index.php?rest_route=\/wp\/v2\/pages\/6843\/revisions\/6893"}],"wp:attachment":[{"href":"https:\/\/www.tabanispartacus.hu\/tajfuto\/wordpress\/index.php?rest_route=%2Fwp%2Fv2%2Fmedia&parent=6843"}],"curies":[{"name":"wp","href":"https:\/\/api.w.org\/{rel}","templated":true}]}}