{"id":6747,"date":"2022-10-27T23:03:24","date_gmt":"2022-10-27T21:03:24","guid":{"rendered":"https:\/\/www.tabanispartacus.hu\/tajfuto\/wordpress\/?page_id=6747"},"modified":"2026-01-11T20:04:56","modified_gmt":"2026-01-11T19:04:56","slug":"nevsor-5","status":"publish","type":"page","link":"https:\/\/www.tabanispartacus.hu\/tajfuto\/wordpress\/?page_id=6747","title":{"rendered":"N\u00e9vsor"},"content":{"rendered":"<!-- r\u00e9gi oldal https:\/\/www.tabanispartacus.hu\/tajfuto\/wordpress\/?page_id=6031 -->\r\n<h3><u>SPA akt\u00edv tagok:<\/u><\/h3>\r\n<p><a href=\"http:\/\/adatbank.mtfsz.hu\/szemely\/lista\/tipus\/versenyzo?szemelyListaFilter%5Bnev%5D=&amp;szemelyListaFilter%5Bszul_ev_tol%5D=&amp;szemelyListaFilter%5Bszul_ev_ig%5D=&amp;szemelyListaFilter%5Bszervezet%5D%5B%5D=10277&amp;szemelyListaFilter%5Bsi%5D=&amp;szemelyListaFilter%5Bnytsz%5D=&amp;szemelyListaFilter%5Baktivitas%5D=2&amp;szemelyListaFilter%5Baktivitas_ve_datum%5D=2022-10-27\" target=\"_blank\" rel=\"noopener\"><b>Rajtenged\u00e9lyesek<\/b><\/a> (<a href=\"http:\/\/www.tabanispartacus.hu\/tajfuto\/wordpress\/wp-content\/uploads\/2026\/01\/13-Rajtengedelyek-minositesek-x.xls\">Rajtenged\u00e9lyek-min\u0151s\u00edt\u00e9sek<\/a>\r\n)<\/p>\r\n<p><b>Versenyenged\u00e9ly n\u00e9lk\u00fcl<\/b><\/p>\r\n<table border=\"0\" cellspacing=\"0\">\r\n<tbody>\r\n<tr>\r\n<td align=\"left\" valign=\"top\" height=\"17\" width=\"33%\">\r\n<p><a href=\"http:\/\/adatbank.mtfsz.hu\/szemely\/show?szemely_id=100206\">Bal\u00e1zs Bulcs\u00fa<\/a><\/p>\r\n<p><a href=\"http:\/\/adatbank.mtfsz.hu\/szemely\/show?szemely_id=100949\">Csipi Erzs\u00e9bet<\/a><\/p>\r\n<p><a href=\"http:\/\/adatbank.mtfsz.hu\/szemely\/show?szemely_id=101075\">Deme Zolt\u00e1n<\/a><\/p>\r\n<p><a href=\"http:\/\/adatbank.mtfsz.hu\/szemely\/show?szemely_id=101387\">Fazekas Gabriella<\/a><\/p>\r\n<p><a href=\"http:\/\/adatbank.mtfsz.hu\/szemely\/show?szemely_id=101815\">Gyalog L\u00e1szl\u00f3<\/a><\/p>\r\n<p><a href=\"http:\/\/adatbank.mtfsz.hu\/szemely\/show?szemely_id=101816\">Gyalog Zolt\u00e1n<\/a><\/p>\r\n<p><a href=\"http:\/\/adatbank.mtfsz.hu\/szemely\/show?szemely_id=102154\">Horv\u00e1th Attila<\/a><\/p>\r\n<\/td>\r\n<td align=\"left\" valign=\"top\" height=\"17\" width=\"33%\">\r\n<p><a href=\"http:\/\/adatbank.mtfsz.hu\/szemely\/show?szemely_id=102617\">Kedl Ildik\u00f3<\/a><\/p>\r\n<p><a href=\"http:\/\/adatbank.mtfsz.hu\/szemely\/show?szemely_id=103429\">Liszka Eszter<\/a><\/p>\r\n<p><a href=\"http:\/\/adatbank.mtfsz.hu\/szemely\/show?szemely_id=103430\">Liszka Kriszti\u00e1n<\/a><\/p>\r\n<p><a href=\"http:\/\/adatbank.mtfsz.hu\/szemely\/show?szemely_id=104429\">Pataki Zsolt<\/a><\/p>\r\n<p><a href=\"http:\/\/adatbank.mtfsz.hu\/szemely\/show?szemely_id=106376\">Ruman\u00f3czki Be\u00e1ta<\/a><\/p>\r\n<p><a href=\"http:\/\/adatbank.mtfsz.hu\/szemely\/show?szemely_id=104909\">Sch\u0151nviszky L\u00e1szl\u00f3<\/a><\/p>\r\n<\/td>\r\n<td align=\"left\" valign=\"top\" height=\"17\" width=\"33%\">\r\n<p><a href=\"http:\/\/adatbank.mtfsz.hu\/szemely\/show?szemely_id=105121\">Sulyok \u00c1bel<\/a><\/p>\r\n<p><a href=\"http:\/\/adatbank.mtfsz.hu\/szemely\/show?szemely_id=105210\">Szab\u00f3 J\u00f3zsef<\/a><\/p>\r\n<p><a href=\"http:\/\/adatbank.mtfsz.hu\/szemely\/show?szemely_id=109513\">Tam\u00e1ska S\u00e1ra<\/a><\/p>\r\n<p><a href=\"http:\/\/adatbank.mtfsz.hu\/szemely\/show?szemely_id=106230\">Vass L\u00e1szl\u00f3<\/a><\/p>\r\n<p><a href=\"http:\/\/adatbank.mtfsz.hu\/szemely\/show?szemely_id=110011\">Woyn\u00e1rovichn\u00e9 K\u00e1rp\u00e1ti \u00c1gnes<\/a><\/p>\r\n<p><a href=\"http:\/\/adatbank.mtfsz.hu\/szemely\/show?szemely_id=106443\">Zacher M\u00e1rton<\/a><\/p>\r\n<\/td><\/tr>\r\n<\/tbody>\r\n<\/table>\r\n<p><b><u>A szakoszt\u00e1ly elhunyt tagjainak n\u00e9vsora<\/u><\/b><br><span style=\"font-size: small;\"> (<a href=\"http:\/\/lazarus.elte.hu\/tajfutas\/magyar\/elhunytak\/elhunytak.htm\" target=\"_blank\" rel=\"noopener\">az MTFSZ megeml\u00e9kez\u00e9sei<\/a>)<\/span><\/p>\r\n<table border=\"2\" width=\"100%\" cellspacing=\"10\" cellpadding=\"0\">\r\n<tbody>\r\n<tr>\r\n<td valign=\"top\" width=\"25%\">\r\n<ul>\r\n<li><a href=\"\/tajfuto\/wordpress\/wp-content\/uploads\/2022\/01\/baloghtamas.pdf\" target=\"_blank\" rel=\"noopener\"><span style=\"color: #000080;\">Balogh Tam\u00e1s<\/span><\/a><\/li>\r\n<li><span style=\"color: #000080;\"><a style=\"color: #000080;\" href=\"\/tajfuto\/wordpress\/wp-content\/uploads\/2022\/01\/csurgomihaly.pdf\" target=\"_blank\" rel=\"noopener\">Csurg\u00f3 Mih\u00e1ly<\/a><\/span><\/li>\r\n<li><a href=\"\/tajfuto\/wordpress\/wp-content\/uploads\/2022\/01\/GardonyiZoltan.pdf\" target=\"_blank\" rel=\"noopener\"><span style=\"color: #000080;\">G\u00e1rdonyi Zolt\u00e1n<\/span><\/a><\/li>\r\n<\/ul>\r\n<\/td>\r\n<td valign=\"top\" width=\"25%\">\r\n<ul>\r\n<li><span style=\"color: #000080;\"><a style=\"color: #000080;\" href=\"\/tajfuto\/wordpress\/wp-content\/uploads\/2021\/11\/Monspart-Sarolta.pdf\" target=\"_blank\" rel=\"noopener\">Monspart Sarolta<\/a><\/span><\/li>\r\n<li><span style=\"color: #000080;\"><a style=\"color: #000080;\" href=\"\/tajfuto\/wordpress\/wp-content\/uploads\/2022\/01\/OhegyiAlbin.pdf\" target=\"_blank\" rel=\"noopener\">\u00d3hegyi Albin<\/a><\/span><\/li>\r\n<li><span style=\"color: #000080;\"><a style=\"color: #000080;\" href=\"\/tajfuto\/wordpress\/wp-content\/uploads\/2022\/01\/PeikerGyorgy.pdf\" target=\"_blank\" rel=\"noopener\">Peiker Gy\u00f6rgy<\/a><\/span><\/li>\r\n<\/ul>\r\n<\/td>\r\n<td valign=\"top\" width=\"25%\">\r\n<ul>\r\n<li><span style=\"color: #000080;\"><a style=\"color: #000080;\" href=\"\/tajfuto\/wordpress\/?page_id=7089\" target=\"_blank\" rel=\"noopener\">Rib\u00e9nyi Imre<\/a><\/span><\/li>\r\n<li><a href=\"\/tajfuto\/wordpress\/wp-content\/uploads\/2022\/01\/schonviszkygyorgy.pdf\" target=\"_blank\" rel=\"noopener\"><span style=\"color: #000080;\">Sch\u00f6nviszky Gy\u00f6rgy<\/span><\/a><\/li>\r\n<\/ul>\r\n<\/td>\r\n<td valign=\"top\" width=\"25%\">\r\n<ul>\r\n<li><span style=\"color: #000080;\"><a style=\"color: #000080;\" href=\"\/tajfuto\/wordpress\/wp-content\/uploads\/2022\/01\/szentpeteryakos.pdf\" target=\"_blank\" rel=\"noopener\">Szentp\u00e9tery \u00c1kos<\/a><\/span><\/li>\r\n<li><span style=\"color: #000080;\"><a style=\"color: #000080;\" href=\"\/tajfuto\/wordpress\/wp-content\/uploads\/2022\/01\/SzondiFerenc.pdf\" target=\"_blank\" rel=\"noopener\">Szondi Ferenc<\/a><\/span><\/li>\r\n<li><span style=\"color: #000080;\"><a style=\"color: #000080;\" href=\"\/tajfuto\/wordpress\/wp-content\/uploads\/2022\/01\/tarjanitibor.pdf\" target=\"_blank\" rel=\"noopener\">Tarj\u00e1ni Tibor<\/a><\/span><\/li>\r\n<\/ul>\r\n<\/td>\r\n<\/tr>\r\n<\/tbody>\r\n<\/table>\r\n\r\n<p>&nbsp;<\/p>\r\n","protected":false},"excerpt":{"rendered":"<p>SPA akt\u00edv tagok: Rajtenged\u00e9lyesek (Rajtenged\u00e9lyek-min\u0151s\u00edt\u00e9sek ) Versenyenged\u00e9ly n\u00e9lk\u00fcl Bal\u00e1zs Bulcs\u00fa Csipi Erzs\u00e9bet Deme Zolt\u00e1n Fazekas Gabriella Gyalog L\u00e1szl\u00f3 Gyalog Zolt\u00e1n Horv\u00e1th Attila Kedl Ildik\u00f3 Liszka Eszter Liszka Kriszti\u00e1n Pataki Zsolt Ruman\u00f3czki Be\u00e1ta Sch\u0151nviszky L\u00e1szl\u00f3 Sulyok \u00c1bel Szab\u00f3 J\u00f3zsef Tam\u00e1ska S\u00e1ra Vass L\u00e1szl\u00f3 Woyn\u00e1rovichn\u00e9 K\u00e1rp\u00e1ti \u00c1gnes Zacher M\u00e1rton A szakoszt\u00e1ly elhunyt tagjainak n\u00e9vsora (az MTFSZ megeml\u00e9kez\u00e9sei) &hellip; <a href=\"https:\/\/www.tabanispartacus.hu\/tajfuto\/wordpress\/?page_id=6747\" class=\"more-link\"><span class=\"screen-reader-text\">N\u00e9vsor<\/span> olvas\u00e1s\u00e1nak folytat\u00e1sa <span class=\"meta-nav\">&rarr;<\/span><\/a><\/p>\n","protected":false},"author":1,"featured_media":0,"parent":0,"menu_order":0,"comment_status":"closed","ping_status":"closed","template":"","meta":{"ngg_post_thumbnail":0},"_links":{"self":[{"href":"https:\/\/www.tabanispartacus.hu\/tajfuto\/wordpress\/index.php?rest_route=\/wp\/v2\/pages\/6747"}],"collection":[{"href":"https:\/\/www.tabanispartacus.hu\/tajfuto\/wordpress\/index.php?rest_route=\/wp\/v2\/pages"}],"about":[{"href":"https:\/\/www.tabanispartacus.hu\/tajfuto\/wordpress\/index.php?rest_route=\/wp\/v2\/types\/page"}],"author":[{"embeddable":true,"href":"https:\/\/www.tabanispartacus.hu\/tajfuto\/wordpress\/index.php?rest_route=\/wp\/v2\/users\/1"}],"replies":[{"embeddable":true,"href":"https:\/\/www.tabanispartacus.hu\/tajfuto\/wordpress\/index.php?rest_route=%2Fwp%2Fv2%2Fcomments&post=6747"}],"version-history":[{"count":12,"href":"https:\/\/www.tabanispartacus.hu\/tajfuto\/wordpress\/index.php?rest_route=\/wp\/v2\/pages\/6747\/revisions"}],"predecessor-version":[{"id":7663,"href":"https:\/\/www.tabanispartacus.hu\/tajfuto\/wordpress\/index.php?rest_route=\/wp\/v2\/pages\/6747\/revisions\/7663"}],"wp:attachment":[{"href":"https:\/\/www.tabanispartacus.hu\/tajfuto\/wordpress\/index.php?rest_route=%2Fwp%2Fv2%2Fmedia&parent=6747"}],"curies":[{"name":"wp","href":"https:\/\/api.w.org\/{rel}","templated":true}]}}