{"id":6646,"date":"2022-04-21T21:50:07","date_gmt":"2022-04-21T19:50:07","guid":{"rendered":"https:\/\/www.tabanispartacus.hu\/tajfuto\/wordpress\/?page_id=6646"},"modified":"2022-04-21T21:50:07","modified_gmt":"2022-04-21T19:50:07","slug":"2021-2","status":"publish","type":"page","link":"https:\/\/www.tabanispartacus.hu\/tajfuto\/wordpress\/?page_id=6646","title":{"rendered":"2021"},"content":{"rendered":"\r\n<p><strong><a href=\"http:\/\/www.tabanispartacus.hu\/tajfuto\/wordpress\/wp-content\/uploads\/2022\/04\/Tabani-2021beszamolo.pdf\">2021. \u00e9vi Besz\u00e1mol\u00f3 \u00e9s K\u00f6zhaszn\u00fas\u00e1gi mell\u00e9klet<\/a><\/strong><\/p>\r\n\r\n\r\n\r\n<p><strong><a href=\"http:\/\/www.tabanispartacus.hu\/tajfuto\/wordpress\/wp-content\/uploads\/2022\/04\/KIEG-MELL-TABANI-2021.pdf\">Kieg\u00e9sz\u00edt\u0151 mell\u00e9klet<\/a><\/strong><\/p>\r\n\r\n","protected":false},"excerpt":{"rendered":"<p>2021. \u00e9vi Besz\u00e1mol\u00f3 \u00e9s K\u00f6zhaszn\u00fas\u00e1gi mell\u00e9klet Kieg\u00e9sz\u00edt\u0151 mell\u00e9klet<\/p>\n","protected":false},"author":1,"featured_media":0,"parent":0,"menu_order":0,"comment_status":"closed","ping_status":"closed","template":"","meta":{"ngg_post_thumbnail":0},"_links":{"self":[{"href":"https:\/\/www.tabanispartacus.hu\/tajfuto\/wordpress\/index.php?rest_route=\/wp\/v2\/pages\/6646"}],"collection":[{"href":"https:\/\/www.tabanispartacus.hu\/tajfuto\/wordpress\/index.php?rest_route=\/wp\/v2\/pages"}],"about":[{"href":"https:\/\/www.tabanispartacus.hu\/tajfuto\/wordpress\/index.php?rest_route=\/wp\/v2\/types\/page"}],"author":[{"embeddable":true,"href":"https:\/\/www.tabanispartacus.hu\/tajfuto\/wordpress\/index.php?rest_route=\/wp\/v2\/users\/1"}],"replies":[{"embeddable":true,"href":"https:\/\/www.tabanispartacus.hu\/tajfuto\/wordpress\/index.php?rest_route=%2Fwp%2Fv2%2Fcomments&post=6646"}],"version-history":[{"count":1,"href":"https:\/\/www.tabanispartacus.hu\/tajfuto\/wordpress\/index.php?rest_route=\/wp\/v2\/pages\/6646\/revisions"}],"predecessor-version":[{"id":6649,"href":"https:\/\/www.tabanispartacus.hu\/tajfuto\/wordpress\/index.php?rest_route=\/wp\/v2\/pages\/6646\/revisions\/6649"}],"wp:attachment":[{"href":"https:\/\/www.tabanispartacus.hu\/tajfuto\/wordpress\/index.php?rest_route=%2Fwp%2Fv2%2Fmedia&parent=6646"}],"curies":[{"name":"wp","href":"https:\/\/api.w.org\/{rel}","templated":true}]}}