{"id":6375,"date":"2022-01-06T09:54:59","date_gmt":"2022-01-06T08:54:59","guid":{"rendered":"https:\/\/www.tabanispartacus.hu\/tajfuto\/wordpress\/?page_id=6375"},"modified":"2022-01-09T14:52:00","modified_gmt":"2022-01-09T13:52:00","slug":"2021-szenior-bajnoki-pontok-ermek","status":"publish","type":"page","link":"https:\/\/www.tabanispartacus.hu\/tajfuto\/wordpress\/?page_id=6375","title":{"rendered":"2021 Bajnoki pontok, \u00e9rmek"},"content":{"rendered":"<h3><u>Feln\u0151tt \u00e9s ut\u00e1np\u00f3tl\u00e1s<\/u><\/h3>\n<p><a href=\"\/tajfuto\/wordpress\/wp-content\/uploads\/2021\/12\/2a-2021_Bajnoki_pontverseny_211214.xls\" target=\"_blank\" rel=\"noreferrer noopener\">Bajnoki pontverseny<\/a><br \/>\n<a href=\"\/tajfuto\/wordpress\/wp-content\/uploads\/2021\/12\/3-2021_Bajnoki-pontok-valtozasai_j.docx\" target=\"_blank\" rel=\"noreferrer noopener\">Bajnoki pontok v\u00e1ltoz\u00e1sai<\/a><br \/>\n<a href=\"\/tajfuto\/wordpress\/wp-content\/uploads\/2021\/12\/4-2021_Bajnoki-pontszerzoink_211214_j2.xlsx\" target=\"_blank\" rel=\"noreferrer noopener\">Bajnoki pontszerz\u0151k<\/a><br \/>\n<a href=\"\/tajfuto\/wordpress\/wp-content\/uploads\/2022\/01\/5-2021_Ermesek_j.xls\" target=\"_blank\" rel=\"noreferrer noopener\">\u00c9rmesek<\/a><br \/>\n<a href=\"\/tajfuto\/wordpress\/wp-content\/uploads\/2021\/12\/6-2021_Ermesek-tablazata_j.xls\" target=\"_blank\" rel=\"noreferrer noopener\">\u00c9rmesek t\u00e1bl\u00e1zata<\/a><br \/>\n<a href=\"\/tajfuto\/wordpress\/wp-content\/uploads\/2021\/12\/7-2021_Bajnoki-ermeseinkrol-pontszerzoinkrol_j.docx\" target=\"_blank\" rel=\"noreferrer noopener\">Bajnoki \u00e9rmeseinkr\u0151l, pontszerz\u0151inkr\u0151l<\/a><\/p>\n<h3><u>Szenior<\/u><\/h3>\n<p><a href=\"\/tajfuto\/wordpress\/wp-content\/uploads\/2021\/12\/8-2021_Szenior-bajnoki-pontverseny.pdf\" target=\"_blank\" rel=\"noreferrer noopener\">Bajnoki pontverseny<\/a><br \/>\n<a href=\"\/tajfuto\/wordpress\/wp-content\/uploads\/2021\/12\/9-2021_Szenior-pontszerzok-ermesek.xls\" target=\"_blank\" rel=\"noreferrer noopener\">Pontszerz\u0151k, \u00e9rmesek<\/a><br \/>\n<a href=\"\/tajfuto\/wordpress\/wp-content\/uploads\/2021\/12\/10-Szenior-ermeseink-tablazata_j.xlsx\" target=\"_blank\" rel=\"noreferrer noopener\">\u00c9rmesek t\u00e1bl\u00e1zata<\/a><br \/>\n<a href=\"\/tajfuto\/wordpress\/wp-content\/uploads\/2021\/12\/11-Szenior-bajnoki-ermeseinkrol-pontszerzoinkrol.docx\" target=\"_blank\" rel=\"noreferrer noopener\">Bajnoki \u00e9rmeseinkr\u0151l, pontszerz\u0151inkr\u0151l<\/a><\/p>\n","protected":false},"excerpt":{"rendered":"<p>Feln\u0151tt \u00e9s ut\u00e1np\u00f3tl\u00e1s Bajnoki pontverseny Bajnoki pontok v\u00e1ltoz\u00e1sai Bajnoki pontszerz\u0151k \u00c9rmesek \u00c9rmesek t\u00e1bl\u00e1zata Bajnoki \u00e9rmeseinkr\u0151l, pontszerz\u0151inkr\u0151l Szenior Bajnoki pontverseny Pontszerz\u0151k, \u00e9rmesek \u00c9rmesek t\u00e1bl\u00e1zata Bajnoki \u00e9rmeseinkr\u0151l, pontszerz\u0151inkr\u0151l<\/p>\n","protected":false},"author":1,"featured_media":0,"parent":0,"menu_order":0,"comment_status":"closed","ping_status":"closed","template":"","meta":{"ngg_post_thumbnail":0},"_links":{"self":[{"href":"https:\/\/www.tabanispartacus.hu\/tajfuto\/wordpress\/index.php?rest_route=\/wp\/v2\/pages\/6375"}],"collection":[{"href":"https:\/\/www.tabanispartacus.hu\/tajfuto\/wordpress\/index.php?rest_route=\/wp\/v2\/pages"}],"about":[{"href":"https:\/\/www.tabanispartacus.hu\/tajfuto\/wordpress\/index.php?rest_route=\/wp\/v2\/types\/page"}],"author":[{"embeddable":true,"href":"https:\/\/www.tabanispartacus.hu\/tajfuto\/wordpress\/index.php?rest_route=\/wp\/v2\/users\/1"}],"replies":[{"embeddable":true,"href":"https:\/\/www.tabanispartacus.hu\/tajfuto\/wordpress\/index.php?rest_route=%2Fwp%2Fv2%2Fcomments&post=6375"}],"version-history":[{"count":28,"href":"https:\/\/www.tabanispartacus.hu\/tajfuto\/wordpress\/index.php?rest_route=\/wp\/v2\/pages\/6375\/revisions"}],"predecessor-version":[{"id":6433,"href":"https:\/\/www.tabanispartacus.hu\/tajfuto\/wordpress\/index.php?rest_route=\/wp\/v2\/pages\/6375\/revisions\/6433"}],"wp:attachment":[{"href":"https:\/\/www.tabanispartacus.hu\/tajfuto\/wordpress\/index.php?rest_route=%2Fwp%2Fv2%2Fmedia&parent=6375"}],"curies":[{"name":"wp","href":"https:\/\/api.w.org\/{rel}","templated":true}]}}