{"id":6364,"date":"2022-01-02T12:38:48","date_gmt":"2022-01-02T11:38:48","guid":{"rendered":"https:\/\/www.tabanispartacus.hu\/tajfuto\/wordpress\/?page_id=6364"},"modified":"2023-11-21T09:25:31","modified_gmt":"2023-11-21T08:25:31","slug":"velunk-tortent-2022-ben","status":"publish","type":"page","link":"https:\/\/www.tabanispartacus.hu\/tajfuto\/wordpress\/?page_id=6364","title":{"rendered":"Vel\u00fcnk t\u00f6rt\u00e9nt 2022-ben"},"content":{"rendered":"\r\n<table class=\"wp-block-table\"><tbody>\r\n<tr><td>Egyes\u00fcleti \u00e9v\u00f6sszegz\u00e9s 2022.<\/td>\r\n<td>Gyalog T\u00f3dor<\/td>\r\n<td><strong><a href=\"\/tajfuto\/wordpress\/wp-content\/uploads\/2023\/01\/1-2022_SPA_OB-vilagvers_eredmenyek_221229_j8.docx\" target=\"_blank\" rel=\"noreferrer noopener\"><FONT SIZE=2>Eredm\u00e9nyeink<br><\/a>\r\n<a href=\"\/tajfuto\/wordpress\/?page_id=6843\" target=\"_blank\" rel=\"noreferrer noopener\">Bajnoki pontok, \u00e9rmek<br><\/a>\r\n<\/td><\/tr>\r\n<tr><td>Tab\u00e1ni Spari a Sport tv-ben<br>2022.12.<\/td>\r\n<td>T\u00e1jfut\u00f3 Magazin<\/td>\r\n<td><strong><a href=\"https:\/\/www.youtube.com\/watch?v=-LxHMeWNem4\" target=\"_blank\" rel=\"noreferrer noopener\"><FONT SIZE=2>\u0150szi Spari Kup\u00e1r\u00f3l (HOB-r\u00f3l)<br><\/a>\r\n<a href=\"https:\/\/www.youtube.com\/watch?v=16dKVulCGFE\" target=\"_blank\" rel=\"noreferrer noopener\">Sparir\u00f3l \u00e9s Monspart Sarolt\u00e1r\u00f3l<br><\/a>\r\n<\/td><\/tr>\r\n<tr><td>Nemzetk\u00f6zi sikerek<br>2022.05.01-11.06<br>Eur\u00f3pa, Amerika<br><\/td>\r\n<td>Morandini Viktor<\/td>\r\n<td><strong><a href=\"https:\/\/www.tabanispartacus.hu\/tajfuto\/wordpress\/?page_id=6706\">sparis r\u00e9sztvev\u0151k<br><\/a><\/strong>\r\n<\/td>\r\n<\/tr>\r\n<tr><td>KOB-VOB H\u00e9tv\u00e9ge<br>2022.06.11-12.<br>\u00c1gasegyh\u00e1za<br><\/td>\r\n<td>K\u00e1rp\u00e1ti \u00c1gnes<\/td>\r\n<td><strong><a href=\"http:\/\/www.tabanispartacus.hu\/tajfuto\/wordpress\/wp-content\/uploads\/2022\/06\/KOB-VOB-Eredmenyosszesito-x.docx\">pontszerz\u0151k<br><\/a><\/strong>\r\n<\/td>\r\n<\/tr>\r\n<tr><td>V\u00e1s\u00e1rhelyi Sprint H\u00e9tv\u00e9ge<br>2022.05.21-22.<br>H\u00f3dmez\u0151v\u00e1s\u00e1rhely<br><\/td>\r\n<td>K\u00e1rp\u00e1ti \u00c1gnes<\/td>\r\n<td><strong><a href=\"http:\/\/www.tabanispartacus.hu\/tajfuto\/wordpress\/wp-content\/uploads\/2022\/05\/VasarhelyiSprintTajfutoHetvege_eredmenyek.docx\">dobog\u00f3sok<br><\/a><\/strong>\r\n<\/td>\r\n<\/tr>\r\n<tr><td>Honv\u00e9d Kupa<br>2022.05.07-08.<br>Nagyv\u00e1zsony<br><\/td>\r\n<td>K\u00e1rp\u00e1ti \u00c1gnes<\/td>\r\n<td><strong><a href=\"http:\/\/www.tabanispartacus.hu\/tajfuto\/wordpress\/wp-content\/uploads\/2022\/05\/Honved-Kupa_Eredmenyosszesito.docx\">eredm\u00e9nyek<br><\/a><\/strong>\r\n<\/td>\r\n<\/tr>\r\n<tr><td>Tipo Kupa<br>2022.04.30-05.01.<br>Zuppa<br><\/td>\r\n<td>K\u00e1rp\u00e1ti \u00c1gnes<\/td>\r\n<td><strong><a href=\"http:\/\/www.tabanispartacus.hu\/tajfuto\/wordpress\/wp-content\/uploads\/2022\/05\/TipoKupa2022majEredmenyosszesito.docx\">dobog\u00f3sok<br><\/a><\/strong>\r\n<\/td>\r\n<\/tr>\r\n<tr><td>XV. NND \u00e9s V\u00e1logat\u00f3 h\u00e9tv\u00e9ge<br>2022.04.22-24.<br>Salg\u00f3tarj\u00e1n-Nagyb\u00e1tony<br><\/td>\r\n<td>K\u00e1rp\u00e1ti \u00c1gnes<\/td>\r\n<td><strong><a href=\"https:\/\/www.tabanispartacus.hu\/tajfuto\/wordpress\/wp-content\/uploads\/2022\/04\/Nograd-nagydij-eredmenyek_OF.docx\">eredm\u00e9nyek<br><\/a><\/strong>\r\n<\/td>\r\n<\/tr>\r\n<tr><td>Csapat OB \u00e9s Szenior UHOB<br>2022.03.27.<br>G\u00f6d\u00f6ll\u0151, Babat-puszta<br><\/td>\r\n<td>M\u00e1th\u00e9 Pista<\/td>\r\n<td><strong><a href=\"https:\/\/www.flickr.com\/photos\/101487580@N03\/albums\/72177720297677090\">fot\u00f3k<br><\/a><\/strong>\r\n<\/td>\r\n<\/tr>\r\n<tr><td>59.Tavaszi Spartacus Kupa<br>2022.03.12-14.<br>P\u00e1kozd, Ing\u00f3k\u00f6vek<br><\/td>\r\n<td>M\u00e1th\u00e9 Pista (fot\u00f3k)<\/td>\r\n<td><strong><a href=\"https:\/\/www.flickr.com\/photos\/101487580@N03\/albums\/72177720297307587\">1. nap<br><\/a><a href=\"https:\/\/www.flickr.com\/photos\/101487580@N03\/albums\/72177720297329182\">2. nap<br><\/a><a href=\"https:\/\/www.flickr.com\/photos\/101487580@N03\/albums\/72177720297348932\">3. nap<br><\/strong><\/a>\r\n<\/td>\r\n<\/tr>\r\n<tr><td>D\u00edj\u00e1tad\u00e1s a T\u00e1jfut\u00f3 G\u00e1l\u00e1n<br>2022.01.29.<br>Budapest, F\u00e1klya Klub<br><\/td>\r\n<td>BTFSZ-Moln\u00e1r P\u00e9ter<\/td>\r\n<td><strong><a href=\"https:\/\/www.tajfutas.hu\/hirek\/hirkereso\/12-altalanos\/2141-dijatadas-a-tajfuto-galan\">besz\u00e1mol\u00f3<br><a href=\"wp-content\/uploads\/2022\/02\/Kepek-a-Galarol.pdf\">k\u00e9pek<br><\/strong><\/a>\r\n<\/td>\r\n<\/tr>\r\n<tr><td>\u00c9vz\u00e1r\u00f3 \u00e9s szakoszt\u00e1lygy\u0171l\u00e9s<br>2022.01.08.-01.09.<br>G\u00e1nt<br><\/td>\r\n<td>Klement Kel\u00e9n<br>Gyalog T\u00f3dor<br><\/td>\r\n<td>\r\n<strong><a href=\"https:\/\/youtu.be\/-9AtoIcOkds\" target=\"_blank\" rel=\"noreferrer noopener\" aria-label=\" (\u00faj f\u00fcl\u00f6n nyitja meg)\">video<br><a href=\"https:\/\/www.tabanispartacus.hu\/tajfuto\/wordpress\/?page_id=5903\"><FONT SIZE=2>Egyes\u00fcleti \u00e9v\u00f6sszegz\u00e9s 2021<br><\/strong><\/a>\r\n<\/td>\r\n<\/tr>\r\n<\/tbody><\/table>\r\n","protected":false},"excerpt":{"rendered":"<p>Egyes\u00fcleti \u00e9v\u00f6sszegz\u00e9s 2022. Gyalog T\u00f3dor Eredm\u00e9nyeink Bajnoki pontok, \u00e9rmek Tab\u00e1ni Spari a Sport tv-ben2022.12. T\u00e1jfut\u00f3 Magazin \u0150szi Spari Kup\u00e1r\u00f3l (HOB-r\u00f3l) Sparir\u00f3l \u00e9s Monspart Sarolt\u00e1r\u00f3l Nemzetk\u00f6zi sikerek2022.05.01-11.06Eur\u00f3pa, Amerika Morandini Viktor sparis r\u00e9sztvev\u0151k KOB-VOB H\u00e9tv\u00e9ge2022.06.11-12.\u00c1gasegyh\u00e1za K\u00e1rp\u00e1ti \u00c1gnes pontszerz\u0151k V\u00e1s\u00e1rhelyi Sprint H\u00e9tv\u00e9ge2022.05.21-22.H\u00f3dmez\u0151v\u00e1s\u00e1rhely K\u00e1rp\u00e1ti \u00c1gnes dobog\u00f3sok Honv\u00e9d Kupa2022.05.07-08.Nagyv\u00e1zsony K\u00e1rp\u00e1ti \u00c1gnes eredm\u00e9nyek Tipo Kupa2022.04.30-05.01.Zuppa K\u00e1rp\u00e1ti \u00c1gnes dobog\u00f3sok XV. NND \u00e9s &hellip; <a href=\"https:\/\/www.tabanispartacus.hu\/tajfuto\/wordpress\/?page_id=6364\" class=\"more-link\"><span class=\"screen-reader-text\">Vel\u00fcnk t\u00f6rt\u00e9nt 2022-ben<\/span> olvas\u00e1s\u00e1nak folytat\u00e1sa <span class=\"meta-nav\">&rarr;<\/span><\/a><\/p>\n","protected":false},"author":1,"featured_media":0,"parent":0,"menu_order":0,"comment_status":"closed","ping_status":"closed","template":"","meta":{"ngg_post_thumbnail":0},"_links":{"self":[{"href":"https:\/\/www.tabanispartacus.hu\/tajfuto\/wordpress\/index.php?rest_route=\/wp\/v2\/pages\/6364"}],"collection":[{"href":"https:\/\/www.tabanispartacus.hu\/tajfuto\/wordpress\/index.php?rest_route=\/wp\/v2\/pages"}],"about":[{"href":"https:\/\/www.tabanispartacus.hu\/tajfuto\/wordpress\/index.php?rest_route=\/wp\/v2\/types\/page"}],"author":[{"embeddable":true,"href":"https:\/\/www.tabanispartacus.hu\/tajfuto\/wordpress\/index.php?rest_route=\/wp\/v2\/users\/1"}],"replies":[{"embeddable":true,"href":"https:\/\/www.tabanispartacus.hu\/tajfuto\/wordpress\/index.php?rest_route=%2Fwp%2Fv2%2Fcomments&post=6364"}],"version-history":[{"count":29,"href":"https:\/\/www.tabanispartacus.hu\/tajfuto\/wordpress\/index.php?rest_route=\/wp\/v2\/pages\/6364\/revisions"}],"predecessor-version":[{"id":7071,"href":"https:\/\/www.tabanispartacus.hu\/tajfuto\/wordpress\/index.php?rest_route=\/wp\/v2\/pages\/6364\/revisions\/7071"}],"wp:attachment":[{"href":"https:\/\/www.tabanispartacus.hu\/tajfuto\/wordpress\/index.php?rest_route=%2Fwp%2Fv2%2Fmedia&parent=6364"}],"curies":[{"name":"wp","href":"https:\/\/api.w.org\/{rel}","templated":true}]}}