{"id":6231,"date":"2021-12-02T19:07:26","date_gmt":"2021-12-02T18:07:26","guid":{"rendered":"http:\/\/www.tabanispartacus.hu\/tajfuto\/wordpress\/?page_id=6231"},"modified":"2022-11-08T18:18:19","modified_gmt":"2022-11-08T17:18:19","slug":"competitions-2022","status":"publish","type":"page","link":"https:\/\/www.tabanispartacus.hu\/tajfuto\/wordpress\/?page_id=6231","title":{"rendered":"Competitions 2022"},"content":{"rendered":"<p><a href=\"http:\/\/www.tabanispartacus.hu\/tajfuto\/wordpress\/?page_id=6230\"><img loading=\"lazy\" src=\"http:\/\/www.tabanispartacus.hu\/tajfuto\/2016\/tavaszi\/elem\/z_hun.gif\" alt=\"\" width=\"80\" height=\"50\" align=\"right\"><\/a><\/p>\n\n\n<p><\/p>\n\n\n\n<figure class=\"wp-block-table\"><table><tbody><tr><td><strong><a href=\"#oszi\">70th Autumn Spartacus Cup <br>Sarolta Monspart Memorial \/ Open Hungarian Long-Distance Championship (HLDC)\n&amp; Open Hungarian Control Picking Team Championship (HCPC)<\/a><\/strong><\/td><td>05-06 November 2022., Pusztav\u00e1m, Sz\u00e9pv\u00edz\u00e9r <\/td><\/tr><tr><td><strong><a href=\"#tavaszi\">59th Spring Spartacus Cup<\/a><\/strong><\/td><td>12-14 March 2022., P\u00e1kozd, Ing\u00f3k\u00f6vek &nbsp;<\/td><\/tr><\/tbody><\/table><\/figure>\n\n\n\n<p><strong id=\"oszi\"> 70th Autumn Spartacus Cup Sarolta Monspart Memorial \/ <br>Open Hungarian Long-Distance Championship (HLDC)\n&amp; <br>Open Hungarian Control Picking Team Championship (HCPC) <\/strong><br> 05-06 November 2022., Pusztav\u00e1m, Sz\u00e9pv\u00edz\u00e9r <br><\/p>\n\n\n\n<ul><li><strong><a rel=\"noreferrer noopener\" aria-label=\" (\u00faj f\u00fcl\u00f6n nyitja meg)\" href=\"http:\/\/admin.mtfsz.hu\/fajl\/get\/fajl_id\/28555\/tipus\/render\" target=\"_blank\">Invitation<\/a><\/strong>\n<\/li><li><strong><a rel=\"noreferrer noopener\" aria-label=\" (\u00faj f\u00fcl\u00f6n nyitja meg)\" href=\"http:\/\/admin.mtfsz.hu\/fajl\/get\/fajl_id\/28695\/tipus\/render\" target=\"_blank\">HCPC definition<\/a><\/strong>\n<\/li><li><strong><a rel=\"noreferrer noopener\" aria-label=\" (\u00faj f\u00fcl\u00f6n nyitja meg)\" href=\"http:\/\/admin.mtfsz.hu\/fajl\/get\/fajl_id\/28986\/tipus\/render\" target=\"_blank\">Bulletin<\/a><\/strong>\n<\/li><li><strong><a rel=\"noreferrer noopener\" aria-label=\" (\u00faj f\u00fcl\u00f6n nyitja meg)\" href=\"http:\/\/admin.mtfsz.hu\/fajl\/get\/fajl_id\/28988\/tipus\/render\" target=\"_blank\">Startlists every day by club<\/a><\/strong>\n<\/li><li><strong>Results<\/strong>\n<ul>\n \t<li>Spartacus Kupa <a href=\"http:\/\/admin.mtfsz.hu\/fajl\/get\/fajl_id\/29016\/tipus\/render\" target=\"_blank\" rel=\"noopener noreferrer\"><strong>1.day<\/strong><\/a><strong> (<a href=\"http:\/\/admin.mtfsz.hu\/fajl\/get\/fajl_id\/29017\/tipus\/render\" target=\"_blank\" rel=\"noopener noreferrer\">split times<\/a>)<\/strong><\/li>\n \t<li><a href=\"http:\/\/admin.mtfsz.hu\/fajl\/get\/fajl_id\/29018\/tipus\/render\" target=\"_blank\" rel=\"noopener noreferrer\"><strong>2.day<\/strong><\/a><strong> (<a href=\"http:\/\/admin.mtfsz.hu\/fajl\/get\/fajl_id\/29019\/tipus\/render\" target=\"_blank\" rel=\"noopener noreferrer\">split times<\/a>)<\/strong><\/li>\n \t<li>     <a href=\"http:\/\/admin.mtfsz.hu\/fajl\/get\/fajl_id\/29020\/tipus\/render\" target=\"_blank\" rel=\"noopener noreferrer\"><strong>Overall results<\/strong><\/a><\/li>\n \t<li><a href=\"http:\/\/admin.mtfsz.hu\/fajl\/get\/fajl_id\/29014\/tipus\/render\" target=\"_blank\" rel=\"noopener noreferrer\"><strong>HLDC<\/strong><\/a><strong> (<a href=\"http:\/\/admin.mtfsz.hu\/fajl\/get\/fajl_id\/29015\/tipus\/render\" target=\"_blank\" rel=\"noopener noreferrer\">split times<\/a>)<\/strong><\/li>\n \t<li><a href=\"http:\/\/admin.mtfsz.hu\/fajl\/get\/fajl_id\/29021\/tipus\/render\" target=\"_blank\" rel=\"noopener noreferrer\"><strong>HCPC<\/strong><\/a><strong> (<a href=\"http:\/\/admin.mtfsz.hu\/fajl\/get\/fajl_id\/29022\/tipus\/render\" target=\"_blank\" rel=\"noopener noreferrer\">split times<\/a>)<\/strong><\/li>\n<\/ul><\/li><\/ul>\n\n\n\n<p><strong id=\"tavaszi\"> 59th Spring Spartacus Cup <\/strong><br> 12-14 March 2022., P\u00e1kozd, Ing\u00f3k\u00f6vek &nbsp; <br><\/p>\n\n\n\n<ul><li><strong><a rel=\"noreferrer noopener\" aria-label=\" (\u00faj f\u00fcl\u00f6n nyitja meg)\" href=\"http:\/\/admin.mtfsz.hu\/fajl\/get\/fajl_id\/27148\/tipus\/render\" target=\"_blank\">Invitation<\/a><\/strong><\/li>\n<li><strong><a rel=\"noreferrer noopener\" aria-label=\" (\u00faj f\u00fcl\u00f6n nyitja meg)\" href=\"http:\/\/admin.mtfsz.hu\/fajl\/get\/fajl_id\/27182\/tipus\/render\" target=\"_blank\">Bulletin<\/a><\/strong><\/li>\n<li><strong>Startlists<\/strong> \n<ul>\n<li><strong><a rel=\"noreferrer noopener\" aria-label=\" (\u00faj f\u00fcl\u00f6n nyitja meg)\" href=\"http:\/\/admin.mtfsz.hu\/fajl\/get\/fajl_id\/27177\/tipus\/render\" target=\"_blank\">Every day by category<\/a><\/strong><\/li>\n<li><strong><a rel=\"noreferrer noopener\" aria-label=\" (\u00faj f\u00fcl\u00f6n nyitja meg)\" href=\"\/\/admin.mtfsz.hu\/fajl\/get\/fajl_id\/27178\/tipus\/render\" target=\"_blank\">Every day by club<\/a><\/strong><\/li>\n<li><strong><a rel=\"noreferrer noopener\" aria-label=\" (\u00faj f\u00fcl\u00f6n nyitja meg)\" href=\"http:\/\/admin.mtfsz.hu\/fajl\/get\/fajl_id\/27179\/tipus\/render\" target=\"_blank\">1. day<\/a><\/strong><\/li>\n<li><strong><a rel=\"noreferrer noopener\" aria-label=\" (\u00faj f\u00fcl\u00f6n nyitja meg)\" href=\"http:\/\/admin.mtfsz.hu\/fajl\/get\/fajl_id\/27180\/tipus\/render\" target=\"_blank\">2. day<\/a><\/strong><\/li>\n<li><strong><a rel=\"noreferrer noopener\" aria-label=\" (\u00faj f\u00fcl\u00f6n nyitja meg)\" href=\"http:\/\/admin.mtfsz.hu\/fajl\/get\/fajl_id\/27201\/tipus\/render\" target=\"_blank\">3. day<\/a><\/strong><\/li><\/ul><\/li>\n<li><strong>Results<\/strong>\n<ul>\n \t<li><a href=\"http:\/\/admin.mtfsz.hu\/fajl\/get\/fajl_id\/27192\/tipus\/render\" target=\"_blank\" rel=\"noopener noreferrer\"><strong>1.day<\/strong><\/a><strong> (<a href=\"http:\/\/admin.mtfsz.hu\/fajl\/get\/fajl_id\/27193\/tipus\/render\" target=\"_blank\" rel=\"noopener noreferrer\">split times<\/a>)<\/strong><\/li><\/ul>\n<ul>\n \t<li><a href=\"http:\/\/admin.mtfsz.hu\/fajl\/get\/fajl_id\/27198\/tipus\/render\" target=\"_blank\" rel=\"noopener noreferrer\"><strong>2.day<\/strong><\/a><strong> (<a href=\"http:\/\/admin.mtfsz.hu\/fajl\/get\/fajl_id\/27199\/tipus\/render\" target=\"_blank\" rel=\"noopener noreferrer\">split times<\/a>)<\/strong><\/li><\/ul>\n<ul>\n\t<li><a href=\"http:\/\/admin.mtfsz.hu\/fajl\/get\/fajl_id\/27206\/tipus\/render\" target=\"_blank\" rel=\"noopener noreferrer\"><strong>3.day<\/strong><\/a><strong> (<a href=\"http:\/\/admin.mtfsz.hu\/fajl\/get\/fajl_id\/27207\/tipus\/render\" target=\"_blank\" rel=\"noopener noreferrer\">split times<\/a>)<\/strong><\/li><\/ul>\n<ul>\n \t<li><a href=\"http:\/\/admin.mtfsz.hu\/fajl\/get\/fajl_id\/27200\/tipus\/render\" target=\"_blank\" rel=\"noopener noreferrer\"><strong>Overall results<\/strong><\/a><\/li><\/ul>\n<\/li><\/ul><\/li><\/ul>\n","protected":false},"excerpt":{"rendered":"<p>70th Autumn Spartacus Cup Sarolta Monspart Memorial \/ Open Hungarian Long-Distance Championship (HLDC) &amp; Open Hungarian Control Picking Team Championship (HCPC) 05-06 November 2022., Pusztav\u00e1m, Sz\u00e9pv\u00edz\u00e9r 59th Spring Spartacus Cup 12-14 March 2022., P\u00e1kozd, Ing\u00f3k\u00f6vek &nbsp; 70th Autumn Spartacus Cup Sarolta Monspart Memorial \/ Open Hungarian Long-Distance Championship (HLDC) &amp; Open Hungarian Control Picking Team &hellip; <a href=\"https:\/\/www.tabanispartacus.hu\/tajfuto\/wordpress\/?page_id=6231\" class=\"more-link\"><span class=\"screen-reader-text\">Competitions 2022<\/span> olvas\u00e1s\u00e1nak folytat\u00e1sa <span class=\"meta-nav\">&rarr;<\/span><\/a><\/p>\n","protected":false},"author":1,"featured_media":0,"parent":0,"menu_order":0,"comment_status":"closed","ping_status":"closed","template":"","meta":{"ngg_post_thumbnail":0},"_links":{"self":[{"href":"https:\/\/www.tabanispartacus.hu\/tajfuto\/wordpress\/index.php?rest_route=\/wp\/v2\/pages\/6231"}],"collection":[{"href":"https:\/\/www.tabanispartacus.hu\/tajfuto\/wordpress\/index.php?rest_route=\/wp\/v2\/pages"}],"about":[{"href":"https:\/\/www.tabanispartacus.hu\/tajfuto\/wordpress\/index.php?rest_route=\/wp\/v2\/types\/page"}],"author":[{"embeddable":true,"href":"https:\/\/www.tabanispartacus.hu\/tajfuto\/wordpress\/index.php?rest_route=\/wp\/v2\/users\/1"}],"replies":[{"embeddable":true,"href":"https:\/\/www.tabanispartacus.hu\/tajfuto\/wordpress\/index.php?rest_route=%2Fwp%2Fv2%2Fcomments&post=6231"}],"version-history":[{"count":13,"href":"https:\/\/www.tabanispartacus.hu\/tajfuto\/wordpress\/index.php?rest_route=\/wp\/v2\/pages\/6231\/revisions"}],"predecessor-version":[{"id":6782,"href":"https:\/\/www.tabanispartacus.hu\/tajfuto\/wordpress\/index.php?rest_route=\/wp\/v2\/pages\/6231\/revisions\/6782"}],"wp:attachment":[{"href":"https:\/\/www.tabanispartacus.hu\/tajfuto\/wordpress\/index.php?rest_route=%2Fwp%2Fv2%2Fmedia&parent=6231"}],"curies":[{"name":"wp","href":"https:\/\/api.w.org\/{rel}","templated":true}]}}