{"id":6230,"date":"2021-12-02T18:56:17","date_gmt":"2021-12-02T17:56:17","guid":{"rendered":"http:\/\/www.tabanispartacus.hu\/tajfuto\/wordpress\/?page_id=6230"},"modified":"2022-11-08T20:02:38","modified_gmt":"2022-11-08T19:02:38","slug":"versenyeink-2022-ben","status":"publish","type":"page","link":"https:\/\/www.tabanispartacus.hu\/tajfuto\/wordpress\/?page_id=6230","title":{"rendered":"Versenyeink 2022-ben"},"content":{"rendered":"\n<p><a href=\"http:\/\/www.tabanispartacus.hu\/tajfuto\/wordpress\/?page_id=6231\"><img loading=\"lazy\" src=\"http:\/\/www.tabanispartacus.hu\/tajfuto\/2016\/tavaszi\/Union-jack.jpg\" alt=\"\" width=\"80\" height=\"50\" align=\"right\"><\/a><\/p>\n\n\n\n<figure class=\"wp-block-table\"><table><tbody><tr><td><strong><a href=\"#dobogokoi\">XXVII. Dobog\u00f3k\u0151i Hegyi Fut\u00f3verseny<\/a><\/strong><\/td><td>2022. 11. 19., E\u00f6tv\u00f6s L\u00f3r\u00e1nd Mened\u00e9kh\u00e1z <\/td><\/tr><tr><td><strong><a href=\"#oszi\">70. \u0150szi Spartacus Kupa <br> Monspart Sarolta eml\u00e9k\u00e9re \/<br> Hossz\u00fat\u00e1v\u00fa Orsz\u00e1gos Bajnoks\u00e1g \u00e9s Pontbegy\u0171jt\u0151 Csapat Bajnoks\u00e1g<\/a><\/strong><\/td><td>2022. 11. 05-06., Pusztav\u00e1m, Sz\u00e9pv\u00edz\u00e9r <\/td><\/tr><tr><td><strong><a href=\"#liget\">Budapest Kupa 28. fordul\u00f3,<br>Liget Kupa<\/a><\/strong><\/td><td>2022. 09. 14., V\u00e1rosliget<\/td><\/tr><tr><td><strong><a href=\"#szentpetery\">Budapest Kupa 26. fordul\u00f3<br>Szentp\u00e9tery \u00c1kos eml\u00e9k\u00e9re<\/a><\/strong><\/td><td>2022. 08. 31., Tab\u00e1n<\/td><\/tr><tr><td><strong><a href=\"#wod\">Budapest Kupa 12. fordul\u00f3,<br>T\u00e1jfut\u00e1s Vil\u00e1gnapja<\/a><\/strong><\/td><td>2022. 05. 17., V\u00e1rosliget<\/td><\/tr><tr><td><strong><a href=\"#krasznai\">Budapest Kupa 6. fordul\u00f3<br>Krasznai Isvt\u00e1n eml\u00e9k\u00e9re<\/a><\/strong><\/td><td>2022. 04. 06., Gell\u00e9rt-hegy<\/td><\/tr><tr><td><strong><a href=\"#tavaszi\">59. Tavasz Spartacus Kupa<\/a><\/strong><\/td><td>2022. 03. 12-14., P\u00e1kozd, Ing\u00f3k\u00f6vek&nbsp;<\/td><\/tr><\/tbody><\/table><\/figure>\n\n\n\n<p><strong id=\"dobogokoi\">27. Dobog\u00f3k\u0151i Hegyi Fut\u00f3verseny<\/strong><br>2022. 11. 19., E\u00f6tv\u00f6s L\u00f3r\u00e1nd Mened\u00e9kh\u00e1z <\/p>\n\n\n\n<ul><li><strong><a rel=\"noreferrer noopener\" aria-label=\" (\u00faj f\u00fcl\u00f6n nyitja meg)\" href=\"http:\/\/admin.mtfsz.hu\/fajl\/get\/fajl_id\/28891\/tipus\/render\" target=\"_blank\"><s>Ki\u00edr\u00e1s<\/s><\/a> Elmaradt<\/strong>\n<\/li><\/ul>\n\n\n\n<p><strong id=\"oszi\">70. \u0150szi Spartacus Kupa Monspart Sarolta eml\u00e9k\u00e9re \/<br> Hossz\u00fat\u00e1v\u00fa Orsz\u00e1gos Bajnoks\u00e1g \u00e9s Pontbegy\u0171jt\u0151 Csapat Bajnoks\u00e1g<\/strong><br> 2022. 11. 05-06., Pusztav\u00e1m, Sz\u00e9pv\u00edz\u00e9r <br><\/p>\n\n\n\n<ul><li><strong><a rel=\"noreferrer noopener\" aria-label=\" (\u00faj f\u00fcl\u00f6n nyitja meg)\" href=\"http:\/\/admin.mtfsz.hu\/fajl\/get\/fajl_id\/28706\/tipus\/render\" target=\"_blank\">Ki\u00edr\u00e1s<\/a><\/strong>\n<\/li><li><strong><a rel=\"noreferrer noopener\" aria-label=\" (\u00faj f\u00fcl\u00f6n nyitja meg)\" href=\"http:\/\/admin.mtfsz.hu\/fajl\/get\/fajl_id\/28960\/tipus\/render\" target=\"_blank\">\u00c9rtes\u00edt\u0151<\/a><\/strong>\n<\/li><li><strong><a rel=\"noreferrer noopener\" aria-label=\" (\u00faj f\u00fcl\u00f6n nyitja meg)\" href=\"http:\/\/admin.mtfsz.hu\/fajl\/get\/fajl_id\/28988\/tipus\/render\" target=\"_blank\">HOB \u00e9s Spartacus Kupa rajtlista klubonk\u00e9nt<\/a><\/strong>\n<\/li><li><strong><a rel=\"noreferrer noopener\" aria-label=\" (\u00faj f\u00fcl\u00f6n nyitja meg)\" href=\"http:\/\/admin.mtfsz.hu\/fajl\/get\/fajl_id\/28996\/tipus\/render\" target=\"_blank\">PCSB rajtlista klubonk\u00e9nt<\/a><\/strong>\n<\/li><li><strong><a rel=\"noreferrer noopener\" aria-label=\" (\u00faj f\u00fcl\u00f6n nyitja meg)\" href=\"http:\/\/adatbank.mtfsz.hu\/esemeny\/show\/esemeny_id\/7747\" target=\"_blank\">Spartacus Kupa eredm\u00e9nyek<\/a><\/strong>\n<\/li><li><strong><a rel=\"noreferrer noopener\" aria-label=\" (\u00faj f\u00fcl\u00f6n nyitja meg)\" href=\"http:\/\/adatbank.mtfsz.hu\/esemeny\/show\/esemeny_id\/7661\" target=\"_blank\">HOB \u00e9s PCSB eredm\u00e9nyek<\/a><\/strong>\n<\/li><\/ul>\n\n\n\n<p><strong id=\"liget\"><a rel=\"noreferrer noopener\" aria-label=\" (\u00faj f\u00fcl\u00f6n nyitja meg)\" href=\"http:\/\/adatbank.mtfsz.hu\/esemeny\/show\/esemeny_id\/7954\" target=\"_blank\">Budapest Kupa 28. fordul\u00f3<\/a><\/strong><br>Liget kupa<br>2022. 09. 14., V\u00e1rosliget<\/p>\n\n\n\n<p><strong id=\"szentpetery\"><a rel=\"noreferrer noopener\" aria-label=\" (\u00faj f\u00fcl\u00f6n nyitja meg)\" href=\"http:\/\/adatbank.mtfsz.hu\/esemeny\/show\/esemeny_id\/7952\" target=\"_blank\">Budapest Kupa 26. fordul\u00f3<\/a><\/strong><br>Szentp\u00e9tery \u00c1kos eml\u00e9k\u00e9re<br>2022. 08. 31., Tab\u00e1n<\/p>\n\n\n\n<p><strong id=\"wod\"><a rel=\"noreferrer noopener\" aria-label=\" (\u00faj f\u00fcl\u00f6n nyitja meg)\" href=\"http:\/\/adatbank.mtfsz.hu\/esemeny\/show\/esemeny_id\/7772\" target=\"_blank\">Budapest Kupa 12. fordul\u00f3<\/a><\/strong><br>T\u00e1jfut\u00e1s Vil\u00e1gnapja<br>2022. 05. 17., V\u00e1rosliget<\/p>\n\n\n\n<p><strong id=\"krasznai\"><a rel=\"noreferrer noopener\" aria-label=\" (\u00faj f\u00fcl\u00f6n nyitja meg)\" href=\"http:\/\/adatbank.mtfsz.hu\/esemeny\/show\/esemeny_id\/7768\" target=\"_blank\">Budapest Kupa 6. fordul\u00f3<\/a><\/strong><br>Krasznai Istv\u00e1n eml\u00e9k\u00e9re<br>2022. 04. 06., Gell\u00e9rt-hegy<\/p>\n\n\n\n<p><strong id=\"tavaszi\"><a rel=\"noreferrer noopener\" aria-label=\" (\u00faj f\u00fcl\u00f6n nyitja meg)\" href=\"http:\/\/adatbank.mtfsz.hu\/esemeny\/show\/esemeny_id\/7748\" target=\"_blank\"> 59. Tavaszi Spartacus Kupa <\/a><\/strong><br> 2022. 03. 12-14., P\u00e1kozd, Ing\u00f3k\u00f6vek&nbsp; <br><\/p>\n\n\n\n<ul><li><strong><a rel=\"noreferrer noopener\" aria-label=\" (\u00faj f\u00fcl\u00f6n nyitja meg)\" href=\"http:\/\/admin.mtfsz.hu\/fajl\/get\/fajl_id\/27147\/tipus\/render\" target=\"_blank\">Ki\u00edr\u00e1s<\/a><\/strong><\/li><li><strong><a rel=\"noreferrer noopener\" aria-label=\" (\u00faj f\u00fcl\u00f6n nyitja meg)\" href=\"http:\/\/admin.mtfsz.hu\/fajl\/get\/fajl_id\/27156\/tipus\/render\" target=\"_blank\">\u00c9rtes\u00edt\u0151<\/a><\/strong><\/li>\n<li><strong>Rajtlist\u00e1k<\/strong> \n<ul>\n<li><strong><a rel=\"noreferrer noopener\" aria-label=\" (\u00faj f\u00fcl\u00f6n nyitja meg)\" href=\"http:\/\/admin.mtfsz.hu\/fajl\/get\/fajl_id\/27177\/tipus\/render\" target=\"_blank\">Kateg\u00f3ri\u00e1nk\u00e9nt minden nap<\/a><\/strong><\/li>\n<li><strong><a rel=\"noreferrer noopener\" aria-label=\" (\u00faj f\u00fcl\u00f6n nyitja meg)\" href=\"\/\/admin.mtfsz.hu\/fajl\/get\/fajl_id\/27178\/tipus\/render\" target=\"_blank\">Klubonk\u00e9nt minden nap<\/a><\/strong><\/li>\n<li><strong><a rel=\"noreferrer noopener\" aria-label=\" (\u00faj f\u00fcl\u00f6n nyitja meg)\" href=\"http:\/\/admin.mtfsz.hu\/fajl\/get\/fajl_id\/27179\/tipus\/render\" target=\"_blank\">1. nap<\/a><\/strong><\/li>\n<li><strong><a rel=\"noreferrer noopener\" aria-label=\" (\u00faj f\u00fcl\u00f6n nyitja meg)\" href=\"http:\/\/admin.mtfsz.hu\/fajl\/get\/fajl_id\/27180\/tipus\/render\" target=\"_blank\">2. nap<\/a><\/strong><\/li>\n<li><strong><a rel=\"noreferrer noopener\" aria-label=\" (\u00faj f\u00fcl\u00f6n nyitja meg)\" href=\"http:\/\/admin.mtfsz.hu\/fajl\/get\/fajl_id\/27201\/tipus\/render\" target=\"_blank\">3. nap<\/a><\/strong><\/li>\n<\/ul><\/li>\n<li><strong>Eredm\u00e9nyek<\/strong>\n<ul>\n \t<li><a href=\"http:\/\/admin.mtfsz.hu\/fajl\/get\/fajl_id\/27192\/tipus\/render\" target=\"_blank\" rel=\"noopener noreferrer\"><strong>1.nap<\/strong><\/a><strong> (<a href=\"http:\/\/admin.mtfsz.hu\/fajl\/get\/fajl_id\/27193\/tipus\/render\" target=\"_blank\" rel=\"noopener noreferrer\">r\u00e9szid\u0151s<\/a>)<\/strong><\/li><\/ul>\n<ul>\n \t<li><a href=\"http:\/\/admin.mtfsz.hu\/fajl\/get\/fajl_id\/27198\/tipus\/render\" target=\"_blank\" rel=\"noopener noreferrer\"><strong>2.nap<\/strong><\/a><strong> (<a href=\"http:\/\/admin.mtfsz.hu\/fajl\/get\/fajl_id\/27199\/tipus\/render\" target=\"_blank\" rel=\"noopener noreferrer\">r\u00e9szid\u0151s<\/a>)<\/strong><\/li><\/ul>\n<ul>\n\t<li><a href=\"http:\/\/admin.mtfsz.hu\/fajl\/get\/fajl_id\/27206\/tipus\/render\" target=\"_blank\" rel=\"noopener noreferrer\"><strong>3.nap<\/strong><\/a><strong> (<a href=\"http:\/\/admin.mtfsz.hu\/fajl\/get\/fajl_id\/27207\/tipus\/render\" target=\"_blank\" rel=\"noopener noreferrer\">r\u00e9szid\u0151s<\/a>)<\/strong><\/li><\/ul>\n<ul>\n \t<li><a href=\"http:\/\/admin.mtfsz.hu\/fajl\/get\/fajl_id\/27200\/tipus\/render\" target=\"_blank\" rel=\"noopener noreferrer\"><strong>\u00f6sszetett<\/strong><\/a><\/li><\/ul>\n<\/li><\/ul><\/li><\/ul>\n","protected":false},"excerpt":{"rendered":"<p>XXVII. Dobog\u00f3k\u0151i Hegyi Fut\u00f3verseny 2022. 11. 19., E\u00f6tv\u00f6s L\u00f3r\u00e1nd Mened\u00e9kh\u00e1z 70. \u0150szi Spartacus Kupa Monspart Sarolta eml\u00e9k\u00e9re \/ Hossz\u00fat\u00e1v\u00fa Orsz\u00e1gos Bajnoks\u00e1g \u00e9s Pontbegy\u0171jt\u0151 Csapat Bajnoks\u00e1g 2022. 11. 05-06., Pusztav\u00e1m, Sz\u00e9pv\u00edz\u00e9r Budapest Kupa 28. fordul\u00f3,Liget Kupa 2022. 09. 14., V\u00e1rosliget Budapest Kupa 26. fordul\u00f3Szentp\u00e9tery \u00c1kos eml\u00e9k\u00e9re 2022. 08. 31., Tab\u00e1n Budapest Kupa 12. fordul\u00f3,T\u00e1jfut\u00e1s Vil\u00e1gnapja 2022. &hellip; <a href=\"https:\/\/www.tabanispartacus.hu\/tajfuto\/wordpress\/?page_id=6230\" class=\"more-link\"><span class=\"screen-reader-text\">Versenyeink 2022-ben<\/span> olvas\u00e1s\u00e1nak folytat\u00e1sa <span class=\"meta-nav\">&rarr;<\/span><\/a><\/p>\n","protected":false},"author":1,"featured_media":0,"parent":0,"menu_order":0,"comment_status":"closed","ping_status":"closed","template":"","meta":{"ngg_post_thumbnail":0},"_links":{"self":[{"href":"https:\/\/www.tabanispartacus.hu\/tajfuto\/wordpress\/index.php?rest_route=\/wp\/v2\/pages\/6230"}],"collection":[{"href":"https:\/\/www.tabanispartacus.hu\/tajfuto\/wordpress\/index.php?rest_route=\/wp\/v2\/pages"}],"about":[{"href":"https:\/\/www.tabanispartacus.hu\/tajfuto\/wordpress\/index.php?rest_route=\/wp\/v2\/types\/page"}],"author":[{"embeddable":true,"href":"https:\/\/www.tabanispartacus.hu\/tajfuto\/wordpress\/index.php?rest_route=\/wp\/v2\/users\/1"}],"replies":[{"embeddable":true,"href":"https:\/\/www.tabanispartacus.hu\/tajfuto\/wordpress\/index.php?rest_route=%2Fwp%2Fv2%2Fcomments&post=6230"}],"version-history":[{"count":29,"href":"https:\/\/www.tabanispartacus.hu\/tajfuto\/wordpress\/index.php?rest_route=\/wp\/v2\/pages\/6230\/revisions"}],"predecessor-version":[{"id":6787,"href":"https:\/\/www.tabanispartacus.hu\/tajfuto\/wordpress\/index.php?rest_route=\/wp\/v2\/pages\/6230\/revisions\/6787"}],"wp:attachment":[{"href":"https:\/\/www.tabanispartacus.hu\/tajfuto\/wordpress\/index.php?rest_route=%2Fwp%2Fv2%2Fmedia&parent=6230"}],"curies":[{"name":"wp","href":"https:\/\/api.w.org\/{rel}","templated":true}]}}