{"id":5945,"date":"2021-11-05T12:10:56","date_gmt":"2021-11-05T11:10:56","guid":{"rendered":"http:\/\/www.tabanispartacus.hu\/tajfuto\/wordpress\/?page_id=5945"},"modified":"2021-11-09T14:29:09","modified_gmt":"2021-11-09T13:29:09","slug":"competitions-2021-2","status":"publish","type":"page","link":"https:\/\/www.tabanispartacus.hu\/tajfuto\/wordpress\/?page_id=5945","title":{"rendered":"Competitions 2021"},"content":{"rendered":"<p><a href=\"http:\/\/www.tabanispartacus.hu\/tajfuto\/wordpress\/?page_id=5812\"><img loading=\"lazy\" src=\"http:\/\/www.tabanispartacus.hu\/tajfuto\/2016\/tavaszi\/elem\/z_hun.gif\" alt=\"\" width=\"80\" height=\"50\" align=\"right\"><\/a><\/p>\n\n\n<p><\/p>\n\n\n<table>\n<tbody>\n<tr>\n<td style=\"font-size: 75%;\"><strong><a href=\"#oszi\">69th Autumn Spartacus Cup<\/a><\/strong><\/td>\n<td style=\"font-size: 75%;\">6-7 November 2021., G\u00e1nt<\/td>\n<\/tr>\n<tr>\n<td style=\"font-size: 75%;\"><strong><a href=\"#wmoc\">WORLD MASTERS<br>\nORIENTEERING CHAMPIONSHIPS<br> &amp; WMOC Tour<br>\n<\/a><\/strong><\/td>\n<td style=\"font-size: 75%;\">7-13 August 2021.,&nbsp;Velence, Sz\u00e9kesfeh\u00e9rv\u00e1r, Cs\u00e1kv\u00e1r<\/td>\n<\/tr>\n<\/tbody>\n<\/table>\n\n\n<p><strong id=\"oszi\"> 69TH AUTUMN SPARTACUS CUP <\/strong><br> 2021. 11. 06-07., G\u00e1nt <br><\/p>\n\n\n\n<ul>\n<li><strong><a rel=\"noreferrer noopener\" aria-label=\" (\u00faj f\u00fcl\u00f6n nyitja meg)\" href=\"http:\/\/admin.mtfsz.hu\/fajl\/get\/fajl_id\/26585\/tipus\/render\" target=\"_blank\">Invitation<\/a><\/strong><\/li>\n<li><strong><a rel=\"noreferrer noopener\" aria-label=\" (\u00faj f\u00fcl\u00f6n nyitja meg)\" href=\"http:\/\/admin.mtfsz.hu\/fajl\/get\/fajl_id\/26700\/tipus\/render\" target=\"_blank\">Bulletin<\/a><\/strong><\/li>\n<\/ul>\n\n<ul>\n<li><span style=\"color: #000000;\"><strong>Startlists<\/strong><\/span> \n<ul>\n<li><strong><a rel=\"noreferrer noopener\" aria-label=\" (\u00faj f\u00fcl\u00f6n nyitja meg)\" href=\"http:\/\/admin.mtfsz.hu\/fajl\/get\/fajl_id\/26686\/tipus\/render\" target=\"_blank\">1. day<\/a><\/strong><\/li>\n<li><strong><a rel=\"noreferrer noopener\" aria-label=\" (\u00faj f\u00fcl\u00f6n nyitja meg)\" href=\"http:\/\/admin.mtfsz.hu\/fajl\/get\/fajl_id\/26687\/tipus\/render\" target=\"_blank\">2. day<\/a><\/strong><\/li>\n<li><strong><a rel=\"noreferrer noopener\" aria-label=\" (\u00faj f\u00fcl\u00f6n nyitja meg)\" href=\"http:\/\/admin.mtfsz.hu\/fajl\/get\/fajl_id\/26688\/tipus\/render\" target=\"_blank\">Every day by category<\/a><\/strong><\/li>\n<li><strong><a rel=\"noreferrer noopener\" aria-label=\" (\u00faj f\u00fcl\u00f6n nyitja meg)\" href=\"http:\/\/admin.mtfsz.hu\/fajl\/get\/fajl_id\/26689\/tipus\/render\" target=\"_blank\">Every day by club<\/a><\/strong><\/li>\n<\/ul>\n<\/li><\/ul>\n\n<ul><li><strong>Results<\/strong>\n<ul>\n \t<li><a href=\"http:\/\/admin.mtfsz.hu\/fajl\/get\/fajl_id\/26708\/tipus\/render\" target=\"_blank\" rel=\"noopener noreferrer\"><strong>1.day<\/strong><\/a><strong> (<a href=\"http:\/\/admin.mtfsz.hu\/fajl\/get\/fajl_id\/26709\/tipus\/render\" target=\"_blank\" rel=\"noopener noreferrer\">split times<\/a>)<\/strong><\/li><\/ul>\n<ul>\n \t<li><a href=\"http:\/\/admin.mtfsz.hu\/fajl\/get\/fajl_id\/26725\/tipus\/render\" target=\"_blank\" rel=\"noopener noreferrer\"><strong>2.day<\/strong><\/a><strong> (<a href=\"http:\/\/admin.mtfsz.hu\/fajl\/get\/fajl_id\/26726\/tipus\/render\" target=\"_blank\" rel=\"noopener noreferrer\">split times<\/a>)<\/strong><\/li><\/ul>\n<ul>\n \t<li><a href=\"http:\/\/admin.mtfsz.hu\/fajl\/get\/fajl_id\/26727\/tipus\/render\" target=\"_blank\" rel=\"noopener noreferrer\"><strong>Overall results<\/strong><\/a><\/li><\/ul><\/li><\/ul>\n\n\n\n<p><strong id=\"wmoc\"> WORLD MASTERS<br>\nORIENTEERING CHAMPIONSHIPS<br> &amp; WMOC Tour <\/strong><br> 7-13 August 2021.,&nbsp;Velence, Sz\u00e9kesfeh\u00e9rv\u00e1r, Cs\u00e1kv\u00e1r <br><\/p>\n\n\n\n<ul><li><strong><a rel=\"noreferrer noopener\" aria-label=\" (\u00faj f\u00fcl\u00f6n nyitja meg)\" href=\"https:\/\/wmoc2021.hu\/en\/\" target=\"_blank\">WMOC<\/a><\/strong><\/li>\n\n<li><span style=\"color: #000000;\"><strong>WMOC Tour<\/strong><\/span> \n<ul><li><strong><a href=\"http:\/\/admin.mtfsz.hu\/fajl\/get\/fajl_id\/25859\/tipus\/render\">Bulletin<\/a><\/strong><\/li>\n\n<li><span style=\"color: #000000;\"><strong>Startlists<\/strong><\/span> \n<ul>\n<li><strong><a rel=\"noreferrer noopener\" aria-label=\" (\u00faj f\u00fcl\u00f6n nyitja meg)\" href=\"http:\/\/admin.mtfsz.hu\/fajl\/get\/fajl_id\/25864\/tipus\/render\" target=\"_blank\">1. day<\/a><\/strong>, \n<strong><a rel=\"noreferrer noopener\" aria-label=\" (\u00faj f\u00fcl\u00f6n nyitja meg)\" href=\"http:\/\/admin.mtfsz.hu\/fajl\/get\/fajl_id\/25865\/tipus\/render\" target=\"_blank\">2. day<\/a><\/strong>, \n<strong><a rel=\"noreferrer noopener\" aria-label=\" (\u00faj f\u00fcl\u00f6n nyitja meg)\" href=\"http:\/\/admin.mtfsz.hu\/fajl\/get\/fajl_id\/25866\/tipus\/render\" target=\"_blank\">3. day<\/a><\/strong>, \n<strong><a rel=\"noreferrer noopener\" aria-label=\" (\u00faj f\u00fcl\u00f6n nyitja meg)\" href=\"http:\/\/admin.mtfsz.hu\/fajl\/get\/fajl_id\/25867\/tipus\/render\" target=\"_blank\">4. day<\/a><\/strong>, \n<strong><a rel=\"noreferrer noopener\" aria-label=\" (\u00faj f\u00fcl\u00f6n nyitja meg)\" href=\"http:\/\/admin.mtfsz.hu\/fajl\/get\/fajl_id\/25868\/tipus\/render\" target=\"_blank\">5. day<\/a><\/strong>\n<\/li><\/ul><\/li><\/ul>\n\n<ul><li><strong>Results<\/strong>\n<ul><li><a href=\"http:\/\/admin.mtfsz.hu\/fajl\/get\/fajl_id\/25893\/tipus\/render\" target=\"_blank\" rel=\"noopener noreferrer\"><strong>1.day<\/strong><\/a>, \n<a href=\"http:\/\/admin.mtfsz.hu\/fajl\/get\/fajl_id\/25895\/tipus\/render\" target=\"_blank\" rel=\"noopener noreferrer\"><strong>2.day<\/strong><\/a>, \n<a href=\"http:\/\/admin.mtfsz.hu\/fajl\/get\/fajl_id\/25906\/tipus\/render\" target=\"_blank\" rel=\"noopener noreferrer\"><strong>3.day<\/strong><\/a>, \n<a href=\"http:\/\/admin.mtfsz.hu\/fajl\/get\/fajl_id\/25914\/tipus\/render\" target=\"_blank\" rel=\"noopener noreferrer\"><strong>4.day<\/strong><\/a>, \n<a href=\"http:\/\/admin.mtfsz.hu\/fajl\/get\/fajl_id\/25923\/tipus\/render\" target=\"_blank\" rel=\"noopener noreferrer\"><strong>5.day<\/strong><\/a>\n<\/li><\/ul>\n<ul><li><a href=\"http:\/\/admin.mtfsz.hu\/fajl\/get\/fajl_id\/25925\/tipus\/render\" target=\"_blank\" rel=\"noopener noreferrer\"><strong>Overall results<\/strong><\/a><\/li><\/ul>\n<\/li><\/ul>\n\n\n<p><!-- \/wp:list --><\/p>","protected":false},"excerpt":{"rendered":"<p>69th Autumn Spartacus Cup 6-7 November 2021., G\u00e1nt WORLD MASTERS ORIENTEERING CHAMPIONSHIPS &amp; WMOC Tour 7-13 August 2021.,&nbsp;Velence, Sz\u00e9kesfeh\u00e9rv\u00e1r, Cs\u00e1kv\u00e1r 69TH AUTUMN SPARTACUS CUP 2021. 11. 06-07., G\u00e1nt Invitation Bulletin Startlists 1. day 2. day Every day by category Every day by club Results 1.day (split times) 2.day (split times) Overall results WORLD MASTERS ORIENTEERING &hellip; <a href=\"https:\/\/www.tabanispartacus.hu\/tajfuto\/wordpress\/?page_id=5945\" class=\"more-link\"><span class=\"screen-reader-text\">Competitions 2021<\/span> olvas\u00e1s\u00e1nak folytat\u00e1sa <span class=\"meta-nav\">&rarr;<\/span><\/a><\/p>\n","protected":false},"author":1,"featured_media":0,"parent":0,"menu_order":0,"comment_status":"closed","ping_status":"closed","template":"","meta":{"ngg_post_thumbnail":0},"_links":{"self":[{"href":"https:\/\/www.tabanispartacus.hu\/tajfuto\/wordpress\/index.php?rest_route=\/wp\/v2\/pages\/5945"}],"collection":[{"href":"https:\/\/www.tabanispartacus.hu\/tajfuto\/wordpress\/index.php?rest_route=\/wp\/v2\/pages"}],"about":[{"href":"https:\/\/www.tabanispartacus.hu\/tajfuto\/wordpress\/index.php?rest_route=\/wp\/v2\/types\/page"}],"author":[{"embeddable":true,"href":"https:\/\/www.tabanispartacus.hu\/tajfuto\/wordpress\/index.php?rest_route=\/wp\/v2\/users\/1"}],"replies":[{"embeddable":true,"href":"https:\/\/www.tabanispartacus.hu\/tajfuto\/wordpress\/index.php?rest_route=%2Fwp%2Fv2%2Fcomments&post=5945"}],"version-history":[{"count":14,"href":"https:\/\/www.tabanispartacus.hu\/tajfuto\/wordpress\/index.php?rest_route=\/wp\/v2\/pages\/5945\/revisions"}],"predecessor-version":[{"id":6019,"href":"https:\/\/www.tabanispartacus.hu\/tajfuto\/wordpress\/index.php?rest_route=\/wp\/v2\/pages\/5945\/revisions\/6019"}],"wp:attachment":[{"href":"https:\/\/www.tabanispartacus.hu\/tajfuto\/wordpress\/index.php?rest_route=%2Fwp%2Fv2%2Fmedia&parent=5945"}],"curies":[{"name":"wp","href":"https:\/\/api.w.org\/{rel}","templated":true}]}}