{"id":5903,"date":"2021-11-02T17:04:57","date_gmt":"2021-11-02T16:04:57","guid":{"rendered":"http:\/\/www.tabanispartacus.hu\/tajfuto\/wordpress\/?page_id=5903"},"modified":"2022-12-13T14:23:51","modified_gmt":"2022-12-13T13:23:51","slug":"velunk-tortent-2021-ben","status":"publish","type":"page","link":"https:\/\/www.tabanispartacus.hu\/tajfuto\/wordpress\/?page_id=5903","title":{"rendered":"Vel\u00fcnk t\u00f6rt\u00e9nt 2021-ben"},"content":{"rendered":"\n<table class=\"wp-block-table\"><tbody>\n<tr><td>Egyes\u00fcleti \u00e9v\u00f6sszegz\u00e9s 2021.<\/td>\n<td><b>Gyalog T\u00f3dor<\/b><\/td>\n<td><strong><a href=\"\/tajfuto\/wordpress\/wp-content\/uploads\/2022\/01\/1-2021_SPA_OB-vilagvers_eredmenyek_211214_j.docx\" target=\"_blank\" rel=\"noreferrer noopener\"><FONT SIZE=2>OB \u00e9s vil\u00e1gversenyek eredm\u00e9nyei<br><\/a>\n<a href=\"\/tajfuto\/wordpress\/?page_id=6375\" target=\"_blank\" rel=\"noreferrer noopener\">Bajnoki pontok, \u00e9rmek<br><\/FONT><\/a>\n<\/td><\/tr>\n<tr><td>\u00c9vz\u00e1r\u00f3 \u00e9s szakoszt\u00e1lygy\u0171l\u00e9s<br>2021.03.20.<br>online<\/td>\n<td>sok lelkes sparis<br>Gyalog T\u00f3dor<\/td>\n<td>\n<strong><a href=\"https:\/\/www.youtube.com\/watch?v=yXPDux4q1s4\" target=\"_blank\" rel=\"noreferrer noopener\" aria-label=\" (\u00faj f\u00fcl\u00f6n nyitja meg)\">SPA 2020 \u00e9vz\u00e1r\u00f3 vide\u00f3<br><\/a>\n<strong><a href=\"\/tajfuto\/wordpress\/?page_id=5747\" target=\"_blank\" rel=\"noreferrer noopener\">2020 \u00e9v\u00f6sszegz\u0151<\/a><\/td>\n<\/tr>\n<\/tbody><\/table>\n","protected":false},"excerpt":{"rendered":"<p>Egyes\u00fcleti \u00e9v\u00f6sszegz\u00e9s 2021. Gyalog T\u00f3dor OB \u00e9s vil\u00e1gversenyek eredm\u00e9nyei Bajnoki pontok, \u00e9rmek \u00c9vz\u00e1r\u00f3 \u00e9s szakoszt\u00e1lygy\u0171l\u00e9s2021.03.20.online sok lelkes sparisGyalog T\u00f3dor SPA 2020 \u00e9vz\u00e1r\u00f3 vide\u00f3 2020 \u00e9v\u00f6sszegz\u0151<\/p>\n","protected":false},"author":1,"featured_media":0,"parent":0,"menu_order":0,"comment_status":"closed","ping_status":"closed","template":"","meta":{"ngg_post_thumbnail":0},"_links":{"self":[{"href":"https:\/\/www.tabanispartacus.hu\/tajfuto\/wordpress\/index.php?rest_route=\/wp\/v2\/pages\/5903"}],"collection":[{"href":"https:\/\/www.tabanispartacus.hu\/tajfuto\/wordpress\/index.php?rest_route=\/wp\/v2\/pages"}],"about":[{"href":"https:\/\/www.tabanispartacus.hu\/tajfuto\/wordpress\/index.php?rest_route=\/wp\/v2\/types\/page"}],"author":[{"embeddable":true,"href":"https:\/\/www.tabanispartacus.hu\/tajfuto\/wordpress\/index.php?rest_route=\/wp\/v2\/users\/1"}],"replies":[{"embeddable":true,"href":"https:\/\/www.tabanispartacus.hu\/tajfuto\/wordpress\/index.php?rest_route=%2Fwp%2Fv2%2Fcomments&post=5903"}],"version-history":[{"count":20,"href":"https:\/\/www.tabanispartacus.hu\/tajfuto\/wordpress\/index.php?rest_route=\/wp\/v2\/pages\/5903\/revisions"}],"predecessor-version":[{"id":6842,"href":"https:\/\/www.tabanispartacus.hu\/tajfuto\/wordpress\/index.php?rest_route=\/wp\/v2\/pages\/5903\/revisions\/6842"}],"wp:attachment":[{"href":"https:\/\/www.tabanispartacus.hu\/tajfuto\/wordpress\/index.php?rest_route=%2Fwp%2Fv2%2Fmedia&parent=5903"}],"curies":[{"name":"wp","href":"https:\/\/api.w.org\/{rel}","templated":true}]}}