{"id":5812,"date":"2021-01-11T11:39:46","date_gmt":"2021-01-11T10:39:46","guid":{"rendered":"http:\/\/www.tabanispartacus.hu\/tajfuto\/wordpress\/?page_id=5812"},"modified":"2021-11-21T22:18:29","modified_gmt":"2021-11-21T21:18:29","slug":"versenyeink-2021-ben","status":"publish","type":"page","link":"https:\/\/www.tabanispartacus.hu\/tajfuto\/wordpress\/?page_id=5812","title":{"rendered":"Versenyeink 2021-ben"},"content":{"rendered":"<p><a href=\"http:\/\/www.tabanispartacus.hu\/tajfuto\/wordpress\/?page_id=5945\"><img loading=\"lazy\" src=\"http:\/\/www.tabanispartacus.hu\/tajfuto\/2016\/tavaszi\/Union-jack.jpg\" alt=\"\" width=\"80\" height=\"50\" align=\"right\"><\/a><\/p>\n\n\n<p><\/p>\n\n\n<table>\n<tbody>\n<tr>\n<td style=\"font-size: 75%;\"><strong><a href=\"#dobogokoi\">XXVI. Dobog\u00f3k\u0151i Hegyi Fut\u00f3verseny<\/a><\/strong><\/td>\n<td style=\"font-size: 75%;\">2021. 11. 20., E\u00f6tv\u00f6s L\u00f3r\u00e1nd Mened\u00e9kh\u00e1z <\/td>\n<\/tr>\n<tr>\n<td style=\"font-size: 75%;\"><strong><a href=\"#oszi\">69. \u0150szi Spartacus Kupa \u00e9s Egyetemi-F\u0151iskolai Orsz\u00e1gos Bajnoks\u00e1g <\/a><\/strong><\/td>\n<td style=\"font-size: 75%;\">2021. 11. 06-07., G\u00e1nt, \u00d6reg-t\u00f6lgyek<\/td>\n<\/tr>\n<tr>\n<td style=\"font-size: 75%;\"><strong><a href=\"#wod\">Budapest Kupa 28. fordul\u00f3 &#8211; T\u00e1jfut\u00e1s Vil\u00e1gnapja<\/a><\/strong><\/td>\n<td style=\"font-size: 75%;\">2021. 09. 14., Budapest, V\u00e1rosliget<\/td>\n<\/tr>\n<tr>\n<td style=\"font-size: 75%;\"><strong><a href=\"#wmoc\">Szenior Vil\u00e1gbajnoks\u00e1g \u00e9s WMOC Tour<\/a><\/strong><\/td>\n<td style=\"font-size: 75%;\">2021. 08. 7-13., Velence, Sz\u00e9kesfeh\u00e9rv\u00e1r, Cs\u00e1kv\u00e1r<\/td>\n<\/tr>\n<tr>\n<td style=\"font-size: 75%;\"><strong><a href=\"#3sz21\">Budapest Kupa 21. fordul\u00f3 Sch\u00f6nviszky Gy\u00f6rgy eml\u00e9k\u00e9re<\/a><\/strong><\/td>\n<td style=\"font-size: 75%;\">2021. 07. 21.,&nbsp;Gell\u00e9rt-hegy &#8211; V\u00edzt\u00e1roz\u00f3<\/td>\n<\/tr>\n<tr>\n<td style=\"font-size: 75%;\"><strong><a href=\"#3sz14\">Budapest Kupa 14. fordul\u00f3 Szentp\u00e9tery \u00c1kos eml\u00e9k\u00e9re<\/a><\/strong><\/td>\n<td style=\"font-size: 75%;\">2021. 05. 26.,&nbsp;Gell\u00e9rt-hegy<\/td>\n<\/tr>\n<tr>\n<td style=\"font-size: 75%;\"><strong><a href=\"#3sz7\">Budapest Kupa 7. fordul\u00f3 Krasznai Istv\u00e1n eml\u00e9k\u00e9re<\/a><\/strong><\/td>\n<td style=\"font-size: 75%;\">2021. 04. 7.,&nbsp;V\u00e9rmez\u0151<\/td>\n<\/tr>\n<\/tbody>\n<\/table>\n\n\n<p><strong id=\"dobogokoi\">26. Dobog\u00f3k\u0151i Hegyi Fut\u00f3verseny<\/strong><br>2021. 11. 20., E\u00f6tv\u00f6s L\u00f3r\u00e1nd Mened\u00e9kh\u00e1z <\/p>\n\n\n\n<ul><li><strong><a href=\"http:\/\/www.tabanispartacus.hu\/tajfuto\/wordpress\/wp-content\/uploads\/2021\/10\/Dobogokoi-2021-Ki\u00edr\u00e1s.pdf\">Ki\u00edr\u00e1s<\/a><\/strong><\/li><li><span style=\"color: #000000;\"><strong>\u00datvonalle\u00edr\u00e1sok<\/strong><\/span> <ul><li><strong><a href=\"http:\/\/www.tabanispartacus.hu\/tajfuto\/2016\/dobogokoi\/maratoni_utvonal_2016.pdf\">Maraton<\/a><\/strong><\/li><li><strong><a href=\"http:\/\/www.tabanispartacus.hu\/tajfuto\/2016\/dobogokoi\/felmaratoni_utvonal_2016.pdf\">F\u00e9lmaraton<\/a><\/strong><\/li><li><strong><a href=\"http:\/\/www.tabanispartacus.hu\/tajfuto\/2016\/dobogokoi\/kismaratoni_utvonal_2016.pdf\">Kismaraton<\/a><\/strong> <\/li><\/ul><\/li><li><strong>T\u00e9rk\u00e9pek<\/strong> <ul><li><strong><a href=\"http:\/\/www.tabanispartacus.hu\/tajfuto\/wordpress\/wp-content\/uploads\/2021\/11\/maraton.pdf\">Maraton<\/a><\/strong><\/li><li><strong><a href=\"http:\/\/www.tabanispartacus.hu\/tajfuto\/wordpress\/wp-content\/uploads\/2021\/11\/fel_maraton.pdf\">F\u00e9lmaraton<\/a><\/strong><\/li><li><strong><a href=\"http:\/\/www.tabanispartacus.hu\/tajfuto\/wordpress\/wp-content\/uploads\/2021\/11\/kis_maraton.pdf\">Kismaraton<\/a><\/strong><\/li><li><strong><a href=\"http:\/\/www.tabanispartacus.hu\/tajfuto\/wordpress\/wp-content\/uploads\/2021\/11\/mini_maraton.pdf\">Minimaraton<\/a><\/strong><\/li><li><strong><a href=\"http:\/\/www.tabanispartacus.hu\/tajfuto\/wordpress\/wp-content\/uploads\/2021\/11\/nehez_tura.pdf\">Neh\u00e9z teljes\u00edtm\u00e9nyt\u00fara<\/a><\/strong><\/li><li><strong><a href=\"http:\/\/www.tabanispartacus.hu\/tajfuto\/wordpress\/wp-content\/uploads\/2021\/11\/konnyu_tura.pdf\">K\u00f6nny\u0171 teljes\u00edtm\u00e9nyt\u00fara<\/a><\/strong> <\/li><\/ul><\/li><li><strong>Gps track-ek<\/strong> <ul><li><strong><a href=\"https:\/\/www.alltrails.com\/explore\/map\/dobogokoi-hegyifuto-verseny-maraton-dfbbdd2\">Maraton<\/a><\/strong><\/li><li><strong><a href=\"https:\/\/www.alltrails.com\/explore\/map\/dobogokoi-hegyifuto-verseny-felmaraton-af5d5ef\">F\u00e9lmaraton<\/a><\/strong><\/li><li><strong><a href=\"https:\/\/www.alltrails.com\/explore\/map\/dobogokoi-hegyifuto-verseny-kismaraton-c399862\">Kismaraton<\/a><\/strong><\/li><li><strong><a href=\"https:\/\/www.alltrails.com\/explore\/map\/dobogokoi-hegyifuto-verseny-minimaraton-6a80e30\"><del>(Minimaraton)<\/del> friss\u00edt\u00e9s alatt!<\/a><\/strong><\/li><\/ul>\n<li><strong>Eredm\u00e9nyek<\/strong><ul>\n<li><a href=\"http:\/\/admin.mtfsz.hu\/fajl\/get\/fajl_id\/26814\/tipus\/render\" target=\"_blank\" rel=\"noopener noreferrer\"><strong>Fut\u00f3k<\/strong><\/a><strong> (<a href=\"http:\/\/admin.mtfsz.hu\/fajl\/get\/fajl_id\/26815\/tipus\/render\" target=\"_blank\" rel=\"noopener noreferrer\">r\u00e9szid\u0151s<\/a>)<\/strong><\/li><\/ul>\n<ul>\n<li><a href=\"http:\/\/www.tabanispartacus.hu\/tajfuto\/wordpress\/wp-content\/uploads\/2021\/11\/dobogoko2021_tt_eredmeny.pdf\" target=\"_blank\" rel=\"noopener noreferrer\"><strong>Teljes\u00edtm\u00e9nyt\u00far\u00e1z\u00f3k<\/strong><\/a>\n<\/li><\/ul><\/li><\/ul>\n\n\n\n<p><strong id=\"oszi\"> 69. \u0150szi Spartacus Kupa \u00e9s Egyetemi-F\u0151iskolai Orsz\u00e1gos Bajnoks\u00e1g <\/strong><br> 2021. 11. 06-07., G\u00e1nt, \u00d6reg-t\u00f6lgyek <br><\/p>\n\n\n\n<ul>\n<li><span style=\"color: #000000;\"><strong>\u0150szi Spartacus Kupa<\/strong><\/span> \n<ul>\n<li><strong><a rel=\"noreferrer noopener\" aria-label=\" (\u00faj f\u00fcl\u00f6n nyitja meg)\" href=\"http:\/\/admin.mtfsz.hu\/fajl\/get\/fajl_id\/26493\/tipus\/render\" target=\"_blank\">Ki\u00edr\u00e1s<\/a><\/strong><\/li>\n<li><strong><a rel=\"noreferrer noopener\" aria-label=\" (\u00faj f\u00fcl\u00f6n nyitja meg)\" href=\"http:\/\/admin.mtfsz.hu\/fajl\/get\/fajl_id\/26653\/tipus\/render\" target=\"_blank\">\u00c9rtes\u00edt\u0151<\/a><\/strong><\/li>\n<\/ul>\n\n<ul>\n<li><span style=\"color: #000000;\"><strong>Rajtlist\u00e1k<\/strong><\/span> \n<ul>\n<li><strong><a rel=\"noreferrer noopener\" aria-label=\" (\u00faj f\u00fcl\u00f6n nyitja meg)\" href=\"http:\/\/admin.mtfsz.hu\/fajl\/get\/fajl_id\/26686\/tipus\/render\" target=\"_blank\">1. nap<\/a><\/strong><\/li>\n<li><strong><a rel=\"noreferrer noopener\" aria-label=\" (\u00faj f\u00fcl\u00f6n nyitja meg)\" href=\"http:\/\/admin.mtfsz.hu\/fajl\/get\/fajl_id\/26687\/tipus\/render\" target=\"_blank\">2. nap<\/a><\/strong><\/li>\n<li><strong><a rel=\"noreferrer noopener\" aria-label=\" (\u00faj f\u00fcl\u00f6n nyitja meg)\" href=\"http:\/\/admin.mtfsz.hu\/fajl\/get\/fajl_id\/26688\/tipus\/render\" target=\"_blank\">Kateg\u00f3ri\u00e1nk\u00e9nt mindk\u00e9t nap<\/a><\/strong><\/li>\n<li><strong><a rel=\"noreferrer noopener\" aria-label=\" (\u00faj f\u00fcl\u00f6n nyitja meg)\" href=\"http:\/\/admin.mtfsz.hu\/fajl\/get\/fajl_id\/26689\/tipus\/render\" target=\"_blank\">Klubonk\u00e9nt mindk\u00e9t nap<\/a><\/strong><\/li>\n<\/ul>\n<\/li><\/ul>\n\n \t<ul><li><strong>Eredm\u00e9nyek<\/strong>\n<ul>\n \t<li><a href=\"http:\/\/admin.mtfsz.hu\/fajl\/get\/fajl_id\/26708\/tipus\/render\" target=\"_blank\" rel=\"noopener noreferrer\"><strong>1.nap<\/strong><\/a><strong> (<a href=\"http:\/\/admin.mtfsz.hu\/fajl\/get\/fajl_id\/26709\/tipus\/render\" target=\"_blank\" rel=\"noopener noreferrer\">r\u00e9szid\u0151s<\/a>)<\/strong><\/li><\/ul>\n<ul>\n \t<li><a href=\"http:\/\/admin.mtfsz.hu\/fajl\/get\/fajl_id\/26725\/tipus\/render\" target=\"_blank\" rel=\"noopener noreferrer\"><strong>2.nap<\/strong><\/a><strong> (<a href=\"http:\/\/admin.mtfsz.hu\/fajl\/get\/fajl_id\/26726\/tipus\/render\" target=\"_blank\" rel=\"noopener noreferrer\">r\u00e9szid\u0151s<\/a>)<\/strong><\/li><\/ul>\n<ul>\n \t<li><a href=\"http:\/\/admin.mtfsz.hu\/fajl\/get\/fajl_id\/26727\/tipus\/render\" target=\"_blank\" rel=\"noopener noreferrer\"><strong>\u00f6sszetett<\/strong><\/a><\/li><\/ul>\n<\/li><\/ul><\/li><\/ul>\n\n<ul>\n<li><span style=\"color: #000000;\"><strong>MEFOB<\/strong><\/span>\n<ul>\n<li><strong><a rel=\"noreferrer noopener\" aria-label=\" (\u00faj f\u00fcl\u00f6n nyitja meg)\" href=\"http:\/\/admin.mtfsz.hu\/fajl\/get\/fajl_id\/26542\/tipus\/render\" target=\"_blank\">Ki\u00edr\u00e1s<\/a><\/strong><\/li>\n<li><strong><a rel=\"noreferrer noopener\" aria-label=\" (\u00faj f\u00fcl\u00f6n nyitja meg)\" href=\"http:\/\/admin.mtfsz.hu\/fajl\/get\/fajl_id\/26690\/tipus\/render\" target=\"_blank\">Egy\u00e9ni rajtlista kateg\u00f3ri\u00e1nk\u00e9nt<\/a><\/strong><\/li>\n<li><strong><a rel=\"noreferrer noopener\" aria-label=\" (\u00faj f\u00fcl\u00f6n nyitja meg)\" href=\"http:\/\/admin.mtfsz.hu\/fajl\/get\/fajl_id\/26691\/tipus\/render\" target=\"_blank\">Egy\u00e9ni rajtlista int\u00e9zm\u00e9nyenk\u00e9nt<\/a><\/strong><\/li>\n<li><strong><a rel=\"noreferrer noopener\" aria-label=\" (\u00faj f\u00fcl\u00f6n nyitja meg)\" href=\"http:\/\/admin.mtfsz.hu\/fajl\/get\/fajl_id\/26692\/tipus\/render\" target=\"_blank\">Csapatverseny rajtlista<\/a><\/strong><\/li>\n<\/ul>\n\n<ul><li><strong>Eredm\u00e9nyek<\/strong>\n<ul>\n \t<li><a href=\"http:\/\/admin.mtfsz.hu\/fajl\/get\/fajl_id\/26712\/tipus\/render\" target=\"_blank\" rel=\"noopener noreferrer\"><strong>1.nap egy\u00e9ni<\/strong><\/a><\/li><\/ul>\n<ul>\n \t<li><a href=\"http:\/\/admin.mtfsz.hu\/fajl\/get\/fajl_id\/26728\/tipus\/render\" target=\"_blank\" rel=\"noopener noreferrer\"><strong>2.nap csapat<\/strong><\/a><strong> (<a href=\"http:\/\/admin.mtfsz.hu\/fajl\/get\/fajl_id\/26729\/tipus\/render\" target=\"_blank\" rel=\"noopener noreferrer\">r\u00e9szid\u0151s<\/a>)<\/strong><\/li><\/ul>\n<\/li><\/ul><\/li><\/ul>\n\n\n\n<p><strong id=\"wod\"> Budapest Kupa 28. fordul\u00f3 &#8211; T\u00e1jfut\u00e1s Vil\u00e1gnapja <\/strong><br> 2021. 09. 14., Budapest, V\u00e1rosliget <br><\/p>\n\n\n\n<ul><li><strong><a rel=\"noreferrer noopener\" aria-label=\" (\u00faj f\u00fcl\u00f6n nyitja meg)\" href=\"http:\/\/admin.mtfsz.hu\/fajl\/get\/fajl_id\/26200\/tipus\/render\" target=\"_blank\">Ki\u00edr\u00e1s<\/a><\/strong><\/li><li><span style=\"color: #000000;\"><strong>Eredm\u00e9nyek<\/strong><\/span> \n<ul><li><strong><a href=\"http:\/\/admin.mtfsz.hu\/fajl\/get\/fajl_id\/26267\/tipus\/render\">Hossz\u00fa r\u00e9szid\u0151s<\/a><\/strong><\/li>\n<li><strong><a href=\"http:\/\/admin.mtfsz.hu\/fajl\/get\/fajl_id\/26268\/tipus\/render\">K\u00f6zepes r\u00e9szid\u0151s<\/a><\/strong><\/li>\n<li><strong><a href=\"http:\/\/admin.mtfsz.hu\/fajl\/get\/fajl_id\/26269\/tipus\/render\">R\u00f6vid r\u00e9szid\u0151s<\/a><\/strong> <\/li>\n<li><strong><a href=\"http:\/\/admin.mtfsz.hu\/fajl\/get\/fajl_id\/26270\/tipus\/render\">Tr\u00fckk\u00f6s  r\u00e9szid\u0151s<\/a><\/strong> <\/li>\n<\/ul><\/li><\/ul>\n\n\n\n<p><strong id=\"wmoc\"> Szenior Vil\u00e1gbajnoks\u00e1g \u00e9s WMOC Tour <\/strong><br> 2021. 08. 7-13., Velence, Sz\u00e9kesfeh\u00e9rv\u00e1r, Cs\u00e1kv\u00e1r <br><\/p>\n\n\n\n<ul><li><strong><a rel=\"noreferrer noopener\" aria-label=\" (\u00faj f\u00fcl\u00f6n nyitja meg)\" href=\"http:\/\/adatbank.mtfsz.hu\/esemeny\/show\/esemeny_id\/7517\" target=\"_blank\">Szenior Vil\u00e1gbajnoks\u00e1g<\/a><\/strong> <\/li><li><strong><a rel=\"noreferrer noopener\" aria-label=\" (\u00faj f\u00fcl\u00f6n nyitja meg)\" href=\"http:\/\/adatbank.mtfsz.hu\/esemeny\/show\/esemeny_id\/7672\" target=\"_blank\">WMOC Tour<\/a><\/strong><\/li><\/ul>\n\n\n\n<p><strong id=\"3sz21\"> Budapest Kupa 21. fordul\u00f3 Sch\u00f6nviszky Gy\u00f6rgy eml\u00e9k\u00e9re <\/strong><br> 2021. 07. 21.,&nbsp;Gell\u00e9rt-hegy &#8211; V\u00edzt\u00e1roz\u00f3 <br><\/p>\n\n\n\n<ul><li><strong><a rel=\"noreferrer noopener\" aria-label=\" (\u00faj f\u00fcl\u00f6n nyitja meg)\" href=\"http:\/\/admin.mtfsz.hu\/fajl\/get\/fajl_id\/25799\/tipus\/render\" target=\"_blank\">Ki\u00edr\u00e1s<\/a><\/strong><\/li><li><span style=\"color: #000000;\"><strong>Eredm\u00e9nyek<\/strong><\/span> \n<ul><li><a href=\"http:\/\/admin.mtfsz.hu\/fajl\/get\/fajl_id\/25822\/tipus\/render\" target=\"_blank\" rel=\"noopener noreferrer\"><strong>Hossz\u00fa<\/strong><\/a><strong> (<a href=\"http:\/\/admin.mtfsz.hu\/fajl\/get\/fajl_id\/25826\/tipus\/render\" target=\"_blank\" rel=\"noopener noreferrer\">r\u00e9szid\u0151s<\/a>)<\/strong><\/li>\n<li><strong><a href=\"http:\/\/admin.mtfsz.hu\/fajl\/get\/fajl_id\/25823\/tipus\/render\">K\u00f6zepes<\/a><\/strong><strong> (<a href=\"http:\/\/admin.mtfsz.hu\/fajl\/get\/fajl_id\/25827\/tipus\/render\" target=\"_blank\" rel=\"noopener noreferrer\">r\u00e9szid\u0151s<\/a>)<\/strong><\/li>\n<li><strong><a href=\"http:\/\/admin.mtfsz.hu\/fajl\/get\/fajl_id\/25824\/tipus\/render\">R\u00f6vid<\/a><\/strong><strong> (<a href=\"http:\/\/admin.mtfsz.hu\/fajl\/get\/fajl_id\/25828\/tipus\/render\" target=\"_blank\" rel=\"noopener noreferrer\">r\u00e9szid\u0151s<\/a>)<\/strong> <\/li>\n<li><strong><a href=\"http:\/\/admin.mtfsz.hu\/fajl\/get\/fajl_id\/25825\/tipus\/render\">Tr\u00fckk\u00f6s<\/a><\/strong><strong> (<a href=\"http:\/\/admin.mtfsz.hu\/fajl\/get\/fajl_id\/25829\/tipus\/render\" target=\"_blank\" rel=\"noopener noreferrer\">r\u00e9szid\u0151s<\/a>)<\/strong> <\/li>\n<\/ul><\/li><\/ul>\n\n\n\n<p><strong id=\"3sz14\"> Budapest Kupa 14. fordul\u00f3 Szentp\u00e9tery \u00c1kos eml\u00e9k\u00e9re <\/strong><br> 2021. 05. 26.,&nbsp;Gell\u00e9rt-hegy <br><\/p>\n\n\n\n<ul><li><strong><a rel=\"noreferrer noopener\" aria-label=\" (\u00faj f\u00fcl\u00f6n nyitja meg)\" href=\"http:\/\/admin.mtfsz.hu\/fajl\/get\/fajl_id\/25329\/tipus\/render\" target=\"_blank\">Ki\u00edr\u00e1s<\/a><\/strong><\/li><li><span style=\"color: #000000;\"><strong>Eredm\u00e9nyek<\/strong><\/span> \n<ul><li><strong><a href=\"http:\/\/admin.mtfsz.hu\/fajl\/get\/fajl_id\/25411\/tipus\/render\">Hossz\u00fa r\u00e9szid\u0151s<\/a><\/strong><\/li>\n<li><strong><a href=\"http:\/\/admin.mtfsz.hu\/fajl\/get\/fajl_id\/25412\/tipus\/render\">K\u00f6zepes r\u00e9szid\u0151s<\/a><\/strong><\/li>\n<li><strong><a href=\"http:\/\/admin.mtfsz.hu\/fajl\/get\/fajl_id\/25413\/tipus\/render\">R\u00f6vid r\u00e9szid\u0151s<\/a><\/strong> <\/li>\n<li><strong><a href=\"http:\/\/admin.mtfsz.hu\/fajl\/get\/fajl_id\/25414\/tipus\/render\">Tr\u00fckk\u00f6s  r\u00e9szid\u0151s<\/a><\/strong> <\/li>\n<\/ul><\/li><\/ul>\n\n\n\n<p><strong id=\"3sz7\"> Budapest Kupa 7. fordul\u00f3 Krasznai Istv\u00e1n eml\u00e9k\u00e9re <\/strong><br> 2021. 04. 7.,&nbsp;V\u00e9rmez\u0151 <br><\/p>\n\n\n\n<ul><li><strong><a rel=\"noreferrer noopener\" aria-label=\" (\u00faj f\u00fcl\u00f6n nyitja meg)\" href=\"http:\/\/admin.mtfsz.hu\/fajl\/get\/fajl_id\/24938\/tipus\/render\" target=\"_blank\">Ki\u00edr\u00e1s<\/a><\/strong><\/li><li><span style=\"color: #000000;\"><strong>Eredm\u00e9nyek<\/strong><\/span> \n<ul><li><strong><a href=\"http:\/\/admin.mtfsz.hu\/fajl\/get\/fajl_id\/24958\/tipus\/render\">Hossz\u00fa r\u00e9szid\u0151s<\/a><\/strong><\/li>\n<li><strong><a href=\"http:\/\/admin.mtfsz.hu\/fajl\/get\/fajl_id\/24959\/tipus\/render\">K\u00f6zepes r\u00e9szid\u0151s<\/a><\/strong><\/li>\n<li><strong><a href=\"http:\/\/admin.mtfsz.hu\/fajl\/get\/fajl_id\/24960\/tipus\/render\">R\u00f6vid r\u00e9szid\u0151s<\/a><\/strong> <\/li>\n<li><strong><a href=\"http:\/\/admin.mtfsz.hu\/fajl\/get\/fajl_id\/24961\/tipus\/render\">Tr\u00fckk\u00f6s (csak r\u00e9szid\u0151k)<\/a><\/strong> <\/li>\n<li><strong><a href=\"http:\/\/admin.mtfsz.hu\/fajl\/get\/fajl_id\/24963\/tipus\/render\">Tr\u00fckk\u00f6s p\u00e1lya pontsz\u00e1m alapj\u00e1n<\/a><\/strong> <\/li>\n<\/ul><\/li><li><strong><a rel=\"noreferrer noopener\" aria-label=\" (\u00faj f\u00fcl\u00f6n nyitja meg)\" href=\"http:\/\/admin.mtfsz.hu\/fajl\/get\/fajl_id\/24969\/tipus\/render\" target=\"_blank\">\u00d6sszpontos t\u00e9rk\u00e9p<\/a><\/strong><\/li><\/ul>\n","protected":false},"excerpt":{"rendered":"<p>XXVI. Dobog\u00f3k\u0151i Hegyi Fut\u00f3verseny 2021. 11. 20., E\u00f6tv\u00f6s L\u00f3r\u00e1nd Mened\u00e9kh\u00e1z 69. \u0150szi Spartacus Kupa \u00e9s Egyetemi-F\u0151iskolai Orsz\u00e1gos Bajnoks\u00e1g 2021. 11. 06-07., G\u00e1nt, \u00d6reg-t\u00f6lgyek Budapest Kupa 28. fordul\u00f3 &#8211; T\u00e1jfut\u00e1s Vil\u00e1gnapja 2021. 09. 14., Budapest, V\u00e1rosliget Szenior Vil\u00e1gbajnoks\u00e1g \u00e9s WMOC Tour 2021. 08. 7-13., Velence, Sz\u00e9kesfeh\u00e9rv\u00e1r, Cs\u00e1kv\u00e1r Budapest Kupa 21. fordul\u00f3 Sch\u00f6nviszky Gy\u00f6rgy eml\u00e9k\u00e9re 2021. 07. &hellip; <a href=\"https:\/\/www.tabanispartacus.hu\/tajfuto\/wordpress\/?page_id=5812\" class=\"more-link\"><span class=\"screen-reader-text\">Versenyeink 2021-ben<\/span> olvas\u00e1s\u00e1nak folytat\u00e1sa <span class=\"meta-nav\">&rarr;<\/span><\/a><\/p>\n","protected":false},"author":1,"featured_media":0,"parent":0,"menu_order":0,"comment_status":"closed","ping_status":"closed","template":"","meta":{"ngg_post_thumbnail":0},"_links":{"self":[{"href":"https:\/\/www.tabanispartacus.hu\/tajfuto\/wordpress\/index.php?rest_route=\/wp\/v2\/pages\/5812"}],"collection":[{"href":"https:\/\/www.tabanispartacus.hu\/tajfuto\/wordpress\/index.php?rest_route=\/wp\/v2\/pages"}],"about":[{"href":"https:\/\/www.tabanispartacus.hu\/tajfuto\/wordpress\/index.php?rest_route=\/wp\/v2\/types\/page"}],"author":[{"embeddable":true,"href":"https:\/\/www.tabanispartacus.hu\/tajfuto\/wordpress\/index.php?rest_route=\/wp\/v2\/users\/1"}],"replies":[{"embeddable":true,"href":"https:\/\/www.tabanispartacus.hu\/tajfuto\/wordpress\/index.php?rest_route=%2Fwp%2Fv2%2Fcomments&post=5812"}],"version-history":[{"count":40,"href":"https:\/\/www.tabanispartacus.hu\/tajfuto\/wordpress\/index.php?rest_route=\/wp\/v2\/pages\/5812\/revisions"}],"predecessor-version":[{"id":6108,"href":"https:\/\/www.tabanispartacus.hu\/tajfuto\/wordpress\/index.php?rest_route=\/wp\/v2\/pages\/5812\/revisions\/6108"}],"wp:attachment":[{"href":"https:\/\/www.tabanispartacus.hu\/tajfuto\/wordpress\/index.php?rest_route=%2Fwp%2Fv2%2Fmedia&parent=5812"}],"curies":[{"name":"wp","href":"https:\/\/api.w.org\/{rel}","templated":true}]}}