{"id":5747,"date":"2020-11-25T00:01:44","date_gmt":"2020-11-24T23:01:44","guid":{"rendered":"http:\/\/www.tabanispartacus.hu\/tajfuto\/wordpress\/?page_id=5747"},"modified":"2021-11-06T19:22:42","modified_gmt":"2021-11-06T18:22:42","slug":"2020-evosszegzo","status":"publish","type":"page","link":"https:\/\/www.tabanispartacus.hu\/tajfuto\/wordpress\/?page_id=5747","title":{"rendered":"2020 \u00e9v\u00f6sszegz\u0151"},"content":{"rendered":"\n<p><strong><a href=\"http:\/\/www.tabanispartacus.hu\/tajfuto\/wordpress\/wp-content\/uploads\/2021\/01\/szakmai-\u00f6sszes\u00edt\u0151kr\u0151l_jav.pdf\">Szakmai \u00f6sszes\u00edt\u0151<br><\/a><a href=\"http:\/\/www.tabanispartacus.hu\/tajfuto\/wordpress\/wp-content\/uploads\/2021\/01\/2020Bajnoki_pontverseny_201207_jav.xls\">Bajnoki pontverseny<br><\/a><a href=\"http:\/\/www.tabanispartacus.hu\/tajfuto\/wordpress\/wp-content\/uploads\/2021\/01\/1-2020_bajnoki-pontszerz\u0151ink_jav.xlsx\">Bajnoki pontszerz\u0151ink<br><\/a><a href=\"http:\/\/www.tabanispartacus.hu\/tajfuto\/wordpress\/wp-content\/uploads\/2020\/11\/2-2020_\u00e9rmesek-t\u00e1bl\u00e1zata.xls\">\u00c9rmeseink<br><\/a><a href=\"http:\/\/www.tabanispartacus.hu\/tajfuto\/wordpress\/wp-content\/uploads\/2020\/11\/3-2020_\u00e9rmesek_szeniorok.xls\">\u00c9rmeseink \u00e9s szenior \u00e9rmeseink<\/a><br><a href=\"http:\/\/www.tabanispartacus.hu\/tajfuto\/wordpress\/wp-content\/uploads\/2020\/11\/2020_SPA_OB-vil\u00e1gvers_eredm\u00e9nyek_201207.pdf\">Orsz\u00e1gos Bajnoks\u00e1gokon \u00e9s vil\u00e1gversenyeken el\u00e9rt\neredm\u00e9nyek<\/a><\/strong><br><strong>Szenior Egyes\u00fcleti Bajnoki Pontversenyben a Spari id\u00e9n a 4. helyen v\u00e9gzett, ami az eddigi valaha volt legjobb helyez\u00e9se az egyes\u00fcletnek.<\/strong><\/p>\n","protected":false},"excerpt":{"rendered":"<p>Szakmai \u00f6sszes\u00edt\u0151Bajnoki pontversenyBajnoki pontszerz\u0151ink\u00c9rmeseink\u00c9rmeseink \u00e9s szenior \u00e9rmeseinkOrsz\u00e1gos Bajnoks\u00e1gokon \u00e9s vil\u00e1gversenyeken el\u00e9rt eredm\u00e9nyekSzenior Egyes\u00fcleti Bajnoki Pontversenyben a Spari id\u00e9n a 4. helyen v\u00e9gzett, ami az eddigi valaha volt legjobb helyez\u00e9se az egyes\u00fcletnek.<\/p>\n","protected":false},"author":1,"featured_media":0,"parent":0,"menu_order":0,"comment_status":"closed","ping_status":"closed","template":"","meta":{"ngg_post_thumbnail":0},"_links":{"self":[{"href":"https:\/\/www.tabanispartacus.hu\/tajfuto\/wordpress\/index.php?rest_route=\/wp\/v2\/pages\/5747"}],"collection":[{"href":"https:\/\/www.tabanispartacus.hu\/tajfuto\/wordpress\/index.php?rest_route=\/wp\/v2\/pages"}],"about":[{"href":"https:\/\/www.tabanispartacus.hu\/tajfuto\/wordpress\/index.php?rest_route=\/wp\/v2\/types\/page"}],"author":[{"embeddable":true,"href":"https:\/\/www.tabanispartacus.hu\/tajfuto\/wordpress\/index.php?rest_route=\/wp\/v2\/users\/1"}],"replies":[{"embeddable":true,"href":"https:\/\/www.tabanispartacus.hu\/tajfuto\/wordpress\/index.php?rest_route=%2Fwp%2Fv2%2Fcomments&post=5747"}],"version-history":[{"count":7,"href":"https:\/\/www.tabanispartacus.hu\/tajfuto\/wordpress\/index.php?rest_route=\/wp\/v2\/pages\/5747\/revisions"}],"predecessor-version":[{"id":5963,"href":"https:\/\/www.tabanispartacus.hu\/tajfuto\/wordpress\/index.php?rest_route=\/wp\/v2\/pages\/5747\/revisions\/5963"}],"wp:attachment":[{"href":"https:\/\/www.tabanispartacus.hu\/tajfuto\/wordpress\/index.php?rest_route=%2Fwp%2Fv2%2Fmedia&parent=5747"}],"curies":[{"name":"wp","href":"https:\/\/api.w.org\/{rel}","templated":true}]}}