{"id":5628,"date":"2020-08-19T17:16:25","date_gmt":"2020-08-19T15:16:25","guid":{"rendered":"http:\/\/www.tabanispartacus.hu\/tajfuto\/wordpress\/?page_id=5628"},"modified":"2020-08-19T17:22:56","modified_gmt":"2020-08-19T15:22:56","slug":"nyari-spartacus-kupa-%ef%bb%bferedmenyek","status":"publish","type":"page","link":"https:\/\/www.tabanispartacus.hu\/tajfuto\/wordpress\/?page_id=5628","title":{"rendered":"Ny\u00e1ri Spartacus Kupa \ufefferedm\u00e9nyek"},"content":{"rendered":"\n<p><strong><a href=\"http:\/\/www.tabanispartacus.hu\/tajfuto\/wordpress\/wp-content\/uploads\/2020\/08\/23645_nyspari20_osszetett_eredmeny.html\">\u00d6sszetett eredm\u00e9nyek<\/a> (Total)<\/strong><\/p>\n\n\n\n<p><strong><a href=\"http:\/\/www.tabanispartacus.hu\/tajfuto\/wordpress\/wp-content\/uploads\/2020\/08\/23641_nyspar20_1nap_eredmeny.html\">1. napi eredm\u00e9nyek<\/a> (Day 1.)<a href=\"http:\/\/www.tabanispartacus.hu\/tajfuto\/wordpress\/wp-content\/uploads\/2020\/08\/23641_nyspar20_1nap_eredmeny.html\"><br><\/a><a href=\"http:\/\/www.tabanispartacus.hu\/tajfuto\/wordpress\/wp-content\/uploads\/2020\/08\/23642_nyspari20_1nap_si_eredmeny.html\">1. napi r\u00e9szid\u0151s eredm\u00e9nyek<\/a> (Day 1. SI)<\/strong><\/p>\n\n\n\n<p><strong><a href=\"http:\/\/www.tabanispartacus.hu\/tajfuto\/wordpress\/wp-content\/uploads\/2020\/08\/23644_nyspar20_2nap_eredmeny.html\"> 2. napi eredm\u00e9nyek <\/a>(Day 2.)<a href=\"http:\/\/www.tabanispartacus.hu\/tajfuto\/wordpress\/wp-content\/uploads\/2020\/08\/23644_nyspar20_2nap_eredmeny.html\"><br><\/a><a href=\"http:\/\/www.tabanispartacus.hu\/tajfuto\/wordpress\/wp-content\/uploads\/2020\/08\/23646_nyspari20_2nap_si_eredmeny.html\">2. napi r\u00e9szid\u0151s eredm\u00e9nyek<\/a>  (Day 2. SI)<\/strong><\/p>\n","protected":false},"excerpt":{"rendered":"<p>\u00d6sszetett eredm\u00e9nyek (Total) 1. napi eredm\u00e9nyek (Day 1.)1. napi r\u00e9szid\u0151s eredm\u00e9nyek (Day 1. SI) 2. napi eredm\u00e9nyek (Day 2.)2. napi r\u00e9szid\u0151s eredm\u00e9nyek (Day 2. SI)<\/p>\n","protected":false},"author":1,"featured_media":0,"parent":0,"menu_order":0,"comment_status":"closed","ping_status":"closed","template":"","meta":{"ngg_post_thumbnail":0},"_links":{"self":[{"href":"https:\/\/www.tabanispartacus.hu\/tajfuto\/wordpress\/index.php?rest_route=\/wp\/v2\/pages\/5628"}],"collection":[{"href":"https:\/\/www.tabanispartacus.hu\/tajfuto\/wordpress\/index.php?rest_route=\/wp\/v2\/pages"}],"about":[{"href":"https:\/\/www.tabanispartacus.hu\/tajfuto\/wordpress\/index.php?rest_route=\/wp\/v2\/types\/page"}],"author":[{"embeddable":true,"href":"https:\/\/www.tabanispartacus.hu\/tajfuto\/wordpress\/index.php?rest_route=\/wp\/v2\/users\/1"}],"replies":[{"embeddable":true,"href":"https:\/\/www.tabanispartacus.hu\/tajfuto\/wordpress\/index.php?rest_route=%2Fwp%2Fv2%2Fcomments&post=5628"}],"version-history":[{"count":2,"href":"https:\/\/www.tabanispartacus.hu\/tajfuto\/wordpress\/index.php?rest_route=\/wp\/v2\/pages\/5628\/revisions"}],"predecessor-version":[{"id":5632,"href":"https:\/\/www.tabanispartacus.hu\/tajfuto\/wordpress\/index.php?rest_route=\/wp\/v2\/pages\/5628\/revisions\/5632"}],"wp:attachment":[{"href":"https:\/\/www.tabanispartacus.hu\/tajfuto\/wordpress\/index.php?rest_route=%2Fwp%2Fv2%2Fmedia&parent=5628"}],"curies":[{"name":"wp","href":"https:\/\/api.w.org\/{rel}","templated":true}]}}