{"id":5549,"date":"2020-03-11T15:44:02","date_gmt":"2020-03-11T14:44:02","guid":{"rendered":"http:\/\/www.tabanispartacus.hu\/tajfuto\/wordpress\/?page_id=5549"},"modified":"2021-11-07T20:46:29","modified_gmt":"2021-11-07T19:46:29","slug":"velunk-tortent-2020-ban","status":"publish","type":"page","link":"https:\/\/www.tabanispartacus.hu\/tajfuto\/wordpress\/?page_id=5549","title":{"rendered":"Vel\u00fcnk t\u00f6rt\u00e9nt 2020-ban"},"content":{"rendered":"\n<table class=\"wp-block-table\"><tbody><tr><td>OEVB, \u00c9OB<br>2020.09.26.<br>Bodogl\u00e1r<\/td><td>M\u00e1th\u00e9 Pisti<\/td><td>\n<strong><a href=\"https:\/\/www.flickr.com\/photos\/101487580@N03\/albums\/72157716146061292?fbclid=IwAR3Nj_kTFWoYmYG-sshGxlQfUGmYqc81UdYEFA6UI8gHMX8snkrY3smHR8I\" target=\"_blank\" rel=\"noreferrer noopener\" aria-label=\" (\u00faj f\u00fcl\u00f6n nyitja meg)\">OEVB f\u00e9nyk\u00e9pek<br><\/a>\n<a href=\"https:\/\/www.flickr.com\/photos\/101487580@N03\/albums\/72157716146232887?fbclid=IwAR1wKw-R7f3LxsZlZ321MMf-3st0nP6koIYPmFAmxiNmlb4e_GIZS_svCmo\" target=\"_blank\" rel=\"noreferrer noopener\" aria-label=\" (\u00faj f\u00fcl\u00f6n nyitja meg)\">\u00c9OB f\u00e9nyk\u00e9pek<\/a><\/strong><\/td><\/tr><tr><td>Ny\u00e1ri edz\u0151t\u00e1bor<br>2020.06.16-06.20.<br>Ecseg<\/td><td><\/td><td><strong><a href=\"http:\/\/www.tabanispartacus.hu\/tajfuto\/wordpress\/wp-content\/uploads\/2020\/10\/Ny\u00e1ri_Spartacus_et_fot\u00f3dokument\u00e1ci\u00f3.pdf\" target=\"_blank\" rel=\"noreferrer noopener\" aria-label=\" (\u00faj f\u00fcl\u00f6n nyitja meg)\">fotodokument\u00e1ci\u00f3<br><\/a><a href=\"https:\/\/www.youtube.com\/watch?v=fPQcbhyMm_8\" target=\"_blank\" rel=\"noreferrer noopener\" aria-label=\" (\u00faj f\u00fcl\u00f6n nyitja meg)\">video<\/a><\/strong><\/td><\/tr><tr><td> \u00c9vz\u00e1r\u00f3 \u00e9s szakoszt\u00e1lygy\u0171l\u00e9s<br>2020.01.11.-01.12. <br>G\u00e1nt <\/td><td>Gyalog L\u00e1szl\u00f3 <br><br>M\u00e1th\u00e9 Pisti<\/td><td><strong><a href=\"http:\/\/www.tabanispartacus.hu\/tajfuto\/wordpress\/wp-content\/uploads\/2020\/01\/2019-r%C5%91l_Tajf-szo_besz1_v2-honlapra.doc\">1. besz\u00e1mol\u00f3<br><\/a><a href=\"http:\/\/www.tabanispartacus.hu\/tajfuto\/wordpress\/wp-content\/uploads\/2020\/01\/2019-r%C5%91l_Tajf-szo_besz2_v4-honlapra.doc\">2. besz\u00e1mol\u00f3<\/a><\/strong><a href=\"http:\/\/www.tabanispartacus.hu\/tajfuto\/wordpress\/wp-content\/uploads\/2020\/01\/2019-r%C5%91l_Tajf-szo_besz2_v4-honlapra.doc\"><br><\/a><strong><a href=\"https:\/\/www.flickr.com\/photos\/101487580@N03\/albums\/72157712638376372\">f\u00e9nyk\u00e9pek<\/a><\/strong><\/td><\/tr><\/tbody><\/table>\n","protected":false},"excerpt":{"rendered":"<p>OEVB, \u00c9OB2020.09.26.Bodogl\u00e1r M\u00e1th\u00e9 Pisti OEVB f\u00e9nyk\u00e9pek \u00c9OB f\u00e9nyk\u00e9pek Ny\u00e1ri edz\u0151t\u00e1bor2020.06.16-06.20.Ecseg fotodokument\u00e1ci\u00f3video \u00c9vz\u00e1r\u00f3 \u00e9s szakoszt\u00e1lygy\u0171l\u00e9s2020.01.11.-01.12. G\u00e1nt Gyalog L\u00e1szl\u00f3 M\u00e1th\u00e9 Pisti 1. besz\u00e1mol\u00f32. besz\u00e1mol\u00f3f\u00e9nyk\u00e9pek<\/p>\n","protected":false},"author":1,"featured_media":0,"parent":0,"menu_order":0,"comment_status":"closed","ping_status":"closed","template":"","meta":{"ngg_post_thumbnail":0},"_links":{"self":[{"href":"https:\/\/www.tabanispartacus.hu\/tajfuto\/wordpress\/index.php?rest_route=\/wp\/v2\/pages\/5549"}],"collection":[{"href":"https:\/\/www.tabanispartacus.hu\/tajfuto\/wordpress\/index.php?rest_route=\/wp\/v2\/pages"}],"about":[{"href":"https:\/\/www.tabanispartacus.hu\/tajfuto\/wordpress\/index.php?rest_route=\/wp\/v2\/types\/page"}],"author":[{"embeddable":true,"href":"https:\/\/www.tabanispartacus.hu\/tajfuto\/wordpress\/index.php?rest_route=\/wp\/v2\/users\/1"}],"replies":[{"embeddable":true,"href":"https:\/\/www.tabanispartacus.hu\/tajfuto\/wordpress\/index.php?rest_route=%2Fwp%2Fv2%2Fcomments&post=5549"}],"version-history":[{"count":8,"href":"https:\/\/www.tabanispartacus.hu\/tajfuto\/wordpress\/index.php?rest_route=\/wp\/v2\/pages\/5549\/revisions"}],"predecessor-version":[{"id":5979,"href":"https:\/\/www.tabanispartacus.hu\/tajfuto\/wordpress\/index.php?rest_route=\/wp\/v2\/pages\/5549\/revisions\/5979"}],"wp:attachment":[{"href":"https:\/\/www.tabanispartacus.hu\/tajfuto\/wordpress\/index.php?rest_route=%2Fwp%2Fv2%2Fmedia&parent=5549"}],"curies":[{"name":"wp","href":"https:\/\/api.w.org\/{rel}","templated":true}]}}