{"id":5521,"date":"2020-01-25T01:26:33","date_gmt":"2020-01-25T00:26:33","guid":{"rendered":"http:\/\/www.tabanispartacus.hu\/tajfuto\/wordpress\/?page_id=5521"},"modified":"2022-01-25T16:02:29","modified_gmt":"2022-01-25T15:02:29","slug":"competitions-2020","status":"publish","type":"page","link":"https:\/\/www.tabanispartacus.hu\/tajfuto\/wordpress\/?page_id=5521","title":{"rendered":"Competitions 2020"},"content":{"rendered":"<p><a href=\"http:\/\/www.tabanispartacus.hu\/tajfuto\/wordpress\/?page_id=5494\"><img loading=\"lazy\" src=\"http:\/\/www.tabanispartacus.hu\/tajfuto\/2016\/tavaszi\/elem\/z_hun.gif\" alt=\"\" width=\"80\" height=\"50\" align=\"right\"><\/a><\/p>\n\n\n<p><\/p>\n\n\n<table>\n<tbody>\n<tr>\n<td style=\"font-size: 75%;\"><strong><a href=\"#oszi\">68th Autumn Spartacus Cup<\/a><\/strong><\/td>\n<td style=\"font-size: 75%;\">7-8 November 2020., G\u00e1nt<\/td>\n<\/tr>\n<tr>\n<td style=\"font-size: 75%;\"><strong><a href=\"#hungaria\">Hung\u00e1ria Cup<\/a><\/strong><\/td>\n<td style=\"font-size: 75%;\">19-23 August 2020.,&nbsp;Velence Hills<\/td>\n<\/tr>\n<tr>\n<td style=\"font-size: 75%;\"><strong><a href=\"#nyari\">Summer Spartacus Cup<\/a><\/strong><\/td>\n<td style=\"font-size: 75%;\">15-16 August 2020., V\u00e9rteskozma<\/td>\n<\/tr>\n<\/tbody>\n<\/table>\n\n\n<p><p><strong id=\"oszi\">68th Autumn Spartacus Cup<\/strong><br>\n7-8 November 2020. G\u00e1nt<\/p>\n<strong><a rel=\"noreferrer noopener\" aria-label=\" (\u00faj f\u00fcl\u00f6n nyitja meg)\" href=\"http:\/\/www.tabanispartacus.hu\/tajfuto\/wordpress\/wp-content\/uploads\/2020\/10\/23852_ASP_invitation_v1.pdf\" target=\"_blank\">Invitation<\/a><\/strong><br>\n<strong>Results:<\/strong><br><a href=\"http:\/\/www.tabanispartacus.hu\/tajfuto\/wordpress\/wp-content\/uploads\/2020\/11\/24424_ospari2020_eredmenyek_1nap.html\"><strong>Day 1<\/strong><\/a><strong> (<\/strong><a href=\"http:\/\/www.tabanispartacus.hu\/tajfuto\/wordpress\/wp-content\/uploads\/2020\/11\/24425_ospari2020_reszidos_eredmenyek_1nap.html\"><strong>split times<\/strong><\/a><strong>)<br><\/strong><a href=\"http:\/\/www.tabanispartacus.hu\/tajfuto\/wordpress\/wp-content\/uploads\/2020\/11\/24433_ospari2020_eredmenyek_2nap.html\"><strong>Day 2<\/strong><\/a><strong> (<\/strong><a href=\"http:\/\/www.tabanispartacus.hu\/tajfuto\/wordpress\/wp-content\/uploads\/2020\/11\/24434_ospari2020_reszidos_eredmenyek_2nap.html\"><strong>split times<\/strong><\/a><strong>)<br><\/strong><a href=\"http:\/\/www.tabanispartacus.hu\/tajfuto\/wordpress\/wp-content\/uploads\/2020\/11\/24435_ospari2020_osszetett_eredmenyek.html\"><strong>Overall results<\/strong><\/a><br><\/p>\n\n\n\n<p><strong id=\"hungaria\"><del>Hung\u00e1ria Cup<\/del><\/strong><br>\n<del>19-23 August 2020. Velence Hills<\/del><\/p>\n\n\n\n<p> <strong id=\"nyari\">Summer Spartacus Cup<\/strong><br>15-16 August 2020. V\u00e9rteskozma<br><strong><a href=\"http:\/\/www.tabanispartacus.hu\/tajfuto\/wordpress\/wp-content\/uploads\/2021\/01\/23264_2020-TSP-Invitation_200623.pdf\">Invitation<br><\/a>\n<a href=\"http:\/\/www.tabanispartacus.hu\/tajfuto\/wordpress\/wp-content\/uploads\/2021\/01\/23613_2020-TSP-Final-Bulletin-v2.pdf\">Bulletin<br><\/a>\n<a href=\"http:\/\/www.tabanispartacus.hu\/tajfuto\/wordpress\/?page_id=5628\">Results<\/a><\/strong><br><\/p>\n","protected":false},"excerpt":{"rendered":"<p>68th Autumn Spartacus Cup 7-8 November 2020., G\u00e1nt Hung\u00e1ria Cup 19-23 August 2020.,&nbsp;Velence Hills Summer Spartacus Cup 15-16 August 2020., V\u00e9rteskozma 68th Autumn Spartacus Cup 7-8 November 2020. G\u00e1nt Invitation Results:Day 1 (split times)Day 2 (split times)Overall results Hung\u00e1ria Cup 19-23 August 2020. Velence Hills Summer Spartacus Cup15-16 August 2020. V\u00e9rteskozmaInvitation Bulletin Results<\/p>\n","protected":false},"author":1,"featured_media":0,"parent":0,"menu_order":0,"comment_status":"closed","ping_status":"closed","template":"","meta":{"ngg_post_thumbnail":0},"_links":{"self":[{"href":"https:\/\/www.tabanispartacus.hu\/tajfuto\/wordpress\/index.php?rest_route=\/wp\/v2\/pages\/5521"}],"collection":[{"href":"https:\/\/www.tabanispartacus.hu\/tajfuto\/wordpress\/index.php?rest_route=\/wp\/v2\/pages"}],"about":[{"href":"https:\/\/www.tabanispartacus.hu\/tajfuto\/wordpress\/index.php?rest_route=\/wp\/v2\/types\/page"}],"author":[{"embeddable":true,"href":"https:\/\/www.tabanispartacus.hu\/tajfuto\/wordpress\/index.php?rest_route=\/wp\/v2\/users\/1"}],"replies":[{"embeddable":true,"href":"https:\/\/www.tabanispartacus.hu\/tajfuto\/wordpress\/index.php?rest_route=%2Fwp%2Fv2%2Fcomments&post=5521"}],"version-history":[{"count":15,"href":"https:\/\/www.tabanispartacus.hu\/tajfuto\/wordpress\/index.php?rest_route=\/wp\/v2\/pages\/5521\/revisions"}],"predecessor-version":[{"id":6527,"href":"https:\/\/www.tabanispartacus.hu\/tajfuto\/wordpress\/index.php?rest_route=\/wp\/v2\/pages\/5521\/revisions\/6527"}],"wp:attachment":[{"href":"https:\/\/www.tabanispartacus.hu\/tajfuto\/wordpress\/index.php?rest_route=%2Fwp%2Fv2%2Fmedia&parent=5521"}],"curies":[{"name":"wp","href":"https:\/\/api.w.org\/{rel}","templated":true}]}}