{"id":5510,"date":"2020-01-22T20:09:34","date_gmt":"2020-01-22T19:09:34","guid":{"rendered":"http:\/\/www.tabanispartacus.hu\/tajfuto\/wordpress\/?page_id=5510"},"modified":"2022-02-08T17:44:51","modified_gmt":"2022-02-08T16:44:51","slug":"a-tabani-spartacus-emlekerem-2018-evi-kituntetettje-kedl-ildiko","status":"publish","type":"page","link":"https:\/\/www.tabanispartacus.hu\/tajfuto\/wordpress\/?page_id=5510","title":{"rendered":"A Tab\u00e1ni Spartacus Eml\u00e9k\u00e9rem 2018. \u00e9vi kit\u00fcntetettje Kedl Ildik\u00f3"},"content":{"rendered":"\n<p>Kedl Ildik\u00f3 1959-ben sz\u00fcletett. 1995-ben, m\u00e1r\nszeniork\u00e9nt ker\u00fclt a Tab\u00e1ni Spartacusba, annak megalakul\u00e1si \u00e9v\u00e9ben. 2001-ben a\nnem hivatalos R\u00f6vidt\u00e1v\u00fa Orsz\u00e1gos Bajnoks\u00e1gon N40-ben 3. lett. 2002\u201304 k\u00f6z\u00f6tt \u0151\nvolt a szakoszt\u00e1lyvezet\u0151. Versenyeinken 2013\u201314-ben eln\u00f6khelyettesk\u00e9nt, 2015\n\u00f3ta szinte valamennyi verseny\u00fcnk titk\u00e1rak\u00e9nt tev\u00e9kenykedik.<\/p>\n\n\n\n<p>Alapos, lelkiismeretes, megb\u00edzhat\u00f3 munk\u00e1ja\nbiztos\u00edtotta ezekben az \u00e9vekben a versenyrendez\u00e9sek ezen szegmens\u00e9nek\nhibamentes m\u0171k\u00f6d\u00e9s\u00e9t. Empatikuss\u00e1ga, a munka, feladat ir\u00e1nti al\u00e1zata\np\u00e9lda\u00e9rt\u00e9k\u0171 a fiatalok sz\u00e1m\u00e1ra.<\/p>\n\n\n\n<p>Gyalog L\u00e1szl\u00f3<\/p>\n\n\n<p><img src=\"http:\/\/www.tabanispartacus.hu\/tajfuto\/wordpress\/wp-content\/uploads\/2019\/03\/kedlildiko.jpg\"><\/p>","protected":false},"excerpt":{"rendered":"<p>Kedl Ildik\u00f3 1959-ben sz\u00fcletett. 1995-ben, m\u00e1r szeniork\u00e9nt ker\u00fclt a Tab\u00e1ni Spartacusba, annak megalakul\u00e1si \u00e9v\u00e9ben. 2001-ben a nem hivatalos R\u00f6vidt\u00e1v\u00fa Orsz\u00e1gos Bajnoks\u00e1gon N40-ben 3. lett. 2002\u201304 k\u00f6z\u00f6tt \u0151 volt a szakoszt\u00e1lyvezet\u0151. Versenyeinken 2013\u201314-ben eln\u00f6khelyettesk\u00e9nt, 2015 \u00f3ta szinte valamennyi verseny\u00fcnk titk\u00e1rak\u00e9nt tev\u00e9kenykedik. Alapos, lelkiismeretes, megb\u00edzhat\u00f3 munk\u00e1ja biztos\u00edtotta ezekben az \u00e9vekben a versenyrendez\u00e9sek ezen szegmens\u00e9nek hibamentes m\u0171k\u00f6d\u00e9s\u00e9t. Empatikuss\u00e1ga, &hellip; <a href=\"https:\/\/www.tabanispartacus.hu\/tajfuto\/wordpress\/?page_id=5510\" class=\"more-link\"><span class=\"screen-reader-text\">A Tab\u00e1ni Spartacus Eml\u00e9k\u00e9rem 2018. \u00e9vi kit\u00fcntetettje Kedl Ildik\u00f3<\/span> olvas\u00e1s\u00e1nak folytat\u00e1sa <span class=\"meta-nav\">&rarr;<\/span><\/a><\/p>\n","protected":false},"author":1,"featured_media":0,"parent":0,"menu_order":0,"comment_status":"closed","ping_status":"closed","template":"","meta":{"ngg_post_thumbnail":0},"_links":{"self":[{"href":"https:\/\/www.tabanispartacus.hu\/tajfuto\/wordpress\/index.php?rest_route=\/wp\/v2\/pages\/5510"}],"collection":[{"href":"https:\/\/www.tabanispartacus.hu\/tajfuto\/wordpress\/index.php?rest_route=\/wp\/v2\/pages"}],"about":[{"href":"https:\/\/www.tabanispartacus.hu\/tajfuto\/wordpress\/index.php?rest_route=\/wp\/v2\/types\/page"}],"author":[{"embeddable":true,"href":"https:\/\/www.tabanispartacus.hu\/tajfuto\/wordpress\/index.php?rest_route=\/wp\/v2\/users\/1"}],"replies":[{"embeddable":true,"href":"https:\/\/www.tabanispartacus.hu\/tajfuto\/wordpress\/index.php?rest_route=%2Fwp%2Fv2%2Fcomments&post=5510"}],"version-history":[{"count":3,"href":"https:\/\/www.tabanispartacus.hu\/tajfuto\/wordpress\/index.php?rest_route=\/wp\/v2\/pages\/5510\/revisions"}],"predecessor-version":[{"id":6576,"href":"https:\/\/www.tabanispartacus.hu\/tajfuto\/wordpress\/index.php?rest_route=\/wp\/v2\/pages\/5510\/revisions\/6576"}],"wp:attachment":[{"href":"https:\/\/www.tabanispartacus.hu\/tajfuto\/wordpress\/index.php?rest_route=%2Fwp%2Fv2%2Fmedia&parent=5510"}],"curies":[{"name":"wp","href":"https:\/\/api.w.org\/{rel}","templated":true}]}}