{"id":550,"date":"2012-10-18T12:12:37","date_gmt":"2012-10-18T10:12:37","guid":{"rendered":"http:\/\/tabanispartacus.wordpress.com\/?page_id=550"},"modified":"2026-01-03T14:13:43","modified_gmt":"2026-01-03T13:13:43","slug":"velunk-tortent-korabban","status":"publish","type":"page","link":"https:\/\/www.tabanispartacus.hu\/tajfuto\/wordpress\/?page_id=550","title":{"rendered":"Vel\u00fcnk t\u00f6rt\u00e9nt kor\u00e1bban"},"content":{"rendered":"<table border=\"0\">\n<tbody>\n<tr>\n<td><strong><a title=\"Vel\u00fcnk t\u00f6rt\u00e9nt 2003-ban\" href=\"http:\/\/www.tabanispartacus.hu\/tajfuto\/index.php?page=velunktortent\/velunktortent_2003\">2003.<\/a><\/strong><\/td>\n<td><strong><a href=\"http:\/\/www.tabanispartacus.hu\/tajfuto\/index.php?page=velunktortent\/velunktortent_2004\">2004.<\/a><\/strong><\/td>\n<td><strong><a href=\"http:\/\/www.tabanispartacus.hu\/tajfuto\/index.php?page=velunktortent\/velunktortent_2005\">2005.<\/a><\/strong><\/td>\n<td><strong><a href=\"http:\/\/www.tabanispartacus.hu\/tajfuto\/index.php?page=velunktortent\/velunktortent_2006\">2006.<\/a><\/strong><\/td>\n<td><strong><a href=\"http:\/\/www.tabanispartacus.hu\/tajfuto\/index.php?page=velunktortent\/velunktortent_2007\">2007.<\/a><\/strong><\/td>\n<\/tr>\n<tr>\n<td><strong><a href=\"http:\/\/www.tabanispartacus.hu\/tajfuto\/wordpress\/?page_id=1140\">2008.<\/a><\/strong><\/td>\n<td><strong><a href=\"http:\/\/www.tabanispartacus.hu\/tajfuto\/wordpress\/?page_id=4207\">2009.<\/a><\/strong><\/td>\n<td><strong><a href=\"https:\/\/www.tabanispartacus.hu\/tajfuto\/wordpress\/?page_id=1636\">2010.<\/a><\/strong><\/td>\n<td><strong><a href=\"https:\/\/www.tabanispartacus.hu\/tajfuto\/wordpress\/?page_id=4247\">2011.<\/a><\/strong><\/td>\n<td><strong><a title=\"Vel\u00fcnk t\u00f6rt\u00e9nt 2012\" href=\"http:\/\/www.tabanispartacus.hu\/tajfuto\/wordpress\/?page_id=24\">2012.<\/a><\/strong><\/td>\n<\/tr>\n<tr>\n<td><strong><a title=\"Vel\u00fcnk t\u00f6rt\u00e9nt 2013\" href=\"http:\/\/www.tabanispartacus.hu\/tajfuto\/wordpress\/?page_id=1361\">2013.<\/a><\/strong><\/td>\n<td><strong><a title=\"Vel\u00fcnk t\u00f6rt\u00e9nt 2014\" href=\"http:\/\/www.tabanispartacus.hu\/tajfuto\/wordpress\/?page_id=1824\">2014.<\/a><\/strong><\/td>\n<td><strong><a title=\"Vel\u00fcnk t\u00f6rt\u00e9nt 2015\" href=\"http:\/\/www.tabanispartacus.hu\/tajfuto\/wordpress\/?page_id=2316\">2015.<\/a><\/strong><\/td>\n<td><strong><a title=\"Vel\u00fcnk t\u00f6rt\u00e9nt 2016\" href=\"http:\/\/www.tabanispartacus.hu\/tajfuto\/wordpress\/?page_id=2689\">2016.<\/a><\/strong><\/td>\n<td><strong><a title=\"Vel\u00fcnk t\u00f6rt\u00e9nt 2017\" href=\"http:\/\/www.tabanispartacus.hu\/tajfuto\/wordpress\/?page_id=3266\">2017.<\/a><\/strong><\/td>\n<\/tr>\n<tr>\n<td><strong><a title=\"Vel\u00fcnk t\u00f6rt\u00e9nt 2018\" href=\"http:\/\/www.tabanispartacus.hu\/tajfuto\/wordpress\/?page_id=3655\">2018.<\/a><\/strong><\/td>\n<td><strong><a title=\"Vel\u00fcnk t\u00f6rt\u00e9nt 2019\" href=\"http:\/\/www.tabanispartacus.hu\/tajfuto\/wordpress\/?page_id=3903\">2019.<\/a><\/strong><\/td>\n<td><strong><a title=\"Vel\u00fcnk t\u00f6rt\u00e9nt 2020\" href=\"http:\/\/www.tabanispartacus.hu\/tajfuto\/wordpress\/?page_id=5549\">2020.<\/a><\/strong><\/td>\n<td><strong><a title=\"Vel\u00fcnk t\u00f6rt\u00e9nt 2021\" href=\"http:\/\/www.tabanispartacus.hu\/tajfuto\/wordpress\/?page_id=5903\">2021.<\/a><\/strong><\/td>\n<td><strong><a title=\"Vel\u00fcnk t\u00f6rt\u00e9nt 2022\" href=\"http:\/\/www.tabanispartacus.hu\/tajfuto\/wordpress\/?page_id=6364\">2022.<\/a><\/strong><\/td>\n<\/tr>\n<tr>\n<td><strong><a title=\"Vel\u00fcnk t\u00f6rt\u00e9nt 2023\" href=\"https:\/\/www.tabanispartacus.hu\/tajfuto\/wordpress\/?page_id=6898\">2023.<\/a><\/strong><\/td>\n<td><strong><a title=\"Vel\u00fcnk t\u00f6rt\u00e9nt 2024\" href=\"https:\/\/www.tabanispartacus.hu\/tajfuto\/wordpress\/?page_id=7109\">2024.<\/a><\/strong><\/td>\n<td><strong><a title=\"Vel\u00fcnk t\u00f6rt\u00e9nt 2024\" href=\"https:\/\/www.tabanispartacus.hu\/tajfuto\/wordpress\/?page_id=7359\">2025.<\/a><\/strong><\/td>\n<\/tr>\n<\/tbody>\n<\/table>\n","protected":false},"excerpt":{"rendered":"<p>2003. 2004. 2005. 2006. 2007. 2008. 2009. 2010. 2011. 2012. 2013. 2014. 2015. 2016. 2017. 2018. 2019. 2020. 2021. 2022. 2023. 2024. 2025.<\/p>\n","protected":false},"author":1,"featured_media":0,"parent":24,"menu_order":0,"comment_status":"closed","ping_status":"closed","template":"","meta":{"ngg_post_thumbnail":0},"_links":{"self":[{"href":"https:\/\/www.tabanispartacus.hu\/tajfuto\/wordpress\/index.php?rest_route=\/wp\/v2\/pages\/550"}],"collection":[{"href":"https:\/\/www.tabanispartacus.hu\/tajfuto\/wordpress\/index.php?rest_route=\/wp\/v2\/pages"}],"about":[{"href":"https:\/\/www.tabanispartacus.hu\/tajfuto\/wordpress\/index.php?rest_route=\/wp\/v2\/types\/page"}],"author":[{"embeddable":true,"href":"https:\/\/www.tabanispartacus.hu\/tajfuto\/wordpress\/index.php?rest_route=\/wp\/v2\/users\/1"}],"replies":[{"embeddable":true,"href":"https:\/\/www.tabanispartacus.hu\/tajfuto\/wordpress\/index.php?rest_route=%2Fwp%2Fv2%2Fcomments&post=550"}],"version-history":[{"count":17,"href":"https:\/\/www.tabanispartacus.hu\/tajfuto\/wordpress\/index.php?rest_route=\/wp\/v2\/pages\/550\/revisions"}],"predecessor-version":[{"id":7592,"href":"https:\/\/www.tabanispartacus.hu\/tajfuto\/wordpress\/index.php?rest_route=\/wp\/v2\/pages\/550\/revisions\/7592"}],"up":[{"embeddable":true,"href":"https:\/\/www.tabanispartacus.hu\/tajfuto\/wordpress\/index.php?rest_route=\/wp\/v2\/pages\/24"}],"wp:attachment":[{"href":"https:\/\/www.tabanispartacus.hu\/tajfuto\/wordpress\/index.php?rest_route=%2Fwp%2Fv2%2Fmedia&parent=550"}],"curies":[{"name":"wp","href":"https:\/\/api.w.org\/{rel}","templated":true}]}}