{"id":5494,"date":"2020-01-22T19:52:26","date_gmt":"2020-01-22T18:52:26","guid":{"rendered":"http:\/\/www.tabanispartacus.hu\/tajfuto\/wordpress\/?page_id=5494"},"modified":"2022-01-25T16:01:26","modified_gmt":"2022-01-25T15:01:26","slug":"versenyeink-2020-ban","status":"publish","type":"page","link":"https:\/\/www.tabanispartacus.hu\/tajfuto\/wordpress\/?page_id=5494","title":{"rendered":"Versenyeink 2020-ban"},"content":{"rendered":"<p><a href=\"http:\/\/www.tabanispartacus.hu\/tajfuto\/wordpress\/?page_id=5521\"><img loading=\"lazy\" src=\"http:\/\/www.tabanispartacus.hu\/tajfuto\/2016\/tavaszi\/Union-jack.jpg\" alt=\"\" width=\"80\" height=\"50\" align=\"right\"><\/a><\/p>\n\n\n<p><\/p>\n\n\n<table>\n<tbody>\n<tr>\n<td style=\"font-size: 75%;\"><strong><a href=\"#dobogokoi\">XXV. Dobog\u00f3k\u0151i Hegyi Fut\u00f3verseny<\/a><\/strong><\/td>\n<td style=\"font-size: 75%;\">2020. 11. 28., Dobog\u00f3k\u0151, Pilis\u2013Visegr\u00e1di-hg<\/td>\n<\/tr>\n<tr>\n<td style=\"font-size: 75%;\"><strong><a href=\"#oszi\">68. \u0150szi Spartacus Kupa<\/a><\/strong><\/td>\n<td style=\"font-size: 75%;\">2020. 11. 07-08., G\u00e1nt, Pap-v\u00f6lgy<\/td>\n<\/tr>\n<tr>\n<td style=\"font-size: 75%;\"><strong><a href=\"#hungaria\">Hung\u00e1ria Kupa<\/a><\/strong><\/td>\n<td style=\"font-size: 75%;\">2020. augusztus 19\u201323.,&nbsp;Velencei-hegys\u00e9g<\/td>\n<\/tr>\n<tr>\n<td style=\"font-size: 75%;\"><strong><a href=\"#nyari\">Ny\u00e1ri Spari Kupa<\/a><\/strong><\/td>\n<td style=\"font-size: 75%;\">2020. 08. 15-16., V\u00e9rteskozma, T\u00f3csa-v\u00f6lgy<\/td>\n<\/tr>\n<\/tbody>\n<\/table>\n\n\n<p><strong id=\"dobogokoi\">XXV. Dobog\u00f3k\u0151i Hegyi Fut\u00f3verseny<\/strong><br><em><del>2020. november 28.<\/del><\/em><br> <strong>ELMARADT (<a href=\"https:\/\/www.facebook.com\/events\/2759312970966062\/permalink\/2792887784275247\/\">b\u0151vebb inf\u00f3k<\/a>)<\/strong> <br><\/p>\n\n\n\n<p><strong id=\"oszi\">68. \u0150szi Spartacus Kupa<\/strong><br>2<em>020. november 7-8. G\u00e1nt, Pap-v\u00f6lgy<\/em><br><strong><a href=\"http:\/\/www.tabanispartacus.hu\/tajfuto\/wordpress\/wp-content\/uploads\/2021\/01\/24370_OSP_ertesito_v4.pdf\">\u00c9rtes\u00edt\u0151<br><\/a>\n<a rel=\"noreferrer noopener\" aria-label=\" (\u00faj f\u00fcl\u00f6n nyitja meg)\" href=\"http:\/\/www.tabanispartacus.hu\/tajfuto\/wordpress\/wp-content\/uploads\/2020\/10\/23851_OSP_kiiras_v3.pdf\" target=\"_blank\">Versenyki\u00edr\u00e1s<\/a><\/strong><br>\n\n<p><strong><a href=\"http:\/\/www.tabanispartacus.hu\/tajfuto\/wordpress\/wp-content\/uploads\/2020\/11\/24435_ospari2020_osszetett_eredmenyek.html\">\u00d6sszetett eredm\u00e9ny<br><\/a><a href=\"http:\/\/www.tabanispartacus.hu\/tajfuto\/wordpress\/wp-content\/uploads\/2020\/11\/24441_ospari2020_osszetett_klub.html\">Klubbonk\u00e9nti eredm\u00e9ny<\/a><\/strong><\/p>\n<p><strong><a href=\"http:\/\/www.tabanispartacus.hu\/tajfuto\/wordpress\/wp-content\/uploads\/2020\/11\/24424_ospari2020_eredmenyek_1nap.html\">1. napi eredm\u00e9nyek<br><\/a><a href=\"http:\/\/www.tabanispartacus.hu\/tajfuto\/wordpress\/wp-content\/uploads\/2020\/11\/24425_ospari2020_reszidos_eredmenyek_1nap.html\">1. napi r\u00e9szid\u0151s eredm\u00e9nyek<\/a><\/strong><\/p>\n<p><strong><a href=\"http:\/\/www.tabanispartacus.hu\/tajfuto\/wordpress\/wp-content\/uploads\/2020\/11\/24433_ospari2020_eredmenyek_2nap.html\">2. napi eredm\u00e9nyek<br><\/a><\/strong><a href=\"http:\/\/www.tabanispartacus.hu\/tajfuto\/wordpress\/wp-content\/uploads\/2020\/11\/24434_ospari2020_reszidos_eredmenyek_2nap.html\"><strong>2. napi r\u00e9szid\u0151s eredm\u00e9nyek<\/strong><\/a><\/p>\n\n<\/strong><\/p>\n\n\n\n<p class=\"has-text-align-left\"><strong id=\"hungaria\">Hung\u00e1ria Kupa<\/strong><br><del>2020. augusztus 19\u201323. Velencei-hegys\u00e9g<\/del><br><strong>ELMARADT<\/strong><\/p>\n\n\n\n<p><strong id=\"nyari\">Ny\u00e1ri Spartacus Kupa <\/strong><br><em> 2020. augusztus 15-16.<\/em> <em>V\u00e9rteskozma, T\u00f3csa-v\u00f6lgy <\/em><br><strong><a href=\"http:\/\/www.tabanispartacus.hu\/tajfuto\/wordpress\/wp-content\/uploads\/2021\/01\/23587_2020-TSP-Ertesito-v4.pdf\">\u00c9rtes\u00edt\u0151<br><\/a><a href=\"http:\/\/www.tabanispartacus.hu\/tajfuto\/wordpress\/wp-content\/uploads\/2021\/01\/23208_2020-TSP-Kiiras-v3_1.pdf\">Versenyki\u00edr\u00e1s<br><\/a><a href=\"http:\/\/www.tabanispartacus.hu\/tajfuto\/wordpress\/?page_id=5628\">Eredm\u00e9nyek<\/a><\/strong><\/p>\n","protected":false},"excerpt":{"rendered":"<p>XXV. Dobog\u00f3k\u0151i Hegyi Fut\u00f3verseny 2020. 11. 28., Dobog\u00f3k\u0151, Pilis\u2013Visegr\u00e1di-hg 68. \u0150szi Spartacus Kupa 2020. 11. 07-08., G\u00e1nt, Pap-v\u00f6lgy Hung\u00e1ria Kupa 2020. augusztus 19\u201323.,&nbsp;Velencei-hegys\u00e9g Ny\u00e1ri Spari Kupa 2020. 08. 15-16., V\u00e9rteskozma, T\u00f3csa-v\u00f6lgy XXV. Dobog\u00f3k\u0151i Hegyi Fut\u00f3verseny2020. november 28. ELMARADT (b\u0151vebb inf\u00f3k) 68. \u0150szi Spartacus Kupa2020. november 7-8. G\u00e1nt, Pap-v\u00f6lgy\u00c9rtes\u00edt\u0151 Versenyki\u00edr\u00e1s \u00d6sszetett eredm\u00e9nyKlubbonk\u00e9nti eredm\u00e9ny 1. napi eredm\u00e9nyek1. &hellip; <a href=\"https:\/\/www.tabanispartacus.hu\/tajfuto\/wordpress\/?page_id=5494\" class=\"more-link\"><span class=\"screen-reader-text\">Versenyeink 2020-ban<\/span> olvas\u00e1s\u00e1nak folytat\u00e1sa <span class=\"meta-nav\">&rarr;<\/span><\/a><\/p>\n","protected":false},"author":1,"featured_media":0,"parent":0,"menu_order":0,"comment_status":"closed","ping_status":"closed","template":"","meta":{"ngg_post_thumbnail":0},"_links":{"self":[{"href":"https:\/\/www.tabanispartacus.hu\/tajfuto\/wordpress\/index.php?rest_route=\/wp\/v2\/pages\/5494"}],"collection":[{"href":"https:\/\/www.tabanispartacus.hu\/tajfuto\/wordpress\/index.php?rest_route=\/wp\/v2\/pages"}],"about":[{"href":"https:\/\/www.tabanispartacus.hu\/tajfuto\/wordpress\/index.php?rest_route=\/wp\/v2\/types\/page"}],"author":[{"embeddable":true,"href":"https:\/\/www.tabanispartacus.hu\/tajfuto\/wordpress\/index.php?rest_route=\/wp\/v2\/users\/1"}],"replies":[{"embeddable":true,"href":"https:\/\/www.tabanispartacus.hu\/tajfuto\/wordpress\/index.php?rest_route=%2Fwp%2Fv2%2Fcomments&post=5494"}],"version-history":[{"count":29,"href":"https:\/\/www.tabanispartacus.hu\/tajfuto\/wordpress\/index.php?rest_route=\/wp\/v2\/pages\/5494\/revisions"}],"predecessor-version":[{"id":6525,"href":"https:\/\/www.tabanispartacus.hu\/tajfuto\/wordpress\/index.php?rest_route=\/wp\/v2\/pages\/5494\/revisions\/6525"}],"wp:attachment":[{"href":"https:\/\/www.tabanispartacus.hu\/tajfuto\/wordpress\/index.php?rest_route=%2Fwp%2Fv2%2Fmedia&parent=5494"}],"curies":[{"name":"wp","href":"https:\/\/api.w.org\/{rel}","templated":true}]}}