{"id":5356,"date":"2019-10-21T20:15:05","date_gmt":"2019-10-21T18:15:05","guid":{"rendered":"http:\/\/www.tabanispartacus.hu\/tajfuto\/wordpress\/?page_id=5356"},"modified":"2019-10-21T20:15:05","modified_gmt":"2019-10-21T18:15:05","slug":"2013-2","status":"publish","type":"page","link":"https:\/\/www.tabanispartacus.hu\/tajfuto\/wordpress\/?page_id=5356","title":{"rendered":"2013"},"content":{"rendered":"\n<p><strong><a href=\"https:\/\/drive.google.com\/open?id=1vxGfNvYri5DFxGjzlwUiunoLmHWonSh0\">2013. \u00e9vi Egyszer\u0171s\u00edtett besz\u00e1mol\u00f3 \u00e9s k\u00f6zhaszn\u00fas\u00e1gi mell\u00e9klet<\/a><\/strong><\/p>\n\n\n\n<p><strong><a href=\"https:\/\/drive.google.com\/open?id=1-FUl8YGNSTvEmsTT5IGpNR3x28RQBymT\">2013. \u00e9vi Fel\u00fcgyel\u0151 Bizotts\u00e1g jelent\u00e9se<\/a><\/strong><\/p>\n","protected":false},"excerpt":{"rendered":"<p>2013. \u00e9vi Egyszer\u0171s\u00edtett besz\u00e1mol\u00f3 \u00e9s k\u00f6zhaszn\u00fas\u00e1gi mell\u00e9klet 2013. \u00e9vi Fel\u00fcgyel\u0151 Bizotts\u00e1g jelent\u00e9se<\/p>\n","protected":false},"author":1,"featured_media":0,"parent":0,"menu_order":0,"comment_status":"closed","ping_status":"closed","template":"","meta":{"ngg_post_thumbnail":0},"_links":{"self":[{"href":"https:\/\/www.tabanispartacus.hu\/tajfuto\/wordpress\/index.php?rest_route=\/wp\/v2\/pages\/5356"}],"collection":[{"href":"https:\/\/www.tabanispartacus.hu\/tajfuto\/wordpress\/index.php?rest_route=\/wp\/v2\/pages"}],"about":[{"href":"https:\/\/www.tabanispartacus.hu\/tajfuto\/wordpress\/index.php?rest_route=\/wp\/v2\/types\/page"}],"author":[{"embeddable":true,"href":"https:\/\/www.tabanispartacus.hu\/tajfuto\/wordpress\/index.php?rest_route=\/wp\/v2\/users\/1"}],"replies":[{"embeddable":true,"href":"https:\/\/www.tabanispartacus.hu\/tajfuto\/wordpress\/index.php?rest_route=%2Fwp%2Fv2%2Fcomments&post=5356"}],"version-history":[{"count":1,"href":"https:\/\/www.tabanispartacus.hu\/tajfuto\/wordpress\/index.php?rest_route=\/wp\/v2\/pages\/5356\/revisions"}],"predecessor-version":[{"id":5357,"href":"https:\/\/www.tabanispartacus.hu\/tajfuto\/wordpress\/index.php?rest_route=\/wp\/v2\/pages\/5356\/revisions\/5357"}],"wp:attachment":[{"href":"https:\/\/www.tabanispartacus.hu\/tajfuto\/wordpress\/index.php?rest_route=%2Fwp%2Fv2%2Fmedia&parent=5356"}],"curies":[{"name":"wp","href":"https:\/\/api.w.org\/{rel}","templated":true}]}}