{"id":5354,"date":"2019-10-21T20:14:39","date_gmt":"2019-10-21T18:14:39","guid":{"rendered":"http:\/\/www.tabanispartacus.hu\/tajfuto\/wordpress\/?page_id=5354"},"modified":"2019-10-21T20:14:39","modified_gmt":"2019-10-21T18:14:39","slug":"2014-2","status":"publish","type":"page","link":"https:\/\/www.tabanispartacus.hu\/tajfuto\/wordpress\/?page_id=5354","title":{"rendered":"2014"},"content":{"rendered":"\n<p><strong><a href=\"https:\/\/drive.google.com\/open?id=1JiAaY4hgQQMxK3yeKunYItzq7TxygmSx\">2014. \u00e9vi Besz\u00e1mol\u00f3 \u00e9s K\u00f6zhaszn\u00fas\u00e1gi mell\u00e9klet (t\u00e1jfut\u00f3k)<\/a><\/strong><\/p>\n\n\n\n<p><strong><a href=\"https:\/\/drive.google.com\/open?id=11lfsxiuaJy-j5hnSwL6ZMqzlmMlrEVnE\">2014. \u00e9vi Besz\u00e1mol\u00f3 \u00e9s K\u00f6zhaszn\u00fas\u00e1gi mell\u00e9klet (labdar\u00fag\u00f3k)<\/a><\/strong><\/p>\n\n\n\n<p><strong><a href=\"https:\/\/drive.google.com\/open?id=1yXNdQa8CmoHc5UFHMiN4r9NZrxfuhmia\">2014. \u00e9vi Fel\u00fcgyel\u0151 Bizotts\u00e1g jelent\u00e9se<\/a><\/strong><\/p>\n","protected":false},"excerpt":{"rendered":"<p>2014. \u00e9vi Besz\u00e1mol\u00f3 \u00e9s K\u00f6zhaszn\u00fas\u00e1gi mell\u00e9klet (t\u00e1jfut\u00f3k) 2014. \u00e9vi Besz\u00e1mol\u00f3 \u00e9s K\u00f6zhaszn\u00fas\u00e1gi mell\u00e9klet (labdar\u00fag\u00f3k) 2014. \u00e9vi Fel\u00fcgyel\u0151 Bizotts\u00e1g jelent\u00e9se<\/p>\n","protected":false},"author":1,"featured_media":0,"parent":0,"menu_order":0,"comment_status":"closed","ping_status":"closed","template":"","meta":{"ngg_post_thumbnail":0},"_links":{"self":[{"href":"https:\/\/www.tabanispartacus.hu\/tajfuto\/wordpress\/index.php?rest_route=\/wp\/v2\/pages\/5354"}],"collection":[{"href":"https:\/\/www.tabanispartacus.hu\/tajfuto\/wordpress\/index.php?rest_route=\/wp\/v2\/pages"}],"about":[{"href":"https:\/\/www.tabanispartacus.hu\/tajfuto\/wordpress\/index.php?rest_route=\/wp\/v2\/types\/page"}],"author":[{"embeddable":true,"href":"https:\/\/www.tabanispartacus.hu\/tajfuto\/wordpress\/index.php?rest_route=\/wp\/v2\/users\/1"}],"replies":[{"embeddable":true,"href":"https:\/\/www.tabanispartacus.hu\/tajfuto\/wordpress\/index.php?rest_route=%2Fwp%2Fv2%2Fcomments&post=5354"}],"version-history":[{"count":1,"href":"https:\/\/www.tabanispartacus.hu\/tajfuto\/wordpress\/index.php?rest_route=\/wp\/v2\/pages\/5354\/revisions"}],"predecessor-version":[{"id":5355,"href":"https:\/\/www.tabanispartacus.hu\/tajfuto\/wordpress\/index.php?rest_route=\/wp\/v2\/pages\/5354\/revisions\/5355"}],"wp:attachment":[{"href":"https:\/\/www.tabanispartacus.hu\/tajfuto\/wordpress\/index.php?rest_route=%2Fwp%2Fv2%2Fmedia&parent=5354"}],"curies":[{"name":"wp","href":"https:\/\/api.w.org\/{rel}","templated":true}]}}