{"id":5350,"date":"2019-10-21T20:13:22","date_gmt":"2019-10-21T18:13:22","guid":{"rendered":"http:\/\/www.tabanispartacus.hu\/tajfuto\/wordpress\/?page_id=5350"},"modified":"2019-10-21T20:13:22","modified_gmt":"2019-10-21T18:13:22","slug":"2016-2","status":"publish","type":"page","link":"https:\/\/www.tabanispartacus.hu\/tajfuto\/wordpress\/?page_id=5350","title":{"rendered":"2016"},"content":{"rendered":"\n<p><strong><a href=\"https:\/\/drive.google.com\/open?id=15C4QvbPNOQ3km7Gs_RXjfhiU4Hlpgvap\">2016. \u00e9vi Besz\u00e1mol\u00f3 \u00e9s K\u00f6zhaszn\u00fas\u00e1gi mell\u00e9klet (t\u00e1jfut\u00f3k)<\/a><\/strong><\/p>\n\n\n\n<p><strong><a href=\"https:\/\/drive.google.com\/open?id=1jBsSw03mBxhxmufmMP69GgmLf7h62XXY\">2016. \u00e9vi Besz\u00e1mol\u00f3 \u00e9s K\u00f6zhaszn\u00fas\u00e1gi mell\u00e9klet (labdar\u00fag\u00f3k)<\/a><\/strong><\/p>\n\n\n\n<p><strong><a href=\"https:\/\/drive.google.com\/open?id=1DwSqkyd2-EtEPVTMdLWdv9DY7tEi1mMJ\">2016. \u00e9vi Fel\u00fcgyel\u0151 Bizotts\u00e1g jelent\u00e9se<\/a><\/strong><\/p>\n","protected":false},"excerpt":{"rendered":"<p>2016. \u00e9vi Besz\u00e1mol\u00f3 \u00e9s K\u00f6zhaszn\u00fas\u00e1gi mell\u00e9klet (t\u00e1jfut\u00f3k) 2016. \u00e9vi Besz\u00e1mol\u00f3 \u00e9s K\u00f6zhaszn\u00fas\u00e1gi mell\u00e9klet (labdar\u00fag\u00f3k) 2016. \u00e9vi Fel\u00fcgyel\u0151 Bizotts\u00e1g jelent\u00e9se<\/p>\n","protected":false},"author":1,"featured_media":0,"parent":0,"menu_order":0,"comment_status":"closed","ping_status":"closed","template":"","meta":{"ngg_post_thumbnail":0},"_links":{"self":[{"href":"https:\/\/www.tabanispartacus.hu\/tajfuto\/wordpress\/index.php?rest_route=\/wp\/v2\/pages\/5350"}],"collection":[{"href":"https:\/\/www.tabanispartacus.hu\/tajfuto\/wordpress\/index.php?rest_route=\/wp\/v2\/pages"}],"about":[{"href":"https:\/\/www.tabanispartacus.hu\/tajfuto\/wordpress\/index.php?rest_route=\/wp\/v2\/types\/page"}],"author":[{"embeddable":true,"href":"https:\/\/www.tabanispartacus.hu\/tajfuto\/wordpress\/index.php?rest_route=\/wp\/v2\/users\/1"}],"replies":[{"embeddable":true,"href":"https:\/\/www.tabanispartacus.hu\/tajfuto\/wordpress\/index.php?rest_route=%2Fwp%2Fv2%2Fcomments&post=5350"}],"version-history":[{"count":1,"href":"https:\/\/www.tabanispartacus.hu\/tajfuto\/wordpress\/index.php?rest_route=\/wp\/v2\/pages\/5350\/revisions"}],"predecessor-version":[{"id":5351,"href":"https:\/\/www.tabanispartacus.hu\/tajfuto\/wordpress\/index.php?rest_route=\/wp\/v2\/pages\/5350\/revisions\/5351"}],"wp:attachment":[{"href":"https:\/\/www.tabanispartacus.hu\/tajfuto\/wordpress\/index.php?rest_route=%2Fwp%2Fv2%2Fmedia&parent=5350"}],"curies":[{"name":"wp","href":"https:\/\/api.w.org\/{rel}","templated":true}]}}