{"id":5346,"date":"2019-10-21T20:11:53","date_gmt":"2019-10-21T18:11:53","guid":{"rendered":"http:\/\/www.tabanispartacus.hu\/tajfuto\/wordpress\/?page_id=5346"},"modified":"2019-10-21T20:11:53","modified_gmt":"2019-10-21T18:11:53","slug":"2018-2","status":"publish","type":"page","link":"https:\/\/www.tabanispartacus.hu\/tajfuto\/wordpress\/?page_id=5346","title":{"rendered":"2018"},"content":{"rendered":"\n<p><a href=\"http:\/\/www.tabanispartacus.hu\/tajfuto\/wordpress\/wp-content\/uploads\/2019\/07\/Besz\u00e1mol\u00f3_2018_0529.pdf\"><strong>2018. \u00e9vi Besz\u00e1mol\u00f3 \u00e9s K\u00f6zhaszn\u00fas\u00e1gi mell\u00e9klet<\/strong><\/a><\/p>\n\n\n\n<p><a href=\"http:\/\/www.tabanispartacus.hu\/tajfuto\/wordpress\/wp-content\/uploads\/2019\/07\/Fel\u00fcgyel\u0151Bizotts\u00e1gi_jel_2018-r\u00f3l.jpg\"><strong>2018. \u00e9vi Fel\u00fcgyel\u0151 Bizotts\u00e1gi Jelent\u00e9s<\/strong><\/a><\/p>\n","protected":false},"excerpt":{"rendered":"<p>2018. \u00e9vi Besz\u00e1mol\u00f3 \u00e9s K\u00f6zhaszn\u00fas\u00e1gi mell\u00e9klet 2018. \u00e9vi Fel\u00fcgyel\u0151 Bizotts\u00e1gi Jelent\u00e9s<\/p>\n","protected":false},"author":1,"featured_media":0,"parent":0,"menu_order":0,"comment_status":"closed","ping_status":"closed","template":"","meta":{"ngg_post_thumbnail":0},"_links":{"self":[{"href":"https:\/\/www.tabanispartacus.hu\/tajfuto\/wordpress\/index.php?rest_route=\/wp\/v2\/pages\/5346"}],"collection":[{"href":"https:\/\/www.tabanispartacus.hu\/tajfuto\/wordpress\/index.php?rest_route=\/wp\/v2\/pages"}],"about":[{"href":"https:\/\/www.tabanispartacus.hu\/tajfuto\/wordpress\/index.php?rest_route=\/wp\/v2\/types\/page"}],"author":[{"embeddable":true,"href":"https:\/\/www.tabanispartacus.hu\/tajfuto\/wordpress\/index.php?rest_route=\/wp\/v2\/users\/1"}],"replies":[{"embeddable":true,"href":"https:\/\/www.tabanispartacus.hu\/tajfuto\/wordpress\/index.php?rest_route=%2Fwp%2Fv2%2Fcomments&post=5346"}],"version-history":[{"count":1,"href":"https:\/\/www.tabanispartacus.hu\/tajfuto\/wordpress\/index.php?rest_route=\/wp\/v2\/pages\/5346\/revisions"}],"predecessor-version":[{"id":5347,"href":"https:\/\/www.tabanispartacus.hu\/tajfuto\/wordpress\/index.php?rest_route=\/wp\/v2\/pages\/5346\/revisions\/5347"}],"wp:attachment":[{"href":"https:\/\/www.tabanispartacus.hu\/tajfuto\/wordpress\/index.php?rest_route=%2Fwp%2Fv2%2Fmedia&parent=5346"}],"curies":[{"name":"wp","href":"https:\/\/api.w.org\/{rel}","templated":true}]}}