{"id":506,"date":"2012-07-12T14:24:22","date_gmt":"2012-07-12T12:24:22","guid":{"rendered":"http:\/\/tabanispartacus.wordpress.com\/?page_id=506"},"modified":"2015-05-08T17:11:36","modified_gmt":"2015-05-08T15:11:36","slug":"versenyeink-1963-ban","status":"publish","type":"page","link":"https:\/\/www.tabanispartacus.hu\/tajfuto\/wordpress\/?page_id=506","title":{"rendered":"Versenyeink 1963-ban"},"content":{"rendered":"<p>&nbsp;<\/p>\n<table width=\"100%\" border=\"0\" cellspacing=\"0\" cellpadding=\"10\">\n<tbody>\n<tr>\n<td align=\"center\" valign=\"top\" width=\"100%\">\n<p align=\"CENTER\">1963<\/p>\n<p align=\"LEFT\">TERM\u00c9SZETJ\u00c1R\u00c1S<br \/>\nNAGYSZER\u0170 K\u00dcZDELEM AZ \u00dcNNEPI T\u00c1J\u00c9KOZ\u00d3D\u00c1SI VERSENYEN<\/p>\n<p align=\"LEFT\">Nagykov\u00e1csi k\u00f6r\u00fcl rendezte meg a Bp. Spartacus az \u00fcnnepi t\u00e1j\u00e9koz\u00f3d\u00e1si versenyt. A f\u00e9rfi I. oszt\u00e1lyban rendk\u00edv\u00fcl nagy mez\u0151ny, 71 (!) indul\u00f3 v\u00e1gott neki a 14 km-es 1200 m szintk\u00fcl\u00f6nbs\u00e9g\u0171 p\u00e1ly\u00e1nak. Elindultak versenyen k\u00edv\u00fcl a csehszlov\u00e1k klubcsapatok versenyz\u0151i is. K\u00f6z\u00f6tt\u00fck a sokszoros v\u00e1logatott <strong>Novotny<\/strong> megverte az eg\u00e9sz magyar \u00e9lmez\u0151nyt, a csehszlov\u00e1k vegyes csapat pedig a m\u00e1sodik helyen v\u00e9gzett. Nagyszer\u0171 k\u00fczdelmet hozott a verseny.<\/p>\n<p align=\"LEFT\">Eredm\u00e9nyek<\/p>\n<p align=\"LEFT\"><strong>F\u00e9rfi I. o.<\/strong> 1. Skerletz (Bp. Honv\u00e9d) 2:44:27, 2. K\u0151v\u00e1ri (Bp. Pedag\u00f3gus) 2:51:13, 3. B\u00edr\u00f3 (BEAC), 3:22:15, 4. Dr V\u00f6r\u00f6s (BEAC), 5. Szarka (MAFC) 3:37:08, 6. Borosznoky (Bp. Honv\u00e9d) 3:39:11. <strong>Versenyen k\u00edv\u00fcl:<\/strong>1. Novotny (Gottwaldov) 2:33:30.<\/p>\n<p align=\"LEFT\"><strong>Csapatban<\/strong>: 1. Bp. Honv\u00e9d (Skerletz, Borosznoky, Thierring) 10:30:35, 2. Bp. Pedag\u00f3gus 10:56:41, 3. MAFC 11:19:08. Versenyen k\u00edv\u00fcl: 2. Gottwaldov-Slovan Bratislava vegyes 10:50:02.<\/p>\n<p align=\"LEFT\"><strong>N\u0151i egy\u00e9ni<\/strong>: 1. Gy\u0151ry (Bp. Pedag\u00f3gus) 2:25:10, 2. Monspart (Bp. Pedag\u00f3gus) 3:08:45, Holba (BEAC) 3:08:55.<\/p>\n<p align=\"LEFT\"><strong>Csapatban <\/strong>1. Bp. Pedag\u00f3gus II. (Gy\u0151ry, Monspart) 5:38:55, 2. Bp. Pedag\u00f3gus I. 6:48:31, 3. BEAC 6:51:20.<\/p>\n<p align=\"RIGHT\">N\u00e9psport 1963. november 11.<\/p>\n<p><strong><a href=\"http:\/\/www.tabanispartacus.hu\/tajfuto\/wordpress\/?page_id=34\">Vissza a Spari kup\u00e1k kezd\u0151oldal\u00e1ra<\/a><\/strong><\/td>\n<\/tr>\n<\/tbody>\n<\/table>\n","protected":false},"excerpt":{"rendered":"<p>&nbsp; 1963 TERM\u00c9SZETJ\u00c1R\u00c1S NAGYSZER\u0170 K\u00dcZDELEM AZ \u00dcNNEPI T\u00c1J\u00c9KOZ\u00d3D\u00c1SI VERSENYEN Nagykov\u00e1csi k\u00f6r\u00fcl rendezte meg a Bp. Spartacus az \u00fcnnepi t\u00e1j\u00e9koz\u00f3d\u00e1si versenyt. A f\u00e9rfi I. oszt\u00e1lyban rendk\u00edv\u00fcl nagy mez\u0151ny, 71 (!) indul\u00f3 v\u00e1gott neki a 14 km-es 1200 m szintk\u00fcl\u00f6nbs\u00e9g\u0171 p\u00e1ly\u00e1nak. Elindultak versenyen k\u00edv\u00fcl a csehszlov\u00e1k klubcsapatok versenyz\u0151i is. K\u00f6z\u00f6tt\u00fck a sokszoros v\u00e1logatott Novotny megverte az eg\u00e9sz &hellip; <a href=\"https:\/\/www.tabanispartacus.hu\/tajfuto\/wordpress\/?page_id=506\" class=\"more-link\"><span class=\"screen-reader-text\">Versenyeink 1963-ban<\/span> olvas\u00e1s\u00e1nak folytat\u00e1sa <span class=\"meta-nav\">&rarr;<\/span><\/a><\/p>\n","protected":false},"author":1,"featured_media":0,"parent":34,"menu_order":0,"comment_status":"closed","ping_status":"closed","template":"","meta":{"ngg_post_thumbnail":0},"_links":{"self":[{"href":"https:\/\/www.tabanispartacus.hu\/tajfuto\/wordpress\/index.php?rest_route=\/wp\/v2\/pages\/506"}],"collection":[{"href":"https:\/\/www.tabanispartacus.hu\/tajfuto\/wordpress\/index.php?rest_route=\/wp\/v2\/pages"}],"about":[{"href":"https:\/\/www.tabanispartacus.hu\/tajfuto\/wordpress\/index.php?rest_route=\/wp\/v2\/types\/page"}],"author":[{"embeddable":true,"href":"https:\/\/www.tabanispartacus.hu\/tajfuto\/wordpress\/index.php?rest_route=\/wp\/v2\/users\/1"}],"replies":[{"embeddable":true,"href":"https:\/\/www.tabanispartacus.hu\/tajfuto\/wordpress\/index.php?rest_route=%2Fwp%2Fv2%2Fcomments&post=506"}],"version-history":[{"count":1,"href":"https:\/\/www.tabanispartacus.hu\/tajfuto\/wordpress\/index.php?rest_route=\/wp\/v2\/pages\/506\/revisions"}],"predecessor-version":[{"id":2445,"href":"https:\/\/www.tabanispartacus.hu\/tajfuto\/wordpress\/index.php?rest_route=\/wp\/v2\/pages\/506\/revisions\/2445"}],"up":[{"embeddable":true,"href":"https:\/\/www.tabanispartacus.hu\/tajfuto\/wordpress\/index.php?rest_route=\/wp\/v2\/pages\/34"}],"wp:attachment":[{"href":"https:\/\/www.tabanispartacus.hu\/tajfuto\/wordpress\/index.php?rest_route=%2Fwp%2Fv2%2Fmedia&parent=506"}],"curies":[{"name":"wp","href":"https:\/\/api.w.org\/{rel}","templated":true}]}}