{"id":5051,"date":"2019-06-13T03:50:55","date_gmt":"2019-06-13T01:50:55","guid":{"rendered":"http:\/\/www.tabanispartacus.hu\/tajfuto\/wordpress\/?page_id=5051"},"modified":"2019-06-13T03:50:55","modified_gmt":"2019-06-13T01:50:55","slug":"gazdagret-kupa","status":"publish","type":"page","link":"https:\/\/www.tabanispartacus.hu\/tajfuto\/wordpress\/?page_id=5051","title":{"rendered":"Gazdagr\u00e9t Kupa"},"content":{"rendered":"\n<p style=\"text-align:left\"><a href=\"http:\/\/www.tabanispartacus.hu\/tajfuto\/wordpress\/wp-content\/uploads\/2019\/06\/r\u00f6vid.html\"><strong>R\u00f6vid p\u00e1lya eredm\u00e9nyek<\/strong><\/a><br><a href=\"http:\/\/www.tabanispartacus.hu\/tajfuto\/wordpress\/wp-content\/uploads\/2019\/06\/kozepes.html\"><strong>K\u00f6zepes p\u00e1lya eredm\u00e9nyek<\/strong><\/a><br><a href=\"http:\/\/www.tabanispartacus.hu\/tajfuto\/wordpress\/wp-content\/uploads\/2019\/06\/hosszu.html\"><strong>Hossz\u00fa p\u00e1lya eredm\u00e9nyek<\/strong><br><\/a><a href=\"http:\/\/www.tabanispartacus.hu\/tajfuto\/wordpress\/wp-content\/uploads\/2019\/06\/snooker.reszidok.html\"><strong>Snooker r\u00e9szid\u0151s eredm\u00e9nyek<\/strong><br><\/a><a href=\"http:\/\/www.tabanispartacus.hu\/tajfuto\/wordpress\/wp-content\/uploads\/2019\/06\/Snooker-Pontsz\u00e1m\u00edtott-Eredm\u00e9nyek.pdf\"><strong>Snooker pontsz\u00e1m\u00edtott eredm\u00e9nyek<\/strong><\/a><\/p>\n","protected":false},"excerpt":{"rendered":"<p>R\u00f6vid p\u00e1lya eredm\u00e9nyekK\u00f6zepes p\u00e1lya eredm\u00e9nyekHossz\u00fa p\u00e1lya eredm\u00e9nyekSnooker r\u00e9szid\u0151s eredm\u00e9nyekSnooker pontsz\u00e1m\u00edtott eredm\u00e9nyek<\/p>\n","protected":false},"author":1,"featured_media":0,"parent":0,"menu_order":0,"comment_status":"closed","ping_status":"closed","template":"","meta":{"ngg_post_thumbnail":0},"_links":{"self":[{"href":"https:\/\/www.tabanispartacus.hu\/tajfuto\/wordpress\/index.php?rest_route=\/wp\/v2\/pages\/5051"}],"collection":[{"href":"https:\/\/www.tabanispartacus.hu\/tajfuto\/wordpress\/index.php?rest_route=\/wp\/v2\/pages"}],"about":[{"href":"https:\/\/www.tabanispartacus.hu\/tajfuto\/wordpress\/index.php?rest_route=\/wp\/v2\/types\/page"}],"author":[{"embeddable":true,"href":"https:\/\/www.tabanispartacus.hu\/tajfuto\/wordpress\/index.php?rest_route=\/wp\/v2\/users\/1"}],"replies":[{"embeddable":true,"href":"https:\/\/www.tabanispartacus.hu\/tajfuto\/wordpress\/index.php?rest_route=%2Fwp%2Fv2%2Fcomments&post=5051"}],"version-history":[{"count":1,"href":"https:\/\/www.tabanispartacus.hu\/tajfuto\/wordpress\/index.php?rest_route=\/wp\/v2\/pages\/5051\/revisions"}],"predecessor-version":[{"id":5052,"href":"https:\/\/www.tabanispartacus.hu\/tajfuto\/wordpress\/index.php?rest_route=\/wp\/v2\/pages\/5051\/revisions\/5052"}],"wp:attachment":[{"href":"https:\/\/www.tabanispartacus.hu\/tajfuto\/wordpress\/index.php?rest_route=%2Fwp%2Fv2%2Fmedia&parent=5051"}],"curies":[{"name":"wp","href":"https:\/\/api.w.org\/{rel}","templated":true}]}}