{"id":504,"date":"2012-07-12T14:23:43","date_gmt":"2012-07-12T12:23:43","guid":{"rendered":"http:\/\/tabanispartacus.wordpress.com\/?page_id=504"},"modified":"2015-05-08T17:12:29","modified_gmt":"2015-05-08T15:12:29","slug":"versenyeink-1965-ben","status":"publish","type":"page","link":"https:\/\/www.tabanispartacus.hu\/tajfuto\/wordpress\/?page_id=504","title":{"rendered":"Versenyeink 1965-ben"},"content":{"rendered":"<p>&nbsp;<\/p>\n<table width=\"100%\" border=\"0\" cellspacing=\"0\" cellpadding=\"10\">\n<tbody>\n<tr>\n<td align=\"center\" valign=\"top\" width=\"100%\">\n<p align=\"center\">1965<\/p>\n<p align=\"LEFT\">NEMZETK\u00d6ZI NOVEMBER 7 T\u00c1J\u00c9KOZ\u00d3D\u00c1SI FUT\u00d3VERSENY<br \/>\nTata 1965.<\/p>\n<p align=\"LEFT\">Versenyb\u00edr\u00f3s\u00e1g eln.: Szondi Ferenc<br \/>\nP\u00e1lyakit\u0171z\u0151k: \u0150rsi Andr\u00e1s, Skerletz Iv\u00e1n, Sch\u0151nviszky L\u00e1szl\u00f3, Sch\u0151nviszky Gy\u00f6rgy<\/p>\n<p align=\"LEFT\">T\u00e9rk\u00e9p: 1:25.000 sz\u00ednes nyomtatott t\u00e9rk\u00e9p el\u0151re berajzolt p\u00e1ly\u00e1val Helyesb\u00edtve: 1965 szeptember Sch\u00f6nviszky Gy\u00f6rgy<br \/>\nPont\u00e9rint\u00e9s igazol\u00e1sa a t\u00e9rk\u00e9plapon el\u0151nyomtatott rovatokba t\u00f6rt\u00e9n\u0151 b\u00e9lyegz\u00e9ssel<\/p>\n<p>&nbsp;<\/p>\n<p align=\"LEFT\"><em>\u00d6t nemzet t\u00e1j\u00e9koz\u00f3d\u00e1si fut\u00f3i indultak a November 7-eml\u00e9kversenyen<br \/>\n<\/em>Nagy \u00e9rdekl\u0151d\u00e9s mellett bolg\u00e1r, csehszlov\u00e1k, NDK-beli, sv\u00e9d \u00e9s magyar csapatok r\u00e9szv\u00e9tel\u00e9vel zajlott le a tatai t\u00f3 k\u00f6rny\u00e9k\u00e9n a Bp. Spartacus t\u00e1j\u00e9koz\u00f3d\u00e1si versenye. A fut\u00f3k a t\u00f3 partj\u00e1r\u00f3l rajtoltak \u00faj felv\u00e9tel\u0171, sz\u00ednes t\u00e9rk\u00e9ppel. A terep mocsaras, \u00e9szaki jelleg\u0171 volt, b\u00e1r a t\u00e1j\u00e9koz\u00f3d\u00e1st a sok \u00fat megk\u00f6nny\u00edtette. Mind a n\u0151i, mind a f\u00e9rfi versenyen igen j\u00f3 id\u0151eredm\u00e9nyek sz\u00fclettek. A f\u00e9rfiakn\u00e1l ism\u00e9t a sv\u00e9dek bizonyultak a legjobbaknak, b\u00e1r a hazaiak ments\u00e9g\u00e9re sz\u00f3l, hogy a Bp Spartacus 4 v\u00e1logatott versenyz\u0151je ez alkalommal nem \u00e1llt rajthoz, hanem a verseny rendez\u00e9s\u00e9ben vett r\u00e9szt. A negyedik helyezett <strong>Helmuth Conrad<\/strong> sokszoros n\u00e9met bajnok, az idei \u00e9v legeredm\u00e9nyesebb n\u00e9met versenyz\u0151je, <strong>Galik<\/strong> pedig a csehszlov\u00e1k bajnoks\u00e1g m\u00e1sodik helyezettje. A n\u0151i versenyen a t\u00f6bbsz\u00f6r\u00f6s bajnok Pedag\u00f3gus l\u00e1nyok megmutatt\u00e1k, hogy nemzetk\u00f6zi versenyen is meg\u00e1llj\u00e1k a hely\u00fcket, hiszen a k\u00e9t f\u0151s csapatok k\u00f6z\u00f6tti versenyen az els\u0151 k\u00e9t helyet \u0151k vitt\u00e9k el. Az igen csinos m\u00e1sodik helyezett <strong>Linhartov\u00e1<\/strong> a csehszlov\u00e1k bajnoks\u00e1gon is m\u00e1sodik helyezett volt.<br \/>\nA f\u00e9rfi II. oszt\u00e1ly versenye ugyancsak a t\u00f3 k\u00f6rny\u00e9k\u00e9n ker\u00fclt megrendez\u00e9sre szombaton \u00e9jjel, az ifi versenyek pedig szombaton d\u00e9lut\u00e1n voltak a H\u00e1rmashat\u00e1rhegy k\u00f6rny\u00e9k\u00e9n.<\/p>\n<p align=\"LEFT\"><strong>F\u00e9rfi I. oszt\u00e1ly (t\u00e1v: 16 000 m\u00e9ter, szint 100 m\u00e9ter, 16 ellen\u0151rz\u0151 pont, 83 indul\u00f3):<\/strong> 1. Ulf H\u013akansson (\u00d6sterg\u00f6tlands Of) 1:28:08, 2. Sture Johansson (\u00d6sterg\u00f6tlands Of) 1:28:34, 3. Horv\u00e1th Attila (V\u00f6r\u00f6smarty Gimn.) 1:30:02, 4. Helmuth Conrad (TU Dresden) 1:30:06, 5. Svatoslav Galik (Gottwaldov) 1:30:41, 6. Dese\u0151 L\u00e1szl\u00f3 (Bp. Honv\u00e9d) 1:33:36.<\/p>\n<p>&nbsp;<\/p>\n<p align=\"LEFT\"><strong>Csapatban:<\/strong> 1 \u00d6sterg\u00f6tlands Of (H\u013akansson, Johansson, Hammarstr\u00f6m) 4:35:31. 2. V\u00f6r\u00f6smarty Gimn. 4:48:58. 3. BEAC 4:57:32.<\/p>\n<p align=\"LEFT\"><strong>F\u00e9rfi ifj\u00fas\u00e1gi (t\u00e1v: 9500 m, szint 400 m, 6 ellen\u0151rz\u0151 pont, 32 csapat):<\/strong> 1. Bp. Honv\u00e9d (Borosznoky F., Borosznoky L.) 1:05:38, 2. Szabads\u00e1g \u00fati Iskola 1:09:09, 3. Vas\u00fat\u00e9p\u00edt\u0151k 1:10:40.<\/p>\n<p align=\"LEFT\"><strong>N\u0151i I. oszt\u00e1ly (t\u00e1v: 10 000 m, szint: 50 m, 11 ellen\u0151rz\u0151 pont, 38 f\u0151):<\/strong> 1: Monszpart Sarolta (Bp. Pedag\u00f3gus) 1:05:11, 2. Linhartov\u00e1 (Gottwaldov) 1:12:14, 3. Gy\u0151ry Edit (Bp. Pedag\u00f3gus) 1:13:40, 4. Cser Borb\u00e1la (Bp. Pedag\u00f3gus) 1:16:03, 5. Tasenov\u00e1 (Sz\u00f3fia) 1:17:52, 6. Heged\u0171s \u00c1gnes (BEAC) 1:18:06. <strong>Csapatban: <\/strong>1. Bp. Pedag\u00f3gus I. (Monszpart, Gy\u0151ry) 2:18:51, 2. Bp. Pedaag\u00f3gus II. 2:40:33, 3. Sz\u00f3fia 2:41:06.<\/p>\n<p align=\"LEFT\">N\u0151i ifj\u00fas\u00e1gi (t\u00e1v: 7500 m, szint: 400 m, 6 ellen\u0151rz\u0151 pont, 9 csapat): 1. Pedag\u00f3gus I (P\u00e1l, Szegedi) 1:43:23, 2. Szabads\u00e1g \u00fati Iskola 1:46:15, 3. Bp. Pedag\u00f3gus II. 1:53:25.<\/p>\n<p align=\"right\">N\u00e9psport 1965. november 9.<\/p>\n<p><strong><a href=\"http:\/\/www.tabanispartacus.hu\/tajfuto\/wordpress\/?page_id=34\">Vissza a Spari kup\u00e1k kezd\u0151oldal\u00e1ra<\/a><\/strong><\/td>\n<\/tr>\n<\/tbody>\n<\/table>\n","protected":false},"excerpt":{"rendered":"<p>&nbsp; 1965 NEMZETK\u00d6ZI NOVEMBER 7 T\u00c1J\u00c9KOZ\u00d3D\u00c1SI FUT\u00d3VERSENY Tata 1965. Versenyb\u00edr\u00f3s\u00e1g eln.: Szondi Ferenc P\u00e1lyakit\u0171z\u0151k: \u0150rsi Andr\u00e1s, Skerletz Iv\u00e1n, Sch\u0151nviszky L\u00e1szl\u00f3, Sch\u0151nviszky Gy\u00f6rgy T\u00e9rk\u00e9p: 1:25.000 sz\u00ednes nyomtatott t\u00e9rk\u00e9p el\u0151re berajzolt p\u00e1ly\u00e1val Helyesb\u00edtve: 1965 szeptember Sch\u00f6nviszky Gy\u00f6rgy Pont\u00e9rint\u00e9s igazol\u00e1sa a t\u00e9rk\u00e9plapon el\u0151nyomtatott rovatokba t\u00f6rt\u00e9n\u0151 b\u00e9lyegz\u00e9ssel &nbsp; \u00d6t nemzet t\u00e1j\u00e9koz\u00f3d\u00e1si fut\u00f3i indultak a November 7-eml\u00e9kversenyen Nagy \u00e9rdekl\u0151d\u00e9s mellett &hellip; <a href=\"https:\/\/www.tabanispartacus.hu\/tajfuto\/wordpress\/?page_id=504\" class=\"more-link\"><span class=\"screen-reader-text\">Versenyeink 1965-ben<\/span> olvas\u00e1s\u00e1nak folytat\u00e1sa <span class=\"meta-nav\">&rarr;<\/span><\/a><\/p>\n","protected":false},"author":1,"featured_media":0,"parent":34,"menu_order":0,"comment_status":"closed","ping_status":"closed","template":"","meta":{"ngg_post_thumbnail":0},"_links":{"self":[{"href":"https:\/\/www.tabanispartacus.hu\/tajfuto\/wordpress\/index.php?rest_route=\/wp\/v2\/pages\/504"}],"collection":[{"href":"https:\/\/www.tabanispartacus.hu\/tajfuto\/wordpress\/index.php?rest_route=\/wp\/v2\/pages"}],"about":[{"href":"https:\/\/www.tabanispartacus.hu\/tajfuto\/wordpress\/index.php?rest_route=\/wp\/v2\/types\/page"}],"author":[{"embeddable":true,"href":"https:\/\/www.tabanispartacus.hu\/tajfuto\/wordpress\/index.php?rest_route=\/wp\/v2\/users\/1"}],"replies":[{"embeddable":true,"href":"https:\/\/www.tabanispartacus.hu\/tajfuto\/wordpress\/index.php?rest_route=%2Fwp%2Fv2%2Fcomments&post=504"}],"version-history":[{"count":1,"href":"https:\/\/www.tabanispartacus.hu\/tajfuto\/wordpress\/index.php?rest_route=\/wp\/v2\/pages\/504\/revisions"}],"predecessor-version":[{"id":2446,"href":"https:\/\/www.tabanispartacus.hu\/tajfuto\/wordpress\/index.php?rest_route=\/wp\/v2\/pages\/504\/revisions\/2446"}],"up":[{"embeddable":true,"href":"https:\/\/www.tabanispartacus.hu\/tajfuto\/wordpress\/index.php?rest_route=\/wp\/v2\/pages\/34"}],"wp:attachment":[{"href":"https:\/\/www.tabanispartacus.hu\/tajfuto\/wordpress\/index.php?rest_route=%2Fwp%2Fv2%2Fmedia&parent=504"}],"curies":[{"name":"wp","href":"https:\/\/api.w.org\/{rel}","templated":true}]}}