{"id":502,"date":"2012-07-12T14:23:12","date_gmt":"2012-07-12T12:23:12","guid":{"rendered":"http:\/\/tabanispartacus.wordpress.com\/?page_id=502"},"modified":"2012-07-12T14:23:12","modified_gmt":"2012-07-12T12:23:12","slug":"versenyeink-1966-ban","status":"publish","type":"page","link":"https:\/\/www.tabanispartacus.hu\/tajfuto\/wordpress\/?page_id=502","title":{"rendered":"Versenyeink 1966-ban"},"content":{"rendered":"<p>&nbsp;<\/p>\n<table width=\"100%\" border=\"0\" cellspacing=\"0\" cellpadding=\"10\">\n<tbody>\n<tr>\n<td align=\"center\" valign=\"top\" width=\"100%\">\n<p align=\"center\">1966<\/p>\n<p align=\"LEFT\">K\u0151h\u00e1ny\u00e1spuszta 1966. november 6-7.<\/p>\n<p align=\"LEFT\">T\u00e9rk\u00e9p: K\u00c1POLNAPUSZTA \u00c9K. K\u0150H\u00c1NY\u00c1SPUSZTA DNY<\/p>\n<p align=\"LEFT\">Helyesb\u00edt\u00e9s: 1966. VIII. Sch\u00f6nviszki Gy., Sch\u00f6nviszki L., Skerletz I.<\/p>\n<p align=\"LEFT\">1:25000 Alapszintk\u00f6z: 10 m<\/p>\n<p align=\"LEFT\">Egy\u00e9ni verseny saj\u00e1t berajzol\u00e1ssal, pont\u00e9rint\u00e9s igazol\u00e1sa a t\u00e9rk\u00e9pen b\u00e1rhol MTSz (Magyar Term\u00e9szetbar\u00e1t Sz\u00f6vets\u00e9g) gumib\u00e9lyegz\u0151 lenyomatokkal<\/p>\n<\/td>\n<\/tr>\n<\/tbody>\n<\/table>\n","protected":false},"excerpt":{"rendered":"<p>&nbsp; 1966 K\u0151h\u00e1ny\u00e1spuszta 1966. november 6-7. T\u00e9rk\u00e9p: K\u00c1POLNAPUSZTA \u00c9K. K\u0150H\u00c1NY\u00c1SPUSZTA DNY Helyesb\u00edt\u00e9s: 1966. VIII. Sch\u00f6nviszki Gy., Sch\u00f6nviszki L., Skerletz I. 1:25000 Alapszintk\u00f6z: 10 m Egy\u00e9ni verseny saj\u00e1t berajzol\u00e1ssal, pont\u00e9rint\u00e9s igazol\u00e1sa a t\u00e9rk\u00e9pen b\u00e1rhol MTSz (Magyar Term\u00e9szetbar\u00e1t Sz\u00f6vets\u00e9g) gumib\u00e9lyegz\u0151 lenyomatokkal<\/p>\n","protected":false},"author":1,"featured_media":0,"parent":34,"menu_order":0,"comment_status":"closed","ping_status":"closed","template":"","meta":{"ngg_post_thumbnail":0},"_links":{"self":[{"href":"https:\/\/www.tabanispartacus.hu\/tajfuto\/wordpress\/index.php?rest_route=\/wp\/v2\/pages\/502"}],"collection":[{"href":"https:\/\/www.tabanispartacus.hu\/tajfuto\/wordpress\/index.php?rest_route=\/wp\/v2\/pages"}],"about":[{"href":"https:\/\/www.tabanispartacus.hu\/tajfuto\/wordpress\/index.php?rest_route=\/wp\/v2\/types\/page"}],"author":[{"embeddable":true,"href":"https:\/\/www.tabanispartacus.hu\/tajfuto\/wordpress\/index.php?rest_route=\/wp\/v2\/users\/1"}],"replies":[{"embeddable":true,"href":"https:\/\/www.tabanispartacus.hu\/tajfuto\/wordpress\/index.php?rest_route=%2Fwp%2Fv2%2Fcomments&post=502"}],"version-history":[{"count":0,"href":"https:\/\/www.tabanispartacus.hu\/tajfuto\/wordpress\/index.php?rest_route=\/wp\/v2\/pages\/502\/revisions"}],"up":[{"embeddable":true,"href":"https:\/\/www.tabanispartacus.hu\/tajfuto\/wordpress\/index.php?rest_route=\/wp\/v2\/pages\/34"}],"wp:attachment":[{"href":"https:\/\/www.tabanispartacus.hu\/tajfuto\/wordpress\/index.php?rest_route=%2Fwp%2Fv2%2Fmedia&parent=502"}],"curies":[{"name":"wp","href":"https:\/\/api.w.org\/{rel}","templated":true}]}}