{"id":498,"date":"2012-07-12T14:21:59","date_gmt":"2012-07-12T12:21:59","guid":{"rendered":"http:\/\/tabanispartacus.wordpress.com\/?page_id=498"},"modified":"2012-07-12T14:21:59","modified_gmt":"2012-07-12T12:21:59","slug":"versenyeink-1971-ben","status":"publish","type":"page","link":"https:\/\/www.tabanispartacus.hu\/tajfuto\/wordpress\/?page_id=498","title":{"rendered":"Versenyeink 1971-ben"},"content":{"rendered":"<p>&nbsp;<\/p>\n<table width=\"100%\" border=\"0\" cellspacing=\"0\" cellpadding=\"10\">\n<tbody>\n<tr>\n<td align=\"center\" valign=\"top\" width=\"100%\">\n<p align=\"center\">1971<\/p>\n<p align=\"LEFT\">XIX. \u0084NOVEMBER 7\u0094 nemzetk\u00f6zi t\u00e1j\u00e9koz\u00f3d\u00e1si fut\u00f3verseny<br \/>\nCs\u00e1kv\u00e1r 1971. okt\u00f3ber 30-31.<br \/>\nRendez\u0151: az OKISZ-KIOSZ Sportoszt\u00e1ly megb\u00edz\u00e1s\u00e1b\u00f3l a SPARTACUS TE T\u00e1j\u00e9koz\u00f3d\u00e1si Fut\u00f3 Szakoszt\u00e1ly.<\/p>\n<p align=\"LEFT\">Szervez\u0151 titk\u00e1r :MOLDOV\u00c1NYI GYULA<\/p>\n<p align=\"JUSTIFY\"><span style=\"text-decoration:underline;\">VERSENYB\u00cdR\u00d3S\u00c1G:<br \/>\n<\/span>Eln\u00f6k : SZONDI FERENC<br \/>\nP\u00e1lyakit\u0171z\u0151k : Boz\u00e1n Gy\u00f6rgy egy\u00e9ni<br \/>\nSch\u00f6nviszky Gy\u00f6rgy v\u00e1lt\u00f3 Pataki Zsolt hazai<br \/>\n<strong>Titk\u00e1rok : Hossz\u00fa Aur\u00e9l V\u00e1mos J\u00e1nos<br \/>\n<\/strong>Nemzetk\u00f6zi \u00fcgyek : Sch\u00f6nviszky L\u00e1szl\u00f3<br \/>\nTechnikai felel\u0151s\u00f6k : Balogh Tam\u00e1s, Jelinek Istv\u00e1n, \u00d3hegyi Albin, Vittek Lajos<br \/>\nEllen\u0151rz\u0151b\u00edr\u00f3k : Sz\u00e1sz K\u00e1roly, Vekerdy Attila nemzetk\u00f6zi; Bazs\u00f3 K\u00e1roly, Nagy Ern\u0151 hazai<\/p>\n<p align=\"LEFT\"><span style=\"text-decoration:underline;\">T\u00edpus, forma, oszt\u00e1lyok:<br \/>\n<\/span>1971. okt\u00f3ber 30. F 19 Nemzetk\u00f6zi, I. oszt\u00e1ly\u00fa, egyfordul\u00f3s, nappali,<br \/>\nN 19 3&#215;1 f\u0151s egy\u00e9ni-csapatverseny.<br \/>\n1971. okt\u00f3ber 31. F 19 Nemzetk\u00f6zi, egyfordul\u00f3s, nappali,<br \/>\nN 19 3&#215;1 f\u0151s ny\u00edlt v\u00e1lt\u00f3verseny<\/p>\n<p align=\"LEFT\"><span style=\"text-decoration:underline;\">R\u00e9sztvev\u0151k sz\u00e1ma, \u00e9rt\u00e9kel\u00e9s, d\u00edjaz\u00e1s:<br \/>\n<\/span>Az egy\u00e9ni versenyeken a r\u00e9sztvev\u0151k sz\u00e1ma nincs korl\u00e1tozva. A csapateredm\u00e9nyt minden kateg\u00f3ri\u00e1ban a klub 3 legjobb fut\u00f3j\u00e1nak az id\u0151eredm\u00e9nye adja. Egy klubnak t\u00f6bb csapat\u00e1t is \u00e9rt\u00e9kelj\u00fck.<br \/>\nA v\u00e1lt\u00f3versenyeken a klubok t\u00f6bb csapatot is ind\u00edthatnak. T\u00f6bb klub vegyes csapatot is \u00f6ssze\u00e1ll\u00edthat.<br \/>\nD\u00edjaz\u00e1s: az egy\u00e9ni versenyek 1-3 helyezettjei \u00e9rem \u00e9s tiszteletd\u00edjat kapnak. Az 1-3 helyezett csapatok \u00e9s v\u00e1lt\u00f3k tagjai \u00e9remd\u00edjaz\u00e1sban r\u00e9szes\u00fclnek. A f\u00e9rfi \u00e9s n\u0151i csapatverseny gy\u0151ztesei 1 \u00e9vi id\u0151tartamra elnyerik az OKISZ-KIOSZ Sportoszt\u00e1ly \u00f6r\u00f6k\u00f6s v\u00e1ndord\u00edj\u00e1t. A gy\u0151ztes v\u00e1lt\u00f3k eml\u00e9kz\u00e1szl\u00f3t kapnak.<\/p>\n<p align=\"LEFT\"><span style=\"text-decoration:underline;\">K\u00f6lts\u00e9gek:<\/span> egy f\u0151 r\u00e9szv\u00e9teli k\u00f6lts\u00e9ge 130.-Ft. \/Bp-Bp-ig aut\u00f3busz 50.-Ft, helyi sz\u00e1ll\u00edt\u00e1s 24.-Ft, sz\u00e1ll\u00e1s 30.-Ft, t\u00e9rk\u00e9p 6.-Ft, friss\u00edt\u0151 10.-Ft, egy\u00e9b 10.-Ft\/ Saj\u00e1t g\u00e9pkocsival r\u00e9sztvev\u0151k k\u00f6lts\u00e9ge 60.-Ft, Edz\u0151k, vezet\u0151k k\u00f6lts\u00e9ge 100.-Ft<\/p>\n<p><em><\/em><\/p>\n<p align=\"LEFT\"><em>\u00c1LTAL\u00c1NOS TUDNIVAL\u00d3K<br \/>\n<\/em><span style=\"text-decoration:underline;\">Edz\u00e9si lehet\u0151s\u00e9g<\/span> 1971. okt. 29-\u00e9n 14-16 \u00f3r\u00e1ig a 18-as k\u00e9k aut\u00f3busz t\u00e9glagy\u00e1ri v\u00e9g\u00e1llom\u00e1s\u00e1n\u00e1l.<br \/>\n<span style=\"text-decoration:underline;\">Tal\u00e1lkoz\u00e1s<\/span> 1971. okt. 30-\u00e1n 6 \u00f3ra 15 perckor a Budapesti M\u0171szaki Egyetem el\u0151tt a benzink\u00fat mellett. K\u00fcl\u00f6n aut\u00f3buszokba felsz\u00e1ll\u00e1s a programf\u00fczetben mell\u00e9kelt jeggyel<br \/>\n<span style=\"text-decoration:underline;\">Versenyk\u00f6zpont<\/span> Cs\u00e1kv\u00e1r, M\u0171vel\u0151d\u00e9si H\u00e1z . G\u00e9pkocsival \u00e9rkez\u0151k itt jelentkezzenek 8 \u00f3r\u00e1ig.<br \/>\n<span style=\"text-decoration:underline;\">T\u00e9rk\u00e9p:<\/span> 1 : 20 000-es m\u00e9retar\u00e1ny\u00fa, 5 m-es alapszintvonalakkal, 4 sz\u00ednnyom\u00e1s\u00fa (a s\u00e1rga sz\u00ednt vil\u00e1gos barna helyettes\u00edti), 1971-ben helyesb\u00edtett.<br \/>\n<span style=\"text-decoration:underline;\">Ellen\u0151rz\u0151 pontok<\/span> \u00e9s pontmegnevez\u00e9sek magyarul \u00e9s n\u00e9met\u00fcl a t\u00e9rk\u00e9pen benyomtatva. Lyukaszt\u00e1st a t\u00e9rk\u00e9pen sorrendben k\u00e9rj\u00fck.<br \/>\n<span style=\"text-decoration:underline;\">C\u00e9l<\/span> a Vad\u00e1szr\u00e9t-i k\u00e1poln\u00e1n\u00e1l, ahol rajtsz\u00e1m ellen\u00e9ben forr\u00f3 te\u00e1t kapnak.<br \/>\n<span style=\"text-decoration:underline;\">Mosakod\u00e1s <\/span>n\u0151k r\u00e9sz\u00e9re a Versenyk\u00f6zpont melletti Szoci\u00e1lis Otthonban, f\u00e9rfiak r\u00e9sz\u00e9re az \u00c1llami G\u00e9pjav\u00edt\u00f3 \u00c1llom\u00e1son, a Versenyk\u00f6zpontt\u00f3l 1,4 km-re.<br \/>\n<span style=\"text-decoration:underline;\">Figyelmeztet\u00e9s!<\/span> Aki rajtsz\u00e1m\u00e1t elveszti vagy a c\u00e9lban nem adja le 30.- Ft k\u00e1rt\u00e9r\u00edt\u00e9st fizet.<\/p>\n<p align=\"LEFT\">F 19 I.<br \/>\nT\u00e1v: 12 800m Versenyid\u0151: 210\u0092<br \/>\nRajt: Nyereg<br \/>\n1. (1) Horpad\u00e1s<br \/>\n2. (2) Boz\u00f3t sz\u00e9le m\u00e9lyed\u00e9s<br \/>\n3. (3) Pihen\u0151<br \/>\n4. (4) Sziklafal alj\u00e1n<br \/>\n5. (5) Kis pihen\u0151<br \/>\n6. (6) Tiszt\u00e1sfolt<br \/>\n7. (7) \u00d6reg t\u00f6lgy a felhagyott nyilad\u00e9kban<br \/>\n8. (8) Ligetes sarka<br \/>\n9. (9) Ligetes sarka<br \/>\n10.(10) Szikl\u00e1s oldal<br \/>\n11.(11) G\u00f6d\u00f6r<br \/>\n12.(12) Dagonya<br \/>\n13.(13) Vadcsap\u00e1s el\u00e1gaz\u00e1s<br \/>\nC\u00e9l: R\u00e9t<\/p>\n<p align=\"LEFT\">N 19 I.<br \/>\nT\u00e1v: 7 650m Versenyid\u0151: 210\u0092<br \/>\nRajt: Nyereg<br \/>\n1. (14) Horpad\u00e1s<br \/>\n2. (15) Horpad\u00e1s<br \/>\n3. (16) Sziklagerinc \u00c9-i l\u00e1ba<br \/>\n4. (4) Sziklafal alj\u00e1n<br \/>\n5. (17) Sziklafal alj\u00e1n<br \/>\n6. (11) G\u00f6d\u00f6r<br \/>\n7. (12) Dagonya<br \/>\n8. (13) Vadcsap\u00e1s el\u00e1gaz\u00e1s<br \/>\nC\u00e9l: R\u00e9t<\/p>\n<p align=\"LEFT\">F 19 v\u00e1lt\u00f3verseny: 9900 m 12 pont 10100 m 13 pont 10300 m 13 pont 120\u0092<\/p>\n<p align=\"LEFT\">N 19 v\u00e1lt\u00f3verseny: 5500 m 7 pont 5500 m 8 pont 5900 m 9 pont 120\u0092<\/p>\n<p align=\"LEFT\">\n<p align=\"LEFT\"><strong>XIX. \u0084NOVEMBER 7\u0094 t\u00e1j\u00e9koz\u00f3d\u00e1si fut\u00f3verseny<br \/>\n<\/strong>Budai hegys\u00e9g, 1971. november 7.<\/p>\n<p align=\"LEFT\"><span style=\"text-decoration:underline;\">T\u00edpus, forma, oszt\u00e1lyok:<br \/>\n<\/span>F 35 Orsz\u00e1gos, II. oszt\u00e1ly\u00fa, egyfordul\u00f3s, nappali, 2&#215;1 f\u0151s egy\u00e9ni<br \/>\nF 19 F 17 N 19 N 17 Orsz\u00e1gos, II. oszt\u00e1ly\u00fa, egyfordul\u00f3s, nappali, 3&#215;1 f\u0151s egy\u00e9ni-csapatverseny.<br \/>\nF 19 F 15 N 15 Budapesti, Pest-, Fej\u00e9r-, Kom\u00e1rom- \u00e9s N\u00f3gr\u00e1d megyei II. oszt\u00e1ly\u00fa egyfordul\u00f3s, nappali 2&#215;1 f\u0151s egy\u00e9ni-csapatverseny.<br \/>\nF 21H Orsz\u00e1gos, megh\u00edv\u00e1sos, I. oszt\u00e1ly\u00fa, nappali, hossz\u00fat\u00e1v\u00fa, 2&#215;1 f\u0151s egy\u00e9ni-csapatverseny<\/p>\n<p align=\"LEFT\"><span style=\"text-decoration:underline;\">D\u00edjaz\u00e1s:<\/span> az egy\u00e9ni versenyek 1-3 helyezettjeit \u00e9s az 1-3 helyezett csapatok tagjai \u00e9remd\u00edjaz\u00e1sban r\u00e9szes\u00fclnek. Az F 19 \u00e9s az F 17 kateg\u00f3ri\u00e1k gy\u0151ztes csapatai 1 \u00e9vi id\u0151tartamra elnyerik az OKISZ-KIOSZ Sportoszt\u00e1ly \u00f6r\u00f6k\u00f6s v\u00e1ndord\u00edj\u00e1t.<\/p>\n<p align=\"LEFT\"><span style=\"text-decoration:underline;\">K\u00f6lts\u00e9gek:<\/span> Egy f\u0151 r\u00e9szv\u00e9teli k\u00f6lts\u00e9ge 12.-Ft \/4.-Ft t\u00e9rk\u00e9p, 4.-Ft friss\u00edt\u0151, 4.-Ft egy\u00e9b\/. Az F 21H kateg\u00f3ri\u00e1ban egy f\u0151 r\u00e9szv\u00e9teli k\u00f6lts\u00e9ge 18.-Ft, ahol a p\u00e1ly\u00e1n is biztos\u00edtunk friss\u00edt\u0151t. \u00datik\u00f6lts\u00e9g: a Versenyk\u00f6zpont \u0084K\u00e9k aut\u00f3busszal\u0094 el\u00e9rhet\u0151.<\/p>\n<\/td>\n<\/tr>\n<\/tbody>\n<\/table>\n","protected":false},"excerpt":{"rendered":"<p>&nbsp; 1971 XIX. \u0084NOVEMBER 7\u0094 nemzetk\u00f6zi t\u00e1j\u00e9koz\u00f3d\u00e1si fut\u00f3verseny Cs\u00e1kv\u00e1r 1971. okt\u00f3ber 30-31. Rendez\u0151: az OKISZ-KIOSZ Sportoszt\u00e1ly megb\u00edz\u00e1s\u00e1b\u00f3l a SPARTACUS TE T\u00e1j\u00e9koz\u00f3d\u00e1si Fut\u00f3 Szakoszt\u00e1ly. Szervez\u0151 titk\u00e1r :MOLDOV\u00c1NYI GYULA VERSENYB\u00cdR\u00d3S\u00c1G: Eln\u00f6k : SZONDI FERENC P\u00e1lyakit\u0171z\u0151k : Boz\u00e1n Gy\u00f6rgy egy\u00e9ni Sch\u00f6nviszky Gy\u00f6rgy v\u00e1lt\u00f3 Pataki Zsolt hazai Titk\u00e1rok : Hossz\u00fa Aur\u00e9l V\u00e1mos J\u00e1nos Nemzetk\u00f6zi \u00fcgyek : Sch\u00f6nviszky L\u00e1szl\u00f3 Technikai &hellip; <a href=\"https:\/\/www.tabanispartacus.hu\/tajfuto\/wordpress\/?page_id=498\" class=\"more-link\"><span class=\"screen-reader-text\">Versenyeink 1971-ben<\/span> olvas\u00e1s\u00e1nak folytat\u00e1sa <span class=\"meta-nav\">&rarr;<\/span><\/a><\/p>\n","protected":false},"author":1,"featured_media":0,"parent":34,"menu_order":0,"comment_status":"closed","ping_status":"closed","template":"","meta":{"ngg_post_thumbnail":0},"_links":{"self":[{"href":"https:\/\/www.tabanispartacus.hu\/tajfuto\/wordpress\/index.php?rest_route=\/wp\/v2\/pages\/498"}],"collection":[{"href":"https:\/\/www.tabanispartacus.hu\/tajfuto\/wordpress\/index.php?rest_route=\/wp\/v2\/pages"}],"about":[{"href":"https:\/\/www.tabanispartacus.hu\/tajfuto\/wordpress\/index.php?rest_route=\/wp\/v2\/types\/page"}],"author":[{"embeddable":true,"href":"https:\/\/www.tabanispartacus.hu\/tajfuto\/wordpress\/index.php?rest_route=\/wp\/v2\/users\/1"}],"replies":[{"embeddable":true,"href":"https:\/\/www.tabanispartacus.hu\/tajfuto\/wordpress\/index.php?rest_route=%2Fwp%2Fv2%2Fcomments&post=498"}],"version-history":[{"count":0,"href":"https:\/\/www.tabanispartacus.hu\/tajfuto\/wordpress\/index.php?rest_route=\/wp\/v2\/pages\/498\/revisions"}],"up":[{"embeddable":true,"href":"https:\/\/www.tabanispartacus.hu\/tajfuto\/wordpress\/index.php?rest_route=\/wp\/v2\/pages\/34"}],"wp:attachment":[{"href":"https:\/\/www.tabanispartacus.hu\/tajfuto\/wordpress\/index.php?rest_route=%2Fwp%2Fv2%2Fmedia&parent=498"}],"curies":[{"name":"wp","href":"https:\/\/api.w.org\/{rel}","templated":true}]}}