{"id":496,"date":"2012-07-12T14:21:15","date_gmt":"2012-07-12T12:21:15","guid":{"rendered":"http:\/\/tabanispartacus.wordpress.com\/?page_id=496"},"modified":"2012-07-12T14:21:15","modified_gmt":"2012-07-12T12:21:15","slug":"versenyeink-1973-ban","status":"publish","type":"page","link":"https:\/\/www.tabanispartacus.hu\/tajfuto\/wordpress\/?page_id=496","title":{"rendered":"Versenyeink 1973-ban"},"content":{"rendered":"<p>&nbsp;<\/p>\n<table width=\"100%\" border=\"0\" cellspacing=\"0\" cellpadding=\"10\">\n<tbody>\n<tr>\n<td align=\"center\" valign=\"top\" width=\"100%\">\n<p align=\"center\">1973<\/p>\n<p align=\"LEFT\"><strong><\/strong>XXI. \u0084NOVEMBER 7\u0094 NEMZETK\u00d6ZI T\u00c1J\u00c9KOZ\u00d3D\u00c1SI FUT\u00d3VERSENY<br \/>\nSz\u00e1rliget, 1973. november 3-4.<\/p>\n<p align=\"LEFT\">RENDEZ\u0150: OKISZ-KIOSZ Sportoszt\u00e1ly megb\u00edz\u00e1s\u00e1b\u00f3l a SPARTACUS TE T\u00e1j\u00e9koz\u00f3d\u00e1si Fut\u00f3 Szakoszt\u00e1lya<br \/>\nSzervez\u0151titk\u00e1r: Moldov\u00e1nyi Gyula 1088 Budapest, Szentkir\u00e1lyi u. 26. Tel.:338-711<\/p>\n<p align=\"LEFT\">VERSENYB\u00cdR\u00d3S\u00c1G<br \/>\nEln\u00f6k: Szondi Ferenc<br \/>\nEln\u00f6khelyettes: Sch\u00f6nviszky Gy\u00f6rgy<br \/>\nP\u00e1lyakit\u0171z\u0151k: Boz\u00e1n Gy\u00f6rgy &#8211; egy\u00e9ni, Balogh Tam\u00e1s &#8211; v\u00e1lt\u00f3<br \/>\nTitk\u00e1r: Nagy Ern\u0151<br \/>\nNemzetk\u00f6zi \u00fcgyek: B\u00e1rsony Andr\u00e1s, Monspart Sarolta, Turch\u00e1nyi Piroska<br \/>\nSz\u00f6vets\u00e9gi ellen\u0151r: Valtinyi L\u00e1szl\u00f3<br \/>\nTechnikai \u00fcgyek: \u00d3hegyi Albin, Vittek Lajos<\/p>\n<p align=\"LEFT\">T\u00e9rk\u00e9p: Zuppa M 1 : 20 000 \/ 5m Helyesb\u00edtette \u00e9s rajzolta Boz\u00e1n Gy\u00f6rgy<\/p>\n<p align=\"LEFT\"><strong>Eredm\u00e9nyek<\/strong><\/p>\n<p align=\"LEFT\">Egy\u00e9ni verseny<br \/>\n<em>F &#8211; H 21 E 12,2 km 16 pont 68\/62 f\u0151<br \/>\n<\/em>1. Matti M\u00e4kinen Angelniemen Ankkuri\/F 1.22.22<br \/>\n2. Heged\u0171s Andr\u00e1s BEAC 1.24.22<br \/>\n3. Boros Zolt\u00e1n Egri Spartacus 1:31:56<br \/>\n4. Tuomo Peltola Liedon Parma\/F 1:32:17<br \/>\n5. Rolf Jacobsson OK Nacke\/S 1:33:30<br \/>\n6. Andrej Duda \/CS 1:34:42<\/p>\n<p align=\"LEFT\"><em>N &#8211; D19 E 6,1 km 8 pont 38\/36 f\u0151<br \/>\n<\/em>1. Monspart Sarolta Spartacus TE 48.48<br \/>\n2. Fodor Cec\u00edlia BEAC 58:07<br \/>\n3. Cser Borb\u00e1la BEAC 58:34<br \/>\n4. Szopori \u00c9va Spartacus TE 59:09<br \/>\n5. Schmidmeister Ilona Spartacus TE 1:01:30<\/p>\n<p align=\"LEFT\">F -H 21 B 9,0 km 9 pont 104\/101 f\u0151<br \/>\n1. Ijj\u00e1sz Istv\u00e1n PVSK 1.01.10<\/p>\n<p align=\"LEFT\">F -H 17 A 8,2 km 11 pont 51\/48<br \/>\n1. Hark\u00e1nyi Csaba K. Lombik 1:16:06<\/p>\n<p align=\"LEFT\">N &#8211; D 17 A 4,0 km 5 pont 29\/27<br \/>\n1. Dobosi Erzs\u00e9bet Spartacus TE 34:55<br \/>\n8. Jen\u0151v\u00e1ri Gabriella Spartacus TE 45:01<br \/>\n11.Dobosi Kl\u00e1ra Spartacus TE 49:38<\/p>\n<p align=\"LEFT\">V\u00e1lt\u00f3verseny t\u00e1v pontok etap gy\u0151ztes elindult v. sz.<br \/>\nF &#8211; H 21 A<br \/>\n1. 7,8 km 12 Vincze Istv\u00e1n 52:11 54<br \/>\n2. 7,4 9 Veikko Kiili 46:15 53<br \/>\n3. 7,5 11 Matti M\u00e4kinen 48:54 45<\/p>\n<p align=\"LEFT\">1. Angelniemen Ankkuri I.\/SF Manonnen, Klemel\u00e4, M\u00e4kinen 2:32:16 40 \u00e9rt\u00e9kelhet\u0151 csp.<br \/>\n2. Liedon Parma \/F M\u00e4kelainen, Kiili, Peltola 2:33:40<br \/>\n3. TJ. Gottwaldov \/CS Korensky, Rudle, Galik 2:43:13<\/p>\n<p align=\"LEFT\">N &#8211; D 19 A<br \/>\n1. 4,3 7 Rost\u00e1s Ir\u00e9n 42:26 21<br \/>\n2. 4,4 7 Szopori \u00c9va 44:39 21<br \/>\n3. 4,5 6 Monszpart Sarolta 38:23 20<\/p>\n<p align=\"LEFT\">1. Spartacus TE II. Schmidmeister, Szopori, Monszpart 2:06:02 18 \u00e9rt\u00e9kelhet\u0151 csp.<br \/>\n2. BEAC Fodor, Heged\u0171s, Cser 2:22:25<br \/>\n4. Spartacus I. Jen\u0151v\u00e1ri, Dobosi K., Dobosi E. 2:29:37<\/p>\n<p align=\"LEFT\">F &#8211; H 17 B 1. 5,0 6 Heged\u0171s \u00c1bel 37:05 19<br \/>\n2. 5,1 8 Hark\u00e1nyi Csaba 46:01 18<br \/>\n3. 5,0 7 Hark\u00e1nyi \u00c1d\u00e1m 48:04 17<\/p>\n<p align=\"LEFT\">1. K\u0151b. Lombik K\u00f6nyves T\u00f3th M.,Hark\u00e1nyi, Hark\u00e1nyi 2:18:00 15 \u00e9rt\u00e9kelhet\u0151 csp.<br \/>\n2. BEAC I.. Heged\u0171s, Quirico, Nagy A. 2:20:52<br \/>\n3. Tipogr\u00e1fia T\u00f3th J., V\u00edgh S., Pap L. 2:21:00<\/p>\n<p align=\"LEFT\">PESK\u0150T\u0150L \u0096 ZUPP\u00c1IG<br \/>\nAmikor 1950-ben az OKISZ szervez\u00e9s\u00e9ben megalakult az OKISZ Term\u00e9szetj\u00e1r\u00f3 Szakoszt\u00e1ly\u0094, senki sem sejtette m\u00e9g, hogy a magyar t\u00e1j\u00e9koz\u00f3d\u00e1si fut\u00e1s eddigi t\u00f6rt\u00e9nete legeredm\u00e9nyesebb szakoszt\u00e1ly\u00e1nak alapjait rakt\u00e1k le. 1953-ban a szakoszt\u00e1ly m\u00e1r el\u00e9g felk\u00e9sz\u00fclt volt ahhoz, hogy az okisz kezdem\u00e9nyez\u00e9s\u00e9re megrendezze els\u0151 kupaverseny\u00e9t: a \u0084Nagy Okt\u00f3beri Szocialista Forradalom Term\u00e9szetj\u00e1r\u00f3 Eml\u00e9kverseny\u0094-t. Ez a gerecsei Pesk\u0151 k\u00f6rny\u00e9k\u00e9n m\u00e9g igazi term\u00e9szetj\u00e1r\u00f3 verseny volt, 2&#215;2 f\u0151s \u00e9jjel-nappali csapatverseny form\u00e1j\u00e1ban. A gy\u0151zelmet az eg\u00e9sz magyar \u00e9lmez\u0151ny el\u0151tt a Budapesti M\u0171szaki Egyetem Halad\u00e1s SE szerezte meg.<br \/>\nHossz\u00fa \u00e9vek teltek bele, m\u00edg ez a verseny is eljutott fejl\u0151d\u00e9sben oda, hogy m\u00e1r t\u00e1j\u00e9koz\u00f3d\u00e1si versenynek nevezhetj\u00fck, de a hazai versenyek k\u00f6z\u00f6tt mindig kiemelked\u0151 szerepet j\u00e1tszott. Az egym\u00e1st k\u00f6vet\u0151 \u0084November 7.\u0094 versenyek egyre sz\u00ednvonalasabbak lettek \u00e9s egyre kevesebb szerepe volt a v\u00e9letlen szerencs\u00e9nek a gy\u0151zelem megszerz\u00e9s\u00e9ben.<br \/>\nA X. November 7. versenyt 1962-ben S\u00edkf\u0151k\u00fat \u00e9s Eger k\u00f6z\u00f6tt egy\u00e9ni csapatverseny form\u00e1j\u00e1ban bonyol\u00edtottuk le. Erre az alkalomra m\u00e1r helyesb\u00edtett\u00fck a versenyt\u00e9rk\u00e9pet, s\u0151t k\u00fcl\u00f6n \u00e9rt\u00e9kelt\u00fck az egy\u00e9ni eredm\u00e9nyt is, amelyet K\u0151v\u00e1ri Endre szerzett meg.<br \/>\n1963-ban pedig m\u00e1r nemzetk\u00f6zi verseny lett \u00e9s mindj\u00e1rt a cseh Jind\u0159ich Novotny gy\u0151zelm\u00e9t hozta. A XII. November 7. verseny\u00fcnkre pedig elk\u00e9sz\u00edtett\u00fck a teljes eg\u00e9sz\u00e9ben jav\u00edtott t\u00e9rk\u00e9pet \u00e9s ugyanakkor v\u00e1lt lehet\u0151v\u00e9 az ifj\u00fas\u00e1gi versenyz\u0151k r\u00e9szv\u00e9tele is.<br \/>\n1965. fordulatot jelentett a versenyek t\u00f6rt\u00e9net\u00e9ben, mivel m\u00e1r nemcsak jav\u00edtott, hanem sz\u00ednes nyomat\u00fa t\u00e9rk\u00e9pet adtunk a m\u00e1r sv\u00e9d, bolg\u00e1r, \u00e9s n\u00e9met versenyz\u0151kkel b\u0151v\u00fclt nagysz\u00e1m\u00fa r\u00e9sztvev\u0151k kez\u00e9be.<br \/>\n1966-t\u00f3l m\u00e1r hatodik alkalommal rendezz\u00fck verseny\u00fcnket a V\u00e9rtesben \u00e9s az\u00f3ta m\u00e1r k\u00e9tnaposra b\u0151v\u00fclt a v\u00e1lt\u00f3versennyel. Ekkor jutottak el Spartacus versenyz\u0151k Skandin\u00e1vi\u00e1ba, ami m\u00e1r megl\u00e1tszott a verseny lebonyol\u00edt\u00e1s\u00e1n, de nem utols\u00f3 sorban a j\u00f3 terepkiv\u00e1laszt\u00e1son \u00e9s a modern p\u00e1lyakit\u0171z\u00e9sen is.<br \/>\n1968-ban el\u0151sz\u00f6r vettek r\u00e9szt rom\u00e1n, lengyel \u00e9s osztr\u00e1k versenyz\u0151k, 1969-ben pedig m\u00e1r norv\u00e9g \u00e9s d\u00e1n versenyz\u0151ket is \u00fcdv\u00f6z\u00f6lhett\u00fcnk a XVII. November 7. verseny\u00fcnk\u00f6n.<br \/>\nMajd 1970-ben \u00e9s 1971-ben a versenyp\u00e1ly\u00e1kat \u00e9s a pontmegnevez\u00e9seket is r\u00e1nyomtattuk a t\u00e9rk\u00e9pre. 1972-ben pedig visszat\u00e9rt\u00fcnk r\u00e9gi hagyom\u00e1nyos terep\u00fcnkre: a Pilis hegys\u00e9gbe. Rem\u00e9lj\u00fck, hogy a fejl\u0151d\u00e9s nem \u00e1ll meg \u00e9s ez a XXI. verseny is m\u00e9lt\u00f3 lesz a legnagyobb magyar kupaversenyekhez.<br \/>\nV\u00e9g\u00fcl ki kell emelni, hogy a szakoszt\u00e1ly f\u00e9rfi versenyz\u0151i az elm\u00falt 22 \u00e9v alatt 9 egy\u00e9ni \u00e9s 15 csapatbajnoks\u00e1got nyertek, m\u00edg a n\u0151k 7 egy\u00e9ni bajnoks\u00e1got szereztek. A kiemelked\u0151 hazai eredm\u00e9nyek mellett k\u00fclf\u00f6ld\u00f6n is sok siker sz\u00fcletett. De m\u00e9g ezek a sz\u00e9p sikerek is elhalv\u00e1nyodnak MONSPART SAROLTA vil\u00e1gbajnoki arany\u00e9rm\u00e9nek csillog\u00e1sa mellett, amely nem csak a Spartacus t\u00e1j\u00e9koz\u00f3d\u00e1si fut\u00f3k, hanem a magyar t\u00e1j\u00e9koz\u00f3d\u00e1si fut\u00f3sport dics\u0151s\u00e9g\u00e9t is jelentette.<\/p>\n<\/td>\n<\/tr>\n<\/tbody>\n<\/table>\n","protected":false},"excerpt":{"rendered":"<p>&nbsp; 1973 XXI. \u0084NOVEMBER 7\u0094 NEMZETK\u00d6ZI T\u00c1J\u00c9KOZ\u00d3D\u00c1SI FUT\u00d3VERSENY Sz\u00e1rliget, 1973. november 3-4. RENDEZ\u0150: OKISZ-KIOSZ Sportoszt\u00e1ly megb\u00edz\u00e1s\u00e1b\u00f3l a SPARTACUS TE T\u00e1j\u00e9koz\u00f3d\u00e1si Fut\u00f3 Szakoszt\u00e1lya Szervez\u0151titk\u00e1r: Moldov\u00e1nyi Gyula 1088 Budapest, Szentkir\u00e1lyi u. 26. Tel.:338-711 VERSENYB\u00cdR\u00d3S\u00c1G Eln\u00f6k: Szondi Ferenc Eln\u00f6khelyettes: Sch\u00f6nviszky Gy\u00f6rgy P\u00e1lyakit\u0171z\u0151k: Boz\u00e1n Gy\u00f6rgy &#8211; egy\u00e9ni, Balogh Tam\u00e1s &#8211; v\u00e1lt\u00f3 Titk\u00e1r: Nagy Ern\u0151 Nemzetk\u00f6zi \u00fcgyek: B\u00e1rsony Andr\u00e1s, Monspart &hellip; <a href=\"https:\/\/www.tabanispartacus.hu\/tajfuto\/wordpress\/?page_id=496\" class=\"more-link\"><span class=\"screen-reader-text\">Versenyeink 1973-ban<\/span> olvas\u00e1s\u00e1nak folytat\u00e1sa <span class=\"meta-nav\">&rarr;<\/span><\/a><\/p>\n","protected":false},"author":1,"featured_media":0,"parent":34,"menu_order":0,"comment_status":"closed","ping_status":"closed","template":"","meta":{"ngg_post_thumbnail":0},"_links":{"self":[{"href":"https:\/\/www.tabanispartacus.hu\/tajfuto\/wordpress\/index.php?rest_route=\/wp\/v2\/pages\/496"}],"collection":[{"href":"https:\/\/www.tabanispartacus.hu\/tajfuto\/wordpress\/index.php?rest_route=\/wp\/v2\/pages"}],"about":[{"href":"https:\/\/www.tabanispartacus.hu\/tajfuto\/wordpress\/index.php?rest_route=\/wp\/v2\/types\/page"}],"author":[{"embeddable":true,"href":"https:\/\/www.tabanispartacus.hu\/tajfuto\/wordpress\/index.php?rest_route=\/wp\/v2\/users\/1"}],"replies":[{"embeddable":true,"href":"https:\/\/www.tabanispartacus.hu\/tajfuto\/wordpress\/index.php?rest_route=%2Fwp%2Fv2%2Fcomments&post=496"}],"version-history":[{"count":0,"href":"https:\/\/www.tabanispartacus.hu\/tajfuto\/wordpress\/index.php?rest_route=\/wp\/v2\/pages\/496\/revisions"}],"up":[{"embeddable":true,"href":"https:\/\/www.tabanispartacus.hu\/tajfuto\/wordpress\/index.php?rest_route=\/wp\/v2\/pages\/34"}],"wp:attachment":[{"href":"https:\/\/www.tabanispartacus.hu\/tajfuto\/wordpress\/index.php?rest_route=%2Fwp%2Fv2%2Fmedia&parent=496"}],"curies":[{"name":"wp","href":"https:\/\/api.w.org\/{rel}","templated":true}]}}