{"id":494,"date":"2012-07-12T14:20:32","date_gmt":"2012-07-12T12:20:32","guid":{"rendered":"http:\/\/tabanispartacus.wordpress.com\/?page_id=494"},"modified":"2012-07-12T14:20:32","modified_gmt":"2012-07-12T12:20:32","slug":"versenyeink-1974-ben","status":"publish","type":"page","link":"https:\/\/www.tabanispartacus.hu\/tajfuto\/wordpress\/?page_id=494","title":{"rendered":"Versenyeink 1974-ben"},"content":{"rendered":"<p>&nbsp;<\/p>\n<table width=\"100%\" border=\"0\" cellspacing=\"0\" cellpadding=\"10\">\n<tbody>\n<tr>\n<td align=\"center\" valign=\"top\" width=\"100%\">\n<p align=\"center\">1974<\/p>\n<p align=\"LEFT\"><strong><\/strong>XXII. \u0084NOVEMBER 7\u0094 nemzetk\u00f6zi t\u00e1j\u00e9koz\u00f3d\u00e1si fut\u00f3verseny<br \/>\nTorny\u00f3-puszta 1974. 11. 02-03.<\/p>\n<p align=\"LEFT\">Rendez\u0151: az OKISZ-KIOSZ Testnevel\u00e9si \u00e9s Sportoszt\u00e1ly \u00e9s a SPARTACUS TE T\u00e1jfut\u00f3 Szakoszt\u00e1ly megb\u00edz\u00e1s\u00e1b\u00f3l a \u0084NOVEMBER 7\u0094 VERSENY SZERVEZ\u0150BIZOTTS\u00c1GA<\/p>\n<p align=\"LEFT\">Moldov\u00e1nyi Gyula eln\u00f6k<br \/>\n1088 Budapest, Szentkir\u00e1lyi u. 26. Tel.:338-711<\/p>\n<p align=\"JUSTIFY\"><span style=\"text-decoration:underline;\">Versenyb\u00edr\u00f3s\u00e1g:<br \/>\n<\/span>Eln\u00f6k: SZONDI Ferenc<br \/>\nEln\u00f6khelyettes: SCH\u00d6NVISZKY Gy\u00f6rgy<br \/>\nP\u00e1lyakit\u0171z\u0151k: BOZ\u00c1N Gy\u00f6rgy &#8211; egy\u00e9ni, BALOGH Tam\u00e1s &#8211; v\u00e1lt\u00f3<br \/>\nTitk\u00e1r: NAGY Ern\u0151<br \/>\nEllen\u0151rz\u0151b\u00edr\u00f3k: HAL\u00c1SZ Mikl\u00f3s, SZARKA Ern\u0151, SZ\u00c1SZ K\u00e1roly<\/p>\n<p align=\"LEFT\"><span style=\"text-decoration:underline;\">T\u00edpus, forma, kateg\u00f3ri\u00e1k:<br \/>\n<\/span>Nemzetk\u00f6zi egyfordul\u00f3s, nappali, 3&#215;1 f\u0151s egy\u00e9ni \u0096 csapatverseny az al\u00e1bbi kateg\u00f3ri\u00e1kban: F 21 Elit N 19 A F 17 A N 17 A F 21 B<br \/>\nNemzetk\u00f6zi nappali, 3&#215;1 f\u0151s v\u00e1lt\u00f3 verseny az al\u00e1bbi kateg\u00f3ri\u00e1kban: F 21 A N 19 A F 17 B<\/p>\n<p align=\"LEFT\"><span style=\"text-decoration:underline;\">R\u00e9sztvev\u0151k sz\u00e1ma \u00e9rt\u00e9kel\u00e9s, d\u00edjaz\u00e1s:<\/span> Az egy\u00e9ni versenyen a r\u00e9sztvev\u0151k sz\u00e1ma nincs korl\u00e1tozva. A csapatversenyek \u00e9rt\u00e9kel\u00e9s\u00e9n\u00e9l a klub 3 legjobb fut\u00f3j\u00e1nak az eredm\u00e9nye sz\u00e1m\u00edt. Egy klubnak t\u00f6bb csapat\u00e1t is \u00e9rt\u00e9kelj\u00fck.<\/p>\n<p align=\"LEFT\"><span style=\"text-decoration:underline;\">D\u00edjaz\u00e1s:<\/span> Az egy\u00e9ni F21 E kateg\u00f3ri\u00e1ban az 1-6 helyezett, a t\u00f6bbi kateg\u00f3ri\u00e1ban az 1-3 helyezett \u00e9rem d\u00edjaz\u00e1sban r\u00e9szes\u00fcl. A csapat \u00e9s v\u00e1lt\u00f3versenyeken az 1-3 helyezett csapatok tagjai \u00e9rmet kapnak. Az F21 E \u00e9s N19 A kateg\u00f3ri\u00e1ban a csapat- \u00e9s v\u00e1lt\u00f3verseny \u00f6sszes\u00edtett id\u0151eredm\u00e9nye alapj\u00e1n a gy\u0151ztesek egy \u00e9ves id\u0151tartamra az OKISZ \u00f6r\u00f6k\u00f6s v\u00e1ndord\u00edj\u00e1nak v\u00e9d\u0151i lesznek. A 2. \u00e9s 3. helyezett csapatok kup\u00e1t kapnak. Az egy\u00e9ni versenyeken az F21 E kateg\u00f3ria 1-10 helyezettje, az N19 A kateg\u00f3ria 1-6 helyezettje, az F21 B az F17 \u00e9s az N17 A kateg\u00f3ri\u00e1k 1-3 helyezettje tiszteletd\u00edjban r\u00e9szes\u00fcl.<\/p>\n<p align=\"LEFT\"><span style=\"text-decoration:underline;\">T\u00e9rk\u00e9p: <\/span>1974-ben helyesb\u00edtett t\u00f6bbsz\u00ednnyom\u00e1s\u00fa, 1:20.000 m\u00e9retar\u00e1ny\u00fa, 5 m\u00e9teres alapszintvonalakkal. \/Somly\u00f3v\u00e1r\/<\/p>\n<p align=\"LEFT\">Az 1974-es Nov. 7-en r\u00e9szt vett: az eg\u00e9sz sv\u00e9d v\u00e1logatott (13 f\u0151)az \u00fajdons\u00fclt f\u00e9rfi vil\u00e1gbajnokkal az \u00e9len: Bernt Frilen, Kjell-Erik St\u013ahl, N.J(?) Albinsson mellett: Anders G\u00e4rderud EM silvermedalj\u00f6r i hinderl\u00f6pning. A 32 f\u0151s csapatot ujs\u00e1g\u00edr\u00f3k \u00e9s a Sv\u00e9d R\u00e1di\u00f3 riportere is elk\u00eds\u00e9rte.<\/p>\n<\/td>\n<\/tr>\n<\/tbody>\n<\/table>\n","protected":false},"excerpt":{"rendered":"<p>&nbsp; 1974 XXII. \u0084NOVEMBER 7\u0094 nemzetk\u00f6zi t\u00e1j\u00e9koz\u00f3d\u00e1si fut\u00f3verseny Torny\u00f3-puszta 1974. 11. 02-03. Rendez\u0151: az OKISZ-KIOSZ Testnevel\u00e9si \u00e9s Sportoszt\u00e1ly \u00e9s a SPARTACUS TE T\u00e1jfut\u00f3 Szakoszt\u00e1ly megb\u00edz\u00e1s\u00e1b\u00f3l a \u0084NOVEMBER 7\u0094 VERSENY SZERVEZ\u0150BIZOTTS\u00c1GA Moldov\u00e1nyi Gyula eln\u00f6k 1088 Budapest, Szentkir\u00e1lyi u. 26. Tel.:338-711 Versenyb\u00edr\u00f3s\u00e1g: Eln\u00f6k: SZONDI Ferenc Eln\u00f6khelyettes: SCH\u00d6NVISZKY Gy\u00f6rgy P\u00e1lyakit\u0171z\u0151k: BOZ\u00c1N Gy\u00f6rgy &#8211; egy\u00e9ni, BALOGH Tam\u00e1s &#8211; v\u00e1lt\u00f3 &hellip; <a href=\"https:\/\/www.tabanispartacus.hu\/tajfuto\/wordpress\/?page_id=494\" class=\"more-link\"><span class=\"screen-reader-text\">Versenyeink 1974-ben<\/span> olvas\u00e1s\u00e1nak folytat\u00e1sa <span class=\"meta-nav\">&rarr;<\/span><\/a><\/p>\n","protected":false},"author":1,"featured_media":0,"parent":34,"menu_order":0,"comment_status":"closed","ping_status":"closed","template":"","meta":{"ngg_post_thumbnail":0},"_links":{"self":[{"href":"https:\/\/www.tabanispartacus.hu\/tajfuto\/wordpress\/index.php?rest_route=\/wp\/v2\/pages\/494"}],"collection":[{"href":"https:\/\/www.tabanispartacus.hu\/tajfuto\/wordpress\/index.php?rest_route=\/wp\/v2\/pages"}],"about":[{"href":"https:\/\/www.tabanispartacus.hu\/tajfuto\/wordpress\/index.php?rest_route=\/wp\/v2\/types\/page"}],"author":[{"embeddable":true,"href":"https:\/\/www.tabanispartacus.hu\/tajfuto\/wordpress\/index.php?rest_route=\/wp\/v2\/users\/1"}],"replies":[{"embeddable":true,"href":"https:\/\/www.tabanispartacus.hu\/tajfuto\/wordpress\/index.php?rest_route=%2Fwp%2Fv2%2Fcomments&post=494"}],"version-history":[{"count":0,"href":"https:\/\/www.tabanispartacus.hu\/tajfuto\/wordpress\/index.php?rest_route=\/wp\/v2\/pages\/494\/revisions"}],"up":[{"embeddable":true,"href":"https:\/\/www.tabanispartacus.hu\/tajfuto\/wordpress\/index.php?rest_route=\/wp\/v2\/pages\/34"}],"wp:attachment":[{"href":"https:\/\/www.tabanispartacus.hu\/tajfuto\/wordpress\/index.php?rest_route=%2Fwp%2Fv2%2Fmedia&parent=494"}],"curies":[{"name":"wp","href":"https:\/\/api.w.org\/{rel}","templated":true}]}}