{"id":4922,"date":"2019-04-25T22:47:07","date_gmt":"2019-04-25T20:47:07","guid":{"rendered":"http:\/\/www.tabanispartacus.hu\/tajfuto\/wordpress\/?page_id=4922"},"modified":"2019-04-25T23:42:38","modified_gmt":"2019-04-25T21:42:38","slug":"gladiator-kupa-eredmenyek","status":"publish","type":"page","link":"https:\/\/www.tabanispartacus.hu\/tajfuto\/wordpress\/?page_id=4922","title":{"rendered":"Gladi\u00e1tor kupa eredm\u00e9nyek"},"content":{"rendered":"\n<p><strong><a href=\"http:\/\/www.tabanispartacus.hu\/tajfuto\/wordpress\/wp-content\/uploads\/2019\/04\/rovid.htm\">R\u00f6vid p\u00e1lya<br><\/a><a href=\"http:\/\/www.tabanispartacus.hu\/tajfuto\/wordpress\/wp-content\/uploads\/2019\/04\/kozepes.htm\">K\u00f6zepes p\u00e1lya<br><\/a><a href=\"http:\/\/www.tabanispartacus.hu\/tajfuto\/wordpress\/wp-content\/uploads\/2019\/04\/hosszu.htm\">Hossz\u00fa p\u00e1lya<br><\/a><a href=\"http:\/\/www.tabanispartacus.hu\/tajfuto\/wordpress\/wp-content\/uploads\/2019\/04\/memoria.htm\">Tr\u00fckk\u00f6s p\u00e1lya<\/a><\/strong><\/p>\n","protected":false},"excerpt":{"rendered":"<p>R\u00f6vid p\u00e1lyaK\u00f6zepes p\u00e1lyaHossz\u00fa p\u00e1lyaTr\u00fckk\u00f6s p\u00e1lya<\/p>\n","protected":false},"author":1,"featured_media":0,"parent":0,"menu_order":0,"comment_status":"closed","ping_status":"closed","template":"","meta":{"ngg_post_thumbnail":0},"_links":{"self":[{"href":"https:\/\/www.tabanispartacus.hu\/tajfuto\/wordpress\/index.php?rest_route=\/wp\/v2\/pages\/4922"}],"collection":[{"href":"https:\/\/www.tabanispartacus.hu\/tajfuto\/wordpress\/index.php?rest_route=\/wp\/v2\/pages"}],"about":[{"href":"https:\/\/www.tabanispartacus.hu\/tajfuto\/wordpress\/index.php?rest_route=\/wp\/v2\/types\/page"}],"author":[{"embeddable":true,"href":"https:\/\/www.tabanispartacus.hu\/tajfuto\/wordpress\/index.php?rest_route=\/wp\/v2\/users\/1"}],"replies":[{"embeddable":true,"href":"https:\/\/www.tabanispartacus.hu\/tajfuto\/wordpress\/index.php?rest_route=%2Fwp%2Fv2%2Fcomments&post=4922"}],"version-history":[{"count":2,"href":"https:\/\/www.tabanispartacus.hu\/tajfuto\/wordpress\/index.php?rest_route=\/wp\/v2\/pages\/4922\/revisions"}],"predecessor-version":[{"id":4942,"href":"https:\/\/www.tabanispartacus.hu\/tajfuto\/wordpress\/index.php?rest_route=\/wp\/v2\/pages\/4922\/revisions\/4942"}],"wp:attachment":[{"href":"https:\/\/www.tabanispartacus.hu\/tajfuto\/wordpress\/index.php?rest_route=%2Fwp%2Fv2%2Fmedia&parent=4922"}],"curies":[{"name":"wp","href":"https:\/\/api.w.org\/{rel}","templated":true}]}}