{"id":492,"date":"2012-07-12T14:19:51","date_gmt":"2012-07-12T12:19:51","guid":{"rendered":"http:\/\/tabanispartacus.wordpress.com\/?page_id=492"},"modified":"2015-05-08T17:16:36","modified_gmt":"2015-05-08T15:16:36","slug":"versenyeink-1975-ben","status":"publish","type":"page","link":"https:\/\/www.tabanispartacus.hu\/tajfuto\/wordpress\/?page_id=492","title":{"rendered":"Versenyeink 1975-ben"},"content":{"rendered":"<p>&nbsp;<\/p>\n<table width=\"100%\" border=\"0\" cellspacing=\"0\" cellpadding=\"10\">\n<tbody>\n<tr>\n<td align=\"center\" valign=\"top\" width=\"100%\">\n<p align=\"center\">1975<\/p>\n<p align=\"LEFT\"><strong><\/strong>III. SPARTACUS \u00c9JSZAKAI KUPA T\u00c1J\u00c9KOZ\u00d3D\u00c1SI FUT\u00d3VERSENY<\/p>\n<p align=\"LEFT\">Rendez\u0151: Spartacus TE T\u00e1j\u00e9koz\u00f3d\u00e1si-fut\u00f3 Szakoszt\u00e1ly<br \/>\n1391 Budapest, V., Szt. Istv\u00e1n krt 13. (FEDOSZ)<\/p>\n<p align=\"LEFT\"><strong>Versenyb\u00edr\u00f3s\u00e1g:<\/strong><br \/>\nEln\u00f6k: BALOGH Tam\u00e1s<br \/>\nP\u00e1lyakit\u0171z\u0151k: BALOGH Tam\u00e1s WINGERT Istv\u00e1n<br \/>\nTitk\u00e1r: NAGY Ern\u0151<br \/>\nEllen\u0151rz\u0151b\u00edr\u00f3: MONSPART Sarolta<\/p>\n<p align=\"LEFT\">Id\u0151pont: 1975. m\u00e1rcius 15.<br \/>\nVerseny helye: Budai-hegyek, versenyk\u00f6zpont: Nagykov\u00e1csi<\/p>\n<p align=\"LEFT\">T\u00edpus, forma, kateg\u00f3ri\u00e1k, p\u00e1lyadatok:<br \/>\nOrsz\u00e1gos, \u00e9jszakai, min\u0151s\u00edt\u0151, 3&#215;1 f\u0151s egy\u00e9ni-csapatverseny<br \/>\nF 21 A 9-10 km 10 pont benevezett: 46 f\u0151 elindult: 40 f\u0151<br \/>\n<strong>F 17 B 7-8 km 7 pont 26 f\u0151 22 f\u0151<br \/>\n<\/strong>F 21 C 7-8 km 5 pont 11 f\u0151 9 f\u0151<\/p>\n<p align=\"LEFT\">D\u00edjaz\u00e1s: Az egy\u00e9ni versenyek \u00f6sszes\u00edtett pontverseny\u00e9ben gy\u0151ztes klub egy \u00e9vig v\u00e9di a SPARTACUS \u00c9JSZAKAI KUP\u00c1T.<\/p>\n<p align=\"LEFT\"><strong>II. SPARTACUS KUPA T\u00c1J\u00c9KOZ\u00d3D\u00c1SI FUT\u00d3VERSENY<\/strong><\/p>\n<p align=\"LEFT\"> Rendez\u0151: Spartacus TE T\u00e1j\u00e9koz\u00f3d\u00e1si-fut\u00f3 Szakoszt\u00e1ly<br \/>\n1391 Budapest, V., Szt. Istv\u00e1n krt 13. (FEDOSZ)<\/p>\n<p align=\"LEFT\">Versenyb\u00edr\u00f3s\u00e1g:<br \/>\nEln\u00f6k: SZONDI Ferenc<br \/>\nEln\u00f6khelyettes: PATAKI Zsolt<br \/>\nP\u00e1lyakit\u0171z\u0151k: \u00d3HEGYI Albin SZ\u0170CS Levente GYURK\u00d3 L\u00e1szl\u00f3<br \/>\nTitk\u00e1r: NAGY Ern\u0151<br \/>\nEllen\u0151rz\u0151b\u00edr\u00f3: M\u00c1TRAV\u00d6LGYI Istv\u00e1n NAGY Ern\u0151<\/p>\n<p align=\"LEFT\">Id\u0151pont: 1975. m\u00e1rcius 23.<\/p>\n<p align=\"LEFT\">Verseny helye: Budai-hegyek, versenyk\u00f6zpont: Nagykov\u00e1csi<\/p>\n<p align=\"LEFT\">T\u00edpus, forma, kateg\u00f3ri\u00e1k, p\u00e1lyadatok: Orsz\u00e1gos, nappali, min\u0151s\u00edt\u0151, egy\u00e9ni-csapatverseny<br \/>\nF 21 AH (3&#215;1) 25500 m \/ 1450 m \/ 23 pont benevezett: 71 f\u0151 indult 50 f\u0151<br \/>\nF 35 (2&#215;1) 5100 m \/ 100 m \/ 10 pont 10 f\u0151 4 f\u0151<br \/>\nF 21 B (3&#215;1) 10100 m \/ 250 m \/ 15 pont 79 f\u0151 72 f\u0151<br \/>\nF 17 B (3&#215;1) 7200 m \/ 200 m \/ 12 pont 60 f\u0151 56 f\u0151<br \/>\nN 19 A (3&#215;1) 6500 m \/ 140 m \/ 12 pont 57 f\u0151 51 f\u0151<br \/>\nN 17 B (3&#215;1) 4800 m \/ 100 m \/ 8 pont 36 f\u0151 25 f\u0151<br \/>\nF 21 C (2&#215;1) 6700 m \/ 150 m \/ 11 pont 93 f\u0151 64 f\u0151<br \/>\nN 19 C (2&#215;1) 5100 m \/ 130 m \/ 10 pont 41 f\u0151 32 f\u0151<br \/>\nF 17 C (2&#215;1) 5100 m \/ 160 m \/ 13 pont 40 f\u0151 30 f\u0151<br \/>\nN 17 C (2&#215;1) 3 f\u0151 (\u00f6sszevonva N17 B-vel)<br \/>\nF 15 C (2&#215;1) 3100 m \/ 60 m \/ 10 pont 59 f\u0151 51 f\u0151<br \/>\nN 15 C (2&#215;1) 3000 m \/ 50 m \/ 9 pont 39 f\u0151 29 f\u0151<\/p>\n<p align=\"JUSTIFY\">D\u00edjaz\u00e1s: Az egy\u00e9ni versenyek \u00f6sszes\u00edtett pontverseny\u00e9ben gy\u0151ztes klub egy \u00e9vig v\u00e9di a SPARTACUS KUP\u00c1T.<\/p>\n<p align=\"LEFT\">Terep, t\u00e9rk\u00e9p: Budai hegys\u00e9g, tengerszint feletti magass\u00e1ga 300-550 m\u00e9ter. 1971-72-ben helyesb\u00edtett, t\u00f6bbsz\u00ednnyom\u00e1s\u00fa 1:20.000 m\u00e9retar\u00e1ny\u00fa, 5 m\u00e9teres alapszintvonalakkal.<\/p>\n<p align=\"LEFT\">Versenyk\u00f6zpont: Nagykov\u00e1csi \u00c1ltal\u00e1nos Iskola (r\u00e9gi)<\/p>\n<p align=\"LEFT\"><strong>XXIII. \u0084NOVEMBER 7\u0094 nemzetk\u00f6zi t\u00e1j\u00e9koz\u00f3d\u00e1si fut\u00f3verseny<\/strong><br \/>\nV\u00e9rtessz\u0151l\u0151s 1975. 11. 07-08.<\/p>\n<p align=\"LEFT\">Rendez\u0151: az OKISZ-KIOSZ Testnevel\u00e9si \u00e9s Sportoszt\u00e1ly \u00e9s a SPARTACUS TE T\u00e1jfut\u00f3 Szakoszt\u00e1ly megb\u00edz\u00e1s\u00e1b\u00f3l a<\/p>\n<p align=\"LEFT\">\u0084NOVEMBER 7\u0094 VERSENY SZERVEZ\u0150BIZOTTS\u00c1GA<\/p>\n<p align=\"LEFT\">Moldov\u00e1nyi Gyula eln\u00f6k<br \/>\n1088 Budapest, Szentkir\u00e1lyi u. 26. Tel.:338-711<\/p>\n<p align=\"JUSTIFY\"><span style=\"text-decoration: underline;\">Versenyb\u00edr\u00f3s\u00e1g:<br \/>\n<\/span>Eln\u00f6k: Sch\u00f6nviszy Gy\u00f6rgy<br \/>\nEln\u00f6khelyettes: \u00d3hegyi Albin Pataki Zsolt<br \/>\nP\u00e1lyakit\u0171z\u0151k: Boz\u00e1n Gy\u00f6rgy &#8211; egy\u00e9ni, Balogh Tam\u00e1s &#8211; v\u00e1lt\u00f3<br \/>\nTitk\u00e1r: Nagy Ern\u0151<br \/>\nEllen\u0151rz\u0151b\u00edr\u00f3k: Vekerdy Attila egy\u00e9ni, Sz\u00e1sz K\u00e1roly v\u00e1lt\u00f3<\/p>\n<p align=\"LEFT\"><span style=\"text-decoration: underline;\">K\u00f6lts\u00e9gek:<\/span> Egy f\u0151 r\u00e9szv\u00e9teli k\u00f6lts\u00e9ge az egy\u00e9ni \u00e9s v\u00e1lt\u00f3versenyen 30.- Ft \/12.- t\u00e9rk\u00e9p, programf\u00fczet, 4.- friss\u00edt\u0151, 6.- \u00f6lt\u00f6z\u0151, f\u00fcrd\u0151, 8.- helyi sz\u00e1ll\u00edt\u00e1s\/.<\/p>\n<p align=\"LEFT\"><span style=\"text-decoration: underline;\">Utik\u00f6lts\u00e9g <\/span>Budapestr\u0151l oda-vissza \/50%\/ Tatab\u00e1nya als\u00f3ra 18.- Ft.<\/p>\n<p align=\"LEFT\"><span style=\"text-decoration: underline;\">T\u00e9rk\u00e9p:<\/span> 1:20.000 m\u00e9retar\u00e1ny\u00fa, 5 m\u00e9teres alapszintvonalakkal, 1974-ben helyesb\u00edtett. \/ \u00d6reg Kov\u00e1cs\/<\/p>\n<p align=\"LEFT\"><span style=\"text-decoration: underline;\">A t\u00e9rk\u00e9p nincs f\u00f3li\u00e1zva!<\/span><\/p>\n<p align=\"LEFT\"><span style=\"text-decoration: underline;\">Pontmegnevez\u00e9sek, k\u00f3dok<\/span> a programf\u00fczetben. Az ellen\u0151rz\u00e9s a pontokon lyukaszt\u00f3val t\u00f6rt\u00e9nik.<\/p>\n<p align=\"LEFT\"><span style=\"text-decoration: underline;\">Mosakod\u00e1s<\/span>i lehet\u0151s\u00e9g V\u00c9RTESSZ\u0150L\u0150S-\u00f6n lavorokb\u00f3l, az EDZ\u0150T\u00c1BOR-ban melegvizes zuhanyoz\u00e1s<\/p>\n<p align=\"LEFT\"><span style=\"text-decoration: underline;\">Elt\u00e9ved\u00e9s<\/span> eset\u00e9n jelentkez\u00e9s V\u00c9RTESSZ\u0150L\u0150S-\u00f6n a VK-ban.<\/p>\n<p align=\"LEFT\"><span style=\"text-decoration: underline;\">Figyelmeztet\u00e9s!<\/span> Aki a rajtsz\u00e1m\u00e1t elveszti, vagy a VK-ban nem adja le, 30.-Ft k\u00e1rt\u00e9r\u00edt\u00e9st k\u00f6teles fizetni.<\/p>\n<p align=\"CENTER\"><em>Az 1975. \u00e9vi \u0084NOVEMBER 7\u0094 verseny egy\u00e9ni p\u00e1ly\u00e1inak kialak\u00edt\u00e1sa a k\u00f6vetkez\u0151 szempontok figyelembe v\u00e9tel\u00e9vel t\u00f6rt\u00e9nt<\/em><\/p>\n<ul>\n<li>\n<p align=\"LEFT\">Versenytepeinket \u00e9rint\u0151 k\u00f6zponti gazd\u00e1lkod\u00e1s az id\u00e9n csak leversenyzett terepen tette lehet\u0151v\u00e9 a Nemzetk\u00f6zi November 7 verseny megrendez\u00e9s\u00e9t.<\/p>\n<\/li>\n<li>\n<p align=\"LEFT\">A versenyk\u00f6zpont, a rajt \u00e9s a c\u00e9l helye csak a kor\u00e1bbi versenyek\u00e9vel azonos helyre ker\u00fclhetett a nagy szintk\u00fcl\u00f6nbs\u00e9gekb\u0151l \u00e9s a terep megk\u00f6zel\u00edt\u00e9si lehet\u0151s\u00e9g\u00e9b\u0151l fakad\u00f3an.<\/p>\n<\/li>\n<li>\n<p align=\"LEFT\">A p\u00e1lya vonalvezet\u00e9s\u00e9re a terep perem\u00e9n k\u00f6rbefut\u00f3 p\u00e1lyavonal k\u00edn\u00e1lkozott, hogy a leversenyzett terepr\u00e9szeket lehet\u0151leg elker\u00fclje<\/p>\n<\/li>\n<li>\n<p align=\"LEFT\">A versenyz\u0151k viszonylagos terepismert\u00e9nek ellens\u00falyoz\u00e1s\u00e1ra kev\u00e9s, mark\u00e1ns pontb\u00f3l \u00e1ll\u00f3 \u00e9s \u00fatvonalv\u00e1laszt\u00e1si, \u00fatvonalk\u00f6vet\u00e9si k\u00e9szs\u00e9get ig\u00e9nyl\u0151 hossz\u00fa \u00e1tmeneteket tartalmaz\u00f3 p\u00e1lya k\u00e9sz\u00fclt.<\/p>\n<\/li>\n<li>\n<p align=\"LEFT\">Az ellen\u0151rz\u0151pontok mind t\u00e9rk\u00e9pen jel\u00f6lt \u00e9s fut\u00f3 versenyz\u0151 \u00e1ltal is \u00e9szrevehet\u0151 objektumok. A pontok k\u00f6z\u00e9 k\u00e9t g\u00f6d\u00f6r pont csak az\u00e9rt ker\u00fclhetett be, mert mindkett\u0151 s\u00edkrajzi vonalon, jelleghat\u00e1ron ill. \u00fat mellett fekszik.<\/p>\n<\/li>\n<li>\n<p align=\"LEFT\">A p\u00e1ly\u00e1k kialak\u00edt\u00e1sa elker\u00fclte nemcsak az azonos, de a k\u00fcl\u00f6nb\u00f6z\u0151 kateg\u00f3ri\u00e1j\u00fa versenyz\u0151k szembefut\u00e1s\u00e1t is.<\/p>\n<\/li>\n<li>\n<p align=\"LEFT\">A k\u00fcl\u00f6nb\u00f6z\u0151 kateg\u00f3ri\u00e1j\u00fa p\u00e1ly\u00e1k ikerpontok \u00e9s n\u00e9h\u00e1ny azonos \u00e1tmenet r\u00e9v\u00e9n k\u00f6z\u00f6s vonalvezet\u00e9s\u0171ek, hogy az A \u00e9s B oszt\u00e1ly\u00fa fut\u00f3k l\u00e1thass\u00e1k \u00e9s \u00e9lvezhess\u00e9k, hogy egy\u00fctt versenyzenek az elitben fut\u00f3 nemzetk\u00f6zi mez\u0151nnyel.<\/p>\n<\/li>\n<li>\n<p align=\"LEFT\">Az \u00f6n\u00e1ll\u00f3 t\u00e1j\u00e9koz\u00f3d\u00e1s \u00e9rdek\u00e9ben egyik p\u00e1ly\u00e1n sincs a m\u00e1sikkal k\u00f6z\u00f6s k\u00e9t egym\u00e1s ut\u00e1ni \u00e1tmenet.<\/p>\n<\/li>\n<li>\n<p align=\"LEFT\">Az ellen\u0151rz\u0151pontok t\u00falterhel\u00e9s\u00e9nek elker\u00fcl\u00e9s\u00e9re, a gy\u0171jt\u0151pontt\u00f3l eltekintve egy pontot h\u00e1romn\u00e1l t\u00f6bb p\u00e1lya nem \u00e9rint.<\/p>\n<\/li>\n<li>\n<p align=\"LEFT\">A p\u00e1lyahosszak kialak\u00edt\u00e1sa az \u00e1ll\u00f3k\u00e9pess\u00e9g helyett a fut\u00f3technika \u00e9s az iramgyorsas\u00e1g \u00e9rv\u00e9nyes\u00fcl\u00e9s\u00e9t c\u00e9lozta el\u0151seg\u00edteni.<\/p>\n<\/li>\n<li>\n<p align=\"LEFT\">\u00daj\u00edt\u00e1sk\u00e9nt a verseny felgyors\u00edt\u00e1s\u00e1ra a benyomtatott p\u00e1ly\u00e1k a pontok sorsz\u00e1ma helyett a pontok k\u00f3dsz\u00e1mait fogj\u00e1k tartalmazni.<\/p>\n<\/li>\n<\/ul>\n<p align=\"RIGHT\">Boz\u00e1n Gy\u00f6rgy p\u00e1lyakit\u0171z\u0151<\/p>\n<p align=\"LEFT\">Eredm\u00e9nyek<\/p>\n<p align=\"LEFT\">Egy\u00e9ni verseny<\/p>\n<p>&nbsp;<\/p>\n<p align=\"LEFT\"><strong>F &#8211; H 21 E 12,0 km 420 m 11 pont 68\/63 f\u0151<br \/>\n<\/strong>1. Boros Zolt\u00e1n Egri Spartacus H 66:07<br \/>\n2. Peltola, Tuomo Liedon Parma SF 72:10<br \/>\n3. Ka\u010dmar\u010d\u00edk, Jaroslav TJ. T\u0159inec CSSR 73:13<br \/>\n4. Johansson, Erik S 76:17<br \/>\n5. Szab\u00f3 L\u00e1szl\u00f3 PVSK H 76:29<br \/>\n6. <strong>Gyurk\u00f3 L\u00e1szl\u00f3 STE<\/strong> H 77:57<\/p>\n<p align=\"LEFT\">F \u0096 H17A 9,0 km 320 m 8 pont 53\/48 f\u0151<br \/>\n1. Gyenis Zolt\u00e1n PVSK H 64:43<\/p>\n<p align=\"LEFT\">F \u0096 H21B 10,0 km 350 m 8 pont 111\/107 f\u0151<br \/>\n1. Kaihlavirta, Heikki Finnair SF 64:18<br \/>\n5. Albinsson, Nils-G\u00f6ran S 74:35<\/p>\n<p align=\"LEFT\">N \u0096 D19A 7,0 km 240 m 7 pont 67\/64<br \/>\n1. <strong>Monspart Sarolta STE<\/strong> H 52:44<br \/>\n2. Kov\u00e1cs Magda OSC H 59:17<br \/>\n3. Szopori \u00c9va Tipogr\u00e1fia H 70:21<br \/>\nFarkas Katalin HMSE H 70:21<br \/>\n15. <strong>Jen\u0151v\u00e1ri Gabriella STE<\/strong> H 80:29<br \/>\n22. <strong>Dobosi Erzs\u00e9bet STE<\/strong> H 82:46<br \/>\n23. <strong>Schmidmeister Ilona STE<\/strong> H 83:41<\/p>\n<p align=\"LEFT\">N \u0096 D17A 5,0 km 170 m 4 pont 34\/34<br \/>\n1. Kowolowsk\u00e1, Danuta TJ. T\u0159inec CSSR 37:03<br \/>\n2. K\u00e1rm\u00e1n Katalin Egri Spartacus H 40:57<\/p>\n<p align=\"LEFT\">\u00d6sszesen elindultak: 336<\/p>\n<p align=\"LEFT\">V\u00e1lt\u00f3verseny futam t\u00e1v pontok futam gy\u0151ztes elindult v. sz.<br \/>\nF -H 21 A<br \/>\n1. 8,8 km 8 Salminen, Markku SF 52:46 51<br \/>\nSaksman, Kai SF 52:46<br \/>\n2. 8,8 9 Kov\u00e1cs Attila H 61:22 47<br \/>\n3. 8,8 8 Boros Zolt\u00e1n H 49:49 47<\/p>\n<p align=\"LEFT\">1. TJ. T\u0159inec Neumann, Stonawsky, Ka\u010dmar\u010d\u00edk CSSR 171:55 36 \u00e9rt\u00e9kelhet\u0151 csp.<br \/>\n2. Helsingin Suunistajat I. Korhonen, Hotti, J. Salmenkyl\u00e4 SF 174:31<br \/>\n3. J\u00e4rvenp\u00e4\u00e4n Palo Salminen, Parviainen, Kervinen SF 174:52<\/p>\n<p align=\"LEFT\">N \u0096 D19A<br \/>\n1. 6,2 7 Tumai Ildik\u00f3 H 53:37 29<br \/>\n2. 6,4 9 Sokrieva, Szenika BG 50:10 28<br \/>\n3. 6,3 6 <strong>Monspart Sarolta<\/strong> H 42:50 24<\/p>\n<p align=\"LEFT\">1. Tipogr\u00e1fia \u0096 OSC Tumai, Szopori, Kov\u00e1cs M. H 159:59 22 \u00e9rt\u00e9kelhet\u0151 csp.<br \/>\n2. Spartacus TE Jen\u0151v\u00e1ri, Schmidmeister, Monspart H 161:33<br \/>\n3. TJ. T\u0159inec Korbasov\u00e1, Pryszczov\u00e1, Handzlov\u00e1 CSSR 167:51<\/p>\n<p align=\"LEFT\">F \u0096 H17B<br \/>\n1. 7,0 8 Stebel, Pavel CSSR 49:37 15<br \/>\n2 6,3 7 Erd\u0151 Imre H 47:36 14<br \/>\n3. 6,7 8 Egyed L\u00e1szl\u00f3 H 44:42 11<\/p>\n<p align=\"LEFT\">1. VOL\u00c1N \u0096 Ajkai B\u00e1ny\u00e1sz T\u00f3th L., Erd\u0151 I., Benk\u0151 O. 145:09 10 \u00e9rt\u00e9kelhet\u0151 csp.<br \/>\n2. BEAC II. Mad\u00e1r, Kuron, T\u00e9sy 145:14<br \/>\n3. BEAC I. Moln\u00e1r G., Kele, Nemes Zs. 145:15<\/p>\n<p align=\"LEFT\">\u00d6sszesen elindultak: 266<\/p>\n<p align=\"LEFT\">Az 1975 \u00e9vi \u0084November 7\u0094 eml\u00e9kversenyre az OTP Sportfogad\u00e1si \u00e9s Lott\u00f3 Igazgat\u00f3s\u00e1g Sorsol\u00e1si \u00e9s Propaganda oszt\u00e1ly Dekor\u00e1ci\u00f3s csoportja hirdet\u00e9s hordoz\u00f3k\u00e9nt RAJT, C\u00c9L, 1. V\u00c1LT\u00c1S, \u00e9s 2. V\u00c1LT\u00c1S felirat\u00fa transzparenseket k\u00e9sz\u00edtett, amelyek \u00e9vekig szolg\u00e1lt\u00e1k a szakoszt\u00e1ly rendezv\u00e9nyeit, id\u0151nk\u00e9nt k\u00f6lcs\u00f6n is k\u00e9rt\u00e9k m\u00e1s versenyekre.<\/p>\n<p><strong><a href=\"http:\/\/www.tabanispartacus.hu\/tajfuto\/wordpress\/?page_id=34\">Vissza a Spari kup\u00e1k kezd\u0151oldal\u00e1ra<\/a><\/strong><\/td>\n<\/tr>\n<\/tbody>\n<\/table>\n","protected":false},"excerpt":{"rendered":"<p>&nbsp; 1975 III. SPARTACUS \u00c9JSZAKAI KUPA T\u00c1J\u00c9KOZ\u00d3D\u00c1SI FUT\u00d3VERSENY Rendez\u0151: Spartacus TE T\u00e1j\u00e9koz\u00f3d\u00e1si-fut\u00f3 Szakoszt\u00e1ly 1391 Budapest, V., Szt. Istv\u00e1n krt 13. (FEDOSZ) Versenyb\u00edr\u00f3s\u00e1g: Eln\u00f6k: BALOGH Tam\u00e1s P\u00e1lyakit\u0171z\u0151k: BALOGH Tam\u00e1s WINGERT Istv\u00e1n Titk\u00e1r: NAGY Ern\u0151 Ellen\u0151rz\u0151b\u00edr\u00f3: MONSPART Sarolta Id\u0151pont: 1975. m\u00e1rcius 15. Verseny helye: Budai-hegyek, versenyk\u00f6zpont: Nagykov\u00e1csi T\u00edpus, forma, kateg\u00f3ri\u00e1k, p\u00e1lyadatok: Orsz\u00e1gos, \u00e9jszakai, min\u0151s\u00edt\u0151, 3&#215;1 f\u0151s egy\u00e9ni-csapatverseny &hellip; <a href=\"https:\/\/www.tabanispartacus.hu\/tajfuto\/wordpress\/?page_id=492\" class=\"more-link\"><span class=\"screen-reader-text\">Versenyeink 1975-ben<\/span> olvas\u00e1s\u00e1nak folytat\u00e1sa <span class=\"meta-nav\">&rarr;<\/span><\/a><\/p>\n","protected":false},"author":1,"featured_media":0,"parent":34,"menu_order":0,"comment_status":"closed","ping_status":"closed","template":"","meta":{"ngg_post_thumbnail":0},"_links":{"self":[{"href":"https:\/\/www.tabanispartacus.hu\/tajfuto\/wordpress\/index.php?rest_route=\/wp\/v2\/pages\/492"}],"collection":[{"href":"https:\/\/www.tabanispartacus.hu\/tajfuto\/wordpress\/index.php?rest_route=\/wp\/v2\/pages"}],"about":[{"href":"https:\/\/www.tabanispartacus.hu\/tajfuto\/wordpress\/index.php?rest_route=\/wp\/v2\/types\/page"}],"author":[{"embeddable":true,"href":"https:\/\/www.tabanispartacus.hu\/tajfuto\/wordpress\/index.php?rest_route=\/wp\/v2\/users\/1"}],"replies":[{"embeddable":true,"href":"https:\/\/www.tabanispartacus.hu\/tajfuto\/wordpress\/index.php?rest_route=%2Fwp%2Fv2%2Fcomments&post=492"}],"version-history":[{"count":1,"href":"https:\/\/www.tabanispartacus.hu\/tajfuto\/wordpress\/index.php?rest_route=\/wp\/v2\/pages\/492\/revisions"}],"predecessor-version":[{"id":2447,"href":"https:\/\/www.tabanispartacus.hu\/tajfuto\/wordpress\/index.php?rest_route=\/wp\/v2\/pages\/492\/revisions\/2447"}],"up":[{"embeddable":true,"href":"https:\/\/www.tabanispartacus.hu\/tajfuto\/wordpress\/index.php?rest_route=\/wp\/v2\/pages\/34"}],"wp:attachment":[{"href":"https:\/\/www.tabanispartacus.hu\/tajfuto\/wordpress\/index.php?rest_route=%2Fwp%2Fv2%2Fmedia&parent=492"}],"curies":[{"name":"wp","href":"https:\/\/api.w.org\/{rel}","templated":true}]}}