{"id":490,"date":"2012-07-12T14:19:07","date_gmt":"2012-07-12T12:19:07","guid":{"rendered":"http:\/\/tabanispartacus.wordpress.com\/?page_id=490"},"modified":"2015-05-08T17:17:49","modified_gmt":"2015-05-08T15:17:49","slug":"versenyeink-1976-ban","status":"publish","type":"page","link":"https:\/\/www.tabanispartacus.hu\/tajfuto\/wordpress\/?page_id=490","title":{"rendered":"Versenyeink 1976-ban"},"content":{"rendered":"<p>&nbsp;<\/p>\n<table width=\"100%\" border=\"0\" cellspacing=\"0\" cellpadding=\"10\">\n<tbody>\n<tr>\n<td align=\"center\" valign=\"top\" width=\"100%\">\n<p align=\"CENTER\">1976<\/p>\n<p align=\"LEFT\">IV. SPARTACUS KUPA<\/p>\n<p align=\"LEFT\">Rendez\u0151: Spartacus TE T\u00e1j\u00e9koz\u00f3d\u00e1si-fut\u00f3 Szakoszt\u00e1ly, Budapest I., Attila \u00fat 2.<\/p>\n<p align=\"LEFT\">Versenyb\u00edr\u00f3s\u00e1g:<br \/>\nEln\u00f6k: \u00d3HEGYI Albin<br \/>\nP\u00e1lyakit\u0171z\u0151k: BOZ\u00c1N Gy\u00f6rgy, \u00d3HEGYI Albin, PATAKI Zsolt, GYURK\u00d3 L\u00e1szl\u00f3<br \/>\nTitk\u00e1r: NAGY Ern\u0151<br \/>\nEllen\u0151rz\u0151b\u00edr\u00f3: SCH\u00d6NVISZKY L\u00e1szl\u00f3, SZ\u0170CS Levente<\/p>\n<p align=\"LEFT\">Id\u0151pont: 1976. m\u00e1rcius 14.<\/p>\n<p align=\"LEFT\">Verseny helye: Nagykev\u00e9ly versenyk\u00f6zpont: Pilisborosjen\u0151<\/p>\n<p align=\"LEFT\">T\u00edpus, forma, kateg\u00f3ri\u00e1k, p\u00e1lyadatok: Orsz\u00e1gos, nappali, min\u0151s\u00edt\u0151, egy\u00e9ni-csapatverseny<\/p>\n<p align=\"LEFT\">Kateg\u00f3ria T\u00e1v Szint Ellen\u0151rz\u0151 pontok Gy\u0151ztes Indul\u00f3k\/\u00c9rt\u00e9kelhet\u0151<\/p>\n<p align=\"LEFT\">F.21 AH 21600 15<br \/>\n1. Heged\u0171s Andr\u00e1s BEAC 2.46.10 53\/46<br \/>\n2. Szab\u00f3 L\u00e1szl\u00f3 PVSK 167.11<br \/>\n3. Boros Zolt\u00e1n Egri Spartacus 175.27<br \/>\n17. <strong>Loch Ferenc STE<\/strong> 202.57<br \/>\n19. <strong>Gyurk\u00f3 L\u00e1szl\u00f3 STE<\/strong> 204.32<br \/>\n24. <strong>Orb\u00e1n K\u00e1roly STE<\/strong> 207.58<\/p>\n<p align=\"LEFT\">F.21 B 9000 15<br \/>\n1. Vassy Zolt\u00e1n BEAC 1.12.42 69\/68<\/p>\n<p align=\"LEFT\">F.21 C 7420 9<br \/>\n1. Th\u00fcrmer Zolt\u00e1n Post\u00e1s 1.12.39 47\/43<\/p>\n<p align=\"LEFT\">F.21 D 5980 9<br \/>\n1. Hajba Istv\u00e1n Sab\u00e1ria 1.13.14 25\/25<\/p>\n<p align=\"LEFT\">F.17 B 6780 13<br \/>\n1. <strong>Gajdos Tam\u00e1s STE<\/strong> 1.01.24 44\/42<\/p>\n<p align=\"LEFT\">F.17 C 5010 7<br \/>\n1. S\u00e1mson Istv\u00e1n Sab\u00e1ria1.02.01 15\/15<\/p>\n<p align=\"LEFT\">F.15 C 3800 6<br \/>\n1. Baracsi G\u00e1bor Bp. M\u00c1V Ig. 28.05 49\/47<\/p>\n<p align=\"LEFT\">N.19 A 6300 11<br \/>\n1. <strong>Monspart Sarolta STE<\/strong> 55.24 38\/38<br \/>\n2. Szopori \u00c9va Tipogr\u00e1fia 71.22<br \/>\n3. Fodor Cec\u00edlia BEAC 72.20<br \/>\n10. <strong>Schmidmeiszter Ilona STE<\/strong> 74.28<br \/>\n11. <strong>Dobosi Kl\u00e1ra STE<\/strong> 76.40<br \/>\n15. <strong>Dobosi Erzs\u00e9bet STE<\/strong> 80.07<br \/>\n23. <strong>Muzsnai \u00c1gota STE<\/strong> 91.11<\/p>\n<p align=\"LEFT\">N.19 C 4500 7<br \/>\n1. <strong>V\u00f6lgyi Zsuzsa STE<\/strong> 45.07 22\/22<br \/>\nN.17 B 5000 7<br \/>\n1. D\u00e1niel Edit BEAC 53.07 28\/22<\/p>\n<p align=\"LEFT\">N.15 C 3000 8<br \/>\n1. Ambr\u00f3 Judit MMG 28.12 34\/34<\/p>\n<p align=\"LEFT\">Csapat eredm\u00e9nyek<\/p>\n<p align=\"LEFT\">F 21 AH<br \/>\n1. PVSK Szab\u00f3 L. \u0096 Nagy L. \u0096 G\u00f6b\u00f6l\u00f6s I. 9.20.03 9 \u00e9rt. csp.<br \/>\n2. MAFC I. Klimstein L. \u0096 Moln\u00e1r G. \u0096 Balla S. 9.45.56<br \/>\n3. BSE I. S\u0151t\u00e9r J. \u0096 K\u00f3nya L. \u0096 Z\u00e1nkay A. 9.53.18<br \/>\n5. <strong>STE Loch F. \u0096 Gyurk\u00f3 L. \u0096 Orb\u00e1n K.<\/strong> 10.15.27<\/p>\n<p align=\"LEFT\">F 17 B<br \/>\n1. V\u00e1ci Forte Hirth J. \u0096 Vasi L. \u0096 Posta B. 3.18.26 10 \u00e9rt. csp.<br \/>\n2. BEAC Kele J. \u0096 Horv\u00e1th Gy. \u0096 Mad\u00e1r i. 3.29.14<br \/>\n3. <strong>STE Gajdos T. \u0096 Dalia Cs. \u0096 Frank R.<\/strong> 3.30.41<br \/>\nN 19 A<br \/>\n1. <strong>STE Monspart S. \u0096 Schmidmeiszter I. \u0096 Dobosi K.<\/strong> 3.26.32 8 \u00e9rt. csp.<br \/>\n2. Tipogr\u00e1fia Szopori \u00c9. \u0096 Kov\u00e1cs M. \u0096 Tumay I. 3.41.27<br \/>\n3. BEAC I. Fodor C. \u0096 Pir\u00f3th E. \u0096 Cser B. 3.48.09<br \/>\nN 19 C<br \/>\n1. <strong>STE V\u00f6lgyi Zs. \u0096 Perczel V.<\/strong> 1.45.37 5 \u00e9rt. csp.<\/p>\n<p align=\"LEFT\">\u00d6sszes elindultak: 424 f\u0151<\/p>\n<p align=\"LEFT\">SPARTACUS TAVASZI KUPA V\u00c1LT\u00d3VERSENY<\/p>\n<p align=\"LEFT\">Rendez\u0151: SPARTACUS TE 1013 Budapest, Attila \u00fat 2.<\/p>\n<p align=\"LEFT\">Versenyb\u00edr\u00f3s\u00e1g:<br \/>\nEln\u00f6k: SCH\u00d6NVISZKY Gy\u00f6rgy<br \/>\nP\u00e1lyakit\u0171z\u0151k: SCH\u00d6NVISZKY Gy\u00f6rgy, \u00d3HEGYI Albin<br \/>\nTitk\u00e1r: NAGY Ern\u0151<br \/>\nEllen\u0151rz\u0151b\u00edr\u00f3: PATAKI Zsolt<\/p>\n<p align=\"LEFT\">Id\u0151pont: 1976. m\u00e1rcius 28.<\/p>\n<p align=\"LEFT\">D\u00edjaz\u00e1s: a v\u00e1lt\u00f3versenyek 1-3 helyezettjei \u00e9remd\u00edjaz\u00e1sban, a gy\u0151ztes v\u00e1lt\u00f3k 1 \u00e9vig v\u00e9dik a SPARTACUS TAVASZI KUP\u00c1T.<\/p>\n<p align=\"LEFT\">Terep, t\u00e9rk\u00e9p: Budai hegys\u00e9g, 1972-ben helyesb\u00edtett, t\u00f6bbsz\u00ednnyom\u00e1s\u00fa, 1:20.000 m\u00e9retar\u00e1ny\u00fa, 5 m\u00e9teres alapszintvonalakkal. (NAGYSZ\u00c9N\u00c1S, helyesb\u00edtette \u00e9s rajzolta Skerletz Iv\u00e1n)<\/p>\n<p align=\"LEFT\">Nevez\u00e9si hat\u00e1rid\u0151: 1976. M\u00e1rcius 15. \/postab\u00e9lyegz\u0151 kelte\/ Hat\u00e1rid\u0151n t\u00fali nevez\u00e9seket csak 100.- Ft k\u00e9sedelmi d\u00edj ellen\u00e9ben \u0096 az \u00fcres helyek erej\u00e9ig vesz\u00fcnk figyelembe.<\/p>\n<p align=\"LEFT\">N\u00e9vszerinti nevez\u00e9s: a v\u00e1lt\u00f3verseny RAJT el\u0151tt 1 \u00f3r\u00e1val.<\/p>\n<p align=\"LEFT\">V\u00e1lt\u00f3verseny t\u00e1v pontok etap gy\u0151ztes elindult v. sz.<\/p>\n<p align=\"LEFT\">F 21 A<br \/>\n1. 7500 m 20 <strong>Gyurk\u00f3 L\u00e1szl\u00f3 STE<\/strong> 88.55 32\/17<br \/>\n2. 7500 15 G\u00f6b\u00f6l\u00f6s Istv\u00e1n PVSK 83.14 32\/20<br \/>\n3. 6000 13 Dik\u00e1cz Ern\u0151 Post\u00e1s 53.27 22\/18<\/p>\n<p align=\"LEFT\">1. PVSK I. Nagy Lajos \u0096 Gyenis Z. \u0096 Szab\u00f3 L. 4.16.37 13 \u00e9rt\u00e9kelhet\u0151 csp.<br \/>\n2. STE \u0096 Post\u00e1s I. <strong>Gyurk\u00f3 L<\/strong>. \u0096 Horv\u00e1th Gy. \u0096 Gyalog L. 4.17.17<br \/>\n3. BSE III. Boros I. \u0096 Z\u00e1nkay A. \u0096 S\u0151t\u00e9r J. 4.21.35<\/p>\n<p align=\"LEFT\">N 19 A<br \/>\n1. 5000 m 13 Fodor Cec\u00edlia BEAC 79.07 14\/6<br \/>\n2. 5000 12 Rost\u00e1s Ir\u00e9n HVSE 82.52 14\/11<br \/>\n3. 5000 13 Pir\u00f3th Eszter BEAC 72.53 10\/9<\/p>\n<p align=\"LEFT\">1. Tipogr\u00e1fia I. Szopori \u00c9. \u0096 Tumay I. \u0096 Kov\u00e1cs M. 4.11.57 10 \u00e9rt. csp.<br \/>\n2. <strong>STE I. Jen\u0151v\u00e1ri G. \u0096 Dobosi K. \u0096 Dobosi E.<\/strong> 4.47.40<\/p>\n<p align=\"LEFT\">A BEAC I. jogosulatlanul lett 4.51.19-es id\u0151vel 3.-nak kihirdetve, mivel 2. fut\u00f3ja, Mitterer A. 120\u0092-en k\u00edv\u00fcli ideje miatt kiesett a versenyb\u0151l.<br \/>\nA 3. helyet az STE II. <strong>Horv\u00e1th A. \u0096 Muzsnai A. \u0096 Perczel V.<\/strong> csapat \u00e9rdemelte volna ki 4.52.43 id\u0151vel.<\/p>\n<p align=\"LEFT\">Indul\u00f3k sz\u00e1ma \u00f6sszesen: 124 f\u0151<\/p>\n<p align=\"LEFT\">A verseny \u00f6sszes pontjainak sz\u00e1ma 27, rendez\u0151k sz\u00e1ma 18 f\u0151, ebb\u0151l 6 f\u0151 pont\u0151r.<\/p>\n<p>&nbsp;<\/p>\n<p align=\"LEFT\"><strong>XXIV. \u0084NOVEMBER 7\u0094 NEMZETK\u00d6ZI T\u00c1J\u00c9KOZ\u00d3D\u00c1SI FUT\u00d3VERSENY<br \/>\n<\/strong>Tata, 1976. november 6-7.<\/p>\n<p align=\"LEFT\">Rendez\u0151: OKISZ Sportoszt\u00e1ly SPARTACUS TE<\/p>\n<p align=\"LEFT\">Szervez\u0151bizotts\u00e1g<br \/>\nEln\u00f6k: Moldov\u00e1nyi Gyula<br \/>\nH 1088 Budapest, Szentkir\u00e1lyi u. 26. Tel.: 338 &#8211; 711<\/p>\n<p align=\"LEFT\">Versenyb\u00edr\u00f3s\u00e1g<br \/>\nEln\u00f6k<br \/>\nEln\u00f6k helyettes<br \/>\nTitk\u00e1r<br \/>\nP\u00e1lyakit\u0171z\u0151k: Boz\u00e1n Gy\u00f6rgy \u0096 egy\u00e9ni, Gyurk\u00f3 L\u00e1szl\u00f3 \u0096 v\u00e1lt\u00f3<br \/>\nEllen\u0151rz\u0151b\u00edr\u00e1k: Sz\u00e1sz K\u00e1roly \u0096 egy\u00e9ni, Balla S\u00e1ndor \u0096 v\u00e1lt\u00f3<br \/>\nNemzetk\u00f6zi \u00fcgyek:<br \/>\nTechnikai \u00fcgyek:<br \/>\nGazdas\u00e1gi \u00fcgyek:<\/p>\n<p align=\"LEFT\">T\u00e9rk\u00e9p: K\u0151h\u00e1ny\u00e1s-puszta M\u00e9retar\u00e1ny 1:20 000 Alapszintk\u00f6z 5 m<br \/>\nKiadja a Magyar T\u00e1j\u00e9koz\u00f3d\u00e1si Fut\u00f3 Sz\u00f6vets\u00e9g<br \/>\nSokszoros\u00edtotta az MN T\u00e9rk\u00e9p\u00e9szeti Int\u00e9zet 6000 p\u00e9ld\u00e1ny<br \/>\nHelyesb\u00edt\u00e9s: 1976. V.-VI. Gyurk\u00f3 L\u00e1szl\u00f3, Boz\u00e1n Gy\u00f6rgy, Sch\u00f6nviszky Gy\u00f6rgy<\/p>\n<p align=\"LEFT\">Egy\u00e9ni verseny G\u00e1nt 1976. 11. 06<\/p>\n<p align=\"LEFT\">F \u0096 H 21 Elit 11,7 km 11 pont 73\/70 f\u0151<br \/>\n1. Boros Zolt\u00e1n Egri Spartacus 75:56<br \/>\n2. Silvermark, Anders Sv\u00e9d v\u00e1logatott 75:57<br \/>\n3. Szab\u00f3 L\u00e1szl\u00f3 PVSK 76:10<br \/>\n4. Wolf, Dieter Sv\u00e1jci v\u00e1logatott 76:12<br \/>\n5. Larsson, Rune Sv\u00e9d v\u00e1logatott 76:50<br \/>\n6. Arnesson, Lars O-Ringen 76:56<br \/>\n7. Fransson, Kent O-Ringen 77:45<br \/>\n8. Ka\u010dmar\u010dik, Jaroslav T\u0159inec 77:52<br \/>\n9. S\u0151t\u00e9r J\u00e1nos BSE 79.03<br \/>\n10. Jonsson, Jonny Sv\u00e9d v\u00e1logatott 79:21<\/p>\n<p align=\"LEFT\">N \u0096 D 19 A 7,2 km 6 pont 105\/ f\u0151<br \/>\n1. <strong>Monspart Sarolta Spartacus TE <\/strong>49:39<br \/>\n2. Rost\u00e1s Ir\u00e9n HVSE 57:53<br \/>\n3. Karlsson, Christina Sv\u00e9d v\u00e1logatott 58:58<br \/>\n4. Fischer, Alice Sv\u00e1jci v\u00e1logatott 59:13<br \/>\n23. <strong>Schmidmeister Ilona Spartacus TE<\/strong> 66:49<br \/>\n50. <strong>Muzsnai \u00c1gota Spartacus TE<\/strong> 77:41<\/p>\n<p align=\"LEFT\">F 21 A 11,1 km 10 pont 76\/68<br \/>\n1. Kom\u00e1r B\u00e9la Tipogr\u00e1fia 76:55<br \/>\n2. Heged\u0171s Andr\u00e1s BEAC 79:33<br \/>\n3. Nagy Andr\u00e1s BEAC 79:45<\/p>\n<p align=\"LEFT\">F \u0096 H 21 B 7,5 km 6 pont 131\/121<br \/>\n1. Sz\u0171cs L\u00e1szl\u00f3 Sch\u00f6nherz SE 57:23<br \/>\n2. Francia Vilmos Bakony Vegy\u00e9sz 58:13<br \/>\n3. M\u00e1th\u00e9 Istv\u00e1n Zalka KMFSE 59:10<\/p>\n<p align=\"LEFT\">F \u0096 H 17 A 7,9 km 6 pont 76\/70<br \/>\n1. Ludek, Pavel Opava 58:43<br \/>\n2. Hirth Jen\u0151 K\u0151b\u00e1nyai Lombik 62:47<br \/>\n3. Hrenk\u00f3 L\u00e1szl\u00f3 Nygyh. TIT\u00c1SZ 63:49<\/p>\n<p align=\"LEFT\">N \u0096 D 17 A 3,8 km 4 pont 52\/48<br \/>\n1. K\u00e1rm\u00e1n Katalin Egri Spartacus 29:01<br \/>\n2. D\u00e1niel Edit BEAC 29:41<br \/>\n3. Kaiser Zsuzsa Gazd\u00e1sz SE 32:09<\/p>\n<p align=\"LEFT\">Indul\u00f3k sz\u00e1ma \u00f6sszesen: 513 f\u0151<\/p>\n<p align=\"LEFT\"><span style=\"text-decoration: underline;\">Ellen\u0151rz\u0151b\u00edr\u00f3i \u00e9szrev\u00e9telek:<\/span> \/a verseny hivatalos jegyz\u0151k\u00f6nyv\u00e9b\u0151l\/<br \/>\nAzoknak a magatart\u00e1s\u00e1t kifog\u00e1soljuk, akik n\u00e9h\u00e1ny nappal kor\u00e1bbi verseny rendez\u00e9s\u00e9ben r\u00e9sztvettek, illetve terepmunk\u00e1t is v\u00e9geztek \/ez a helysz\u00ednen nem volt pontosan meg\u00e1llap\u00edthat\u00f3\/ \u00e9s a versenyb\u00edr\u00f3s\u00e1g azon k\u00e9r\u00e9s\u00e9nek, hogy az egy\u00e9ni versenyt\u0151l \u00f6nk\u00e9nt l\u00e9pjenek vissza, nem tettek eleget. Javasoljuk, hogy a Sz\u00f6vets\u00e9g erre figyeljen fel, akkor tal\u00e1n kevesebb \u0084hiba lesz a kr\u00e9ta k\u00f6r\u00fcl\u0094.<br \/>\nTeljes m\u00e9rt\u00e9kben helytelen\u00edtj\u00fck, hogy a Sz\u00f6vets\u00e9g n\u00e9h\u00e1ny nappal el\u0151bb ugyanezen a terepen, ugyanezzel a t\u00e9rk\u00e9ppel, sok azonos indul\u00f3val versenyt rendezett. Ez a k\u00f6r\u00fclm\u00e9ny indokolatlan el\u0151nyh\u00f6z juttatta azokat, akik ezen az el\u0151z\u0151 versenyen indultak, vagy ott a rendez\u00e9sben r\u00e9sztvettek. Ez a November 7 verseny tisztas\u00e1g\u00e1nak \u00e1rtott!<br \/>\nJavasoljuk a November 7 versenyb\u00edr\u00f3s\u00e1g\u00e1nak, hogy a j\u00f6v\u0151ben azt a sok munk\u00e1t, amely a t\u00e9rk\u00e9p jav\u00edt\u00e1st\u00f3l a bonyol\u00edt\u00e1sig terjed a verseny\u00e9ig, a saj\u00e1t rendezv\u00e9nye \u00e9rdek\u00e9ben hasznos\u00edtsa \u00e9s ne fogadjon el hasonl\u00f3 megold\u00e1st.<\/p>\n<p align=\"LEFT\">V\u00e1lt\u00f3verseny t\u00e1v pontok etap gy\u0151ztes elindult v. sz.<\/p>\n<p align=\"LEFT\">F -H 21 A<br \/>\n1. 8,3 km 9 Nyman, Rune Sv\u00e9d II. 50:59 68<br \/>\n2. 8,0 11 Baglyas Imre E. Spartacus 50:56 66<br \/>\n3. 8,0 9 Petterson, Gert O-Ringen Ost 42:01 60<\/p>\n<p align=\"LEFT\">1. O-Ringen West Arnesson, Undeland, Josefsson 2:27:59<br \/>\n2. PVSK I. dr Kov\u00e1cs, Nagy, Szab\u00f3 2:29:25<br \/>\n3. Sv\u00e9d v\u00e1logatott II. Nymann, Jonsson, Ericsson 2:29:51<br \/>\n4. O-Ringen S\u00fcd M\u013artensson,Stahl, Olsson 2:29:59<br \/>\n5. O-Ringen Ost Johansson, Rosendahl, Pettersson 2:32:09<br \/>\n6. OSC I. Kempelen, Horv\u00e1th, Heged\u0171s 2:32:32<\/p>\n<p align=\"LEFT\">N &#8211; D 19 A<br \/>\n1. 5,1 8 Wojciechowska, E. Start Warsawa 37:49 40<br \/>\nKorik Andorn\u00e9 Post\u00e1s SE 37:49<br \/>\n2. 4,7 9 Andersson, Corina Sv\u00e9d I. 38:35 39<br \/>\n3. 5,2 8 Kov\u00e1cs Magda Tipogr\u00e1fia 33:59 40<\/p>\n<p align=\"LEFT\">1. TJ Tri\u0148ec Kaletova, Kowolowska, Handzlova 1:54:57<br \/>\n2. O-Ringen I. Arnesson, Gustafsson, Olsson 1:56:42<br \/>\n3. Sv\u00e9d v\u00e1logatott III. Annersand, Eriksson, Karlsson 1:57:08<br \/>\nTipogr\u00e1fia TE Szopori, Tumay, Kov\u00e1cs Magda 1:57:08<br \/>\n5. VSB Ostrava Ku\u010dirkova, Herdegenova, Vlachova 1:57:32<br \/>\n13. <strong>Spartacus TE Jen\u0151v\u00e1ri, Muzsnai, Schmidmeister<\/strong> 2:10:57<\/p>\n<p align=\"LEFT\">F &#8211; H 17 B<br \/>\n1. 6,0 7 Bauer Ferenc DSK Sereg\u00e9lyes 43:18 23<br \/>\n2. 6,0 8 Grassinger, Helmut Naturfreund II.37:16 23<br \/>\n3. 6,0 8 Kelemen J\u00e1nos K. R\u00e1k\u00f3czi 34:18 23<\/p>\n<p align=\"LEFT\">1. Kaposv\u00e1ri R\u00e1k\u00f3czi N\u00e9meth Ferenc, Simon, Kelemen 2:06:27 21 \u00e9rt\u00e9kelhet\u0151 csp.<br \/>\n2. BEAC II. Horv\u00e1th Gyula, Mad\u00e1r, Kele 2:06:28<br \/>\n3. BEAC-J\u00e1szap\u00e1ti Varga J\u00e1nos, Koczka, Kuron 2:07:27<\/p>\n<p align=\"LEFT\">Indul\u00f3k sz\u00e1ma \u00f6sszesen: 382 f\u0151<\/p>\n<p><strong><a href=\"http:\/\/www.tabanispartacus.hu\/tajfuto\/wordpress\/?page_id=34\">Vissza a Spari kup\u00e1k kezd\u0151oldal\u00e1ra<\/a><\/strong><\/td>\n<\/tr>\n<\/tbody>\n<\/table>\n","protected":false},"excerpt":{"rendered":"<p>&nbsp; 1976 IV. SPARTACUS KUPA Rendez\u0151: Spartacus TE T\u00e1j\u00e9koz\u00f3d\u00e1si-fut\u00f3 Szakoszt\u00e1ly, Budapest I., Attila \u00fat 2. Versenyb\u00edr\u00f3s\u00e1g: Eln\u00f6k: \u00d3HEGYI Albin P\u00e1lyakit\u0171z\u0151k: BOZ\u00c1N Gy\u00f6rgy, \u00d3HEGYI Albin, PATAKI Zsolt, GYURK\u00d3 L\u00e1szl\u00f3 Titk\u00e1r: NAGY Ern\u0151 Ellen\u0151rz\u0151b\u00edr\u00f3: SCH\u00d6NVISZKY L\u00e1szl\u00f3, SZ\u0170CS Levente Id\u0151pont: 1976. m\u00e1rcius 14. Verseny helye: Nagykev\u00e9ly versenyk\u00f6zpont: Pilisborosjen\u0151 T\u00edpus, forma, kateg\u00f3ri\u00e1k, p\u00e1lyadatok: Orsz\u00e1gos, nappali, min\u0151s\u00edt\u0151, egy\u00e9ni-csapatverseny Kateg\u00f3ria T\u00e1v &hellip; <a href=\"https:\/\/www.tabanispartacus.hu\/tajfuto\/wordpress\/?page_id=490\" class=\"more-link\"><span class=\"screen-reader-text\">Versenyeink 1976-ban<\/span> olvas\u00e1s\u00e1nak folytat\u00e1sa <span class=\"meta-nav\">&rarr;<\/span><\/a><\/p>\n","protected":false},"author":1,"featured_media":0,"parent":34,"menu_order":0,"comment_status":"closed","ping_status":"closed","template":"","meta":{"ngg_post_thumbnail":0},"_links":{"self":[{"href":"https:\/\/www.tabanispartacus.hu\/tajfuto\/wordpress\/index.php?rest_route=\/wp\/v2\/pages\/490"}],"collection":[{"href":"https:\/\/www.tabanispartacus.hu\/tajfuto\/wordpress\/index.php?rest_route=\/wp\/v2\/pages"}],"about":[{"href":"https:\/\/www.tabanispartacus.hu\/tajfuto\/wordpress\/index.php?rest_route=\/wp\/v2\/types\/page"}],"author":[{"embeddable":true,"href":"https:\/\/www.tabanispartacus.hu\/tajfuto\/wordpress\/index.php?rest_route=\/wp\/v2\/users\/1"}],"replies":[{"embeddable":true,"href":"https:\/\/www.tabanispartacus.hu\/tajfuto\/wordpress\/index.php?rest_route=%2Fwp%2Fv2%2Fcomments&post=490"}],"version-history":[{"count":1,"href":"https:\/\/www.tabanispartacus.hu\/tajfuto\/wordpress\/index.php?rest_route=\/wp\/v2\/pages\/490\/revisions"}],"predecessor-version":[{"id":2448,"href":"https:\/\/www.tabanispartacus.hu\/tajfuto\/wordpress\/index.php?rest_route=\/wp\/v2\/pages\/490\/revisions\/2448"}],"up":[{"embeddable":true,"href":"https:\/\/www.tabanispartacus.hu\/tajfuto\/wordpress\/index.php?rest_route=\/wp\/v2\/pages\/34"}],"wp:attachment":[{"href":"https:\/\/www.tabanispartacus.hu\/tajfuto\/wordpress\/index.php?rest_route=%2Fwp%2Fv2%2Fmedia&parent=490"}],"curies":[{"name":"wp","href":"https:\/\/api.w.org\/{rel}","templated":true}]}}