{"id":488,"date":"2012-07-12T14:18:29","date_gmt":"2012-07-12T12:18:29","guid":{"rendered":"http:\/\/tabanispartacus.wordpress.com\/?page_id=488"},"modified":"2015-05-08T17:19:12","modified_gmt":"2015-05-08T15:19:12","slug":"versenyeink-1977-ben","status":"publish","type":"page","link":"https:\/\/www.tabanispartacus.hu\/tajfuto\/wordpress\/?page_id=488","title":{"rendered":"Versenyeink 1977-ben"},"content":{"rendered":"<p>&nbsp;<\/p>\n<table width=\"100%\" border=\"0\" cellspacing=\"0\" cellpadding=\"10\">\n<tbody>\n<tr>\n<td align=\"center\" valign=\"top\" width=\"100%\">\n<p align=\"CENTER\">1977<\/p>\n<p align=\"LEFT\"><strong>V. \u0084SPARTACUS KUPA\u0094 \u0096 1977. m\u00e1rcius 13<\/strong><\/p>\n<p align=\"LEFT\">Versenyb\u00edr\u00f3s\u00e1g eln\u00f6ke: \u00d3hegyi Albin<br \/>\nP\u00e1lyakit\u0171z\u0151k: Pataki Zsolt \u00d3hegyi Albin Sch\u00f6nviszky Gy\u00f6rgy (hossz\u00fat\u00e1v\u00fa)<br \/>\nTitk\u00e1r: Nagy Ern\u0151<br \/>\nEllen\u0151rz\u0151b\u00edr\u00e1k: Nagy Ern\u0151 Hunyadi J\u00f3zsef (hossz\u00fat\u00e1v\u00fa)<\/p>\n<p align=\"LEFT\">Versenyk\u00f6zpont: H\u0171v\u00f6sv\u00f6lgy \u0096 M\u00e1riaremete<\/p>\n<p align=\"LEFT\">Kateg\u00f3ria T\u00e1v Szint Ellen\u0151rz\u0151 pontok Gy\u0151ztes id\u0151 Indul\u00f3k\/\u00c9rt\u00e9kelhet\u0151<br \/>\nF.21 AH 24000 11<br \/>\n1. Heged\u0171s Andr\u00e1s BEAC 2.36.35 71\/64<br \/>\n2. Heged\u0171s Zolt\u00e1n OSC 2.39.47<br \/>\n3. Kelemen J\u00e1nos PVSK 2.39.48<br \/>\n5. <strong>Gyurk\u00f3 L\u00e1szl\u00f3 STE<\/strong> 2.40.50<br \/>\n18. <strong>K\u00f6pf Jen\u0151 STE<\/strong> 2.59.14<br \/>\n23. <strong>Boz\u00e1n Gy\u00f6rgy STE<\/strong> 3.02.59<br \/>\n26. <strong>F\u00fcl\u00f6p G\u00e1bor STE<\/strong> 3.13.27<br \/>\n47. <strong>Balogh Tam\u00e1s STE<\/strong> 3.44.38<\/p>\n<p align=\"LEFT\">F.21 B 9000 200 14<br \/>\n1. Vassy Zolt\u00e1n BEAC 1.01.50 82\/82<br \/>\n2. B\u00edr\u00f3 S\u00e1ndor BEAC 1.02.14<br \/>\n3. <strong>Cs\u00e1ki Tibor STE<\/strong> 1.02.45<\/p>\n<p align=\"LEFT\">F.21 C 6600 140 10<br \/>\n1. Kov\u00e1cs G\u00e1bor MAFC 44.39 79\/77<\/p>\n<p align=\"LEFT\">F.21 D 5700 130 7<br \/>\n1. Tr\u00e1sy Gy\u00f6rgy KTME 47.46 26\/23<\/p>\n<p align=\"LEFT\">F.17 B 6660 130 11<br \/>\n1. Kele J\u00f3zsef BEAC 46.35 55\/54<\/p>\n<p align=\"LEFT\">F.17 C 5100 100 6<br \/>\n1. Nagy Mikl\u00f3s V. Kismotor 47.36 36\/33<\/p>\n<p align=\"LEFT\">F.15 C 3960 80 7<br \/>\n1. M\u00e9sz\u00e1ros Tam\u00e1s BEAC 35.45 63\/57<br \/>\n2. Baracsi G\u00e1bor Bp. M\u00c1V 36.00<br \/>\n3. <strong>Csurg\u00f3 Bal\u00e1zs STE<\/strong> 36.29<\/p>\n<p align=\"LEFT\">F.13 D 3200 60 6<br \/>\n1. Sz\u00f6l\u00f6si G\u00e1bor Zalka KMFSE 32.40 17\/17<\/p>\n<p align=\"LEFT\">N.19 A 6300 100 10<br \/>\n1. <strong>Monspart Sarolta STE <\/strong>48.2948.29 49\/48<br \/>\n2. Kov\u00e1cs Magda Tipogr\u00e1fia 50.41<br \/>\n3. D\u00e1niel Edit BEAC 51.53<br \/>\n6. <strong>Muzsnai \u00c1gota STE<\/strong> 54.10<br \/>\n13. <strong>Jen\u0151v\u00e1ri Gabiella STE<\/strong> 1.04.00<br \/>\n19. <strong>Dobosi Kl\u00e1ra STE<\/strong> 1.07.28<br \/>\n23. <strong>Horv\u00e1th Ant\u00f3nia STE<\/strong> 1.08.43<br \/>\n25. <strong>Schmidmeiszter Ilona STE<\/strong> 1.09.22<\/p>\n<p align=\"LEFT\">N.19 C 4450 80 6<br \/>\n1. T\u00f3th Corina Post\u00e1s SE 42.50 32\/29<\/p>\n<p align=\"LEFT\">N.17 B 5100 110 7<br \/>\n1. Polmann Ter\u00e9z Bp. M\u00c1V SC 46.04 38\/37<\/p>\n<p align=\"LEFT\">N.15 C 3300 60 6<br \/>\n1. Urb\u00e1n M\u00e1rta MMG 24.05 41\/39<\/p>\n<p align=\"LEFT\">N.13 D 2640 40 5<br \/>\n1. Pol\u00f3nyi Zsuzsa Szfv. Vol\u00e1n 32.09 9\/4<\/p>\n<p align=\"LEFT\">Ny\u00edlt 3200 50 5<br \/>\n1. Sz\u00e9kely Istv\u00e1n Zalka KMFSE 35.59 12\/12<\/p>\n<p align=\"LEFT\">Csapat eredm\u00e9nyek<\/p>\n<p align=\"LEFT\">F 21 AH<br \/>\n1. PVSK I. Kelemen J.\u0096 Gyenis Z.\u0096 dr. Kov\u00e1cs L. 8.10.49<br \/>\n2. OSC Heged\u0171s Z. \u0096 Kempelen \u0096 Horv\u00e1th A. 8.40.25<br \/>\n3. <strong>STE I. Gyurk\u00f3 L.\u0096 K\u00f6pf J.\u0096 Boz\u00e1n Gy.<\/strong> 8.43.03<\/p>\n<p align=\"LEFT\">F 21 B<br \/>\n1. BEAC I. Vassy Z.\u0096 B\u00edr\u00f3 S. \u0096 Friedrich V. 3.12.31<br \/>\n2. <strong>STE I. Cs\u00e1ki T. \u0096 Magyar M. \u0096 Dalia Cs.<\/strong> 3.30.40<br \/>\n3. Post\u00e1s I. K\u00e9zdy B. \u0096 Horv\u00e1th L. \u0096 Bikki S. 3.35.15<\/p>\n<p align=\"LEFT\">N 19 A<br \/>\n1. <strong>STE I. Monspart S. \u0096 Muzsnay \u00c1. \u0096 Jen\u0151v\u00e1ri G.<\/strong> 2.46.39<br \/>\n2. Tipogr\u00e1fia I. Szopori \u00c9. \u0096 Kov\u00e1cs M. \u0096 Kom\u00e1rn\u00e9 2.50.53<br \/>\n3. BEAC D\u00e1niel E. \u0096 Fodor C. \u0096 Mitterer A. 3.02.01<\/p>\n<p align=\"LEFT\">SPARTACUS KUPA 1977. PONTVERSENY<br \/>\n1. BEAC 68 pont, egyben a SPARTACUS KUPA v\u00e9d\u0151je<br \/>\n2. <strong>STE<\/strong> 40<br \/>\n3. Tipogr\u00e1fia 38<\/p>\n<p align=\"LEFT\">II. \u0084SPARTACUS TAVASZI KUPA\u0094 v\u00e1lt\u00f3verseny \u0096 1977. \u00e1prilis 3.<\/p>\n<p align=\"LEFT\">Versenyb\u00edr\u00f3s\u00e1g eln\u00f6ke: Balogh Tam\u00e1s<br \/>\nP\u00e1lyakit\u0171z\u0151k: Balogh Tam\u00e1s Pataki Zsolt Sch\u00f6nviszky L\u00e1szl\u00f3<br \/>\nTitk\u00e1r: Nagy Ern\u0151<br \/>\nEllen\u0151rz\u0151b\u00edr\u00e1k: Hunyadi J\u00f3zsef (?) \u00d3hegyi Albin (?) al\u00e1\u00edr\u00e1s Feh\u00e9r J\u00e1nos!<\/p>\n<p align=\"LEFT\">Versenyk\u00f6zpont: Pilis hegys\u00e9g, Csik\u00f3v\u00e1raljai mh.<\/p>\n<p align=\"LEFT\">Kateg\u00f3ria T\u00e1v Szint Ellen\u0151rz\u0151 pontok Gy\u0151ztes id\u0151 Indul\u00f3k \u00c9rt\u00e9kelhet\u0151<\/p>\n<p align=\"LEFT\">V\u00e1lt\u00f3verseny t\u00e1v pontok etap gy\u0151ztes elindult v. sz.\/\u00e9rt\u00e9kelhet\u0151<\/p>\n<p align=\"LEFT\">F 21 A 1. 7500 m 14<br \/>\n1. Erd\u00e9lyi Tibor BEAC 59.09 43\/39<br \/>\n2. 7500 12 Horv\u00e1th Attila OSC 58.38 42\/35<br \/>\n3. 7500 11 S\u0151t\u00e9r J\u00e1nos BSE 57.54 40\/35<\/p>\n<p align=\"LEFT\">1. PVSK I. Nagy Lajos \u0096 Gyenis Z. \u0096 Szab\u00f3 L. 3.05.24 33 \u00e9rt\u00e9kelhet\u0151 csp.<br \/>\n2. OSC I. Kozma Attila \u0096 Horv\u00e1th A. \u0096 Heged\u0171s Z. 3.07.19<br \/>\n3. BSE S\u0151t\u00e9r M. \u0096 Z\u00e1nkay A. \u0096 S\u0151t\u00e9r J. 3.07.22<\/p>\n<p align=\"LEFT\">F 17 B 1. 5000 m 7<br \/>\n1. T\u00f3th L\u00e1szl\u00f3 MEAFC 50.40 19\/16<br \/>\n2. 5000 9 Hirth Jen\u0151 K. Lombik 47.29 19\/14<br \/>\n3. 5000 6 Aros B\u00e9la E. Spartacus 45.40 19\/15<\/p>\n<p align=\"LEFT\">1. K. Lombik III. D\u00f3ra J\u00e1nos \u0096 Hirth Jen\u0151 \u0096 Gergely Attila 2.27.55 13 \u00e9rt. csp.<br \/>\n2. Egri Spartacus Balogh Tam\u00e1s &#8211; Aros L\u00e1szl\u00f3 \u0096 Aros B\u00e9la 2.31.06<br \/>\n3. BEAC I. Kele J. \u0096 Moln\u00e1r G. \u0096 Kuron Gy. 2.31.09<\/p>\n<p align=\"LEFT\">N 19 A 1. 5000 m 8<br \/>\n1. <strong>Muzsnai \u00c1gota STE<\/strong> 1.01.58 19\/19<br \/>\n2. 5000 10 Medne Gunta 57.28 BSE 19\/17<br \/>\n3. 5000 6 <strong>Monspart Sarolta STE<\/strong> 44.04 17\/17<\/p>\n<p align=\"LEFT\">1. <strong>STE I. Muzsnai \u00c1. \u0096 Schmidmeiszter I. \u0096 Monspart S.<\/strong> 2.47.20 15 \u00e9rt. csp.<br \/>\n2. Tipogr\u00e1fia TE Kom\u00e1rn\u00e9 \u0096 Szopori \u00c9. &#8211; Kov\u00e1cs M. 3.12.37<br \/>\n3. HVSE Apr\u00f3 Erika\u0096 Vizi Judit\u0096 Rost\u00e1s Ir\u00e9n. 3.22.02<\/p>\n<p align=\"LEFT\">N 17 B 1. 4000 m 5<br \/>\n1. Kaiser Zsuzsa Gazd\u00e1sz SE 51.10 10\/10<br \/>\n2. 4000 6 Koczur Anna Post\u00e1s SE 1.00.08 10\/7<br \/>\n3. 4000 7 Hehl \u00c9va Post\u00e1s SE 39.27 10\/9<\/p>\n<p align=\"LEFT\">1. Post\u00e1s SE T\u00f6r\u00f6k Zsuzsa \u0096 Koczur Anna \u0096 Hehl \u00c9va 2.30.59<\/p>\n<p align=\"LEFT\">Indul\u00f3k sz\u00e1ma \u00f6sszesen: 267 f\u0151<\/p>\n<p align=\"LEFT\">V. \u0084SPARTACUS \u00c9JSZAKAI KUPA\u0094 \u0096 1977. Okt\u00f3ber 14.<\/p>\n<p align=\"LEFT\">F211 A HEGED\u0170S Andr\u00e1s BEAC BEAC<br \/>\nF21 B FARKAS S\u00e1ndor K\u0151b. Lombik Post\u00e1s SE<br \/>\nF17 B F\u00c1NCSY L\u00e1szl\u00f3 MMG OSC<\/p>\n<p align=\"LEFT\">A \u0084SPARTACUS \u00c9JSZAKAI KUPA\u0094 1977. \u00e9vi v\u00e9d\u0151je: BEAC<\/p>\n<p>&nbsp;<\/p>\n<p align=\"LEFT\"><strong>1977. \u00e9vi \u0084November 7.\u0094 Eml\u00e9kverseny<br \/>\n<\/strong>V\u00e1rgesztes<\/p>\n<p align=\"LEFT\">N-D. 19-A 57\/57 f\u0151<br \/>\n1. Rabe, Karin IK Jarl\/s 65.52<br \/>\n2. Ohlsson, Ingrid O-Ringen\/S 69.84<br \/>\n3. Svaland, Marit O-Ringen\/S 70.62<br \/>\n4. Gavendova, Anna TJ Trinec\/CSR 71.93<br \/>\n5. Karlsson, Kristina O-Ringen\/S 72.75<br \/>\n6. Rost\u00e1s Ir\u00e9n HVSE 73.18<br \/>\n20. <strong>Boros Zolt\u00e1nn\u00e9 STE<\/strong> 84.10<\/p>\n<p align=\"LEFT\">N-D. 19-B 39\/37 f\u0151<br \/>\n1. Stara, Pavla VSB Ostrava\/CSR 58.58<br \/>\n2. <strong>Jen\u0151v\u00e1ri Gabriella STE<\/strong> 58.85<br \/>\n3. Johansson, Margareta O-Ringen\/S 60.27<\/p>\n<p align=\"LEFT\">N-D. 17-A 41\/41 f\u0151<br \/>\n1. Hal\u00e1sz \u00c9va K\u0151b. Lombik 34.38<br \/>\n2. Kal\u00f3 Marianna DVTK 36.69<br \/>\n3. Tima Ilona Almf. TSC 38.89<\/p>\n<p align=\"LEFT\">F-H. 21-E 86\/78 f\u0151<br \/>\n1. Hovi, Harald O-Ringen\/N 78.54<br \/>\n2. Peltola, Tuomo Angelniemen Ankkuri\/SF 81.63<br \/>\n3. Szab\u00f3 L\u00e1szl\u00f3 Sch\u00f6nherz SE 82.45<br \/>\n4. Kacmar\u010dik, Jaroslav VSB Ostrava\/CSR 82.48<br \/>\n5. Eriksson, Jan-Olof O-Ringen\/S 83.37<br \/>\n6. Dosek \u00c1goston TFSE 83.64<br \/>\n7. Vekerdy Zolt\u00e1n BEAC 84.14<br \/>\n8. M\u013artensson, J\u00f6rgen Malmby IF 84.55<br \/>\n9. Jacobsson, Rolf Ludvika OK\/S 84.70<br \/>\n10. St\u013ahl, Kjell-Erik O-Ringen\/S 84.76<br \/>\n29. <strong>K\u00f6pf Jen\u0151 STE<\/strong> 89.82<\/p>\n<p align=\"LEFT\">F-H. 17-B 50\/49<br \/>\n1. Kuron Gy\u00f6rgy BEAC 53.04<br \/>\n2. Hirth Jen\u0151 K\u0151b. Lombik 57.14<br \/>\n3. Nagy M\u00e1rton PVSK 57.30<\/p>\n<p><strong><a href=\"http:\/\/www.tabanispartacus.hu\/tajfuto\/wordpress\/?page_id=34\">Vissza a Spari kup\u00e1k kezd\u0151oldal\u00e1ra<\/a><\/strong><\/td>\n<\/tr>\n<\/tbody>\n<\/table>\n","protected":false},"excerpt":{"rendered":"<p>&nbsp; 1977 V. \u0084SPARTACUS KUPA\u0094 \u0096 1977. m\u00e1rcius 13 Versenyb\u00edr\u00f3s\u00e1g eln\u00f6ke: \u00d3hegyi Albin P\u00e1lyakit\u0171z\u0151k: Pataki Zsolt \u00d3hegyi Albin Sch\u00f6nviszky Gy\u00f6rgy (hossz\u00fat\u00e1v\u00fa) Titk\u00e1r: Nagy Ern\u0151 Ellen\u0151rz\u0151b\u00edr\u00e1k: Nagy Ern\u0151 Hunyadi J\u00f3zsef (hossz\u00fat\u00e1v\u00fa) Versenyk\u00f6zpont: H\u0171v\u00f6sv\u00f6lgy \u0096 M\u00e1riaremete Kateg\u00f3ria T\u00e1v Szint Ellen\u0151rz\u0151 pontok Gy\u0151ztes id\u0151 Indul\u00f3k\/\u00c9rt\u00e9kelhet\u0151 F.21 AH 24000 11 1. Heged\u0171s Andr\u00e1s BEAC 2.36.35 71\/64 2. Heged\u0171s Zolt\u00e1n &hellip; <a href=\"https:\/\/www.tabanispartacus.hu\/tajfuto\/wordpress\/?page_id=488\" class=\"more-link\"><span class=\"screen-reader-text\">Versenyeink 1977-ben<\/span> olvas\u00e1s\u00e1nak folytat\u00e1sa <span class=\"meta-nav\">&rarr;<\/span><\/a><\/p>\n","protected":false},"author":1,"featured_media":0,"parent":34,"menu_order":0,"comment_status":"closed","ping_status":"closed","template":"","meta":{"ngg_post_thumbnail":0},"_links":{"self":[{"href":"https:\/\/www.tabanispartacus.hu\/tajfuto\/wordpress\/index.php?rest_route=\/wp\/v2\/pages\/488"}],"collection":[{"href":"https:\/\/www.tabanispartacus.hu\/tajfuto\/wordpress\/index.php?rest_route=\/wp\/v2\/pages"}],"about":[{"href":"https:\/\/www.tabanispartacus.hu\/tajfuto\/wordpress\/index.php?rest_route=\/wp\/v2\/types\/page"}],"author":[{"embeddable":true,"href":"https:\/\/www.tabanispartacus.hu\/tajfuto\/wordpress\/index.php?rest_route=\/wp\/v2\/users\/1"}],"replies":[{"embeddable":true,"href":"https:\/\/www.tabanispartacus.hu\/tajfuto\/wordpress\/index.php?rest_route=%2Fwp%2Fv2%2Fcomments&post=488"}],"version-history":[{"count":2,"href":"https:\/\/www.tabanispartacus.hu\/tajfuto\/wordpress\/index.php?rest_route=\/wp\/v2\/pages\/488\/revisions"}],"predecessor-version":[{"id":2450,"href":"https:\/\/www.tabanispartacus.hu\/tajfuto\/wordpress\/index.php?rest_route=\/wp\/v2\/pages\/488\/revisions\/2450"}],"up":[{"embeddable":true,"href":"https:\/\/www.tabanispartacus.hu\/tajfuto\/wordpress\/index.php?rest_route=\/wp\/v2\/pages\/34"}],"wp:attachment":[{"href":"https:\/\/www.tabanispartacus.hu\/tajfuto\/wordpress\/index.php?rest_route=%2Fwp%2Fv2%2Fmedia&parent=488"}],"curies":[{"name":"wp","href":"https:\/\/api.w.org\/{rel}","templated":true}]}}