{"id":486,"date":"2012-07-12T14:17:51","date_gmt":"2012-07-12T12:17:51","guid":{"rendered":"http:\/\/tabanispartacus.wordpress.com\/?page_id=486"},"modified":"2015-05-08T17:19:55","modified_gmt":"2015-05-08T15:19:55","slug":"versenyeink-1978-ban","status":"publish","type":"page","link":"https:\/\/www.tabanispartacus.hu\/tajfuto\/wordpress\/?page_id=486","title":{"rendered":"Versenyeink 1978-ban"},"content":{"rendered":"<p>&nbsp;<\/p>\n<table width=\"100%\" border=\"0\" cellspacing=\"0\" cellpadding=\"10\">\n<tbody>\n<tr>\n<td align=\"center\" valign=\"top\" width=\"100%\">\n<p align=\"center\">1978<\/p>\n<p>&nbsp;<\/p>\n<p>&nbsp;<\/p>\n<p align=\"LEFT\">VI. \u0084SPARTACUS KUPA\u0094 t\u00e1j\u00e9koz\u00f3d\u00e1si fut\u00f3verseny<\/p>\n<p align=\"LEFT\">Rendez\u0151: SPARTACUS TE T\u00e1j\u00e9koz\u00f3d\u00e1si-fut\u00f3 Szakoszt\u00e1ly 1013 Budapest, I. Attila \u00fat 2.<\/p>\n<p align=\"LEFT\"><strong>Versenyb\u00edr\u00f3s\u00e1g:<\/strong><br \/>\nEln\u00f6k \u00d3HEGYI Albin<br \/>\nP\u00e1lyakit\u0171z\u0151k BALOGH Tam\u00e1s, \u00d3HEGYI Albin, PATAKI Zsolt, SZ\u0170CS Levente<br \/>\nTitk\u00e1r NAGY Ern\u0151<br \/>\nEllen\u0151rz\u0151b\u00edr\u00f3k HUNYADI J\u00f3zsef, SCH\u00d6NVISZKY Gy\u00f6rgy<\/p>\n<p align=\"LEFT\">Id\u0151pont: 1978. M\u00e1rcius 12.<\/p>\n<p align=\"LEFT\">T\u00edpus, forma, kateg\u00f3ri\u00e1k, p\u00e1lyaadatok: Orsz\u00e1gos, nappali, min\u0151s\u00edt\u0151, egy\u00e9ni verseny.<\/p>\n<p align=\"LEFT\">F 21 AH 23 km<br \/>\nN 19 AH 13 km<br \/>\nF 19 A 11 km<br \/>\nN 19 B 6 km<br \/>\nF 21 B 8 km<br \/>\nN 19 D 4,5 km<br \/>\nF 21 C 7 km<br \/>\nN 17 B 5 km<br \/>\nF 21 D 6 km<br \/>\nN 15 C 3,5 km<br \/>\nF 17 B 6,5 km<br \/>\nN 13 D 3 km<br \/>\nF 17 C 5 km<br \/>\nF 15 C 4,5 km<br \/>\nF 13 D 3,5 km<br \/>\nNy\u00edlt kat. 3 km<\/p>\n<p align=\"LEFT\">K\u00f6lts\u00e9gek: Egy f\u0151 r\u00e9szv\u00e9teli k\u00f6lts\u00e9ge 15.-Ft, az F21 AH \u00e9s N19 AH kateg\u00f3ri\u00e1kban 40.-Ft \/t\u00e9rk\u00e9pek, \u00f6lt\u00f6z\u0151, takar\u00edt\u00e1s \u00e9s friss\u00edt\u0151 a p\u00e1ly\u00e1n k\u00e9t helyen\/.<\/p>\n<p align=\"LEFT\">Terep, t\u00e9rk\u00e9p: Pilis hegys\u00e9g, tengerszint feletti magass\u00e1g 250-550 m\u00e9ter. Helyesb\u00edtett t\u00f6bbsz\u00ednnyom\u00e1s\u00fa t\u00e9rk\u00e9p, 1 :21.000-es m\u00e9retar\u00e1nnyal, 5 m\u00e9teres szintvonalakkal.<\/p>\n<p align=\"LEFT\">VI. \u0084SPARTACUS \u00c9JSZAKAI KUPA\u0094 t\u00e1j\u00e9koz\u00f3d\u00e1si fut\u00f3verseny<\/p>\n<p align=\"LEFT\">Versenyb\u00edr\u00f3s\u00e1g:<br \/>\nEln\u00f6k Pataki Zsolt<br \/>\nP\u00e1lyakit\u0171z\u0151k \u00d3hegyi Albin, Balogh Tam\u00e1s<br \/>\nTitk\u00e1r Nagy Ern\u0151<\/p>\n<p align=\"LEFT\">Id\u0151pont: 1978. szeptember 16 \/szombat\/<\/p>\n<p align=\"LEFT\">T\u00edpus, forma, kateg\u00f3ri\u00e1k, p\u00e1lyaadatok: Orsz\u00e1gos, min\u0151s\u00edt\u0151, \u00e9jszakai, egy\u00e9ni verseny.<\/p>\n<p align=\"LEFT\">F 21 A 10 km,<br \/>\nF 21 B 7 km,<br \/>\nF 17 B 7 km<\/p>\n<p align=\"LEFT\">K\u00f6lts\u00e9gek: Egy f\u0151 r\u00e9szv\u00e9teli k\u00f6lts\u00e9ge 20.-Ft \/t\u00e9rk\u00e9p, friss\u00edt\u0151, takar\u00edt\u00e1s \u00e9s egy\u00e9b\/<\/p>\n<p align=\"LEFT\">Terep, t\u00e9rk\u00e9p: Budapest k\u00f6rny\u00e9ki dombvid\u00e9k, 1978-ban helyesb\u00edtett t\u00f6bbsz\u00ednnyom\u00e1s\u00fa t\u00e9rk\u00e9p<\/p>\n<p><strong><a href=\"http:\/\/www.tabanispartacus.hu\/tajfuto\/wordpress\/?page_id=34\">Vissza a Spari kup\u00e1k kezd\u0151oldal\u00e1ra<\/a><\/strong><\/td>\n<\/tr>\n<\/tbody>\n<\/table>\n","protected":false},"excerpt":{"rendered":"<p>&nbsp; 1978 &nbsp; &nbsp; VI. \u0084SPARTACUS KUPA\u0094 t\u00e1j\u00e9koz\u00f3d\u00e1si fut\u00f3verseny Rendez\u0151: SPARTACUS TE T\u00e1j\u00e9koz\u00f3d\u00e1si-fut\u00f3 Szakoszt\u00e1ly 1013 Budapest, I. Attila \u00fat 2. Versenyb\u00edr\u00f3s\u00e1g: Eln\u00f6k \u00d3HEGYI Albin P\u00e1lyakit\u0171z\u0151k BALOGH Tam\u00e1s, \u00d3HEGYI Albin, PATAKI Zsolt, SZ\u0170CS Levente Titk\u00e1r NAGY Ern\u0151 Ellen\u0151rz\u0151b\u00edr\u00f3k HUNYADI J\u00f3zsef, SCH\u00d6NVISZKY Gy\u00f6rgy Id\u0151pont: 1978. M\u00e1rcius 12. T\u00edpus, forma, kateg\u00f3ri\u00e1k, p\u00e1lyaadatok: Orsz\u00e1gos, nappali, min\u0151s\u00edt\u0151, egy\u00e9ni verseny. F &hellip; <a href=\"https:\/\/www.tabanispartacus.hu\/tajfuto\/wordpress\/?page_id=486\" class=\"more-link\"><span class=\"screen-reader-text\">Versenyeink 1978-ban<\/span> olvas\u00e1s\u00e1nak folytat\u00e1sa <span class=\"meta-nav\">&rarr;<\/span><\/a><\/p>\n","protected":false},"author":1,"featured_media":0,"parent":34,"menu_order":0,"comment_status":"closed","ping_status":"closed","template":"","meta":{"ngg_post_thumbnail":0},"_links":{"self":[{"href":"https:\/\/www.tabanispartacus.hu\/tajfuto\/wordpress\/index.php?rest_route=\/wp\/v2\/pages\/486"}],"collection":[{"href":"https:\/\/www.tabanispartacus.hu\/tajfuto\/wordpress\/index.php?rest_route=\/wp\/v2\/pages"}],"about":[{"href":"https:\/\/www.tabanispartacus.hu\/tajfuto\/wordpress\/index.php?rest_route=\/wp\/v2\/types\/page"}],"author":[{"embeddable":true,"href":"https:\/\/www.tabanispartacus.hu\/tajfuto\/wordpress\/index.php?rest_route=\/wp\/v2\/users\/1"}],"replies":[{"embeddable":true,"href":"https:\/\/www.tabanispartacus.hu\/tajfuto\/wordpress\/index.php?rest_route=%2Fwp%2Fv2%2Fcomments&post=486"}],"version-history":[{"count":1,"href":"https:\/\/www.tabanispartacus.hu\/tajfuto\/wordpress\/index.php?rest_route=\/wp\/v2\/pages\/486\/revisions"}],"predecessor-version":[{"id":2451,"href":"https:\/\/www.tabanispartacus.hu\/tajfuto\/wordpress\/index.php?rest_route=\/wp\/v2\/pages\/486\/revisions\/2451"}],"up":[{"embeddable":true,"href":"https:\/\/www.tabanispartacus.hu\/tajfuto\/wordpress\/index.php?rest_route=\/wp\/v2\/pages\/34"}],"wp:attachment":[{"href":"https:\/\/www.tabanispartacus.hu\/tajfuto\/wordpress\/index.php?rest_route=%2Fwp%2Fv2%2Fmedia&parent=486"}],"curies":[{"name":"wp","href":"https:\/\/api.w.org\/{rel}","templated":true}]}}