{"id":4770,"date":"2019-03-17T19:30:02","date_gmt":"2019-03-17T18:30:02","guid":{"rendered":"http:\/\/www.tabanispartacus.hu\/tajfuto\/wordpress\/?page_id=4770"},"modified":"2019-03-17T19:30:02","modified_gmt":"2019-03-17T18:30:02","slug":"eredmenyek-4","status":"publish","type":"page","link":"https:\/\/www.tabanispartacus.hu\/tajfuto\/wordpress\/?page_id=4770","title":{"rendered":"Eredm\u00e9nyek"},"content":{"rendered":"\n<ul><li><strong><a href=\"https:\/\/drive.google.com\/open?id=1t-LtY12XeD9GHiCO1HUfj9vTnryupZkT\">Eredm\u00e9nyek<\/a><\/strong><\/li><li><a href=\"https:\/\/drive.google.com\/open?id=14vdW4gvU4YnDXgNJmkwNMhYD70WGQwNL\"><strong>\u00d6sszetett eredm\u00e9nyek<\/strong><\/a><\/li><li><a href=\"https:\/\/drive.google.com\/open?id=1qHdwak7FJiQQmEPj_CN3ntttxi_C1vcq\"><strong>SI eredm\u00e9nyek<\/strong><\/a><\/li><\/ul>\n","protected":false},"excerpt":{"rendered":"<p>Eredm\u00e9nyek \u00d6sszetett eredm\u00e9nyek SI eredm\u00e9nyek<\/p>\n","protected":false},"author":1,"featured_media":0,"parent":0,"menu_order":0,"comment_status":"closed","ping_status":"closed","template":"","meta":{"ngg_post_thumbnail":0},"_links":{"self":[{"href":"https:\/\/www.tabanispartacus.hu\/tajfuto\/wordpress\/index.php?rest_route=\/wp\/v2\/pages\/4770"}],"collection":[{"href":"https:\/\/www.tabanispartacus.hu\/tajfuto\/wordpress\/index.php?rest_route=\/wp\/v2\/pages"}],"about":[{"href":"https:\/\/www.tabanispartacus.hu\/tajfuto\/wordpress\/index.php?rest_route=\/wp\/v2\/types\/page"}],"author":[{"embeddable":true,"href":"https:\/\/www.tabanispartacus.hu\/tajfuto\/wordpress\/index.php?rest_route=\/wp\/v2\/users\/1"}],"replies":[{"embeddable":true,"href":"https:\/\/www.tabanispartacus.hu\/tajfuto\/wordpress\/index.php?rest_route=%2Fwp%2Fv2%2Fcomments&post=4770"}],"version-history":[{"count":1,"href":"https:\/\/www.tabanispartacus.hu\/tajfuto\/wordpress\/index.php?rest_route=\/wp\/v2\/pages\/4770\/revisions"}],"predecessor-version":[{"id":4776,"href":"https:\/\/www.tabanispartacus.hu\/tajfuto\/wordpress\/index.php?rest_route=\/wp\/v2\/pages\/4770\/revisions\/4776"}],"wp:attachment":[{"href":"https:\/\/www.tabanispartacus.hu\/tajfuto\/wordpress\/index.php?rest_route=%2Fwp%2Fv2%2Fmedia&parent=4770"}],"curies":[{"name":"wp","href":"https:\/\/api.w.org\/{rel}","templated":true}]}}