{"id":4758,"date":"2019-03-16T17:52:09","date_gmt":"2019-03-16T16:52:09","guid":{"rendered":"http:\/\/www.tabanispartacus.hu\/tajfuto\/wordpress\/?page_id=4758"},"modified":"2019-03-16T17:53:34","modified_gmt":"2019-03-16T16:53:34","slug":"eredmenyek-3","status":"publish","type":"page","link":"https:\/\/www.tabanispartacus.hu\/tajfuto\/wordpress\/?page_id=4758","title":{"rendered":"Eredm\u00e9nyek"},"content":{"rendered":"\n<ul><li><a href=\"https:\/\/drive.google.com\/open?id=1YdG91Oc8zdlOtPNMhcnJsw5Fiz_Bid5q\"><strong>Eredm\u00e9nyek<\/strong><\/a><\/li><li><strong><a href=\"https:\/\/drive.google.com\/open?id=1oCZvR9NlI-004Pb4Qcm8JrdzqQttvDfl\">SI eredm\u00e9nyek<\/a><\/strong><\/li><li><a href=\"https:\/\/drive.google.com\/open?id=199q-HPFVD2ZpSUYW9497Q6sp-nKn6RDY\"><strong>\u00d6sszetett eredm\u00e9nyek<\/strong><\/a><\/li><\/ul>\n","protected":false},"excerpt":{"rendered":"<p>Eredm\u00e9nyek SI eredm\u00e9nyek \u00d6sszetett eredm\u00e9nyek<\/p>\n","protected":false},"author":1,"featured_media":0,"parent":0,"menu_order":0,"comment_status":"closed","ping_status":"closed","template":"","meta":{"ngg_post_thumbnail":0},"_links":{"self":[{"href":"https:\/\/www.tabanispartacus.hu\/tajfuto\/wordpress\/index.php?rest_route=\/wp\/v2\/pages\/4758"}],"collection":[{"href":"https:\/\/www.tabanispartacus.hu\/tajfuto\/wordpress\/index.php?rest_route=\/wp\/v2\/pages"}],"about":[{"href":"https:\/\/www.tabanispartacus.hu\/tajfuto\/wordpress\/index.php?rest_route=\/wp\/v2\/types\/page"}],"author":[{"embeddable":true,"href":"https:\/\/www.tabanispartacus.hu\/tajfuto\/wordpress\/index.php?rest_route=\/wp\/v2\/users\/1"}],"replies":[{"embeddable":true,"href":"https:\/\/www.tabanispartacus.hu\/tajfuto\/wordpress\/index.php?rest_route=%2Fwp%2Fv2%2Fcomments&post=4758"}],"version-history":[{"count":2,"href":"https:\/\/www.tabanispartacus.hu\/tajfuto\/wordpress\/index.php?rest_route=\/wp\/v2\/pages\/4758\/revisions"}],"predecessor-version":[{"id":4761,"href":"https:\/\/www.tabanispartacus.hu\/tajfuto\/wordpress\/index.php?rest_route=\/wp\/v2\/pages\/4758\/revisions\/4761"}],"wp:attachment":[{"href":"https:\/\/www.tabanispartacus.hu\/tajfuto\/wordpress\/index.php?rest_route=%2Fwp%2Fv2%2Fmedia&parent=4758"}],"curies":[{"name":"wp","href":"https:\/\/api.w.org\/{rel}","templated":true}]}}