{"id":469,"date":"2012-07-12T13:56:37","date_gmt":"2012-07-12T11:56:37","guid":{"rendered":"http:\/\/tabanispartacus.wordpress.com\/?page_id=469"},"modified":"2015-05-08T17:21:48","modified_gmt":"2015-05-08T15:21:48","slug":"versenyeink-1980-ban","status":"publish","type":"page","link":"https:\/\/www.tabanispartacus.hu\/tajfuto\/wordpress\/?page_id=469","title":{"rendered":"Versenyeink 1980-ban"},"content":{"rendered":"<p>&nbsp;<\/p>\n<table width=\"100%\" border=\"0\" cellspacing=\"0\" cellpadding=\"10\">\n<tbody>\n<tr>\n<td align=\"center\" valign=\"top\" width=\"100%\">\n<p align=\"center\">1980<\/p>\n<p>&nbsp;<\/p>\n<p>&nbsp;<\/p>\n<p align=\"LEFT\">M\u00e1rcius 14. Spartacus kupa A \u0096 AH GSSE<\/p>\n<p align=\"LEFT\">XXXVIII. \u0084NOVEMBER 7\u0094 NEMZETK\u00d6ZI T\u00c1J\u00c9KOZ\u00d3D\u00c1SI FUT\u00d3VERSENY<br \/>\nV\u00e9rtessz\u0151l\u0151s, 1980. november 1-2.<\/p>\n<p align=\"LEFT\"><strong>Szervez\u0151bizotts\u00e1g<\/strong><br \/>\nEln\u00f6k: N\u00e9meth K\u00e1roly 1052 Budapest, Pesti Barnab\u00e1s u. 6. Tel.: 184-444<\/p>\n<p align=\"LEFT\"><strong>Versenyb\u00edr\u00f3s\u00e1g<\/strong><br \/>\nEln\u00f6k: Pataki Zsolt<br \/>\nEln.h.: Rib\u00e9nyi Imre<br \/>\nP\u00e1lyakit\u0171z\u0151k: Szab\u00f3 J\u00f3zsef\u0096 egy\u00e9ni, Boz\u00e1n Gy\u00f6rgy \u0096 v\u00e1lt\u00f3<br \/>\nEllen\u0151rz\u0151b\u00edr\u00e1k: Nyitrai Gy\u00f6rgy, Vekerdy Zolt\u00e1n<br \/>\nNemzetk\u00f6zi \u00fcgyek: Monspart Sarolta, B\u00e1rsony Andr\u00e1s<br \/>\nTechnikai \u00fcgyek: \u00d3hegyi Albin, Vittek Lajos<br \/>\nGazdas\u00e1gi \u00fcgyek: Jancovius B\u00e9la, Bakos P\u00e1ln\u00e9<\/p>\n<p align=\"LEFT\">Egy\u00e9ni verseny<br \/>\nF 21 E 13 000 m 25 pont 73 nevez\u0151 gy\u0151ztes<br \/>\nF 21 A 11 450 14 141<br \/>\nF 19 A 11 500 18 54<br \/>\nF 17 B 8 400 13 70<br \/>\nF 15 B 6 400 11 104<br \/>\nF 35 B 7 780 13 53<br \/>\nN 19 A 8 400 m 15 pont 114 nevez\u0151 gy\u0151ztes<br \/>\nN 17 B 6 400 9 119<br \/>\nN 15 B 5 000 8 80<br \/>\nOffene 3 870 12 11<\/p>\n<p align=\"LEFT\">V\u00e1lt\u00f3verseny 3 x 1 f\u0151s csapatok r\u00e9sz\u00e9re<br \/>\nF 17 B 5 500 6<br \/>\nN17 B 4 500 5<br \/>\nF 21 A 8 000 8<br \/>\nN19 A 5 500 6<\/p>\n<p align=\"LEFT\">A v\u00e1lt\u00f3verseny \u0084FARSTA\u0094 rendszerben ker\u00fclt megrendez\u00e9sre. A t\u00f6megrajtb\u00f3l rajtol\u00f3 versenyz\u0151k az els\u0151 pont \u00e9rint\u00e9s\u00e9nek igazol\u00e1s\u00e1t rajtsz\u00e1mmal ell\u00e1tott m\u0171anyag korong bedob\u00e1s\u00e1val v\u00e9gezt\u00e9k.<\/p>\n<p align=\"LEFT\">A verseny az \u00e9vi Vasutas Kupa t\u00e9rk\u00e9p\u00e9n ker\u00fclt megrendez\u00e9sre, ahol komoly probl\u00e9m\u00e1t jelentett a pontelhelyez\u00e9s, mivel az \u00d6reg Kov\u00e1cs izgalmas r\u00e9szeinek t\u0171n\u0151 szikl\u00e1s oldalak \u00e1br\u00e1zol\u00e1sa csapnival\u00f3an hib\u00e1s volt. A v\u00e1lt\u00f3 verseny k\u00fcl\u00f6n\u00f6s \u00e9rdekess\u00e9ge volt a km hossz\u00fa els\u0151 \u00e1tmenet.<\/p>\n<p align=\"LEFT\">Az \u00f3lomsz\u00fcrke id\u0151 \u00e9s az olvad\u00f3 h\u00f3es\u00e9s mellett s\u00falyosan be\u00e1rny\u00e9kolta a versenyt, hogy a v\u00e9rtessz\u0151l\u0151si iskol\u00e1ban l\u00e9v\u0151 \u00f6lt\u00f6z\u0151b\u0151l t\u00f6bb mindent, f\u0151k\u00e9nt a k\u00fclf\u00f6ldi versenyz\u0151k m\u00e1rk\u00e1s sportfelszerel\u00e9seit ellopt\u00e1k.<\/p>\n<p align=\"CENTER\">\u00c9SZAKI V\u00c9LEM\u00c9NYEK<\/p>\n<p align=\"JUSTIFY\"><em>SV\u00c9D VISSZHANG<\/em><br \/>\nSzokatlan nevek a magyar \u0151szi h\u00f3ban: Stappung, Bloor, Kelemen, Kal\u00f3&#8230;. A sv\u00e9d v\u00e1logatott utols\u00f3 nagy versenye a Nemzetek Viadala volt Magyarorsz\u00e1gon, mint el\u0151zetes tapasztalatszerz\u00e9s az 1983-as VB-re. Rekordnak sz\u00e1m\u00edtott az \u00fajoncok \/Anglia, NSZK, NDK, Belgium\/ r\u00e9szv\u00e9tel\u00e9vel a 10 orsz\u00e1g nevez\u00e9se. Norv\u00e9gia egy fiatal \u0084B\u0094 er\u0151ss\u00e9g\u0171 csapattal jelentkezett, kieg\u00e9sz\u00edtve a vil\u00e1gbajnok \u0158yvin Thonnal \u00e9s Tore Sagvoldennel. A legid\u0151sebb fut\u00f3juk is csak 24 \u00e9ves volt. Finnorsz\u00e1g is fiatalabbakkal rajtolt. A s\u00e1rga-k\u00e9k v\u00e1logatottak k\u00f6z\u00fcl Lasse L\u00f6nnkvist, G\u00f6ran Andersson, Kerstin M\u00e5nsson lemondt\u00e1k, m\u00edg Karin Rabe, M\u00e5rtensson \u00e9s Lauri, a legjobbak k\u00f6z\u00fcl, v\u00e1llalt\u00e1k a versenyt.<br \/>\n<em>Korai t\u00e9l<\/em><br \/>\nA \u0084November 7\u0094 verseny Tata k\u00f6zel\u00e9ben, egy 1980-ban jav\u00edtott t\u00e9rk\u00e9ppel ker\u00fclt megrendez\u00e9sre, a szok\u00e1sosn\u00e1l egy h\u00e9ttel kor\u00e1bban. A sz\u00e1ll\u00e1st a Magyar Olimpiai Bizotts\u00e1g sportt\u00e1bor\u00e1ban biztos\u00edtott\u00e1k a k\u00fclf\u00f6ldi r\u00e9sztvev\u0151knek. A terepbemutat\u00f3n olyan er\u0151s \u00e9s hideg sz\u00e9l volt, hogy csak t\u00f6bb-kevesebb pontot gy\u0171jt\u00f6ttek a p\u00e1ros\u00e1val kifut\u00f3 versenyz\u0151k. A verseny egy\u00e9ni eredm\u00e9nylist\u00e1ja, hasonl\u00f3an az okt\u00f3beri sv\u00e1jci nemzetk\u00f6zi tal\u00e1lkoz\u00f3hoz azt mutatja, hogy a k\u00f6vetkez\u0151 k\u00e9t vil\u00e1gbajnoks\u00e1gon \/1981- Sv\u00e1jc \u00e9s 1983-Magyarorsz\u00e1g\/ a nemesebb \u00e9rmekb\u0151l nem sokat tudunk majd elcs\u00edpni. F\u00e9l\u0151, hogy a kontinent\u00e1lis t\u00e1jfut\u00e1st nem tudjuk kell\u0151en a rendez\u0151 orsz\u00e1gok fut\u00f3ira vesz\u00e9lyes szinten elsaj\u00e1t\u00edtani. Ezt bizony\u00edtja a \u0084November 7\u0094 eredm\u00e9ny is, ahol a legjobb 20 k\u00f6z\u00f6tt 6 sv\u00e1jci, 9 magyar, 2 norv\u00e9g, 2 sv\u00e9d \u00e9s 1 finn tal\u00e1lhat\u00f3. Kicsit ijeszt\u0151, nem? K\u00f6z\u00fcl\u00fcnk a legjobb J\u00f6rgen M\u00e5rtensson negyedik helye, 2 perccel a gy\u0151ztes magyar Kelemen m\u00f6g\u00f6tt \u00e9s Bj\u00f6rn Rosendahl hetedik helyez\u00e9se. K\u00e9ts\u00e9gk\u00edv\u00fcl fizikailag \u00e9s technikailag is nagyon k\u00f6nny\u0171 p\u00e1lya volt, de ez sov\u00e1ny vigasz a VB versenyekre, mert az ut\u00f3bbi \u00e9vekben ezek szint\u00e9n a legk\u00f6nnyebbek voltak.<br \/>\n<em>Heja Karin!<\/em><br \/>\nAz\u00e9rt nem kell zsebkend\u0151inket csavarni a k\u00f6nnyekt\u0151l, hiszen Karin Rabe a nap legjobb idej\u00e9t futotta a n\u0151i p\u00e1ly\u00e1n. A f\u00e9rfi juniorban Hasse Melin harmadik helye 1 perccel a gy\u0151ztes Juha Koskela m\u00f6g\u00f6tt: b\u00edztat\u00f3. K\u00f6zben a h\u0151m\u00e9rs\u00e9klet fokozatosan cs\u00f6kkent, a v\u00e1lt\u00f3 reggel\u00e9n h\u00f3 kezdett sz\u00e1lling\u00f3zni \u00e9s hideg \u00e9szaki sz\u00e9l tette merevv\u00e9 a l\u00e1bujjakat.<br \/>\n<em>Elveszett kontaktlencs\u00e9k<\/em><br \/>\nK\u00e9t f\u00e9rfi versenyz\u0151nk is elvesztette kontaktlencs\u00e9j\u00e9t, \/Bj\u00f6rklund, Holmqvist\/ \u00edgy ny\u00edltt\u00e1 v\u00e1lt a k\u00f6zelg\u0151 Nemzetek Viadala.<\/p>\n<p align=\"RIGHT\">TF1981\/3<\/p>\n<p><strong><a href=\"http:\/\/www.tabanispartacus.hu\/tajfuto\/wordpress\/?page_id=34\">Vissza a Spari kup\u00e1k kezd\u0151oldal\u00e1ra<\/a><\/strong><\/td>\n<\/tr>\n<\/tbody>\n<\/table>\n","protected":false},"excerpt":{"rendered":"<p>&nbsp; 1980 &nbsp; &nbsp; M\u00e1rcius 14. Spartacus kupa A \u0096 AH GSSE XXXVIII. \u0084NOVEMBER 7\u0094 NEMZETK\u00d6ZI T\u00c1J\u00c9KOZ\u00d3D\u00c1SI FUT\u00d3VERSENY V\u00e9rtessz\u0151l\u0151s, 1980. november 1-2. Szervez\u0151bizotts\u00e1g Eln\u00f6k: N\u00e9meth K\u00e1roly 1052 Budapest, Pesti Barnab\u00e1s u. 6. Tel.: 184-444 Versenyb\u00edr\u00f3s\u00e1g Eln\u00f6k: Pataki Zsolt Eln.h.: Rib\u00e9nyi Imre P\u00e1lyakit\u0171z\u0151k: Szab\u00f3 J\u00f3zsef\u0096 egy\u00e9ni, Boz\u00e1n Gy\u00f6rgy \u0096 v\u00e1lt\u00f3 Ellen\u0151rz\u0151b\u00edr\u00e1k: Nyitrai Gy\u00f6rgy, Vekerdy Zolt\u00e1n Nemzetk\u00f6zi &hellip; <a href=\"https:\/\/www.tabanispartacus.hu\/tajfuto\/wordpress\/?page_id=469\" class=\"more-link\"><span class=\"screen-reader-text\">Versenyeink 1980-ban<\/span> olvas\u00e1s\u00e1nak folytat\u00e1sa <span class=\"meta-nav\">&rarr;<\/span><\/a><\/p>\n","protected":false},"author":1,"featured_media":0,"parent":34,"menu_order":0,"comment_status":"closed","ping_status":"closed","template":"","meta":{"ngg_post_thumbnail":0},"_links":{"self":[{"href":"https:\/\/www.tabanispartacus.hu\/tajfuto\/wordpress\/index.php?rest_route=\/wp\/v2\/pages\/469"}],"collection":[{"href":"https:\/\/www.tabanispartacus.hu\/tajfuto\/wordpress\/index.php?rest_route=\/wp\/v2\/pages"}],"about":[{"href":"https:\/\/www.tabanispartacus.hu\/tajfuto\/wordpress\/index.php?rest_route=\/wp\/v2\/types\/page"}],"author":[{"embeddable":true,"href":"https:\/\/www.tabanispartacus.hu\/tajfuto\/wordpress\/index.php?rest_route=\/wp\/v2\/users\/1"}],"replies":[{"embeddable":true,"href":"https:\/\/www.tabanispartacus.hu\/tajfuto\/wordpress\/index.php?rest_route=%2Fwp%2Fv2%2Fcomments&post=469"}],"version-history":[{"count":1,"href":"https:\/\/www.tabanispartacus.hu\/tajfuto\/wordpress\/index.php?rest_route=\/wp\/v2\/pages\/469\/revisions"}],"predecessor-version":[{"id":2453,"href":"https:\/\/www.tabanispartacus.hu\/tajfuto\/wordpress\/index.php?rest_route=\/wp\/v2\/pages\/469\/revisions\/2453"}],"up":[{"embeddable":true,"href":"https:\/\/www.tabanispartacus.hu\/tajfuto\/wordpress\/index.php?rest_route=\/wp\/v2\/pages\/34"}],"wp:attachment":[{"href":"https:\/\/www.tabanispartacus.hu\/tajfuto\/wordpress\/index.php?rest_route=%2Fwp%2Fv2%2Fmedia&parent=469"}],"curies":[{"name":"wp","href":"https:\/\/api.w.org\/{rel}","templated":true}]}}