{"id":459,"date":"2012-07-12T13:53:14","date_gmt":"2012-07-12T11:53:14","guid":{"rendered":"http:\/\/tabanispartacus.wordpress.com\/?page_id=459"},"modified":"2015-05-08T17:05:14","modified_gmt":"2015-05-08T15:05:14","slug":"versenyeink-1994-ben","status":"publish","type":"page","link":"https:\/\/www.tabanispartacus.hu\/tajfuto\/wordpress\/?page_id=459","title":{"rendered":"Versenyeink 1994-ben"},"content":{"rendered":"<p>&nbsp;<\/p>\n<table width=\"100%\" border=\"0\" cellspacing=\"0\" cellpadding=\"10\">\n<tbody>\n<tr>\n<td align=\"center\" valign=\"top\" width=\"100%\">\n<p align=\"CENTER\">1994<\/p>\n<p>&nbsp;<\/p>\n<p>&nbsp;<\/p>\n<p align=\"LEFT\"><strong>\u00c9vadz\u00e1r\u00e1s a finn nagyk\u00f6vettel<br \/>\n<\/strong>Az \u00e9v egyik legnagyobb t\u00e1jfut\u00f3verseny\u00e9t rendezik a h\u00e9tv\u00e9g\u00e9n a Szentendre melletti Sik\u00e1roson. A v\u00e1llalkoz\u00f3 kedv\u0171 fut\u00f3k 33 kateg\u00f3ri\u00e1ban m\u00e9rhetik \u00f6ssze erej\u00fcket, t\u00edzt\u0151l hetven\u00e9ves korig. Sz\u00e1mos indul\u00f3 \u00e9rkezik k\u00fclf\u00f6ldr\u0151l, Horv\u00e1torsz\u00e1gb\u00f3l, Kis-Jugoszl\u00e1vi\u00e1b\u00f3l, Csehorsz\u00e1gb\u00f3l, s\u0151t a t\u00e1voli Finnorsz\u00e1gb\u00f3l is. K\u00fcl\u00f6n \u00e9rdekess\u00e9ge az esem\u00e9nynek, hogy az indul\u00f3k k\u00f6z\u00f6tt tal\u00e1lhat\u00f3 az a <em>Pauli Siitonen<\/em>, aki \u00e9vtizedekkel ezel\u0151tt s\u00edfut\u00f3k\u00e9nt feltal\u00e1lta a korcsoly\u00e1z\u00f3 st\u00edlust, s ismertt\u00e9 tette az eg\u00e9sz vil\u00e1gon. Szentendr\u00e9n az \u00f6tven \u00e9v felettiekn\u00e9l \u00e1ll rajthoz. De klubt\u00e1rsa, a budapesti finn nagyk\u00f6vet, <em>Pertti Torstila<\/em> \u00far is fut\u00f3cip\u0151t h\u00faz, s teljes\u00edti a k\u00f6zel 10 kilom\u00e9teres t\u00e1vot.<br \/>\nNem lesz ott viszont vil\u00e1gbajnokn\u0151nk <em>Ol\u00e1h Katalin<\/em>, mivel k\u00fclf\u00f6ld\u00f6n indul atl\u00e9tikai versenyen. \u00cdgy a n\u0151k versenye k\u00fcl\u00f6n\u00f6sen szoros csat\u00e1t \u00edg\u00e9r. A fiatalokn\u00e1l pedig rom\u00e1niai siker v\u00e1rhat\u00f3, ugyanis keleti szomsz\u00e9daink roppant er\u0151s csapattal \u00e9rkeznek.<\/p>\n<p align=\"RIGHT\">Nemzeti Sport<\/p>\n<p>&nbsp;<\/p>\n<p align=\"LEFT\"><strong>T\u00e1jfut\u00e1s<br \/>\n<\/strong>Flexo-kupa, Szentendre-Sik\u00e1ros<br \/>\nF21E: 1.Vajda Kolos (SMAFC) 71.61, 2. Sidla (cseh) 71.75, 3. Allwinger (Tipo) 72.10.<br \/>\nN21E: 1. Kov\u00e1cs Bernadett (P\u00e9csi VSK) 52.91, 2. Musilov\u00e1 (cseh) 54.38, 3. Kov\u00e1cs I. (P\u00e9csi VSK) 57.80.<br \/>\nFi\u00fak. 19 A: 1. Salopek (horv\u00e1t) 50.08, 2. J\u00f3zsa (Post\u00e1s SE) 58.18, 3. Senhyr (cseh) 1:00.16. 17 B: 1. Domonyik (MEAFC) 42.53, 2. Kusz\u00e1lik (rom\u00e1n) 45.63, 3. S\u00e1recz (Zalaegerszegi TC) 45.65. 15 B: 1. Vajda B. (Ajkai B\u00e1ny\u00e1sz) 38.60, 2. Dorobantin (rom\u00e1n) 38.78, 3. Forrai (H\u00f3dmez\u0151vh. TC) 39.06. 13 B: 1. Slova\u010dek (cseh) 31.66, 2. Csisztiv (orosz) 32.01, 3. Vizi (Junior SE) 33.10.<br \/>\nL\u00e1nyok. 19 A: Fey (rom\u00e1n) 40.66, 2. Simon (rom\u00e1n) 45.85, 3. S\u00e1ndor (rom\u00e1n) 52,26. 17 B: 1. Szigethy (MOM) 39.41, 2. Lubinszky (Di\u00f3sgy\u0151ri TC) 40.35, 3. Slove\u010dkov\u00e1 (cseh) 43.43. 15 B: 1. Hecz(M\u00e1ty\u00e1s Kir. Gimn.) 36.86, 2. Gell (rom\u00e1n) 37.41, 3. Kerekes (Balatonf\u00fcredi SC) 39.83. 13 B: 1. Zsebeh\u00e1zy (MOM) 24.10, 2. Cigo\u009aov\u00e1 (cseh) 27.85, 3. Ilikov\u00e1 (cseh) 28.43.<\/p>\n<p align=\"RIGHT\">Nemzeti Sport<\/p>\n<p><strong><a href=\"http:\/\/www.tabanispartacus.hu\/tajfuto\/wordpress\/?page_id=34\">Vissza a Spari kup\u00e1k kezd\u0151oldal\u00e1ra<\/a><\/strong><\/td>\n<\/tr>\n<\/tbody>\n<\/table>\n","protected":false},"excerpt":{"rendered":"<p>&nbsp; 1994 &nbsp; &nbsp; \u00c9vadz\u00e1r\u00e1s a finn nagyk\u00f6vettel Az \u00e9v egyik legnagyobb t\u00e1jfut\u00f3verseny\u00e9t rendezik a h\u00e9tv\u00e9g\u00e9n a Szentendre melletti Sik\u00e1roson. A v\u00e1llalkoz\u00f3 kedv\u0171 fut\u00f3k 33 kateg\u00f3ri\u00e1ban m\u00e9rhetik \u00f6ssze erej\u00fcket, t\u00edzt\u0151l hetven\u00e9ves korig. Sz\u00e1mos indul\u00f3 \u00e9rkezik k\u00fclf\u00f6ldr\u0151l, Horv\u00e1torsz\u00e1gb\u00f3l, Kis-Jugoszl\u00e1vi\u00e1b\u00f3l, Csehorsz\u00e1gb\u00f3l, s\u0151t a t\u00e1voli Finnorsz\u00e1gb\u00f3l is. K\u00fcl\u00f6n \u00e9rdekess\u00e9ge az esem\u00e9nynek, hogy az indul\u00f3k k\u00f6z\u00f6tt tal\u00e1lhat\u00f3 az a &hellip; <a href=\"https:\/\/www.tabanispartacus.hu\/tajfuto\/wordpress\/?page_id=459\" class=\"more-link\"><span class=\"screen-reader-text\">Versenyeink 1994-ben<\/span> olvas\u00e1s\u00e1nak folytat\u00e1sa <span class=\"meta-nav\">&rarr;<\/span><\/a><\/p>\n","protected":false},"author":1,"featured_media":0,"parent":34,"menu_order":0,"comment_status":"closed","ping_status":"closed","template":"","meta":{"ngg_post_thumbnail":0},"_links":{"self":[{"href":"https:\/\/www.tabanispartacus.hu\/tajfuto\/wordpress\/index.php?rest_route=\/wp\/v2\/pages\/459"}],"collection":[{"href":"https:\/\/www.tabanispartacus.hu\/tajfuto\/wordpress\/index.php?rest_route=\/wp\/v2\/pages"}],"about":[{"href":"https:\/\/www.tabanispartacus.hu\/tajfuto\/wordpress\/index.php?rest_route=\/wp\/v2\/types\/page"}],"author":[{"embeddable":true,"href":"https:\/\/www.tabanispartacus.hu\/tajfuto\/wordpress\/index.php?rest_route=\/wp\/v2\/users\/1"}],"replies":[{"embeddable":true,"href":"https:\/\/www.tabanispartacus.hu\/tajfuto\/wordpress\/index.php?rest_route=%2Fwp%2Fv2%2Fcomments&post=459"}],"version-history":[{"count":2,"href":"https:\/\/www.tabanispartacus.hu\/tajfuto\/wordpress\/index.php?rest_route=\/wp\/v2\/pages\/459\/revisions"}],"predecessor-version":[{"id":2440,"href":"https:\/\/www.tabanispartacus.hu\/tajfuto\/wordpress\/index.php?rest_route=\/wp\/v2\/pages\/459\/revisions\/2440"}],"up":[{"embeddable":true,"href":"https:\/\/www.tabanispartacus.hu\/tajfuto\/wordpress\/index.php?rest_route=\/wp\/v2\/pages\/34"}],"wp:attachment":[{"href":"https:\/\/www.tabanispartacus.hu\/tajfuto\/wordpress\/index.php?rest_route=%2Fwp%2Fv2%2Fmedia&parent=459"}],"curies":[{"name":"wp","href":"https:\/\/api.w.org\/{rel}","templated":true}]}}