{"id":457,"date":"2012-07-12T13:52:45","date_gmt":"2012-07-12T11:52:45","guid":{"rendered":"http:\/\/tabanispartacus.wordpress.com\/?page_id=457"},"modified":"2015-05-08T17:28:09","modified_gmt":"2015-05-08T15:28:09","slug":"versenyeink-1995-ben","status":"publish","type":"page","link":"https:\/\/www.tabanispartacus.hu\/tajfuto\/wordpress\/?page_id=457","title":{"rendered":"Versenyeink 1995-ben"},"content":{"rendered":"<p>&nbsp;<\/p>\n<table width=\"100%\" border=\"0\" cellspacing=\"0\" cellpadding=\"10\">\n<tbody>\n<tr>\n<td align=\"center\" valign=\"top\" width=\"100%\">\n<p align=\"CENTER\">1995<\/p>\n<p>&nbsp;<\/p>\n<p align=\"LEFT\"><strong>44. \u0150szi Spartacus Kupa Nemzetk\u00f6zi T\u00e1j\u00e9koz\u00f3d\u00e1si Fut\u00f3verseny<\/strong><br \/>\nCsob\u00e1nka 1995. november 4-5.<\/p>\n<p>&nbsp;<\/p>\n<p align=\"LEFT\"><strong>Rendez\u0151 <\/strong>: Tab\u00e1ni Spartacus Sport \u00e9s K\u00f6rnyezetv\u00e9d\u0151 Egyes\u00fclet<br \/>\n<strong>Verseny\u00fcnk v\u00e9dn\u00f6ke<\/strong>: dr. Bodor Gy\u00f6rgy, Csob\u00e1nka polg\u00e1rmestere<br \/>\n<strong>t\u00e1mogat\u00f3i:<\/strong> \u00d3zon Turista \u00e9s \u00dcd\u00fcl\u0151k\u00f6zpont, Csob\u00e1nka, ARGOSZ Biztos\u00edt\u00f3, PROVI-BAU Bt., SUNRIDER Hungary Kft.<\/p>\n<p>&nbsp;<\/p>\n<p align=\"LEFT\"><strong>Versenyk\u00f6zpont <\/strong>: Csob\u00e1nka \u00d3zon Camping B\u00e1nya u. 1.<\/p>\n<p>&nbsp;<\/p>\n<p align=\"LEFT\"><strong>Versenyrendez\u0151s\u00e9g:<br \/>\n<\/strong>Eln\u00f6k : M\u00e1tyus Attila<br \/>\nEln\u00f6khelyettesek : Gyalog L\u00e1szl\u00f3, Vass L\u00e1szl\u00f3<br \/>\nTitk\u00e1r : Scult\u00e9ty G\u00e1bor<br \/>\nP\u00e1lyakit\u0171z\u0151 : Szuromi Bal\u00e1zs<br \/>\nGazdas\u00e1gi \u00fcgyek : Vass Katalin<br \/>\nTechnikai \u00fcgyek : \u00d3hegyi Albin<br \/>\nEllen\u0151rz\u0151b\u00edr\u00f3k : Mih\u00e1lczi Zolt\u00e1n (1. nap), Bogd\u00e1ny Mikl\u00f3s (2. nap)<\/p>\n<p>&nbsp;<\/p>\n<p align=\"LEFT\"><strong>Nevez\u00e9si d\u00edj<\/strong> :<br \/>\nHazai versenyz\u0151knek:<br \/>\n1995.10.06-ig (postai b\u00e9lyegz\u0151) : 400 Ft\/2 nap<br \/>\nSorsol\u00e1s ut\u00e1n, ill. a helysz\u00ednen az \u00fcres helyekre : 600 Ft\/2 nap<br \/>\nK\u00fclf\u00f6ldi versenyz\u0151knek:<br \/>\n1995.10.06-ig : 800 Ft\/2 nap<br \/>\nHelysz\u00ednen :1000 Ft\/2 nap<br \/>\nNy\u00edlt kateg\u00f3ri\u00e1kban : 100 Ft\/1 nap<\/p>\n<p>&nbsp;<\/p>\n<p align=\"LEFT\"><strong>T\u00e9rk\u00e9p<\/strong> : 1995-ben helyesb\u00edtett, m\u00e9retar\u00e1ny : 1:15000, alapszintk\u00f6z : 5 m<\/p>\n<p>&nbsp;<\/p>\n<p align=\"LEFT\"><strong>Egy\u00e9b inform\u00e1ci\u00f3k<\/strong>:<\/p>\n<p align=\"LEFT\">&#8211; A rajtban f\u00f3li\u00e1t biztos\u00edtunk &#8211; k\u00e9rj\u00fck, ne dobj\u00e1tok el az erd\u0151ben<\/p>\n<p align=\"LEFT\">&#8211; A c\u00e9lban az \u00d3zon kemping b\u00fcf\u00e9je \u00fczemel, az \u00e9tteremben d\u00e9lben &#8211; este olcs\u00f3 egyt\u00e1l \u00e9telek<\/p>\n<p align=\"LEFT\">&#8211; A faluk\u00f6zpontban az ABC vas\u00e1rnap reggel is nyitva<\/p>\n<p>&nbsp;<\/p>\n<p align=\"LEFT\">T\u00e1jfut\u00e1s<\/p>\n<p>&nbsp;<\/p>\n<p align=\"LEFT\"><strong>Verseny az \u00edt\u00e9letid\u0151vel<br \/>\n\u0150szi Spartacus-kupa nemzetk\u00f6zi verseny, Csob\u00e1nka (10 orsz\u00e1g, 1000 indul\u00f3)<br \/>\nF\u00e9rfiak. 21E:<\/strong> 1. Radoslav Jonas (szlov\u00e1k) 167:23, 2. Egei Veszpr\u00e9mi Honv\u00e9d SE) 167:36, 3. Allwinger (Tipo TE) 170:67. <strong>20A:<\/strong> Roman Horyna (cseh) 145:38, 2. Ogur\u010dak (szlov\u00e1k) 154:86, 3. David\u00edk (szlov\u00e1k) 156:18. <strong>18B:<\/strong> 1. Robert Heczko (cseh) 111:13, 2. Kusz\u00e1lik (rom\u00e1niai) 113:39, 3. Vyoral (cseh) 114:81. <strong>16B:<\/strong> 1. Cserp\u00e1k Zsolt (HSB) 99:43, 2. Sz\u00f6r\u00e9nyi (Z\u00f6ld Sportok Clubja) 100:73, 3. Kottmann (Z\u00f6ld Sportok Clubja) 101:51. <strong>14B:<\/strong> Dedinszky Imre (SMAFC) 79:17, 2. Billig (SZD) 83:28, 3. Gyulai (SZD) 86:05. <strong>12C:<\/strong> 1. Sink\u00f3 J\u00e1nos (SZVSE) 43:83, 2. Stacke (cseh) 45:17, 3. Novai (SZVSE) 46:39.<br \/>\n<strong>N\u0151k. 21E:<\/strong> 1. Marcela Kubatkov\u00e1 (cseh) 132:43, 2. Fey Zs. (rom\u00e1niai) 137:14, 3. Liberdov\u00e1 (cseh) 139:57. <strong>20A:<\/strong> 1. Marie Dohnalov\u00e1 (cseh) 170:72, 2. Szab\u00f3 (Alba Regia) 171:26, 3. M\u00e1trav\u00f6lgyi (Post\u00e1s SE) 172:37. <strong>18B:<\/strong> 1. Regina Kicerkov\u00e1 (cseh) 109:27, 2. J\u00f3zsa (MOM) 117:48, 3. B\u00edr\u00f3 (MOM) 123:19. <strong>16B:<\/strong> 1. Blanka Vaculikov\u00e1 (cseh) 82:88, 2. Miklu\u009aov\u00e1 (szlov\u00e1k) 93:31, 3. Nejedl\u00e1 (cseh) 91:97. <strong>14B:<\/strong> 1. B\u00edr\u00f3 Alma (MOM) 58:68, 2. Farkas (Di\u00f3sgy\u0151ri TC) 70:58, 3. Cigo\u009aov\u00e1 (cseh) 72:58. <strong>12C<\/strong>: 1. Cs\u00e1nyi Adrienn (SZVSE) 44:76, 2. Horynov\u00e1 (cseh) 44:96, 3. Csisz\u00e1r (SZVSE) 53:66.<\/p>\n<p align=\"LEFT\">Az igaz\u00e1n nagyok t\u00e1volmaradtak a versenyr\u0151l\u0085<br \/>\n<em>Ol\u00e1h Katalin, Bokros Andrea, Lovasi Katalin, Domonyik G\u00e1bor, Viniczai Ferenc <\/em>vagy <em>Pavlovics G\u00e1bor<\/em> h\u00edj\u00e1n, az id\u0151j\u00e1r\u00e1s volt a legnagyobb ellenfele azoknak a fut\u00f3knak, akik nekiv\u00e1gtak szombat \u00e9s vas\u00e1rnap d\u00e9lel\u0151tt az \u00e9v legutols\u00f3 t\u00e1jfut\u00f3 verseny\u00e9nek.<\/p>\n<p align=\"RIGHT\">Nemzeti Sport 1995 november<\/p>\n<p><strong><a href=\"http:\/\/www.tabanispartacus.hu\/tajfuto\/wordpress\/?page_id=34\">Vissza a Spari kup\u00e1k kezd\u0151oldal\u00e1ra<\/a><\/strong><\/td>\n<\/tr>\n<\/tbody>\n<\/table>\n","protected":false},"excerpt":{"rendered":"<p>&nbsp; 1995 &nbsp; 44. \u0150szi Spartacus Kupa Nemzetk\u00f6zi T\u00e1j\u00e9koz\u00f3d\u00e1si Fut\u00f3verseny Csob\u00e1nka 1995. november 4-5. &nbsp; Rendez\u0151 : Tab\u00e1ni Spartacus Sport \u00e9s K\u00f6rnyezetv\u00e9d\u0151 Egyes\u00fclet Verseny\u00fcnk v\u00e9dn\u00f6ke: dr. Bodor Gy\u00f6rgy, Csob\u00e1nka polg\u00e1rmestere t\u00e1mogat\u00f3i: \u00d3zon Turista \u00e9s \u00dcd\u00fcl\u0151k\u00f6zpont, Csob\u00e1nka, ARGOSZ Biztos\u00edt\u00f3, PROVI-BAU Bt., SUNRIDER Hungary Kft. &nbsp; Versenyk\u00f6zpont : Csob\u00e1nka \u00d3zon Camping B\u00e1nya u. 1. &nbsp; Versenyrendez\u0151s\u00e9g: Eln\u00f6k &hellip; <a href=\"https:\/\/www.tabanispartacus.hu\/tajfuto\/wordpress\/?page_id=457\" class=\"more-link\"><span class=\"screen-reader-text\">Versenyeink 1995-ben<\/span> olvas\u00e1s\u00e1nak folytat\u00e1sa <span class=\"meta-nav\">&rarr;<\/span><\/a><\/p>\n","protected":false},"author":1,"featured_media":0,"parent":34,"menu_order":0,"comment_status":"closed","ping_status":"closed","template":"","meta":{"ngg_post_thumbnail":0},"_links":{"self":[{"href":"https:\/\/www.tabanispartacus.hu\/tajfuto\/wordpress\/index.php?rest_route=\/wp\/v2\/pages\/457"}],"collection":[{"href":"https:\/\/www.tabanispartacus.hu\/tajfuto\/wordpress\/index.php?rest_route=\/wp\/v2\/pages"}],"about":[{"href":"https:\/\/www.tabanispartacus.hu\/tajfuto\/wordpress\/index.php?rest_route=\/wp\/v2\/types\/page"}],"author":[{"embeddable":true,"href":"https:\/\/www.tabanispartacus.hu\/tajfuto\/wordpress\/index.php?rest_route=\/wp\/v2\/users\/1"}],"replies":[{"embeddable":true,"href":"https:\/\/www.tabanispartacus.hu\/tajfuto\/wordpress\/index.php?rest_route=%2Fwp%2Fv2%2Fcomments&post=457"}],"version-history":[{"count":1,"href":"https:\/\/www.tabanispartacus.hu\/tajfuto\/wordpress\/index.php?rest_route=\/wp\/v2\/pages\/457\/revisions"}],"predecessor-version":[{"id":2458,"href":"https:\/\/www.tabanispartacus.hu\/tajfuto\/wordpress\/index.php?rest_route=\/wp\/v2\/pages\/457\/revisions\/2458"}],"up":[{"embeddable":true,"href":"https:\/\/www.tabanispartacus.hu\/tajfuto\/wordpress\/index.php?rest_route=\/wp\/v2\/pages\/34"}],"wp:attachment":[{"href":"https:\/\/www.tabanispartacus.hu\/tajfuto\/wordpress\/index.php?rest_route=%2Fwp%2Fv2%2Fmedia&parent=457"}],"curies":[{"name":"wp","href":"https:\/\/api.w.org\/{rel}","templated":true}]}}